{"id":289,"date":"2015-10-02T14:24:59","date_gmt":"2015-10-02T18:24:59","guid":{"rendered":"http:\/\/toh.masm.ca\/fr\/?page_id=289"},"modified":"2015-10-02T14:24:59","modified_gmt":"2015-10-02T18:24:59","slug":"planifier","status":"publish","type":"page","link":"https:\/\/www.ottawahospital.on.ca\/fr\/qualite-et-securite\/planifier\/","title":{"rendered":"Planifier"},"content":{"rendered":"<p>\u00c0 L\u2019H\u00f4pital d\u2019Ottawa, nous nous effor\u00e7ons d\u2019offrir des services de la meilleure qualit\u00e9 possible \u00e0 toutes les personnes qui en ont besoin. Pour nous, la qualit\u00e9 consiste \u00e0 prodiguer des soins appropri\u00e9s et uniformes dans un environnement propre et s\u00e9curitaire o\u00f9 chacun est trait\u00e9 avec respect. Pour vous, la qualit\u00e9 consiste \u00e0 recevoir les soins dont vous avez besoin au bon moment, dans un endroit propre, o\u00f9 les gens se soucient de vous et vous apportent du soutien.<\/p>\n<p>La qualit\u00e9 et la s\u00e9curit\u00e9 figurent en t\u00eate de liste de nos priorit\u00e9s.<\/p>\n","protected":false},"excerpt":{"rendered":"<p>\u00c0 L\u2019H\u00f4pital d\u2019Ottawa, nous nous effor\u00e7ons d\u2019offrir des services de la meilleure qualit\u00e9 possible \u00e0 toutes les personnes qui en ont besoin. Pour nous, la qualit\u00e9 consiste \u00e0 prodiguer des soins appropri\u00e9s et uniformes dans un environnement propre et s\u00e9curitaire o\u00f9 chacun est trait\u00e9 avec respect. Pour vous, la qualit\u00e9 consiste \u00e0 recevoir les soins [&hellip;]<\/p>\n","protected":false},"author":25,"featured_media":0,"parent":195,"menu_order":2,"comment_status":"closed","ping_status":"closed","template":"","meta":{"_acf_changed":false,"_mc_calendar":[],"footnotes":""},"class_list":["post-289","page","type-page","status-publish","hentry"],"acf":[],"wps_subtitle":"","_links":{"self":[{"href":"https:\/\/www.ottawahospital.on.ca\/fr\/wp-json\/wp\/v2\/pages\/289","targetHints":{"allow":["GET"]}}],"collection":[{"href":"https:\/\/www.ottawahospital.on.ca\/fr\/wp-json\/wp\/v2\/pages"}],"about":[{"href":"https:\/\/www.ottawahospital.on.ca\/fr\/wp-json\/wp\/v2\/types\/page"}],"author":[{"embeddable":true,"href":"https:\/\/www.ottawahospital.on.ca\/fr\/wp-json\/wp\/v2\/users\/25"}],"replies":[{"embeddable":true,"href":"https:\/\/www.ottawahospital.on.ca\/fr\/wp-json\/wp\/v2\/comments?post=289"}],"version-history":[{"count":0,"href":"https:\/\/www.ottawahospital.on.ca\/fr\/wp-json\/wp\/v2\/pages\/289\/revisions"}],"up":[{"embeddable":true,"href":"https:\/\/www.ottawahospital.on.ca\/fr\/wp-json\/wp\/v2\/pages\/195"}],"wp:attachment":[{"href":"https:\/\/www.ottawahospital.on.ca\/fr\/wp-json\/wp\/v2\/media?parent=289"}],"curies":[{"name":"wp","href":"https:\/\/api.w.org\/{rel}","templated":true}]}}