{"id":28633,"date":"2017-07-21T13:53:37","date_gmt":"2017-07-21T17:53:37","guid":{"rendered":"https:\/\/www.ottawahospital.on.ca\/?page_id=28633\/"},"modified":"2026-04-28T07:55:04","modified_gmt":"2026-04-28T11:55:04","slug":"conference-sur-la-securite-des-patients","status":"publish","type":"page","link":"https:\/\/www.ottawahospital.on.ca\/fr\/conference-sur-la-securite-des-patients\/","title":{"rendered":"Conf\u00e9rence sur la s\u00e9curit\u00e9 des patients"},"content":{"rendered":"\n<div class=\"wp-block-cover is-light marginbottom35 has-large-font-size\"><img decoding=\"async\" width=\"770\" height=\"330\" class=\"wp-block-cover__image-background wp-image-76576\" alt=\"people\" src=\"https:\/\/www.ottawahospital.on.ca\/wp-content\/uploads\/2023\/05\/people.jpg\" style=\"object-position:20% 20%\" data-object-fit=\"cover\" data-object-position=\"20% 20%\" srcset=\"https:\/\/www.ottawahospital.on.ca\/wp-content\/uploads\/2023\/05\/people.jpg 770w, https:\/\/www.ottawahospital.on.ca\/wp-content\/uploads\/2023\/05\/people-600x257.jpg 600w, https:\/\/www.ottawahospital.on.ca\/wp-content\/uploads\/2023\/05\/people-300x129.jpg 300w, https:\/\/www.ottawahospital.on.ca\/wp-content\/uploads\/2023\/05\/people-768x329.jpg 768w\" sizes=\"(max-width: 770px) 100vw, 770px\" \/><span aria-hidden=\"true\" class=\"wp-block-cover__background has-background-dim-20 has-background-dim\"><\/span><div class=\"wp-block-cover__inner-container is-layout-flow wp-block-cover-is-layout-flow\">\n<h2 class=\"wp-block-heading has-white-color has-text-color has-background\" style=\"background-color:#0000005c;font-size:49px;font-style:normal;font-weight:700\">Conf\u00e9rence d&rsquo;Ottawa sur la s\u00e9curit\u00e9 des patients<\/h2>\n<\/div><\/div>\n\n\n\n<p class=\"has-text-align-center has-large-font-size\"><strong>Au plaisir de vous revoir en 2027 <\/strong><\/p>\n\n\n\n<div style=\"height:20px\" aria-hidden=\"true\" class=\"wp-block-spacer\"><\/div>\n\n\n\n<p class=\"has-black-color has-text-color has-background has-large-font-size\" style=\"background-color:#70b9c6\"><strong>Des questions? \u00c9crivez \u00e0 <a href=\"mailto:securitedespatients@lho.ca\">securitedespatients@lho.ca<\/a><\/strong><\/p>\n","protected":false},"excerpt":{"rendered":"<p>Au plaisir de vous revoir en 2027 Des questions? \u00c9crivez \u00e0 securitedespatients@lho.ca<\/p>\n","protected":false},"author":25,"featured_media":0,"parent":0,"menu_order":0,"comment_status":"closed","ping_status":"closed","template":"","meta":{"_acf_changed":false,"_mc_calendar":[],"footnotes":""},"class_list":["post-28633","page","type-page","status-publish","hentry"],"acf":[],"wps_subtitle":"","_links":{"self":[{"href":"https:\/\/www.ottawahospital.on.ca\/fr\/wp-json\/wp\/v2\/pages\/28633","targetHints":{"allow":["GET"]}}],"collection":[{"href":"https:\/\/www.ottawahospital.on.ca\/fr\/wp-json\/wp\/v2\/pages"}],"about":[{"href":"https:\/\/www.ottawahospital.on.ca\/fr\/wp-json\/wp\/v2\/types\/page"}],"author":[{"embeddable":true,"href":"https:\/\/www.ottawahospital.on.ca\/fr\/wp-json\/wp\/v2\/users\/25"}],"replies":[{"embeddable":true,"href":"https:\/\/www.ottawahospital.on.ca\/fr\/wp-json\/wp\/v2\/comments?post=28633"}],"version-history":[{"count":1,"href":"https:\/\/www.ottawahospital.on.ca\/fr\/wp-json\/wp\/v2\/pages\/28633\/revisions"}],"predecessor-version":[{"id":278651,"href":"https:\/\/www.ottawahospital.on.ca\/fr\/wp-json\/wp\/v2\/pages\/28633\/revisions\/278651"}],"wp:attachment":[{"href":"https:\/\/www.ottawahospital.on.ca\/fr\/wp-json\/wp\/v2\/media?parent=28633"}],"curies":[{"name":"wp","href":"https:\/\/api.w.org\/{rel}","templated":true}]}}