{"id":28216,"date":"2017-07-07T14:18:09","date_gmt":"2017-07-07T18:18:09","guid":{"rendered":"https:\/\/www.ottawahospital.on.ca\/?page_id=28216\/"},"modified":"2017-07-07T14:26:35","modified_gmt":"2017-07-07T18:26:35","slug":"dr-manish-sood","status":"publish","type":"page","link":"https:\/\/www.ottawahospital.on.ca\/fr\/services-cliniques\/deptpgrmcs\/departements\/nephrologie\/medecins\/dr-manish-sood\/","title":{"rendered":"Dr Manish Sood"},"content":{"rendered":"<h2><strong>N\u00e9phrologue<br \/>\n<\/strong><strong>Professeur adjoint<\/strong><\/h2>\n<p><strong>Manish M.\u00a0<\/strong><strong>Sood<\/strong> est professeur adjoint de m\u00e9decine \u00e0 l\u2019Universit\u00e9 d\u2019Ottawa et titulaire de la Chaire de recherche Jindal pour la pr\u00e9vention des maladies du rein.<\/p>\n<p>Chercheur associ\u00e9 \u00e0 l\u2019Institut de recherche en services de sant\u00e9 et \u00e0 l\u2019Institut de recherche de l\u2019H\u00f4pital d\u2019Ottawa, il si\u00e8ge au conseil d\u2019administration du Registre canadien des insuffisances et des transplantations d\u2019organes et est r\u00e9dacteur en chef adjoint du Journal canadien de la sant\u00e9 et de la maladie r\u00e9nale de la Soci\u00e9t\u00e9 canadienne de n\u00e9phrologie.<\/p>\n<p>Ses travaux de recherche portent sur les complications, les traitements et les r\u00e9sultats cliniques des patients qui ont une maladie r\u00e9nale chronique et sur la dialyse.<\/p>\n<p><strong>Domaines d\u2019int\u00e9r\u00eat cliniques\u00a0:<\/strong><\/p>\n<ul>\n<li>N\u00e9phrologie g\u00e9n\u00e9rale<\/li>\n<li>Maladie r\u00e9nale chronique<\/li>\n<li>H\u00e9modialyse<\/li>\n<\/ul>\n<p><strong>Domaines d\u2019int\u00e9r\u00eats en recherche\u00a0:<\/strong><\/p>\n<ul>\n<li>Base de donn\u00e9es administrative de la maladie r\u00e9nale chronique et de la dialyse<\/li>\n<\/ul>\n","protected":false},"excerpt":{"rendered":"<p>N\u00e9phrologue Professeur adjoint Manish M.\u00a0Sood est professeur adjoint de m\u00e9decine \u00e0 l\u2019Universit\u00e9 d\u2019Ottawa et titulaire de la Chaire de recherche Jindal pour la pr\u00e9vention des maladies du rein. Chercheur associ\u00e9 \u00e0 l\u2019Institut de recherche en services de sant\u00e9 et \u00e0 l\u2019Institut de recherche de l\u2019H\u00f4pital d\u2019Ottawa, il si\u00e8ge au conseil d\u2019administration du Registre canadien des [&hellip;]<\/p>\n","protected":false},"author":25,"featured_media":0,"parent":11820,"menu_order":20,"comment_status":"closed","ping_status":"closed","template":"","meta":{"_acf_changed":false,"_mc_calendar":[],"footnotes":""},"class_list":["post-28216","page","type-page","status-publish","hentry"],"acf":[],"wps_subtitle":"","_links":{"self":[{"href":"https:\/\/www.ottawahospital.on.ca\/fr\/wp-json\/wp\/v2\/pages\/28216","targetHints":{"allow":["GET"]}}],"collection":[{"href":"https:\/\/www.ottawahospital.on.ca\/fr\/wp-json\/wp\/v2\/pages"}],"about":[{"href":"https:\/\/www.ottawahospital.on.ca\/fr\/wp-json\/wp\/v2\/types\/page"}],"author":[{"embeddable":true,"href":"https:\/\/www.ottawahospital.on.ca\/fr\/wp-json\/wp\/v2\/users\/25"}],"replies":[{"embeddable":true,"href":"https:\/\/www.ottawahospital.on.ca\/fr\/wp-json\/wp\/v2\/comments?post=28216"}],"version-history":[{"count":0,"href":"https:\/\/www.ottawahospital.on.ca\/fr\/wp-json\/wp\/v2\/pages\/28216\/revisions"}],"up":[{"embeddable":true,"href":"https:\/\/www.ottawahospital.on.ca\/fr\/wp-json\/wp\/v2\/pages\/11820"}],"wp:attachment":[{"href":"https:\/\/www.ottawahospital.on.ca\/fr\/wp-json\/wp\/v2\/media?parent=28216"}],"curies":[{"name":"wp","href":"https:\/\/api.w.org\/{rel}","templated":true}]}}