{"id":27919,"date":"2017-06-27T09:37:17","date_gmt":"2017-06-27T13:37:17","guid":{"rendered":"https:\/\/www.ottawahospital.on.ca\/?page_id=27919\/"},"modified":"2017-07-07T14:12:45","modified_gmt":"2017-07-07T18:12:45","slug":"dr-edward-clark","status":"publish","type":"page","link":"https:\/\/www.ottawahospital.on.ca\/fr\/services-cliniques\/deptpgrmcs\/departements\/nephrologie\/medecins\/dr-edward-clark\/","title":{"rendered":"Dr Edward Clark"},"content":{"rendered":"<h2><strong>N\u00e9phrologue<\/strong><\/h2>\n<p><strong>Edward (Ted) Clark<\/strong> est n\u00e9phrologue et professeur adjoint \u00e0 L\u2019H\u00f4pital d\u2019Ottawa et \u00e0 l\u2019Universit\u00e9 d\u2019Ottawa.<\/p>\n<p>Il a fait une sursp\u00e9cialisation et d\u00e9tient une certification du Coll\u00e8ge royal des m\u00e9decins et chirurgiens du Canada en n\u00e9phrologie et en soins critiques.<\/p>\n<p>Du point de vue de l\u2019enseignement, il s\u2019int\u00e9resse \u00e0 l\u2019insuffisance r\u00e9nale aigu\u00eb et au traitement r\u00e9nal substitutif offert aux patients gravement malades.<\/p>\n<p><strong>Page Google Scholar\u00a0:<\/strong><br \/>\n<a href=\"https:\/\/scholar.google.ca\/citations?user=EAoRPT8AAAAJ&amp;hl=fr\" target=\"_blank\" rel=\"noopener\">https:\/\/scholar.google.ca\/citations?user=EAoRPT8AAAAJ&amp;hl=fr<\/a><\/p>\n<p><strong>Page ResearchGate\u00a0:<\/strong><br \/>\n<a href=\"https:\/\/www.researchgate.net\/profile\/Edward_Clark2\" target=\"_blank\" rel=\"noopener\">https:\/\/www.researchgate.net\/profile\/Edward_Clark2<\/a> (en anglais seulement)<\/p>\n","protected":false},"excerpt":{"rendered":"<p>N\u00e9phrologue Edward (Ted) Clark est n\u00e9phrologue et professeur adjoint \u00e0 L\u2019H\u00f4pital d\u2019Ottawa et \u00e0 l\u2019Universit\u00e9 d\u2019Ottawa. Il a fait une sursp\u00e9cialisation et d\u00e9tient une certification du Coll\u00e8ge royal des m\u00e9decins et chirurgiens du Canada en n\u00e9phrologie et en soins critiques. Du point de vue de l\u2019enseignement, il s\u2019int\u00e9resse \u00e0 l\u2019insuffisance r\u00e9nale aigu\u00eb et au traitement [&hellip;]<\/p>\n","protected":false},"author":25,"featured_media":0,"parent":11820,"menu_order":6,"comment_status":"closed","ping_status":"closed","template":"","meta":{"_acf_changed":false,"_mc_calendar":[],"footnotes":""},"class_list":["post-27919","page","type-page","status-publish","hentry"],"acf":[],"wps_subtitle":"","_links":{"self":[{"href":"https:\/\/www.ottawahospital.on.ca\/fr\/wp-json\/wp\/v2\/pages\/27919","targetHints":{"allow":["GET"]}}],"collection":[{"href":"https:\/\/www.ottawahospital.on.ca\/fr\/wp-json\/wp\/v2\/pages"}],"about":[{"href":"https:\/\/www.ottawahospital.on.ca\/fr\/wp-json\/wp\/v2\/types\/page"}],"author":[{"embeddable":true,"href":"https:\/\/www.ottawahospital.on.ca\/fr\/wp-json\/wp\/v2\/users\/25"}],"replies":[{"embeddable":true,"href":"https:\/\/www.ottawahospital.on.ca\/fr\/wp-json\/wp\/v2\/comments?post=27919"}],"version-history":[{"count":0,"href":"https:\/\/www.ottawahospital.on.ca\/fr\/wp-json\/wp\/v2\/pages\/27919\/revisions"}],"up":[{"embeddable":true,"href":"https:\/\/www.ottawahospital.on.ca\/fr\/wp-json\/wp\/v2\/pages\/11820"}],"wp:attachment":[{"href":"https:\/\/www.ottawahospital.on.ca\/fr\/wp-json\/wp\/v2\/media?parent=27919"}],"curies":[{"name":"wp","href":"https:\/\/api.w.org\/{rel}","templated":true}]}}