{"id":27903,"date":"2017-06-26T17:48:06","date_gmt":"2017-06-26T21:48:06","guid":{"rendered":"https:\/\/www.ottawahospital.on.ca\/?page_id=27903\/"},"modified":"2017-07-07T14:26:59","modified_gmt":"2017-07-07T18:26:59","slug":"dr-robert-bell","status":"publish","type":"page","link":"https:\/\/www.ottawahospital.on.ca\/fr\/services-cliniques\/deptpgrmcs\/departements\/nephrologie\/medecins\/dr-robert-bell\/","title":{"rendered":"Dr Robert Bell"},"content":{"rendered":"<h2>N\u00e9phrologue<br \/>\nProfesseur agr\u00e9g\u00e9<\/h2>\n<p><strong>Robert Bell<\/strong> a fait un baccalaur\u00e9at en sciences m\u00e9dicales et ses \u00e9tudes de m\u00e9decine \u00e0 l\u2019Universit\u00e9 de l\u2019Alberta. Il a ensuite fait dans le m\u00eame \u00e9tablissement une r\u00e9sidence pr\u00e9alable \u00e0 l\u2019exercice de la m\u00e9decine, puis une r\u00e9sidence en m\u00e9decine interne et une sursp\u00e9cialisation en n\u00e9phrologie \u00e0 l\u2019Universit\u00e9 d\u2019Ottawa.<\/p>\n<p>Il fait partie de la Division de n\u00e9phrologie depuis 1988 et assume des fonctions cliniques et administratives vari\u00e9es en n\u00e9phrologie.<\/p>\n<p>Il aime particuli\u00e8rement enseigner aux stagiaires en m\u00e9decine de tous les niveaux. Il a d\u2019ailleurs re\u00e7u de nombreux prix en enseignement.<\/p>\n<p>Le D<sup>r<\/sup>\u00a0Bell est actuellement directeur du programme d\u2019\u00e9tudes et directeur du Programme de professeurs de marque du programme d\u2019\u00e9tudes m\u00e9dicales de premier cycle \u00e0 la Facult\u00e9 de m\u00e9decine de l\u2019Universit\u00e9 d\u2019Ottawa.<\/p>\n<p><strong>Domaines d\u2019int\u00e9r\u00eat cliniques :<br \/>\n<\/strong><\/p>\n<ul>\n<li>N\u00e9phrologie g\u00e9n\u00e9rale<\/li>\n<\/ul>\n<p><strong>Domaines d\u2019int\u00e9r\u00eat en recherche :<br \/>\n<\/strong><\/p>\n<ul>\n<li>\u00c9tudes m\u00e9dicales de premier cycle<\/li>\n<\/ul>\n<p><strong>Domaines d\u2019int\u00e9r\u00eat en enseignement :<br \/>\n<\/strong><\/p>\n<ul>\n<li>Formation de premier cycle et postdoctorale, formation professionnelle continue, particuli\u00e8rement en enseignement et en perfectionnement des comp\u00e9tences en enseignement<\/li>\n<\/ul>\n","protected":false},"excerpt":{"rendered":"<p>N\u00e9phrologue Professeur agr\u00e9g\u00e9 Robert Bell a fait un baccalaur\u00e9at en sciences m\u00e9dicales et ses \u00e9tudes de m\u00e9decine \u00e0 l\u2019Universit\u00e9 de l\u2019Alberta. Il a ensuite fait dans le m\u00eame \u00e9tablissement une r\u00e9sidence pr\u00e9alable \u00e0 l\u2019exercice de la m\u00e9decine, puis une r\u00e9sidence en m\u00e9decine interne et une sursp\u00e9cialisation en n\u00e9phrologie \u00e0 l\u2019Universit\u00e9 d\u2019Ottawa. Il fait partie de [&hellip;]<\/p>\n","protected":false},"author":25,"featured_media":0,"parent":11820,"menu_order":2,"comment_status":"closed","ping_status":"closed","template":"","meta":{"_acf_changed":false,"_mc_calendar":[],"footnotes":""},"class_list":["post-27903","page","type-page","status-publish","hentry"],"acf":[],"wps_subtitle":"","_links":{"self":[{"href":"https:\/\/www.ottawahospital.on.ca\/fr\/wp-json\/wp\/v2\/pages\/27903","targetHints":{"allow":["GET"]}}],"collection":[{"href":"https:\/\/www.ottawahospital.on.ca\/fr\/wp-json\/wp\/v2\/pages"}],"about":[{"href":"https:\/\/www.ottawahospital.on.ca\/fr\/wp-json\/wp\/v2\/types\/page"}],"author":[{"embeddable":true,"href":"https:\/\/www.ottawahospital.on.ca\/fr\/wp-json\/wp\/v2\/users\/25"}],"replies":[{"embeddable":true,"href":"https:\/\/www.ottawahospital.on.ca\/fr\/wp-json\/wp\/v2\/comments?post=27903"}],"version-history":[{"count":0,"href":"https:\/\/www.ottawahospital.on.ca\/fr\/wp-json\/wp\/v2\/pages\/27903\/revisions"}],"up":[{"embeddable":true,"href":"https:\/\/www.ottawahospital.on.ca\/fr\/wp-json\/wp\/v2\/pages\/11820"}],"wp:attachment":[{"href":"https:\/\/www.ottawahospital.on.ca\/fr\/wp-json\/wp\/v2\/media?parent=27903"}],"curies":[{"name":"wp","href":"https:\/\/api.w.org\/{rel}","templated":true}]}}