{"id":278957,"date":"2026-05-11T16:35:07","date_gmt":"2026-05-11T20:35:07","guid":{"rendered":"https:\/\/www.ottawahospital.on.ca\/?page_id=278957"},"modified":"2026-05-11T16:35:07","modified_gmt":"2026-05-11T20:35:07","slug":"gestionnaire-services-cliniques-soins-et-intermediares-neuroscien","status":"publish","type":"page","link":"https:\/\/www.ottawahospital.on.ca\/fr\/possibilites-de-carriere\/poste-de-direction\/gestionnaire-services-cliniques-soins-et-intermediares-neuroscien\/","title":{"rendered":"Gestionnaire, Services cliniques Soins et interm\u00e9diares-neuroscien"},"content":{"rendered":"\n<h2 class=\"wp-block-heading\">Qui sommes-nous?<\/h2>\n\n\n\n<p>Nous redessinons l&rsquo;avenir des soins de sant\u00e9!<\/p>\n\n\n\n<p>L&rsquo;H\u00f4pital d&rsquo;Ottawa est l&rsquo;un des plus importants h\u00f4pitaux d&rsquo;enseignement et de recherche au Canada. Comptant plus de 1,400 lits et environ 17,000 employ\u00e9s, m\u00e9decins, r\u00e9sidents et b\u00e9n\u00e9voles sur plusieurs campus, nous offrons des soins sp\u00e9cialis\u00e9s \u00e0 la population de l&rsquo;Est de l&rsquo;Ontario, de l&rsquo;ouest du Qu\u00e9bec et du Nunavut. L&rsquo;H\u00f4pital d&rsquo;Ottawa ne fait pas que soigner la communaut\u00e9, il lui appartient. Cette appartenance s&rsquo;inscrit au c\u0153ur de notre plan ambitieux afin de redessiner l&rsquo;avenir des soins de sant\u00e9 pour tous au sein de notre collectivit\u00e9.<\/p>\n\n\n\n<p>Par la compassion de son personnel et la qu\u00eate perp\u00e9tuelle de nouvelles d\u00e9couvertes, L&rsquo;H\u00f4pital d&rsquo;Ottawa cherche sans rel\u00e2che des solutions novatrices aux d\u00e9fis les plus complexes en sant\u00e9, tout en ralliant sans cesse la population \u00e0 sa vision d&rsquo;offrir \u00e0 chaque patient des soins de calibre mondial et des services exceptionnels avec une compassion digne des personnes qui nous sont ch\u00e8res.<\/p>\n\n\n\n<p>En collaboration avec son Institut de recherche ainsi qu&rsquo;avec l&rsquo;Universit\u00e9 d&rsquo;Ottawa et d&rsquo;autres partenaires, l&rsquo;H\u00f4pital s&rsquo;est taill\u00e9 une r\u00e9putation de choix \u00e0 l&rsquo;\u00e9chelle nationale et internationale pour l&rsquo;excellence de ses soins, de sa formation et de ses recherches, tout en s&rsquo;effor\u00e7ant de r\u00e9pondre aux besoins d&rsquo;une population multiculturelle.<\/p>\n\n\n\n<h2 class=\"wp-block-heading\">\u00c9chelle salariale<\/h2>\n\n\n\n<p>$131,873.65 ou 160,438.20 Annuelle<\/p>\n\n\n\n<h2 class=\"wp-block-heading\">Rotation\/Quart de travail<\/h2>\n\n\n\n<p>De jour, quarts de 8 heures.<\/p>\n\n\n\n<p>*\u00c0 titre d&rsquo;information seulement &#8211; L&rsquo;H\u00f4pital se r\u00e9serve le droit de modifier ces conditions.<\/p>\n\n\n\n<h2 class=\"wp-block-heading\">Information sur le poste<\/h2>\n\n\n\n<p>Le gestionnaire des services cliniques assure la prestation efficace et efficiente des services cliniques ambulatoires aux patients des cliniques de chirurgie gr\u00e2ce au maintien d&rsquo;une \u00e9quipe de soins de sant\u00e9 multidisciplinaire. Le titulaire est charg\u00e9 d&rsquo;assurer la prestation d&rsquo;excellents soins aux patients et de collaborer avec diff\u00e9rents services ou d\u00e9partements afin d&rsquo;am\u00e9liorer la prestation et l&rsquo;excellence des services. En outre, le titulaire favorise les possibilit\u00e9s de d\u00e9veloppement et d&rsquo;avancement professionnel pour l&rsquo;ensemble du personnel, y compris les \u00e9tudiants, au sein de son unit\u00e9.<\/p>\n\n\n\n<p>Le gestionnaire, Services cliniques, encourage les interventions cliniques fond\u00e9es sur une pratique factuelle en s&rsquo;appuyant sur la recherche existante ainsi que sur le d\u00e9veloppement et l&rsquo;\u00e9valuation de la recherche. Le titulaire favorise \u00e9galement un environnement de coop\u00e9ration interdisciplinaire dans le programme clinique, dans le respect d&rsquo;une culture juste et des valeurs de L&rsquo;H\u00f4pital d&rsquo;Ottawa.<\/p>\n\n\n\n<h2 class=\"wp-block-heading\">Ce que vous apporterez<\/h2>\n\n\n\n<ul class=\"wp-block-list\">\n<li>Baccalaur\u00e9at dans une profession de la sant\u00e9, en administration de la sant\u00e9 ou dans un domaine connexe;\u00a0<\/li>\n\n\n\n<li>Professionnel de la sant\u00e9 autoris\u00e9 \u00e0 pratiquer en Ontario;<\/li>\n\n\n\n<li>Cinq ann\u00e9es d&rsquo;exp\u00e9rience dans le domaine de la sant\u00e9 \u00e0 divers postes en milieu hospitalier de soins de courte dur\u00e9e;\u00a0<\/li>\n\n\n\n<li>Exp\u00e9rience dans des postes de gestion avec des responsabilit\u00e9s croissantes;<\/li>\n\n\n\n<li>Solides aptitudes pour le leadership afin de soutenir et de diriger du personnel dans un milieu tr\u00e8s stressant qui \u00e9volue rapidement;<\/li>\n\n\n\n<li>Capacit\u00e9 de travailler efficacement avec tous les membres de l&rsquo;\u00e9quipe de soins<\/li>\n\n\n\n<li>Excellentes aptitudes pour la communication orale et \u00e9crite;<\/li>\n\n\n\n<li>Excellentes aptitudes pour l&rsquo;organisation, les relations interpersonnelles, la r\u00e9solution de probl\u00e8mes, la n\u00e9gociation, la r\u00e9solution de conflits et la prise de d\u00e9cisions;<\/li>\n\n\n\n<li>Connaissance des statistiques et capacit\u00e9 d&rsquo;analyser des donn\u00e9es budg\u00e9taires et des donn\u00e9es sur les soins aux patients;<\/li>\n\n\n\n<li>Connaissance des politiques et proc\u00e9dures de l&rsquo;H\u00f4pital, des lois pertinentes, des conventions collectives et des normes d&rsquo;exercice;<\/li>\n\n\n\n<li>Connaissance d&rsquo;autres disciplines de la sant\u00e9 et de leur r\u00f4le dans les soins aux patients;<\/li>\n\n\n\n<li>Connaissance et application des principes de saine gestion financi\u00e8re;<\/li>\n\n\n\n<li>Connaissance et application de diverses technologies;<\/li>\n\n\n\n<li>Capacit\u00e9 de maintenir un niveau \u00e9lev\u00e9 de concentration dans un milieu de travail tr\u00e8s occup\u00e9.<\/li>\n<\/ul>\n\n\n\n<h2 class=\"wp-block-heading\">Vous vous d\u00e9marquerez par<\/h2>\n\n\n\n<ul class=\"wp-block-list\">\n<li>Ma\u00eetrise en gestion, en sciences infirmi\u00e8res ou en administration;<\/li>\n\n\n\n<li>Ma\u00eetrise du fran\u00e7ais et de l&rsquo;anglais\u00a0: expression orale (niveau 4 &#8211; avanc\u00e9) et compr\u00e9hension (niveau 4 &#8211; avanc\u00e9);<\/li>\n<\/ul>\n\n\n\n<p>L&rsquo;H\u00f4pital d&rsquo;Ottawa utilise une\u00a0\u00e9chelle de comp\u00e9tence linguistique \u00e0 5 niveaux\u00a0pour d\u00e9finir le niveau de comp\u00e9tence linguistique requis en fran\u00e7ais et en anglais pour les postes \u00e0 l&rsquo;H\u00f4pital et pour \u00e9valuer les candidats. Les exigences relatives au niveau de comp\u00e9tence linguistique sont d\u00e9termin\u00e9es selon la nature des t\u00e2ches et le degr\u00e9 d&rsquo;interaction avec le public. <a href=\"https:\/\/www.ottawahospital.on.ca\/fr\/possibilites-de-carriere\/echelle-de-competence-linguistique\/\"><strong>Cliquez ici pour obtenir plus d&rsquo;informations sur les niveaux de comp\u00e9tence linguistique de l&rsquo;H\u00f4pital d&rsquo;Ottawa.<\/strong><\/a><\/p>\n\n\n\n<h2 class=\"wp-block-heading\">Notre engagement et offre<\/h2>\n\n\n\n<p>L\u2019H\u00f4pital d\u2019Ottawa s\u2019est engag\u00e9 \u00e0 maintenir un milieu de travail sain, s\u00e9curitaire et inclusif. Nous aspirons \u00e0 offrir \u00e0 chaque patient des soins de calibre mondial et des services exceptionnels avec une compassion digne des personnes qui nous sont ch\u00e8res.&nbsp;<\/p>\n\n\n\n<p>Nous offrons une r\u00e9mun\u00e9ration concurrentielle et \u00e9quitable, incluant un ensemble complet d\u2019avantages sociaux, un r\u00e9gime de retraite \u00e0 prestations d\u00e9termin\u00e9es et une couverture d\u2019assurance. Nous offrons aussi des rabais aupr\u00e8s d\u2019une s\u00e9lection de fournisseurs de divers produits et services.<\/p>\n\n\n\n<p>L\u2019H\u00f4pital d\u2019Ottawa offre diverses ressources sur la sant\u00e9 et le mieux-\u00eatre ainsi que des occasions de d\u00e9veloppement personnel et professionnel de notre \u00e9quipe d\u2019Apprentissage et Perfectionnement du leadership pour vous aligner sur vos objectifs de carri\u00e8re.<\/p>\n\n\n\n<h2 class=\"wp-block-heading\">Int\u00e9ress\u00e9? Postulez maintenant\u00a0<\/h2>\n\n\n\n<p>Si vous souhaitez faire partie de l\u2019\u00e9quipe de professionnels de la sant\u00e9 de L\u2019H\u00f4pital d\u2019Ottawa,&nbsp;veuillez <a href=\"https:\/\/jobposting.ottawahospital.on.ca\/psc\/jobposting\/EMPLOYEE\/HRMS\/c\/HRS_HRAM_FL.HRS_CG_SEARCH_FL.GBL?Page=HRS_APP_SCHJOB_FL&amp;Action=U&amp;FOCUS=Applicant&amp;SiteId=2&amp;languageCD=CFR&amp;\">pr\u00e9senter une demande d\u2019emploi en ligne sous le num\u00e9ro <strong>110955<\/strong><\/a>.<\/p>\n\n\n\n<p>Nous remercions tous les postulants de leur int\u00e9r\u00eat. Toutefois, nous communiquerons seulement avec les candidats retenus. L\u2019H\u00f4pital souscrit au principe d\u2019\u00e9galit\u00e9 en mati\u00e8re d\u2019emploi. Toute personne ayant une incapacit\u00e9 peut b\u00e9n\u00e9ficier, sur demande, de mesures d\u2019adaptation dans le cadre du processus de s\u00e9lection.<\/p>\n\n\n\n<p><strong>Date limite de candidature<\/strong> : mai 17, 2026<\/p>\n","protected":false},"excerpt":{"rendered":"<p>Qui sommes-nous? Nous redessinons l&rsquo;avenir des soins de sant\u00e9! L&rsquo;H\u00f4pital d&rsquo;Ottawa est l&rsquo;un des plus importants h\u00f4pitaux d&rsquo;enseignement et de recherche au Canada. Comptant plus de 1,400 lits et environ 17,000 employ\u00e9s, m\u00e9decins, r\u00e9sidents et b\u00e9n\u00e9voles sur plusieurs campus, nous offrons des soins sp\u00e9cialis\u00e9s \u00e0 la population de l&rsquo;Est de l&rsquo;Ontario, de l&rsquo;ouest du Qu\u00e9bec [&hellip;]<\/p>\n","protected":false},"author":25,"featured_media":0,"parent":5952,"menu_order":0,"comment_status":"closed","ping_status":"closed","template":"","meta":{"_acf_changed":false,"_mc_calendar":[],"footnotes":""},"class_list":["post-278957","page","type-page","status-publish","hentry"],"acf":[],"wps_subtitle":"","_links":{"self":[{"href":"https:\/\/www.ottawahospital.on.ca\/fr\/wp-json\/wp\/v2\/pages\/278957","targetHints":{"allow":["GET"]}}],"collection":[{"href":"https:\/\/www.ottawahospital.on.ca\/fr\/wp-json\/wp\/v2\/pages"}],"about":[{"href":"https:\/\/www.ottawahospital.on.ca\/fr\/wp-json\/wp\/v2\/types\/page"}],"author":[{"embeddable":true,"href":"https:\/\/www.ottawahospital.on.ca\/fr\/wp-json\/wp\/v2\/users\/25"}],"replies":[{"embeddable":true,"href":"https:\/\/www.ottawahospital.on.ca\/fr\/wp-json\/wp\/v2\/comments?post=278957"}],"version-history":[{"count":1,"href":"https:\/\/www.ottawahospital.on.ca\/fr\/wp-json\/wp\/v2\/pages\/278957\/revisions"}],"predecessor-version":[{"id":278958,"href":"https:\/\/www.ottawahospital.on.ca\/fr\/wp-json\/wp\/v2\/pages\/278957\/revisions\/278958"}],"up":[{"embeddable":true,"href":"https:\/\/www.ottawahospital.on.ca\/fr\/wp-json\/wp\/v2\/pages\/5952"}],"wp:attachment":[{"href":"https:\/\/www.ottawahospital.on.ca\/fr\/wp-json\/wp\/v2\/media?parent=278957"}],"curies":[{"name":"wp","href":"https:\/\/api.w.org\/{rel}","templated":true}]}}