{"id":278838,"date":"2026-05-10T09:02:00","date_gmt":"2026-05-10T13:02:00","guid":{"rendered":"https:\/\/www.ottawahospital.on.ca\/?page_id=278838"},"modified":"2026-05-07T12:00:21","modified_gmt":"2026-05-07T16:00:21","slug":"superviseur-1-services-dentrepot","status":"publish","type":"page","link":"https:\/\/www.ottawahospital.on.ca\/fr\/possibilites-de-carriere\/poste-de-direction\/superviseur-1-services-dentrepot\/","title":{"rendered":"Superviseur 1, Services d&rsquo;entrep\u00f4t"},"content":{"rendered":"\n<p><strong>Nous redessinons l&rsquo;avenir des soins de sant\u00e9.<\/strong><\/p>\n\n\n\n<p>L&rsquo;H\u00f4pital d&rsquo;Ottawa est l&rsquo;un des plus importants h\u00f4pitaux d&rsquo;enseignement et de recherche au Canada. Comptant plus de 1,400 lits et environ 17,000 employ\u00e9s, m\u00e9decins, r\u00e9sidents et b\u00e9n\u00e9voles sur plusieurs campus, nous offrons des soins sp\u00e9cialis\u00e9s \u00e0 la population de l&rsquo;Est de l&rsquo;Ontario, de l&rsquo;ouest du Qu\u00e9bec et du Nunavut. L&rsquo;H\u00f4pital d&rsquo;Ottawa ne fait pas que soigner la communaut\u00e9, il lui appartient. Cette appartenance s&rsquo;inscrit au c\u0153ur de notre plan ambitieux afin de redessiner l&rsquo;avenir des soins de sant\u00e9 pour tous au sein de notre collectivit\u00e9.<\/p>\n\n\n\n<p>Par la compassion de son personnel et la qu\u00eate perp\u00e9tuelle de nouvelles d\u00e9couvertes, L&rsquo;H\u00f4pital d&rsquo;Ottawa cherche sans rel\u00e2che des solutions novatrices aux d\u00e9fis les plus complexes en sant\u00e9, tout en ralliant sans cesse la population \u00e0 sa vision d&rsquo;offrir \u00e0 chaque patient des soins de calibre mondial et des services exceptionnels avec une compassion digne des personnes qui nous sont ch\u00e8res.<\/p>\n\n\n\n<p>En collaboration avec son Institut de recherche ainsi qu&rsquo;avec l&rsquo;Universit\u00e9 d&rsquo;Ottawa et d&rsquo;autres partenaires, l&rsquo;H\u00f4pital s&rsquo;est taill\u00e9 une r\u00e9putation de choix \u00e0 l&rsquo;\u00e9chelle nationale et internationale pour l&rsquo;excellence de ses soins, de sa formation et de ses recherches, tout en s&rsquo;effor\u00e7ant de r\u00e9pondre aux besoins d&rsquo;une population multiculturelle.<\/p>\n\n\n\n<h2 class=\"wp-block-heading\">\u00c9chelle salariale<\/h2>\n\n\n\n<p>$45.362\u2013 $55.188\/heure.<\/p>\n\n\n\n<h2 class=\"wp-block-heading\">Information sur le poste<\/h2>\n\n\n\n<p>Le superviseur des services d&rsquo;entrep\u00f4t est la cl\u00e9 de vo\u00fbte des op\u00e9rations transparentes, garantissant le flux rapide et efficace des fournitures essentielles aux soins des patients. Ce poste crucial implique de superviser la gestion des stocks, d&rsquo;optimiser les processus d&rsquo;approvisionnement et de favoriser des relations solides avec les fournisseurs, les clients internes et les partenaires. Le superviseur des services d&rsquo;entrep\u00f4t joue un r\u00f4le d\u00e9terminant dans le maintien de la rentabilit\u00e9, de l&rsquo;assurance qualit\u00e9 et de la conformit\u00e9 r\u00e9glementaire au sein de la cha\u00eene d&rsquo;approvisionnement. Ils jouent un r\u00f4le central en garantissant que les infirmi\u00e8res, les m\u00e9decins et les partenaires disposent des ressources n\u00e9cessaires pour prodiguer des soins exceptionnels aux patients.<\/p>\n\n\n\n<h2 class=\"wp-block-heading\">Ce que vous apporterez<\/h2>\n\n\n\n<ul class=\"wp-block-list\">\n<li>Dipl\u00f4me de premier cycle en gestion de la cha\u00eene d&rsquo;approvisionnement, en logistique ou en administration des affaires;<\/li>\n\n\n\n<li>3 ans d&rsquo;exp\u00e9rience pratique dans la gestion de la cha\u00eene d&rsquo;approvisionnement, de pr\u00e9f\u00e9rence dans un milieu de soins de sant\u00e9;<\/li>\n\n\n\n<li>Bonne compr\u00e9hension des r\u00e9glementations en mati\u00e8re de soins de sant\u00e9, des normes de conformit\u00e9 et des d\u00e9fis uniques de la cha\u00eene d&rsquo;approvisionnement des soins de sant\u00e9. La connaissance de la terminologie m\u00e9dicale et la sensibilisation aux besoins et contraintes sp\u00e9cifiques des \u00e9tablissements de soins de sant\u00e9 sont essentielles;<\/li>\n\n\n\n<li>Capacit\u00e9 \u00e0 diriger une \u00e9quipe et \u00e0 communiquer efficacement avec diverses parties prenantes;<\/li>\n\n\n\n<li>Une communication efficace est essentielle pour la coordination avec les diff\u00e9rentes parties prenantes, notamment les fournisseurs, les prestataires de soins de sant\u00e9 et les \u00e9quipes internes;<\/li>\n\n\n\n<li>Capacit\u00e9 \u00e0 s&rsquo;adapter rapidement aux changements;<\/li>\n\n\n\n<li>La capacit\u00e9 \u00e0 identifier les risques potentiels et \u00e0 \u00e9laborer des strat\u00e9gies pour les att\u00e9nuer est cruciale pour maintenir une cha\u00eene d&rsquo;approvisionnement r\u00e9siliente dans le secteur des soins de sant\u00e9.<\/li>\n<\/ul>\n\n\n\n<h2 class=\"wp-block-heading\">Vous vous d\u00e9marquerez par<\/h2>\n\n\n\n<p>Ma\u00eetrise des logiciels et outils pertinents utilis\u00e9s dans la gestion de la cha\u00eene d&rsquo;approvisionnement en milieu de soins de sant\u00e9. Familiarit\u00e9 avec les syst\u00e8mes de dossiers de sant\u00e9 \u00e9lectroniques (DSE), les logiciels de gestion de la cha\u00eene d&rsquo;approvisionnement et les outils d&rsquo;analyse de donn\u00e9es;<\/p>\n\n\n\n<p>Une solide compr\u00e9hension de la logistique de la cha\u00eene d&rsquo;approvisionnement, y compris la gestion des stocks, la distribution et le transport;<\/p>\n\n\n\n<p>Capacit\u00e9 \u00e0 analyser les donn\u00e9es et les tendances concernant les niveaux de stocks, la pr\u00e9vision de la demande et la gestion des co\u00fbts;<\/p>\n\n\n\n<p>Familiarit\u00e9 avec les logiciels de gestion de la cha\u00eene d&rsquo;approvisionnement et d&rsquo;autres technologies pertinentes.<\/p>\n\n\n\n<h2 class=\"wp-block-heading\">Notre engagement et offre<\/h2>\n\n\n\n<p>L\u2019H\u00f4pital d\u2019Ottawa s\u2019est engag\u00e9 \u00e0 maintenir un milieu de travail sain, s\u00e9curitaire et inclusif. Nous aspirons \u00e0 offrir \u00e0 chaque patient des soins de calibre mondial et des services exceptionnels avec une compassion digne des personnes qui nous sont ch\u00e8res.&nbsp;<\/p>\n\n\n\n<p>Nous offrons une r\u00e9mun\u00e9ration concurrentielle et \u00e9quitable, incluant un ensemble complet d\u2019avantages sociaux, un r\u00e9gime de retraite \u00e0 prestations d\u00e9termin\u00e9es et une couverture d\u2019assurance. Nous offrons aussi des rabais aupr\u00e8s d\u2019une s\u00e9lection de fournisseurs de divers produits et services.<\/p>\n\n\n\n<p>L\u2019H\u00f4pital d\u2019Ottawa offre diverses ressources sur la sant\u00e9 et le mieux-\u00eatre ainsi que des occasions de d\u00e9veloppement personnel et professionnel de notre \u00e9quipe d\u2019Apprentissage et Perfectionnement du leadership pour vous aligner sur vos objectifs de carri\u00e8re.<\/p>\n\n\n\n<h2 class=\"wp-block-heading\">Int\u00e9ress\u00e9? Postulez maintenant\u00a0<\/h2>\n\n\n\n<p>Si vous \u00eates passionn\u00e9 par ce que vous faites, motiv\u00e9 par l\u2019am\u00e9lioration de la sant\u00e9 de la communaut\u00e9, emball\u00e9 par les technologies m\u00e9dicales de pointe et aussi engag\u00e9 envers l\u2019excellence, la qualit\u00e9 et la s\u00e9curit\u00e9 des patients que nous le sommes, nous aimerions recevoir votre candidature. Veuillez soumettre une demande en ligne pour le poste <strong>JO ID 110936<\/strong> en visitant la section <a href=\"https:\/\/www.ottawahospital.on.ca\/fr\/possibilites-de-carriere\/\"><strong>Possibilit\u00e9s de carri\u00e8re<\/strong><\/a>. Nous remercions toutes les personnes qui postulent, mais seules celles retenues pour une consid\u00e9ration plus approfondie seront contact\u00e9es.<\/p>\n\n\n\n<p>L\u2019H\u00f4pital d\u2019Ottawa souscrit au principe d\u2019\u00e9galit\u00e9 d\u2019acc\u00e8s \u00e0 l\u2019emploi et s\u2019engage \u00e0 offrir un milieu de travail inclusif. Nous invitons les candidats \u00e0 demander des mesures d\u2019adaptation \u00e0 toutes les \u00e9tapes du processus de recrutement. Ces demandes d\u2019adaptation demeureront confidentielles. Pour demander une mesure d\u2019adaptation ou pour toute question concernant l\u2019accessibilit\u00e9, veuillez communiquer avec <strong>TOHRecruitment@lho.ca<\/strong><\/p>\n\n\n\n<p><strong>Date limite de candidature<\/strong> : May 13th, 2026<\/p>\n","protected":false},"excerpt":{"rendered":"<p>Nous redessinons l&rsquo;avenir des soins de sant\u00e9. L&rsquo;H\u00f4pital d&rsquo;Ottawa est l&rsquo;un des plus importants h\u00f4pitaux d&rsquo;enseignement et de recherche au Canada. Comptant plus de 1,400 lits et environ 17,000 employ\u00e9s, m\u00e9decins, r\u00e9sidents et b\u00e9n\u00e9voles sur plusieurs campus, nous offrons des soins sp\u00e9cialis\u00e9s \u00e0 la population de l&rsquo;Est de l&rsquo;Ontario, de l&rsquo;ouest du Qu\u00e9bec et du [&hellip;]<\/p>\n","protected":false},"author":25,"featured_media":0,"parent":5952,"menu_order":0,"comment_status":"closed","ping_status":"closed","template":"","meta":{"_acf_changed":false,"_mc_calendar":[],"footnotes":""},"class_list":["post-278838","page","type-page","status-publish","hentry"],"acf":[],"wps_subtitle":"","_links":{"self":[{"href":"https:\/\/www.ottawahospital.on.ca\/fr\/wp-json\/wp\/v2\/pages\/278838","targetHints":{"allow":["GET"]}}],"collection":[{"href":"https:\/\/www.ottawahospital.on.ca\/fr\/wp-json\/wp\/v2\/pages"}],"about":[{"href":"https:\/\/www.ottawahospital.on.ca\/fr\/wp-json\/wp\/v2\/types\/page"}],"author":[{"embeddable":true,"href":"https:\/\/www.ottawahospital.on.ca\/fr\/wp-json\/wp\/v2\/users\/25"}],"replies":[{"embeddable":true,"href":"https:\/\/www.ottawahospital.on.ca\/fr\/wp-json\/wp\/v2\/comments?post=278838"}],"version-history":[{"count":2,"href":"https:\/\/www.ottawahospital.on.ca\/fr\/wp-json\/wp\/v2\/pages\/278838\/revisions"}],"predecessor-version":[{"id":278840,"href":"https:\/\/www.ottawahospital.on.ca\/fr\/wp-json\/wp\/v2\/pages\/278838\/revisions\/278840"}],"up":[{"embeddable":true,"href":"https:\/\/www.ottawahospital.on.ca\/fr\/wp-json\/wp\/v2\/pages\/5952"}],"wp:attachment":[{"href":"https:\/\/www.ottawahospital.on.ca\/fr\/wp-json\/wp\/v2\/media?parent=278838"}],"curies":[{"name":"wp","href":"https:\/\/api.w.org\/{rel}","templated":true}]}}