{"id":27880,"date":"2017-06-26T17:24:30","date_gmt":"2017-06-26T21:24:30","guid":{"rendered":"https:\/\/www.ottawahospital.on.ca\/?page_id=27880\/"},"modified":"2025-07-09T10:08:25","modified_gmt":"2025-07-09T14:08:25","slug":"marion-crowe","status":"publish","type":"page","link":"https:\/\/www.ottawahospital.on.ca\/fr\/about-us\/notre-equipe-de-direction\/conseil-des-gouverneurs\/membres-du-conseil\/marion-crowe\/","title":{"rendered":"Marion Crowe"},"content":{"rendered":"<div class=\"wp-block-image img-responsive is-style-default\">\n<figure class=\"alignleft\"><img decoding=\"async\" src=\"\/wp-content\/uploads\/2021\/03\/marion_crowe.jpg\" alt=\"Crowe Marion\"\/><figcaption class=\"wp-element-caption\"><strong>Marion Crowe<\/strong><br>Pr\u00e9sidente, comit\u00e9 de la qualit\u00e9<\/figcaption><\/figure>\n<\/div>\n\n\n<p><span data-contrast=\"auto\">Fi\u00e8re membre de la Premi\u00e8re Nation Piapot en Saskatchewan, Marion Crowe \u00e9tait la directrice g\u00e9n\u00e9rale fondatrice de l\u2019Association des gestionnaires de sant\u00e9 des Premi\u00e8res Nations, dont elle est d\u00e9sormais la pr\u00e9sidente-directrice g\u00e9n\u00e9rale.<\/span><span data-ccp-props=\"{&quot;201341983&quot;:0,&quot;335559739&quot;:160,&quot;335559740&quot;:259}\">&nbsp;<\/span><\/p>\n\n\n\n<p><span data-contrast=\"auto\">M<\/span><span data-contrast=\"auto\">me<\/span><span data-contrast=\"auto\"> Crowe se passionne pour l\u2019aide au perfectionnement professionnel et \u00e0 la certification des membres de la communaut\u00e9 \u00e0 titre de membre fondatrice du conseil d\u2019administration de la section d\u2019AFOA Canada en Saskatchewan.&nbsp;<\/span><span data-ccp-props=\"{&quot;201341983&quot;:0,&quot;335559739&quot;:160,&quot;335559740&quot;:259}\">&nbsp;<\/span><\/p>\n\n\n\n<p><span data-contrast=\"auto\">M<\/span><span data-contrast=\"auto\">me<\/span><span data-contrast=\"auto\"> Crowe a re\u00e7u plusieurs distinctions, dont les suivantes : le <\/span><b><span data-contrast=\"auto\">P<\/span><\/b><span data-contrast=\"none\">rix d\u2019excellence du sous-ministre de Sant\u00e9 Canada<\/span><span data-contrast=\"auto\">, le prix Centennial Leadership de la Saskatchewan et le prix national d\u2019excellence en leadership autochtone d\u2019AFOA Canada \u2013 Xerox Canada en 2015. Elle est \u00e9galement la premi\u00e8re personne au Canada \u00e0 recevoir le titre de directrice financi\u00e8re autochtone agr\u00e9\u00e9e (DFAA), d\u2019administratrice professionnelle autochtone accr\u00e9dit\u00e9e (APAA) et de <\/span><span data-contrast=\"auto\">gestionnaire certifi\u00e9e de sant\u00e9 des Premi\u00e8res Nations (GCSPN)<\/span> <span data-contrast=\"auto\">d\u2019AFOA Canada et de l\u2019Association des gestionnaires de sant\u00e9 des Premi\u00e8res Nations. M<\/span><span data-contrast=\"auto\">me<\/span><span data-contrast=\"auto\"> Crowe a \u00e9galement poursuivi des \u00e9tudes \u00e0 la Harvard Business School et termin\u00e9 le programme de certificat \u00ab Leading People and Investing to Build Sustainable Communities \u00bb.&nbsp;<\/span><span data-ccp-props=\"{&quot;201341983&quot;:0,&quot;335551550&quot;:6,&quot;335551620&quot;:6,&quot;335559739&quot;:160,&quot;335559740&quot;:259}\">&nbsp;<\/span><\/p>\n\n\n\n<p><span data-contrast=\"auto\">Le 21 juin 2017, \u00e0 l\u2019occasion de la Journ\u00e9e nationale des peuples autochtones, M<\/span><span data-contrast=\"auto\">me<\/span><span data-contrast=\"auto\"> Crowe est devenue la premi\u00e8re membre autochtone du Conseil des gouverneurs de L\u2019H\u00f4pital d\u2019Ottawa.&nbsp;&nbsp;<\/span><span data-ccp-props=\"{&quot;201341983&quot;:0,&quot;335559739&quot;:160,&quot;335559740&quot;:259}\">&nbsp;<\/span><\/p>\n\n\n\n<p><i><span data-contrast=\"auto\">Nomm\u00e9e en 2017 jusqu\u2019en 202<\/span><\/i><span data-contrast=\"auto\">6.\u00a0<\/span><\/p>\n","protected":false},"excerpt":{"rendered":"<p>Fi\u00e8re membre de la Premi\u00e8re Nation Piapot en Saskatchewan, Marion Crowe \u00e9tait la directrice g\u00e9n\u00e9rale fondatrice de l\u2019Association des gestionnaires de sant\u00e9 des Premi\u00e8res Nations, dont elle est d\u00e9sormais la pr\u00e9sidente-directrice g\u00e9n\u00e9rale.&nbsp; Mme Crowe se passionne pour l\u2019aide au perfectionnement professionnel et \u00e0 la certification des membres de la communaut\u00e9 \u00e0 titre de membre fondatrice [&hellip;]<\/p>\n","protected":false},"author":25,"featured_media":0,"parent":4561,"menu_order":2,"comment_status":"closed","ping_status":"closed","template":"","meta":{"_acf_changed":false,"_mc_calendar":[],"footnotes":""},"class_list":["post-27880","page","type-page","status-publish","hentry"],"acf":[],"wps_subtitle":"","_links":{"self":[{"href":"https:\/\/www.ottawahospital.on.ca\/fr\/wp-json\/wp\/v2\/pages\/27880","targetHints":{"allow":["GET"]}}],"collection":[{"href":"https:\/\/www.ottawahospital.on.ca\/fr\/wp-json\/wp\/v2\/pages"}],"about":[{"href":"https:\/\/www.ottawahospital.on.ca\/fr\/wp-json\/wp\/v2\/types\/page"}],"author":[{"embeddable":true,"href":"https:\/\/www.ottawahospital.on.ca\/fr\/wp-json\/wp\/v2\/users\/25"}],"replies":[{"embeddable":true,"href":"https:\/\/www.ottawahospital.on.ca\/fr\/wp-json\/wp\/v2\/comments?post=27880"}],"version-history":[{"count":0,"href":"https:\/\/www.ottawahospital.on.ca\/fr\/wp-json\/wp\/v2\/pages\/27880\/revisions"}],"up":[{"embeddable":true,"href":"https:\/\/www.ottawahospital.on.ca\/fr\/wp-json\/wp\/v2\/pages\/4561"}],"wp:attachment":[{"href":"https:\/\/www.ottawahospital.on.ca\/fr\/wp-json\/wp\/v2\/media?parent=27880"}],"curies":[{"name":"wp","href":"https:\/\/api.w.org\/{rel}","templated":true}]}}