{"id":278519,"date":"2026-04-22T16:53:44","date_gmt":"2026-04-22T20:53:44","guid":{"rendered":"https:\/\/www.ottawahospital.on.ca\/?page_id=278519"},"modified":"2026-04-22T16:55:04","modified_gmt":"2026-04-22T20:55:04","slug":"specialiste-en-medecine-neuromusculaire-investigateur","status":"publish","type":"page","link":"https:\/\/www.ottawahospital.on.ca\/fr\/possibilites-de-carriere\/recrutement-du-personnel-medical\/specialiste-en-medecine-neuromusculaire-investigateur\/","title":{"rendered":"Sp\u00e9cialiste en m\u00e9decine neuromusculaire &#8211; Investigateur"},"content":{"rendered":"\n<h2 class=\"wp-block-heading\">Sommaire du poste<\/h2>\n\n\n\n<p>Le D\u00e9partement de m\u00e9decine et la Division de neurologie de l\u2019Universit\u00e9 d\u2019Ottawa et de L\u2019H\u00f4pital d\u2019Ottawa souhaitent recruter un clinicien-chercheur sp\u00e9cialis\u00e9 en neurologie neuromusculaire.<\/p>\n\n\n\n<h2 class=\"wp-block-heading\">Responsabilit\u00e9s<\/h2>\n\n\n\n<p>La personne retenue sera travaillera sous la direction g\u00e9n\u00e9rale du chef de la Division de neurologie du D\u00e9partement de m\u00e9decine de l&rsquo;H\u00f4pital d&rsquo;Ottawa\/Universit\u00e9 d&rsquo;Ottawa. Il devra participer : 1) aux consultations externes consacr\u00e9es aux troubles neuromusculaires, 2) aux examens \u00e9lectrodiagnostiques (certification canadienne en EMG), 3) des rotations au sein des services de neurologie hospitaliers et de consultation en neurologie, 4) des activit\u00e9s universitaires en neurologie, 5) l&rsquo;enseignement aux \u00e9tudiants en m\u00e9decine, aux r\u00e9sidents et aux boursiers en milieu ambulatoire et hospitalier, 6) des gardes r\u00e9guli\u00e8res en neurologie, 7) des essais cliniques men\u00e9s par des chercheurs et des essais cliniques pharmaceutiques. La pr\u00e9f\u00e9rence sera accord\u00e9e \u00e0 un candidat s&rsquo;int\u00e9ressant aux neuropathies p\u00e9riph\u00e9riques acquises.<\/p>\n\n\n\n<p>Le candidat retenu rejoindra une \u00e9quipe de neurologues sp\u00e9cialis\u00e9s en neurologie neuromusculaire reconnus \u00e0 l&rsquo;\u00e9chelle nationale et internationale. Il travaillera au sein du Centre neuromusculaire, un vaste centre de recherche clinique dot\u00e9 d&rsquo;installations cliniques, d&rsquo;\u00e9quipements d&rsquo;\u00e9lectrodiagnostic et d&rsquo;espaces d\u00e9di\u00e9s \u00e0 la recherche clinique. Il s&rsquo;agit d&rsquo;un groupe de recherche clinique bien \u00e9tabli qui m\u00e8ne des recherches translationnelles dirig\u00e9es par des chercheurs, ainsi que des essais cliniques et des projets de recherche financ\u00e9s par l&rsquo;industrie. Le programme neuromusculaire compte 8 neurologues sp\u00e9cialis\u00e9s en neurologie neuromusculaire \u00e0 temps plein et 5 neurologues\/physiatres \u00e0 temps partiel, 5 assistants administratifs, 4 techniciens en EMG et 13 coordinateurs de recherche clinique \u00e0 temps plein ou \u00e0 temps partiel, ainsi que des \u00e9tudiants de troisi\u00e8me cycle.<\/p>\n\n\n\n<p>Le groupe de recherche sur les maladies neuromusculaires fait partie du Centre Eric Poulin pour les maladies neuromusculaires et de l&rsquo;Institut du cerveau et de l&rsquo;esprit de l&rsquo;Universit\u00e9 d&rsquo;Ottawa ; il rassemble des chercheurs en sciences fondamentales et des cliniciens issus de divers milieux universitaires afin de mener des travaux de recherche clinique et translationnelle sur les maladies neuromusculaires.<\/p>\n\n\n\n<h2 class=\"wp-block-heading\">Qualifications<\/h2>\n\n\n\n<p>Qualifications :<br>Le candidat id\u00e9al sera un neurologue ayant suivi au moins un an de formation postdoctorale dans le domaine des troubles neuromusculaires et pouvant justifier d&rsquo;un programme de recherche neuromusculaire couronn\u00e9 de succ\u00e8s.<\/p>\n\n\n\n<p>Les candidats doivent poss\u00e9der une solide exp\u00e9rience en recherche ax\u00e9e sur le domaine neuromusculaire et avoir fait la preuve de r\u00e9sultats scientifiques remarquables dans leur domaine. Les preuves d&rsquo;excellence comprendront des publications dans des revues de premier plan \u00e9valu\u00e9es par des pairs, la capacit\u00e9 \u00e0 obtenir des financements externes (par exemple, des subventions de fonctionnement), des pr\u00e9sentations lors de conf\u00e9rences majeures et la reconnaissance par le biais de prix ou de distinctions. Les candidats doivent d\u00e9montrer leur capacit\u00e9 \u00e0 d\u00e9velopper un programme de recherche ind\u00e9pendant et percutant au sein d&rsquo;un environnement \u00e9quitable et inclusif. Les contributions suppl\u00e9mentaires qui renforcent la visibilit\u00e9 et le d\u00e9veloppement de la division sont \u00e9galement tr\u00e8s appr\u00e9ci\u00e9es.<\/p>\n\n\n\n<p>La personne retenue doit d\u00e9tenir un doctorat en m\u00e9decine; \u00eatre membre ou \u00eatre admissible \u00e0 devenir membre de l\u2019Association canadienne de protection m\u00e9dicale; \u00eatre titulaire ou \u00eatre admissible \u00e0 devenir titulaire d\u2019une certification en neurologie d\u00e9livr\u00e9e par le Coll\u00e8ge royal des m\u00e9decins et chirurgiens du Canada, et avoir obtenu ou \u00eatre admissible \u00e0 l\u2019obtention d\u2019un permis d\u2019exercice de la m\u00e9decine en Ontario. La personne retenue sera admissible \u00e0 l\u2019obtention d\u2019une nomination professorale \u00e0 l\u2019Universit\u00e9 d&rsquo;Ottawa, au rang de professeur adjoint ou \u00e0 un rang sup\u00e9rieur. Le rang professoral variera selon l\u2019exp\u00e9rience et les qualifications.<\/p>\n\n\n\n<p>L&rsquo;Universit\u00e9 d\u2019Ottawa et L\u2019H\u00f4pital d\u2019Ottawa sont des \u00e9tablissements bilingues; par cons\u00e9quent, en cas de possibles personnes retenues de capacit\u00e9 \u00e9gale, la pr\u00e9f\u00e9rence serait donn\u00e9e au candidat bilingue (fran\u00e7ais-anglais).<\/p>\n\n\n\n<h2 class=\"wp-block-heading\">Renseignements suppl\u00e9mentaires<\/h2>\n\n\n\n<p>Renseignements suppl\u00e9mentaires :<br>Le service de neurologie compte plus de 40 neurologues et est r\u00e9put\u00e9 pour la qualit\u00e9 exceptionnelle de ses soins. Il est reconnu \u00e0 l&rsquo;\u00e9chelle internationale pour ses programmes, notamment dans les domaines de la neurologie neuromusculaire, de la scl\u00e9rose en plaques, de la neuro-ophtalmologie, des troubles du mouvement, des c\u00e9phal\u00e9es, de l&rsquo;\u00e9pilepsie et des accidents vasculaires c\u00e9r\u00e9braux. Les membres du service poss\u00e8dent un large \u00e9ventail de comp\u00e9tences en recherche clinique et fondamentale. Leurs travaux portent notamment sur des essais cliniques de pointe, la recherche translationnelle et l&rsquo;\u00e9pid\u00e9miologie. Outre des unit\u00e9s cliniques ambulatoires modernes, le service dispose d&rsquo;une unit\u00e9 de neurologie g\u00e9n\u00e9rale de 20 lits, d&rsquo;une unit\u00e9 d&rsquo;hospitalisation pour les AVC de 24 lits et propose des services de consultation sur les deux campus de l&rsquo;h\u00f4pital TOH.<\/p>\n\n\n\n<p>L\u2019H\u00f4pital d\u2019Ottawa est un h\u00f4pital de soins tertiaires de 1 150 lits qui est au service des patients de l\u2019Est de l\u2019Ontario et de l\u2019ouest du Qu\u00e9bec \u00e0 partir de quatre sites d\u2019hospitalisation (Campus Civic, Campus G\u00e9n\u00e9ral, Institut de cardiologie et Centre de r\u00e9adaptation) et d\u2019un centre ambulatoire (Campus Riverside). Il enregistre environ 50 000 admissions de patients, 160 000 visites d\u2019urgence et plus d\u2019un million de visites de patients externes par an.<\/p>\n\n\n\n<p>Des recherches m\u00e9dicales avant-gardistes sont men\u00e9es \u00e0 l\u2019Institut de recherche de l\u2019H\u00f4pital d\u2019Ottawa (IRHO) ainsi qu\u2019\u00e0 l\u2019Institut de cardiologie de l\u2019Universit\u00e9 d\u2019Ottawa. Nous nous classons au cinqui\u00e8me rang pour les subventions fond\u00e9es sur l\u2019\u00e9valuation par les pairs et obtenues par voie de concours des prestigieux Instituts de recherche en sant\u00e9 du Canada. Plus de 2 300 chercheurs publient chaque ann\u00e9e quelque 2 200 \u00e9tudes, dont plusieurs centaines qui sont des articles percutants (parmi les premiers 10 % ou citations).<\/p>\n\n\n\n<p>Le D\u00e9partement de m\u00e9decine est \u00e0 pr\u00e9dominance de recherche. Ses membres sont actuellement titulaires de 25 chaires de recherche de l\u2019Universit\u00e9. Le D\u00e9partement re\u00e7oit environ 60 millions de dollars par an en financement externe pour la recherche, et ses membres publient chaque ann\u00e9e pr\u00e8s de 1 200 publications \u00e0 comit\u00e9 de lecture.<\/p>\n\n\n\n<p>La Facult\u00e9 de m\u00e9decine est une figure de proue \u00e0 l\u2019\u00e9chelle nationale et elle se classe parmi les plus \u00e9minentes facult\u00e9s de m\u00e9decine au Canada. En tant que facult\u00e9 \u00e0 pr\u00e9dominance de recherche au sein de l\u2019Universit\u00e9 d\u2019Ottawa, la Facult\u00e9 de m\u00e9decine contribue consid\u00e9rablement \u00e0 la cinqui\u00e8me place qu\u2019occupe l\u2019Universit\u00e9 au pays pour ce qui est du revenu total tir\u00e9 de la recherche (Research InfoSource), et se place couramment en 2e ou en 3e position au Canada pour la pr\u00e9dominance en recherche dans les subventions concernant la m\u00e9decine et les sciences (McLean\u2019s), en 4e position au Canada sur le plan des citations (classements de 2022 de Times Higher Education), et en premi\u00e8re position pour la croissance globale du financement de trois conseils de recherche au cours des deux derni\u00e8res d\u00e9cennies. L\u2019Universit\u00e9 d\u2019Ottawa est la plus importante universit\u00e9 bilingue (fran\u00e7ais-anglais) au monde, et la Facult\u00e9 de m\u00e9decine est la premi\u00e8re et la plus prestigieuse \u00e9cole de m\u00e9decine bilingue au Canada. La Facult\u00e9 de m\u00e9decine a un long pass\u00e9 quant \u00e0 l\u2019excellence de ses recherches fondamentales et cliniques, en \u00e9troit partenariat avec cinq h\u00f4pitaux universitaires affili\u00e9s et six instituts de recherche. Le Web of Science a r\u00e9cemment publi\u00e9 une liste des chercheurs les plus cit\u00e9s au monde, et 7 des 8 chercheurs mentionn\u00e9s de l\u2019Universit\u00e9 d\u2019Ottawa appartiennent \u00e0 la Facult\u00e9 de m\u00e9decine. Pris ensemble, ces extraordinaires accomplissements sont la preuve incontestable de la comp\u00e9titivit\u00e9 et de l\u2019excellence de notre Facult\u00e9 qui touchent tous nos programmes d\u2019enseignement.<\/p>\n\n\n\n<p>La Ville d\u2019Ottawa offre un environnement multiculturel et bilingue prosp\u00e8re. Ottawa s\u2019enorgueillit de ses nombreuses activit\u00e9s culturelles ainsi que de ses ressources sportives et naturelles facilement accessibles, ce qui en fait un environnement id\u00e9al pour la famille et une vie saine.<\/p>\n\n\n\n<p>Le D\u00e9partement de m\u00e9decine s\u2019est engag\u00e9 \u00e0 respecter les valeurs d\u2019\u00e9quit\u00e9, de diversit\u00e9, d\u2019inclusion et d\u2019accessibilit\u00e9 dans ses milieux de vie, d\u2019apprentissage et de travail. Nous encourageons les candidats qualifi\u00e9s de tous les groupes avec des obstacles pass\u00e9s et (ou) pr\u00e9sents en mati\u00e8re d\u2019\u00e9quit\u00e9 \u00e0 pr\u00e9senter leur candidature. Sur demande, des mesures d\u2019adaptation seront offertes aux personnes ayant une incapacit\u00e9, et ce, tout au long du processus de recrutement.<\/p>\n\n\n\n<p>Veuillez noter que la priorit\u00e9 sera accord\u00e9e aux citoyens canadiens ainsi qu\u2019aux r\u00e9sidents permanents. Nous remercions tous les candidats de leur int\u00e9r\u00eat. Toutefois, nous communiquerons uniquement avec les candidats retenus pour une entrevue.<\/p>\n\n\n\n<h2 class=\"wp-block-heading\">Conditions d\u2019emploi<\/h2>\n\n\n\n<p>Le salaire associ\u00e9 \u00e0 ce poste provient de diverses sources, y compris de la facturation clinique (r\u00e9mun\u00e9ration \u00e0 l\u2019acte), de programmes d\u2019aide salariale (plans de diversification des modes de financement et de paiement) ainsi que d\u2019honoraires et d\u2019allocations. Les m\u00e9decins \u00e0 temps plein b\u00e9n\u00e9ficient d\u2019avantages sociaux, notamment d\u2019une assurance-maladie compl\u00e9mentaire, de soins dentaires, d\u2019une assurance-invalidit\u00e9 et d\u2019une assurance-vie.<\/p>\n\n\n\n<h2 class=\"wp-block-heading\">Candidatures<\/h2>\n\n\n\n<p>Veuillez envoyer une lettre d\u2019intention de 1 ou 2 pages, 3 r\u00e9f\u00e9rences (qui ne seront pas contact\u00e9es sans autorisation) et votre curriculum vit\u00e6 au Ressources humaines, D\u00e9partement de m\u00e9decine (L\u2019H\u00f4pital d\u2019Ottawa et l\u2019Universit\u00e9 d\u2019Ottawa) \u00e0 <a href=\"mailto:domcareers@toh.ca\">domcareers@toh.ca<\/a>.<\/p>\n\n\n\n<p><strong>Date de cl\u00f4ture<\/strong> : 30 juin 2026<\/p>\n","protected":false},"excerpt":{"rendered":"<p>Sommaire du poste Le D\u00e9partement de m\u00e9decine et la Division de neurologie de l\u2019Universit\u00e9 d\u2019Ottawa et de L\u2019H\u00f4pital d\u2019Ottawa souhaitent recruter un clinicien-chercheur sp\u00e9cialis\u00e9 en neurologie neuromusculaire. Responsabilit\u00e9s La personne retenue sera travaillera sous la direction g\u00e9n\u00e9rale du chef de la Division de neurologie du D\u00e9partement de m\u00e9decine de l&rsquo;H\u00f4pital d&rsquo;Ottawa\/Universit\u00e9 d&rsquo;Ottawa. Il devra participer [&hellip;]<\/p>\n","protected":false},"author":25,"featured_media":0,"parent":84543,"menu_order":0,"comment_status":"closed","ping_status":"closed","template":"","meta":{"_acf_changed":false,"_mc_calendar":[],"footnotes":""},"class_list":["post-278519","page","type-page","status-publish","hentry"],"acf":[],"wps_subtitle":"","_links":{"self":[{"href":"https:\/\/www.ottawahospital.on.ca\/fr\/wp-json\/wp\/v2\/pages\/278519","targetHints":{"allow":["GET"]}}],"collection":[{"href":"https:\/\/www.ottawahospital.on.ca\/fr\/wp-json\/wp\/v2\/pages"}],"about":[{"href":"https:\/\/www.ottawahospital.on.ca\/fr\/wp-json\/wp\/v2\/types\/page"}],"author":[{"embeddable":true,"href":"https:\/\/www.ottawahospital.on.ca\/fr\/wp-json\/wp\/v2\/users\/25"}],"replies":[{"embeddable":true,"href":"https:\/\/www.ottawahospital.on.ca\/fr\/wp-json\/wp\/v2\/comments?post=278519"}],"version-history":[{"count":1,"href":"https:\/\/www.ottawahospital.on.ca\/fr\/wp-json\/wp\/v2\/pages\/278519\/revisions"}],"predecessor-version":[{"id":278520,"href":"https:\/\/www.ottawahospital.on.ca\/fr\/wp-json\/wp\/v2\/pages\/278519\/revisions\/278520"}],"up":[{"embeddable":true,"href":"https:\/\/www.ottawahospital.on.ca\/fr\/wp-json\/wp\/v2\/pages\/84543"}],"wp:attachment":[{"href":"https:\/\/www.ottawahospital.on.ca\/fr\/wp-json\/wp\/v2\/media?parent=278519"}],"curies":[{"name":"wp","href":"https:\/\/api.w.org\/{rel}","templated":true}]}}