{"id":278502,"date":"2026-04-22T07:09:25","date_gmt":"2026-04-22T11:09:25","guid":{"rendered":"https:\/\/www.ottawahospital.on.ca\/?page_id=278502"},"modified":"2026-04-22T07:09:25","modified_gmt":"2026-04-22T11:09:25","slug":"superviseur-1-services-environnementaux","status":"publish","type":"page","link":"https:\/\/www.ottawahospital.on.ca\/fr\/possibilites-de-carriere\/poste-de-direction\/superviseur-1-services-environnementaux\/","title":{"rendered":"Superviseur 1, Services environnementaux"},"content":{"rendered":"\n<p><strong>Inspir\u00e9 par la recherche et guid\u00e9 par la compassion!<\/strong><\/p>\n\n\n\n<p>L&rsquo;H\u00f4pital d&rsquo;Ottawa est l&rsquo;un des plus importants h\u00f4pitaux d&rsquo;enseignement et de recherche au Canada. Comptant plus de 1,400 lits et environ 17,000 employ\u00e9s, m\u00e9decins, r\u00e9sidents et b\u00e9n\u00e9voles sur plusieurs campus, nous offrons des soins sp\u00e9cialis\u00e9s \u00e0 la population de l&rsquo;Est de l&rsquo;Ontario, de l&rsquo;ouest du Qu\u00e9bec et du Nunavut. L&rsquo;H\u00f4pital d&rsquo;Ottawa ne fait pas que soigner la communaut\u00e9, il lui appartient. Cette appartenance s&rsquo;inscrit au c\u0153ur de notre plan ambitieux afin de redessiner l&rsquo;avenir des soins de sant\u00e9 pour tous au sein de notre collectivit\u00e9.<\/p>\n\n\n\n<p>Par la compassion de son personnel et la qu\u00eate perp\u00e9tuelle de nouvelles d\u00e9couvertes, L&rsquo;H\u00f4pital d&rsquo;Ottawa cherche sans rel\u00e2che des solutions novatrices aux d\u00e9fis les plus complexes en sant\u00e9, tout en ralliant sans cesse la population \u00e0 sa vision d&rsquo;offrir \u00e0 chaque patient des soins de calibre mondial et des services exceptionnels avec une compassion digne des personnes qui nous sont ch\u00e8res.<\/p>\n\n\n\n<p>En collaboration avec son Institut de recherche ainsi qu&rsquo;avec l&rsquo;Universit\u00e9 d&rsquo;Ottawa et d&rsquo;autres partenaires, l&rsquo;H\u00f4pital s&rsquo;est taill\u00e9 une r\u00e9putation de choix \u00e0 l&rsquo;\u00e9chelle nationale et internationale pour l&rsquo;excellence de ses soins, de sa formation et de ses recherches, tout en s&rsquo;effor\u00e7ant de r\u00e9pondre aux besoins d&rsquo;une population multiculturelle.<\/p>\n\n\n\n<h2 class=\"wp-block-heading\">\u00c9chelle salariale<\/h2>\n\n\n\n<p>$45.362 \u2013 $55.188\/heure<\/p>\n\n\n\n<h2 class=\"wp-block-heading\">Information sur le poste\u00a0\u00a0\u00a0\u00a0\u00a0\u00a0\u00a0\u00a0\u00a0\u00a0\u00a0\u00a0<\/h2>\n\n\n\n<p>Le superviseur est responsable de la supervision et de l&rsquo;organisation de toutes les activit\u00e9s op\u00e9rationnelles de son service conform\u00e9ment aux pratiques et aux lois \u00e9tablies ainsi qu&rsquo;aux politiques et aux r\u00e8glements de l&rsquo;H\u00f4pital. Il s&rsquo;assure que tous les objectifs globaux du service et de l&rsquo;H\u00f4pital sont atteints, en offrant un solide leadership qui favorise l&rsquo;int\u00e9r\u00eat professionnel des employ\u00e9s et la bonne prestation des services. Au sein de sa propre \u00e9quipe, le superviseur veille \u00e0 l&rsquo;apprentissage et \u00e0 la responsabilisation dans le cadre d&rsquo;une culture juste, en plus de fournir au personnel, le cas \u00e9ch\u00e9ant, des instructions \u00e9crites sur les mesures de s\u00e9curit\u00e9 \u00e0 adopter, en s&rsquo;assurant que celui-ci respecte les normes en mati\u00e8re de travail s\u00e9curitaire et de soins aux patients et en faisant \u00e9galement le suivi d&rsquo;\u00e9ventuels probl\u00e8mes de s\u00e9curit\u00e9 touchant le personnel et les patients, dans un esprit d&rsquo;am\u00e9lioration continue.<\/p>\n\n\n\n<h2 class=\"wp-block-heading\">Rotation\/Quarts de travail\u00a0\u00a0\u00a0\u00a0\u00a0\u00a0\u00a0\u00a0 <\/h2>\n\n\n\n<p>Week-end, quarts de 8 heures.<\/p>\n\n\n\n<p>*\u00c0 titre d&rsquo;information seulement. L&rsquo;H\u00f4pital se r\u00e9serve le droit de modifier ces conditions.<\/p>\n\n\n\n<h2 class=\"wp-block-heading\">Ce que vous apporterez<\/h2>\n\n\n\n<ul class=\"wp-block-list\">\n<li>Dipl\u00f4me dans un domaine pertinent, par exemple en administration des affaires ou en gestion de services \u00e0 la client\u00e8le OU membre certifi\u00e9 de l&rsquo;Ontario Health Care Housekeepers&rsquo; Association (OHHA), de l&rsquo;Association Canadienne de gestion Environnementale ou d&rsquo;un autre programme connexe de gestion de l&rsquo;entretien m\u00e9nager;<\/li>\n\n\n\n<li>Deux ann\u00e9es d&rsquo;exp\u00e9rience en supervision;<\/li>\n\n\n\n<li>Connaissance des proc\u00e9dures d&rsquo;utilisation de l&rsquo;\u00e9quipement d&rsquo;entretien m\u00e9nager et des techniques de nettoyage dans un \u00e9tablissement;<\/li>\n\n\n\n<li>Un m\u00e9lange de patience, de compassion et de responsabilisation;<\/li>\n\n\n\n<li>La capacit\u00e9 \u00e0 faire des suivis aupr\u00e8s de membres du personnel, de clients et d&rsquo;autres parties prenantes au sujet de livrables, de questions ou de pr\u00e9occupations;<\/li>\n\n\n\n<li>Sens de l&rsquo;organisation, autonomie et r\u00e9silience; aptitudes pour l&rsquo;am\u00e9lioration de la qualit\u00e9 et la gestion du changement;<\/li>\n\n\n\n<li>Bonnes aptitudes pour le service \u00e0 la client\u00e8le;<\/li>\n\n\n\n<li>Connaissance de Microsoft Office et Outlook;<\/li>\n\n\n\n<li>Ma\u00eetrise de l&rsquo;anglais &#8211; expression orale et \u00e9crite.<\/li>\n<\/ul>\n\n\n\n<h2 class=\"wp-block-heading\">Vous vous d\u00e9marquerez par<\/h2>\n\n\n\n<ul class=\"wp-block-list\">\n<li>Ma\u00eetrise du fran\u00e7ais et de l\u2019anglais \u2013 expression orale (niveau avanc\u00e9) et compr\u00e9hension (niveau avanc\u00e9).<\/li>\n<\/ul>\n\n\n\n<h2 class=\"wp-block-heading\">Notre engagement et offre<\/h2>\n\n\n\n<p>L\u2019H\u00f4pital d\u2019Ottawa s\u2019est engag\u00e9 \u00e0 maintenir un milieu de travail sain, s\u00e9curitaire et inclusif. Nous aspirons \u00e0 offrir \u00e0 chaque patient des soins de calibre mondial et des services exceptionnels avec une compassion digne des personnes qui nous sont ch\u00e8res.&nbsp;<\/p>\n\n\n\n<p>Nous offrons une r\u00e9mun\u00e9ration concurrentielle et \u00e9quitable, incluant un ensemble complet d\u2019avantages sociaux, un r\u00e9gime de retraite \u00e0 prestations d\u00e9termin\u00e9es et une couverture d\u2019assurance. Nous offrons aussi des rabais aupr\u00e8s d\u2019une s\u00e9lection de fournisseurs de divers produits et services.<\/p>\n\n\n\n<p>L\u2019H\u00f4pital d\u2019Ottawa offre diverses ressources sur la sant\u00e9 et le mieux-\u00eatre ainsi que des occasions de d\u00e9veloppement personnel et professionnel de notre \u00e9quipe d\u2019Apprentissage et Perfectionnement du leadership pour vous aligner sur vos objectifs de carri\u00e8re.<\/p>\n\n\n\n<h2 class=\"wp-block-heading\">Int\u00e9ress\u00e9? Postulez maintenant&nbsp;<\/h2>\n\n\n\n<p>Votre&nbsp;travail&nbsp;vous&nbsp;passionne?&nbsp;L&rsquo;am\u00e9lioration&nbsp;du bien-\u00eatre&nbsp;de la&nbsp;collectivit\u00e9&nbsp;vous&nbsp;stimule&nbsp;et les technologies&nbsp;m\u00e9dicales&nbsp;de pointe&nbsp;suscitent&nbsp;votre&nbsp;int\u00e9r\u00eat?Vous&nbsp;\u00eates&nbsp;\u00e9galement&nbsp;r\u00e9solu&nbsp;\u00e0&nbsp;promouvoir&nbsp;l&rsquo;excellence, la&nbsp;qualit\u00e9&nbsp;des soins et la&nbsp;s\u00e9curit\u00e9&nbsp;des patients?&nbsp;Veuillez&nbsp;soumettre&nbsp;une&nbsp;candidature en&nbsp;ligne&nbsp;pour&nbsp;l&rsquo;offre&nbsp;d&#8217;emploi&nbsp;JO ID 110771&nbsp;en visitant la page des&nbsp;Opportunit\u00e9s de carri\u00e8re.&nbsp;Nous&nbsp;remercions&nbsp;tous&nbsp;les postulants de&nbsp;leur&nbsp;int\u00e9r\u00eat.&nbsp;Toutefois, nous&nbsp;communiquerons&nbsp;seulement&nbsp;avec les&nbsp;candidats&nbsp;retenus&nbsp;pour&nbsp;une&nbsp;entrevue.&nbsp;<\/p>\n\n\n\n<p>L&rsquo;H\u00f4pital d&rsquo;Ottawa souscrit au principe d&rsquo;\u00e9quit\u00e9 en mati\u00e8re d&#8217;emploi et est d\u00e9termin\u00e9 \u00e0 offrir un milieu de travail inclusif. Les personnes pr\u00e9sentant leur candidature \u00e0 l&rsquo;H\u00f4pital qui souhaitent obtenir des mesures d&rsquo;adaptation sont invit\u00e9es \u00e0 en faire la demande; elles peuvent le faire \u00e0 tout moment au fil du processus de recrutement. Ces demandes seront trait\u00e9es en toute confidentialit\u00e9. Si vous souhaitez faire une demande de mesures d&rsquo;adaptation ou si vous avez des questions en lien avec l&rsquo;accessibilit\u00e9, veuillez \u00e9crire \u00e0\u202f<a href=\"mailto:TOHRecruitment@lho.ca\">TOHRecruitment@lho.ca<\/a>.<\/p>\n\n\n\n<p><strong>Date limite de candidature<\/strong> : April 27, 2026<\/p>\n","protected":false},"excerpt":{"rendered":"<p>Inspir\u00e9 par la recherche et guid\u00e9 par la compassion! L&rsquo;H\u00f4pital d&rsquo;Ottawa est l&rsquo;un des plus importants h\u00f4pitaux d&rsquo;enseignement et de recherche au Canada. Comptant plus de 1,400 lits et environ 17,000 employ\u00e9s, m\u00e9decins, r\u00e9sidents et b\u00e9n\u00e9voles sur plusieurs campus, nous offrons des soins sp\u00e9cialis\u00e9s \u00e0 la population de l&rsquo;Est de l&rsquo;Ontario, de l&rsquo;ouest du Qu\u00e9bec [&hellip;]<\/p>\n","protected":false},"author":25,"featured_media":0,"parent":5952,"menu_order":0,"comment_status":"closed","ping_status":"closed","template":"","meta":{"_acf_changed":false,"_mc_calendar":[],"footnotes":""},"class_list":["post-278502","page","type-page","status-publish","hentry"],"acf":[],"wps_subtitle":"","_links":{"self":[{"href":"https:\/\/www.ottawahospital.on.ca\/fr\/wp-json\/wp\/v2\/pages\/278502","targetHints":{"allow":["GET"]}}],"collection":[{"href":"https:\/\/www.ottawahospital.on.ca\/fr\/wp-json\/wp\/v2\/pages"}],"about":[{"href":"https:\/\/www.ottawahospital.on.ca\/fr\/wp-json\/wp\/v2\/types\/page"}],"author":[{"embeddable":true,"href":"https:\/\/www.ottawahospital.on.ca\/fr\/wp-json\/wp\/v2\/users\/25"}],"replies":[{"embeddable":true,"href":"https:\/\/www.ottawahospital.on.ca\/fr\/wp-json\/wp\/v2\/comments?post=278502"}],"version-history":[{"count":1,"href":"https:\/\/www.ottawahospital.on.ca\/fr\/wp-json\/wp\/v2\/pages\/278502\/revisions"}],"predecessor-version":[{"id":278503,"href":"https:\/\/www.ottawahospital.on.ca\/fr\/wp-json\/wp\/v2\/pages\/278502\/revisions\/278503"}],"up":[{"embeddable":true,"href":"https:\/\/www.ottawahospital.on.ca\/fr\/wp-json\/wp\/v2\/pages\/5952"}],"wp:attachment":[{"href":"https:\/\/www.ottawahospital.on.ca\/fr\/wp-json\/wp\/v2\/media?parent=278502"}],"curies":[{"name":"wp","href":"https:\/\/api.w.org\/{rel}","templated":true}]}}