{"id":278392,"date":"2026-04-20T10:25:26","date_gmt":"2026-04-20T14:25:26","guid":{"rendered":"https:\/\/www.ottawahospital.on.ca\/?page_id=278392"},"modified":"2026-04-20T10:25:35","modified_gmt":"2026-04-20T14:25:35","slug":"gestionnaire-de-projets-nouveau-campus","status":"publish","type":"page","link":"https:\/\/www.ottawahospital.on.ca\/fr\/possibilites-de-carriere\/poste-de-direction\/gestionnaire-de-projets-nouveau-campus\/","title":{"rendered":"Gestionnaire de projets, Nouveau campus"},"content":{"rendered":"\n<p>L&rsquo;H\u00f4pital d&rsquo;Ottawa est l&rsquo;un des plus importants h\u00f4pitaux d&rsquo;enseignement et de recherche au Canada. Comptant plus de 1,400 lits et environ 17,000 employ\u00e9s, m\u00e9decins, r\u00e9sidents et b\u00e9n\u00e9voles sur plusieurs campus, nous offrons des soins sp\u00e9cialis\u00e9s \u00e0 la population de l&rsquo;Est de l&rsquo;Ontario, de l&rsquo;ouest du Qu\u00e9bec et du Nunavut. L&rsquo;H\u00f4pital d&rsquo;Ottawa ne fait pas que soigner la communaut\u00e9, il lui appartient. Cette appartenance s&rsquo;inscrit au c\u0153ur de notre plan ambitieux afin de redessiner l&rsquo;avenir des soins de sant\u00e9 pour tous au sein de notre collectivit\u00e9.<\/p>\n\n\n\n<p>Par la compassion de son personnel et la qu\u00eate perp\u00e9tuelle de nouvelles d\u00e9couvertes, L&rsquo;H\u00f4pital d&rsquo;Ottawa cherche sans rel\u00e2che des solutions novatrices aux d\u00e9fis les plus complexes en sant\u00e9, tout en ralliant sans cesse la population \u00e0 sa vision d&rsquo;offrir \u00e0 chaque patient des soins de calibre mondial et des services exceptionnels avec une compassion digne des personnes qui nous sont ch\u00e8res.<\/p>\n\n\n\n<p>En collaboration avec son Institut de recherche ainsi qu&rsquo;avec l&rsquo;Universit\u00e9 d&rsquo;Ottawa et d&rsquo;autres partenaires, l&rsquo;H\u00f4pital s&rsquo;est taill\u00e9 une r\u00e9putation de choix \u00e0 l&rsquo;\u00e9chelle nationale et internationale pour l&rsquo;excellence de ses soins, de sa formation et de ses recherches, tout en s&rsquo;effor\u00e7ant de r\u00e9pondre aux besoins d&rsquo;une population multiculturelle.<\/p>\n\n\n\n<h2 class=\"wp-block-heading\">\u00c9chelle salariale<\/h2>\n\n\n\n<p>$104,677.95 to $127,350.60\/annum.<\/p>\n\n\n\n<h2 class=\"wp-block-heading\">Information sur le poste<\/h2>\n\n\n\n<p>Le gestionnaire de projets dirige la planification et la r\u00e9alisation des projets et des initiatives strat\u00e9giques concernant le nouveau campus de L&rsquo;H\u00f4pital d&rsquo;Ottawa et dans ce contexte, il coordonne la r\u00e9alisation des projets attribu\u00e9s, tout en respectant la port\u00e9e, le budget et les exigences \u00e9tablis.<\/p>\n\n\n\n<p>Voici les principales exigences et responsabilit\u00e9s associ\u00e9es \u00e0 ce poste :<\/p>\n\n\n\n<ul class=\"wp-block-list\">\n<li>G\u00e9rer la planification et la r\u00e9alisation des programmes li\u00e9s \u00e0 la construction du nouveau campus qui rev\u00eatent une importance strat\u00e9gique pour l&rsquo;H\u00f4pital.<\/li>\n\n\n\n<li>G\u00e9rer plusieurs projets et initiatives dans son secteur de responsabilit\u00e9 en favorisant une culture d&rsquo;innovation et de prise de d\u00e9cisions orient\u00e9es par des donn\u00e9es.<\/li>\n\n\n\n<li>Les principales t\u00e2ches comprennent la planification, l&rsquo;administration des contrats, l&rsquo;\u00e9tablissement d&rsquo;horaires, la supervision des travaux et l&rsquo;\u00e9tablissement de rapports d\u00e9taill\u00e9s.<\/li>\n\n\n\n<li>Travailler fr\u00e9quemment en collaboration avec les \u00e9quipes du projet, l&rsquo;\u00e9quipe de direction, la haute direction, des m\u00e9decins de L&rsquo;H\u00f4pital d&rsquo;Ottawa, de l&rsquo;Institut de recherche de l&rsquo;H\u00f4pital d&rsquo;Ottawa et de l&rsquo;Institut de cardiologie de l&rsquo;Universit\u00e9 d&rsquo;Ottawa et des intervenants externes.<\/li>\n\n\n\n<li>Servir de personne-ressource pour divers comit\u00e9s qui sont associ\u00e9s aux projets et encadrer la mobilisation des intervenants et l&rsquo;\u00e9laboration des plans de travail, tout en v\u00e9rifiant que les projets progressent comme pr\u00e9vu (respect des \u00e9ch\u00e9anciers et atteinte des objectifs).<\/li>\n\n\n\n<li>\u00c9laborer des strat\u00e9gies, recommandations et cadres de travail qui sont fond\u00e9s sur une solide compr\u00e9hension des principes d&rsquo;\u00e9valuation.<\/li>\n\n\n\n<li>Contribuer au maintien de la communication entre les directeurs de la construction, les consultants, les entrepreneurs et la direction de l&rsquo;H\u00f4pital, en veillant \u00e0 ce que chaque aspect du projet de construction soit ex\u00e9cut\u00e9 avec pr\u00e9cision et dans le respect des normes r\u00e9glementaires.<\/li>\n<\/ul>\n\n\n\n<h2 class=\"wp-block-heading\">Ce que vous apporterez<\/h2>\n\n\n\n<ul class=\"wp-block-list\">\n<li>Dipl\u00f4me d&rsquo;un programme de premier cycle de quatre ans en g\u00e9nie ou dans une discipline connexe ou combinaison \u00e9quivalente d&rsquo;\u00e9tudes et d&rsquo;exp\u00e9rience professionnelle.<\/li>\n\n\n\n<li>Cinq ann\u00e9es d&rsquo;exp\u00e9rience r\u00e9cente en gestion de projets de construction, notamment en mise en \u0153uvre de strat\u00e9gies d&rsquo;am\u00e9lioration de la qualit\u00e9 et en gestion du changement.<\/li>\n\n\n\n<li>Une ann\u00e9e d&rsquo;exp\u00e9rience \u00e0 la t\u00eate d&rsquo;\u00e9quipes de projets.<\/li>\n\n\n\n<li>Compr\u00e9hension du d\u00e9roulement de l&rsquo;ensemble d&rsquo;un projet de construction, de la pr\u00e9construction \u00e0 l&rsquo;ach\u00e8vement du projet, et expertise en la mati\u00e8re.<\/li>\n\n\n\n<li>Exp\u00e9rience de l&rsquo;interpr\u00e9tation de plans d&rsquo;ex\u00e9cution, de devis et de contrats.<\/li>\n\n\n\n<li>Vaste exp\u00e9rience dans le domaine de la construction commerciale ou institutionnelle.<\/li>\n\n\n\n<li>Excellente connaissance de la coordination des diff\u00e9rentes \u00e9quipes, du suivi des progr\u00e8s, de la r\u00e9solution rapide des probl\u00e8mes et du respect des d\u00e9lais et des budgets.<\/li>\n\n\n\n<li>Expertise et connaissance de la pratique professionnelle.<\/li>\n\n\n\n<li>Vaste exp\u00e9rience dans la gestion de projets strat\u00e9giques et la promotion du changement, et capacit\u00e9 d&rsquo;adaptation \u00e0 un environnement en constante \u00e9volution.<\/li>\n\n\n\n<li>Compr\u00e9hension des principes de planification des programmes, du processus d&rsquo;avant-projet et des principes de pr\u00e9paration.<\/li>\n\n\n\n<li>Capacit\u00e9 d&rsquo;\u00e9tablir de solides relations avec les \u00e9quipes participant aux projets et les intervenants du milieu \u00e0 tous les niveaux, y compris avec l&rsquo;\u00e9quipe de la haute direction.<\/li>\n\n\n\n<li>Exp\u00e9rience dans la pr\u00e9paration et la prestation de pr\u00e9sentations, la r\u00e9daction de rapports et de notes d&rsquo;information destin\u00e9s \u00e0 la haute direction, et la mise en \u0153uvre et l&rsquo;\u00e9valuation de plans d&rsquo;affaires.<\/li>\n\n\n\n<li>Excellentes connaissances en informatique : logiciels de Microsoft Office en particulier (MS Project, MS Excel, MS Word et MS Outlook), et capacit\u00e9 \u00e0 apprendre rapidement de nouveaux logiciels et applications.<\/li>\n\n\n\n<li>Capacit\u00e9 d&rsquo;\u00e9tablir et de maintenir des relations avec les intervenants aux projets et de g\u00e9rer les relations avec les clients et leurs attentes.<\/li>\n\n\n\n<li>Capacit\u00e9 de mettre en \u0153uvre, de faciliter et de diriger des changements et de proposer des am\u00e9liorations de processus et des initiatives \u00e0 valeur ajout\u00e9e.<\/li>\n\n\n\n<li>Entregent et excellentes aptitudes pour la communication orale et \u00e9crite ainsi que pour l&rsquo;organisation, et capacit\u00e9 \u00e0 pr\u00e9sider et \u00e0 animer des r\u00e9unions avec des intervenants.<\/li>\n<\/ul>\n\n\n\n<h2 class=\"wp-block-heading\">Vous vous d\u00e9marquerez par<\/h2>\n\n\n\n<ul class=\"wp-block-list\">\n<li>Ma\u00eetrise en administration ou dans une discipline connexe.\u00a0<\/li>\n\n\n\n<li>Titulaire de la certification Certified Associate in Project Management (CAPM) ou Project Management Professional (PMP).\u00a0<\/li>\n\n\n\n<li>Exp\u00e9rience en mati\u00e8re de processus de construction d&rsquo;un nouvel h\u00f4pital.<\/li>\n<\/ul>\n\n\n\n<h2 class=\"wp-block-heading\">Notre engagement et offre<\/h2>\n\n\n\n<p>L\u2019H\u00f4pital d\u2019Ottawa s\u2019est engag\u00e9 \u00e0 maintenir un milieu de travail sain, s\u00e9curitaire et inclusif. Nous aspirons \u00e0 offrir \u00e0 chaque patient des soins de calibre mondial et des services exceptionnels avec une compassion digne des personnes qui nous sont ch\u00e8res.&nbsp;<\/p>\n\n\n\n<p>Nous offrons une r\u00e9mun\u00e9ration concurrentielle et \u00e9quitable, incluant un ensemble complet d\u2019avantages sociaux, un r\u00e9gime de retraite \u00e0 prestations d\u00e9termin\u00e9es et une couverture d\u2019assurance. Nous offrons aussi des rabais aupr\u00e8s d\u2019une s\u00e9lection de fournisseurs de divers produits et services.<\/p>\n\n\n\n<p>L\u2019H\u00f4pital d\u2019Ottawa offre diverses ressources sur la sant\u00e9 et le mieux-\u00eatre ainsi que des occasions de d\u00e9veloppement personnel et professionnel de notre \u00e9quipe d\u2019Apprentissage et Perfectionnement du leadership pour vous aligner sur vos objectifs de carri\u00e8re.<\/p>\n\n\n\n<h2 class=\"wp-block-heading\">Int\u00e9ress\u00e9? Postulez maintenant\u00a0<\/h2>\n\n\n\n<p>Votre&nbsp;travail&nbsp;vous&nbsp;passionne?&nbsp;L&rsquo;am\u00e9lioration&nbsp;du bien-\u00eatre&nbsp;de la&nbsp;collectivit\u00e9&nbsp;vous&nbsp;stimule&nbsp;et les technologies&nbsp;m\u00e9dicales&nbsp;de pointe&nbsp;suscitent&nbsp;votre&nbsp;int\u00e9r\u00eat? Vous&nbsp;\u00eates&nbsp;\u00e9galement&nbsp;r\u00e9solu&nbsp;\u00e0&nbsp;promouvoir&nbsp;l&rsquo;excellence, la&nbsp;qualit\u00e9&nbsp;des soins et la&nbsp;s\u00e9curit\u00e9&nbsp;des patients?&nbsp;Veuillez&nbsp;soumettre&nbsp;une&nbsp;candidature en&nbsp;ligne&nbsp;pour&nbsp;l&rsquo;offre&nbsp;d&#8217;emploi&nbsp;JO ID 110652&nbsp;en visitant la page des&nbsp;<a href=\"https:\/\/www.ottawahospital.on.ca\/fr\/possibilites-de-carriere\/poste-de-direction\/\" target=\"_blank\" rel=\"noreferrer noopener\">Opportunit\u00e9sdecarri\u00e8re<\/a>.&nbsp;Nous&nbsp;remercions&nbsp;tous&nbsp;les postulants de&nbsp;leur&nbsp;int\u00e9r\u00eat.&nbsp;Toutefois, nous&nbsp;communiquerons&nbsp;seulement&nbsp;avec les&nbsp;candidats&nbsp;retenus&nbsp;pour&nbsp;une&nbsp;entrevue.&nbsp;<\/p>\n\n\n\n<p>L&rsquo;H\u00f4pital&nbsp;d&rsquo;Ottawa&nbsp;souscrit&nbsp;au&nbsp;principe&nbsp;d&rsquo;\u00e9quit\u00e9&nbsp;en mati\u00e8re&nbsp;d&#8217;emploi&nbsp;et&nbsp;est&nbsp;d\u00e9termin\u00e9&nbsp;\u00e0&nbsp;offrir&nbsp;un milieu de travail&nbsp;inclusif. Les&nbsp;personnes&nbsp;pr\u00e9sentant&nbsp;leur&nbsp;candidature \u00e0 l&rsquo;H\u00f4pital qui&nbsp;souhaitent&nbsp;obtenir&nbsp;des&nbsp;mesures&nbsp;d&rsquo;adaptation&nbsp;sont&nbsp;invit\u00e9es&nbsp;\u00e0 en faire la&nbsp;demande;&nbsp;elles&nbsp;peuvent&nbsp;le faire \u00e0 tout moment au fil du processus de&nbsp;recrutement.&nbsp;Ces&nbsp;demandes&nbsp;seront&nbsp;trait\u00e9es&nbsp;en toute&nbsp;confidentialit\u00e9. Si&nbsp;vous&nbsp;souhaitez&nbsp;faire&nbsp;une&nbsp;demande&nbsp;de&nbsp;mesures&nbsp;d&rsquo;adaptation&nbsp;ou&nbsp;si&nbsp;vous&nbsp;avez&nbsp;des questions en lien avec&nbsp;l&rsquo;accessibilit\u00e9,&nbsp;veuillez&nbsp;\u00e9crire&nbsp;\u00e0\u202f<a href=\"mailto:TOHRecruitment@lho.ca\">TOHRecruitment@lho.ca<\/a>.&nbsp;<\/p>\n\n\n\n<p><strong>Date limite de candidature<\/strong> : April 26, 2026<\/p>\n","protected":false},"excerpt":{"rendered":"<p>L&rsquo;H\u00f4pital d&rsquo;Ottawa est l&rsquo;un des plus importants h\u00f4pitaux d&rsquo;enseignement et de recherche au Canada. Comptant plus de 1,400 lits et environ 17,000 employ\u00e9s, m\u00e9decins, r\u00e9sidents et b\u00e9n\u00e9voles sur plusieurs campus, nous offrons des soins sp\u00e9cialis\u00e9s \u00e0 la population de l&rsquo;Est de l&rsquo;Ontario, de l&rsquo;ouest du Qu\u00e9bec et du Nunavut. L&rsquo;H\u00f4pital d&rsquo;Ottawa ne fait pas que [&hellip;]<\/p>\n","protected":false},"author":25,"featured_media":0,"parent":5952,"menu_order":0,"comment_status":"closed","ping_status":"closed","template":"","meta":{"_acf_changed":false,"_mc_calendar":[],"footnotes":""},"class_list":["post-278392","page","type-page","status-publish","hentry"],"acf":[],"wps_subtitle":"","_links":{"self":[{"href":"https:\/\/www.ottawahospital.on.ca\/fr\/wp-json\/wp\/v2\/pages\/278392","targetHints":{"allow":["GET"]}}],"collection":[{"href":"https:\/\/www.ottawahospital.on.ca\/fr\/wp-json\/wp\/v2\/pages"}],"about":[{"href":"https:\/\/www.ottawahospital.on.ca\/fr\/wp-json\/wp\/v2\/types\/page"}],"author":[{"embeddable":true,"href":"https:\/\/www.ottawahospital.on.ca\/fr\/wp-json\/wp\/v2\/users\/25"}],"replies":[{"embeddable":true,"href":"https:\/\/www.ottawahospital.on.ca\/fr\/wp-json\/wp\/v2\/comments?post=278392"}],"version-history":[{"count":3,"href":"https:\/\/www.ottawahospital.on.ca\/fr\/wp-json\/wp\/v2\/pages\/278392\/revisions"}],"predecessor-version":[{"id":278396,"href":"https:\/\/www.ottawahospital.on.ca\/fr\/wp-json\/wp\/v2\/pages\/278392\/revisions\/278396"}],"up":[{"embeddable":true,"href":"https:\/\/www.ottawahospital.on.ca\/fr\/wp-json\/wp\/v2\/pages\/5952"}],"wp:attachment":[{"href":"https:\/\/www.ottawahospital.on.ca\/fr\/wp-json\/wp\/v2\/media?parent=278392"}],"curies":[{"name":"wp","href":"https:\/\/api.w.org\/{rel}","templated":true}]}}