{"id":278202,"date":"2026-04-08T15:37:10","date_gmt":"2026-04-08T19:37:10","guid":{"rendered":"https:\/\/www.ottawahospital.on.ca\/?page_id=278202"},"modified":"2026-04-08T15:37:12","modified_gmt":"2026-04-08T19:37:12","slug":"hematologue-maladies-a-plasmocytes","status":"publish","type":"page","link":"https:\/\/www.ottawahospital.on.ca\/fr\/possibilites-de-carriere\/recrutement-du-personnel-medical\/hematologue-maladies-a-plasmocytes\/","title":{"rendered":"H\u00e9matologue \u2013 Maladies \u00e0 plasmocytes"},"content":{"rendered":"\n<h2 class=\"wp-block-heading\">Sommaire du poste<\/h2>\n\n\n\n<p>Le D\u00e9partement de m\u00e9decine et la Division d&rsquo;h\u00e9matologie de l&rsquo;Universit\u00e9 d&rsquo;Ottawa et de l&rsquo;H\u00f4pital d&rsquo;Ottawa recherchent un h\u00e9matologue pour participer \u00e0 l&rsquo;expansion de notre programme d&rsquo;h\u00e9matologie maligne en tant que membre du corps professoral \u00e0 temps plein.<\/p>\n\n\n\n<h2 class=\"wp-block-heading\">Responsabilit\u00e9s<\/h2>\n\n\n\n<p>Le candidat retenu assurera quatre consultations externes hebdomadaires pour les patients atteints de troubles plasmocytaires, participera en tant que m\u00e9decin traitant au service d&rsquo;h\u00e9matologie maligne en hospitalisation et partagera les responsabilit\u00e9s de garde au sein du programme d&rsquo;h\u00e9matologie maligne. De plus, il m\u00e8nera des recherches cliniques et\/ou des initiatives d&rsquo;am\u00e9lioration de la qualit\u00e9, contribuera aux activit\u00e9s d&rsquo;enseignement \u00e0 l&rsquo;Universit\u00e9 d&rsquo;Ottawa et participera aux r\u00e9unions r\u00e9guli\u00e8res du programme et du service.<\/p>\n\n\n\n<h2 class=\"wp-block-heading\">Qualifications<\/h2>\n\n\n\n<p>Le candidat id\u00e9al poss\u00e9dera une expertise dans le domaine du my\u00e9lome et aura suivi un parcours universitaire dans l&rsquo;enseignement, la recherche ou l&rsquo;administration. Il existe un fort potentiel de collaboration dans chacun de ces domaines.<\/p>\n\n\n\n<p>La personne retenue doit d\u00e9tenir un doctorat en m\u00e9decine; \u00eatre membre ou \u00eatre admissible \u00e0 devenir membre de l\u2019Association canadienne de protection m\u00e9dicale; \u00eatre titulaire ou \u00eatre admissible \u00e0 devenir titulaire d\u2019une certification en h\u00e9matologie d\u00e9livr\u00e9e par le Coll\u00e8ge royal des m\u00e9decins et chirurgiens du Canada, et avoir obtenu ou \u00eatre admissible \u00e0 l\u2019obtention d\u2019un permis d\u2019exercice de la m\u00e9decine en Ontario. La personne retenue sera admissible \u00e0 l\u2019obtention d\u2019une nomination professorale \u00e0 l\u2019Universit\u00e9 d&rsquo;Ottawa, au rang de professeur adjoint ou \u00e0 un rang sup\u00e9rieur. Le rang professoral variera selon l\u2019exp\u00e9rience et les qualifications.<\/p>\n\n\n\n<p>L&rsquo;Universit\u00e9 d\u2019Ottawa et L\u2019H\u00f4pital d\u2019Ottawa sont des \u00e9tablissements bilingues; par cons\u00e9quent, en cas de possibles personnes retenues de capacit\u00e9 \u00e9gale, la pr\u00e9f\u00e9rence serait donn\u00e9e au candidat bilingue (fran\u00e7ais-anglais).<\/p>\n\n\n\n<h2 class=\"wp-block-heading\">Renseignements suppl\u00e9mentaires<\/h2>\n\n\n\n<p>Les plus de 23 enseignants-chercheurs des programmes d\u2019h\u00e9matologie maligne, de transplantation et de th\u00e9rapie cellulaire travaillent au sein de groupes cliniques et de recherche bien d\u00e9finis et int\u00e9gr\u00e9s, menant des activit\u00e9s acad\u00e9miques vari\u00e9es. Le programme consacr\u00e9 au my\u00e9lome, qui compte quatre enseignants-chercheurs \u00e0 temps plein, offre des soins sp\u00e9cialis\u00e9s aux patients atteints de my\u00e9lome multiple, d\u2019amylose et d\u2019autres affections h\u00e9matologiques apparent\u00e9es. Nous formons un groupe clinique et de recherche bien d\u00e9fini et performant, dot\u00e9 d&rsquo;une pratique clinique solide et en pleine expansion.\u202f<\/p>\n\n\n\n<p>Ce poste rel\u00e8ve de l&rsquo;Association des h\u00e9matologues de l&rsquo;Ontario (POAFP) et la r\u00e9mun\u00e9ration est comp\u00e9titive \u00e0 l&rsquo;\u00e9chelle nationale.<\/p>\n\n\n\n<p>L\u2019H\u00f4pital d\u2019Ottawa est un h\u00f4pital de soins tertiaires de 1 150\u00a0lits qui est au service des patients de l\u2019Est de l\u2019Ontario et de l\u2019ouest du Qu\u00e9bec \u00e0 partir de quatre sites d\u2019hospitalisation (Campus Civic, Campus G\u00e9n\u00e9ral, Institut de cardiologie et Centre de r\u00e9adaptation) et d\u2019un centre ambulatoire (Campus Riverside). Il enregistre environ 50 000\u00a0admissions de patients, 160 000\u00a0visites d\u2019urgence et plus d\u2019un million de visites de patients externes par an.<\/p>\n\n\n\n<p>Des recherches m\u00e9dicales avant-gardistes sont men\u00e9es \u00e0 l\u2019Institut de recherche de l\u2019H\u00f4pital d\u2019Ottawa (IRHO) ainsi qu\u2019\u00e0 l\u2019Institut de cardiologie de l\u2019Universit\u00e9 d\u2019Ottawa. Nous nous classons au cinqui\u00e8me rang pour les subventions fond\u00e9es sur l\u2019\u00e9valuation par les pairs et obtenues par voie de concours des prestigieux Instituts de recherche en sant\u00e9 du Canada. Plus de 2\u00a0300 chercheurs publient chaque ann\u00e9e quelque 2\u00a0200 \u00e9tudes, dont plusieurs centaines qui sont des articles percutants (parmi les premiers 10 % ou citations).<\/p>\n\n\n\n<p>Le D\u00e9partement de m\u00e9decine est \u00e0 pr\u00e9dominance de recherche. Ses membres sont actuellement titulaires de 25\u00a0chaires de recherche de l\u2019Universit\u00e9. Le D\u00e9partement re\u00e7oit environ 60 millions de dollars par an en financement externe pour la recherche, et ses membres publient chaque ann\u00e9e pr\u00e8s de 1\u00a0200 publications \u00e0 comit\u00e9 de lecture.<\/p>\n\n\n\n<p>La Facult\u00e9 de m\u00e9decine est une figure de proue \u00e0 l\u2019\u00e9chelle nationale et elle se classe parmi les plus \u00e9minentes facult\u00e9s de m\u00e9decine au Canada. En tant que facult\u00e9 \u00e0 pr\u00e9dominance de recherche au sein de l\u2019Universit\u00e9 d\u2019Ottawa, la Facult\u00e9 de m\u00e9decine contribue consid\u00e9rablement \u00e0 la cinqui\u00e8me place qu\u2019occupe l\u2019Universit\u00e9 au pays pour ce qui est du revenu total tir\u00e9 de la recherche (Research InfoSource), et se place couramment en 2e ou en 3e position au Canada pour la pr\u00e9dominance en recherche dans les subventions concernant la m\u00e9decine et les sciences (McLean\u2019s), en 4e position au Canada sur le plan des citations (classements de 2022 de Times Higher Education), et en premi\u00e8re position pour la croissance globale du financement de trois conseils de recherche au cours des deux derni\u00e8res d\u00e9cennies. L\u2019Universit\u00e9 d\u2019Ottawa est la plus importante universit\u00e9 bilingue (fran\u00e7ais-anglais) au monde, et la Facult\u00e9 de m\u00e9decine est la premi\u00e8re et la plus prestigieuse \u00e9cole de m\u00e9decine bilingue au Canada. La Facult\u00e9 de m\u00e9decine a un long pass\u00e9 quant \u00e0 l\u2019excellence de ses recherches fondamentales et cliniques, en \u00e9troit partenariat avec cinq h\u00f4pitaux universitaires affili\u00e9s et six instituts de recherche. Le Web of Science a r\u00e9cemment publi\u00e9 une liste des chercheurs les plus cit\u00e9s au monde, et 7 des 8 chercheurs mentionn\u00e9s de l\u2019Universit\u00e9 d\u2019Ottawa appartiennent \u00e0 la Facult\u00e9 de m\u00e9decine. Pris ensemble, ces extraordinaires accomplissements sont la preuve incontestable de la comp\u00e9titivit\u00e9 et de l\u2019excellence de notre Facult\u00e9 qui touchent tous nos programmes d\u2019enseignement.<\/p>\n\n\n\n<p>La Ville d\u2019Ottawa offre un environnement multiculturel et bilingue prosp\u00e8re. Ottawa s\u2019enorgueillit de ses nombreuses activit\u00e9s culturelles ainsi que de ses ressources sportives et naturelles facilement accessibles, ce qui en fait un environnement id\u00e9al pour la famille et une vie saine.<\/p>\n\n\n\n<p>Le D\u00e9partement de m\u00e9decine s\u2019est engag\u00e9 \u00e0 respecter les valeurs d\u2019\u00e9quit\u00e9, de diversit\u00e9, d\u2019inclusion et d\u2019accessibilit\u00e9 dans ses milieux de vie, d\u2019apprentissage et de travail. Nous encourageons les candidats qualifi\u00e9s de tous les groupes avec des obstacles pass\u00e9s et (ou) pr\u00e9sents en mati\u00e8re d\u2019\u00e9quit\u00e9 \u00e0 pr\u00e9senter leur candidature. Sur demande, des mesures d\u2019adaptation seront offertes aux personnes ayant une incapacit\u00e9, et ce, tout au long du processus de recrutement.<\/p>\n\n\n\n<p>Veuillez noter que la priorit\u00e9 sera accord\u00e9e aux citoyens canadiens ainsi qu\u2019aux r\u00e9sidents permanents. Nous remercions tous les candidats de leur int\u00e9r\u00eat. Toutefois, nous communiquerons uniquement avec les candidats retenus pour une entrevue.<\/p>\n\n\n\n<h2 class=\"wp-block-heading\">Conditions d\u2019emploi<\/h2>\n\n\n\n<p>Le salaire associ\u00e9 \u00e0 ce poste provient de diverses sources, y compris de la facturation clinique (r\u00e9mun\u00e9ration \u00e0 l\u2019acte), de programmes d\u2019aide salariale (plans de diversification des modes de financement et de paiement) ainsi que d\u2019honoraires et d\u2019allocations. Les m\u00e9decins \u00e0 temps plein b\u00e9n\u00e9ficient d\u2019avantages sociaux, notamment d\u2019une assurance-maladie compl\u00e9mentaire, de soins dentaires, d\u2019une assurance-invalidit\u00e9 et d\u2019une assurance-vie.<\/p>\n\n\n\n<h2 class=\"wp-block-heading\">Candidatures<\/h2>\n\n\n\n<p>Veuillez envoyer une lettre d\u2019intention de 1 ou 2\u00a0pages, 3 r\u00e9f\u00e9rences (qui ne seront pas contact\u00e9es sans autorisation) et votre curriculum vit\u00e6,\u00a0au D<sup>r \u00a0<\/sup>Marc Carrier, chef de la Division d&rsquo;h\u00e9matologie, D\u00e9partement de m\u00e9decine (L\u2019H\u00f4pital d\u2019Ottawa et l\u2019Universit\u00e9 d\u2019Ottawa) \u00e0 <a href=\"mailto:domcareers@toh.ca\">domcareers@toh.ca<\/a>.<\/p>\n\n\n\n<p><strong>Date de cl\u00f4ture : 27 avril 2026<\/strong><\/p>\n","protected":false},"excerpt":{"rendered":"<p>Sommaire du poste Le D\u00e9partement de m\u00e9decine et la Division d&rsquo;h\u00e9matologie de l&rsquo;Universit\u00e9 d&rsquo;Ottawa et de l&rsquo;H\u00f4pital d&rsquo;Ottawa recherchent un h\u00e9matologue pour participer \u00e0 l&rsquo;expansion de notre programme d&rsquo;h\u00e9matologie maligne en tant que membre du corps professoral \u00e0 temps plein. Responsabilit\u00e9s Le candidat retenu assurera quatre consultations externes hebdomadaires pour les patients atteints de troubles [&hellip;]<\/p>\n","protected":false},"author":25,"featured_media":0,"parent":84543,"menu_order":0,"comment_status":"closed","ping_status":"closed","template":"","meta":{"_acf_changed":false,"_mc_calendar":[],"footnotes":""},"class_list":["post-278202","page","type-page","status-publish","hentry"],"acf":[],"wps_subtitle":"","_links":{"self":[{"href":"https:\/\/www.ottawahospital.on.ca\/fr\/wp-json\/wp\/v2\/pages\/278202","targetHints":{"allow":["GET"]}}],"collection":[{"href":"https:\/\/www.ottawahospital.on.ca\/fr\/wp-json\/wp\/v2\/pages"}],"about":[{"href":"https:\/\/www.ottawahospital.on.ca\/fr\/wp-json\/wp\/v2\/types\/page"}],"author":[{"embeddable":true,"href":"https:\/\/www.ottawahospital.on.ca\/fr\/wp-json\/wp\/v2\/users\/25"}],"replies":[{"embeddable":true,"href":"https:\/\/www.ottawahospital.on.ca\/fr\/wp-json\/wp\/v2\/comments?post=278202"}],"version-history":[{"count":1,"href":"https:\/\/www.ottawahospital.on.ca\/fr\/wp-json\/wp\/v2\/pages\/278202\/revisions"}],"predecessor-version":[{"id":278203,"href":"https:\/\/www.ottawahospital.on.ca\/fr\/wp-json\/wp\/v2\/pages\/278202\/revisions\/278203"}],"up":[{"embeddable":true,"href":"https:\/\/www.ottawahospital.on.ca\/fr\/wp-json\/wp\/v2\/pages\/84543"}],"wp:attachment":[{"href":"https:\/\/www.ottawahospital.on.ca\/fr\/wp-json\/wp\/v2\/media?parent=278202"}],"curies":[{"name":"wp","href":"https:\/\/api.w.org\/{rel}","templated":true}]}}