{"id":278177,"date":"2026-04-08T13:24:52","date_gmt":"2026-04-08T17:24:52","guid":{"rendered":"https:\/\/www.ottawahospital.on.ca\/?page_id=278177"},"modified":"2026-04-08T13:47:05","modified_gmt":"2026-04-08T17:47:05","slug":"chef-de-division-nephrologie","status":"publish","type":"page","link":"https:\/\/www.ottawahospital.on.ca\/fr\/possibilites-de-carriere\/recrutement-du-personnel-medical\/chef-de-division-nephrologie\/","title":{"rendered":"Chef de division, n\u00e9phrologie"},"content":{"rendered":"\n<h2 class=\"wp-block-heading\">Sommaire du poste<\/h2>\n\n\n\n<p>Le D\u00e9partement de m\u00e9decine et la Division de n\u00e9phrologie de l\u2019Universit\u00e9 d\u2019Ottawa et de L\u2019H\u00f4pital d\u2019Ottawa recherchent un leader visionnaire, dot\u00e9 d&rsquo;une grande expertise en mati\u00e8re de direction universitaire et clinique, pour occuper le poste de chef de la Division de n\u00e9phrologie.<\/p>\n\n\n\n<h2 class=\"wp-block-heading\">Responsabilit\u00e9s<\/h2>\n\n\n\n<p>Le chef de division rend compte au pr\u00e9sident\/directeur du d\u00e9partement de m\u00e9decine quant \u00e0 la mise en \u0153uvre de la mission, de la vision et des objectifs du d\u00e9partement, de l&rsquo;h\u00f4pital et de la facult\u00e9, en particulier dans la mesure o\u00f9 ils concernent la division. Le chef de division occupe une double fonction : celle de responsable universitaire pour les activit\u00e9s acad\u00e9miques et celle de responsable hospitalier pour les services cliniques.<\/p>\n\n\n\n<p>Le chef de division fait partie de l&rsquo;\u00e9quipe de direction du d\u00e9partement de m\u00e9decine. \u00c0 ce titre, il travaillera en collaboration avec les responsables du d\u00e9partement, de l&rsquo;h\u00f4pital et de la facult\u00e9. Ce poste n\u00e9cessite en moyenne un \u00e0 deux jours par semaine pour les activit\u00e9s administratives, le reste du temps \u00e9tant consacr\u00e9 aux activit\u00e9s cliniques, universitaires et\/ou de recherche. Le chef de division collaborera avec le pr\u00e9sident\/directeur du d\u00e9partement pour d\u00e9finir les buts et objectifs annuels.<\/p>\n\n\n\n<h2 class=\"wp-block-heading\">Qualifications<\/h2>\n\n\n\n<p>Le candidat retenu devra avoir fait preuve de leadership tant sur le plan acad\u00e9mique que clinique, ainsi que de solides comp\u00e9tences organisationnelles. La vision de la Division de n\u00e9phrologie repose sur un engagement fort \u00e0 tirer parti des succ\u00e8s acad\u00e9miques actuels, notamment dans le domaine de la formation postuniversitaire.<\/p>\n\n\n\n<p>Le candidat retenu doit \u00eatre titulaire d&rsquo;un doctorat en m\u00e9decine ; \u00eatre membre de l&rsquo;Association canadienne de protection m\u00e9dicale ou \u00eatre admissible \u00e0 le devenir ; d\u00e9tenir une certification en n\u00e9phrologie d\u00e9livr\u00e9e par le Coll\u00e8ge royal des m\u00e9decins et chirurgiens du Canada ou \u00eatre admissible \u00e0 l&rsquo;obtenir ; et d\u00e9tenir un permis d&rsquo;exercice en Ontario ou \u00eatre admissible \u00e0 l&rsquo;obtenir. Le candidat retenu sera admissible \u00e0 un poste universitaire au rang de professeur adjoint ou \u00e0 un rang sup\u00e9rieur \u00e0 l&rsquo;Universit\u00e9 d&rsquo;Ottawa. Le grade universitaire sera d\u00e9termin\u00e9 en fonction des qualifications et de l&rsquo;exp\u00e9rience du candidat. <\/p>\n\n\n\n<p>L&rsquo;Universit\u00e9 d\u2019Ottawa et L\u2019H\u00f4pital d\u2019Ottawa sont des \u00e9tablissements bilingues; par cons\u00e9quent, en cas de possibles personnes retenues de capacit\u00e9 \u00e9gale, la pr\u00e9f\u00e9rence serait donn\u00e9e au candidat bilingue (fran\u00e7ais-anglais).<\/p>\n\n\n\n<h2 class=\"wp-block-heading\">Renseignements suppl\u00e9mentaires<\/h2>\n\n\n\n<p>Le service de n\u00e9phrologie est r\u00e9put\u00e9 pour la qualit\u00e9 exceptionnelle de ses soins et pour ses programmes reconnus, notamment le programme de n\u00e9phrologie de l&rsquo;H\u00f4pital d&rsquo;Ottawa, qui est le plus important de l&rsquo;Ontario. Nous prenons actuellement en charge environ 900 patients dialys\u00e9s (700 en h\u00e9modialyse, 200 en dialyse p\u00e9riton\u00e9ale et 30 en h\u00e9modialyse \u00e0 domicile) ainsi que plus de 1 100 receveurs d&rsquo;une greffe r\u00e9nale. Nous disposons d&rsquo;un service de n\u00e9phrologie d\u00e9di\u00e9 aux patients hospitalis\u00e9s, r\u00e9alisons entre 80 et 100 transplantations r\u00e9nales par an et participons activement \u00e0 la prise en charge des patients atteints d&rsquo;insuffisance r\u00e9nale aigu\u00eb (IRA) ou n\u00e9cessitant des soins n\u00e9phrologiques dans les unit\u00e9s de soins intensifs de notre \u00e9tablissement. Outre les consultations de n\u00e9phrologie g\u00e9n\u00e9rale, nous proposons une consultation n\u00e9phrologique multidisciplinaire (MCK) destin\u00e9e aux patients atteints d&rsquo;une maladie r\u00e9nale \u00e9volutive, ainsi que des consultations sp\u00e9cialis\u00e9es en hypertension, glom\u00e9rulon\u00e9phrite, n\u00e9phrologie obst\u00e9tricale et maladies r\u00e9nales kystiques. Nous disposons d\u2019un solide programme de r\u00e9sidence en n\u00e9phrologie agr\u00e9\u00e9 par le Coll\u00e8ge royal, ainsi que de programmes de formation postdoctorale sp\u00e9cialis\u00e9s en hypertension, transplantation, glom\u00e9rulon\u00e9phrite, insuffisance r\u00e9nale chronique avanc\u00e9e, dialyse \u00e0 domicile, h\u00e9modialyse avanc\u00e9e et n\u00e9phrologie en soins intensifs. La recherche est men\u00e9e par le Centre de recherche sur les reins (KRC) de l\u2019Institut de recherche de l\u2019H\u00f4pital d\u2019Ottawa. Les \u00e9tudes en sciences fondamentales portent sur la n\u00e9phropathie diab\u00e9tique, les l\u00e9sions r\u00e9nales aigu\u00ebs et la biologie des v\u00e9sicules extracellulaires. La recherche clinique est men\u00e9e par plusieurs membres de la division, qui collaborent \u00e0 des essais cliniques, des \u00e9tudes \u00e0 l&rsquo;\u00e9chelle de la population et des revues syst\u00e9matiques portant sur l&rsquo;insuffisance r\u00e9nale aigu\u00eb (IRA), l&rsquo;insuffisance r\u00e9nale chronique (IRC), la dialyse, la transplantation, la polykystose r\u00e9nale (PKR), la glom\u00e9rulon\u00e9phrite (GN) et la mesure\/prise en charge de la pression art\u00e9rielle. Le KRC met \u00e0 disposition du personnel administratif et des coordinateurs de recherche sp\u00e9cialis\u00e9s, une assistance m\u00e9thodologique, ainsi qu&rsquo;un acc\u00e8s aux bases de donn\u00e9es administratives locales, provinciales et nationales.<\/p>\n\n\n\n<p>L\u2019H\u00f4pital d\u2019Ottawa est un h\u00f4pital de soins tertiaires de 1 150&nbsp;lits qui est au service des patients de l\u2019Est de l\u2019Ontario et de l\u2019ouest du Qu\u00e9bec \u00e0 partir de quatre sites d\u2019hospitalisation (Campus Civic, Campus G\u00e9n\u00e9ral, Institut de cardiologie et Centre de r\u00e9adaptation) et d\u2019un centre ambulatoire (Campus Riverside). Il enregistre environ 50 000&nbsp;admissions de patients, 160 000&nbsp;visites d\u2019urgence et plus d\u2019un million de visites de patients externes par an.<\/p>\n\n\n\n<p>Des recherches m\u00e9dicales avant-gardistes sont men\u00e9es \u00e0 l\u2019Institut de recherche de l\u2019H\u00f4pital d\u2019Ottawa (IRHO) ainsi qu\u2019\u00e0 l\u2019Institut de cardiologie de l\u2019Universit\u00e9 d\u2019Ottawa. Nous nous classons au cinqui\u00e8me rang pour les subventions fond\u00e9es sur l\u2019\u00e9valuation par les pairs et obtenues par voie de concours des prestigieux Instituts de recherche en sant\u00e9 du Canada. Plus de 2&nbsp;300 chercheurs publient chaque ann\u00e9e quelque 2&nbsp;200 \u00e9tudes, dont plusieurs centaines qui sont des articles percutants (parmi les premiers 10 % ou citations).<\/p>\n\n\n\n<p>Le D\u00e9partement de m\u00e9decine est \u00e0 pr\u00e9dominance de recherche. Ses membres sont actuellement titulaires de 25 chaires de recherche de l\u2019Universit\u00e9. Le D\u00e9partement re\u00e7oit environ 60 millions de dollars par an en financement externe pour la recherche, et ses membres publient chaque ann\u00e9e pr\u00e8s de 1 200 publications \u00e0 comit\u00e9 de lecture.<\/p>\n\n\n\n<p>La Facult\u00e9 de m\u00e9decine est une figure de proue \u00e0 l\u2019\u00e9chelle nationale et elle se classe parmi les plus \u00e9minentes facult\u00e9s de m\u00e9decine au Canada. En tant que facult\u00e9 \u00e0 pr\u00e9dominance de recherche au sein de l\u2019Universit\u00e9 d\u2019Ottawa, la Facult\u00e9 de m\u00e9decine contribue consid\u00e9rablement \u00e0 la cinqui\u00e8me place qu\u2019occupe l\u2019Universit\u00e9 au pays pour ce qui est du revenu total tir\u00e9 de la recherche (Research InfoSource), et se place couramment en 2e ou en 3e position au Canada pour la pr\u00e9dominance en recherche dans les subventions concernant la m\u00e9decine et les sciences (McLean\u2019s), en 4e position au Canada sur le plan des citations (classements de 2022 de Times Higher Education), et en premi\u00e8re position pour la croissance globale du financement de trois conseils de recherche au cours des deux derni\u00e8res d\u00e9cennies. L\u2019Universit\u00e9 d\u2019Ottawa est la plus importante universit\u00e9 bilingue (fran\u00e7ais-anglais) au monde, et la Facult\u00e9 de m\u00e9decine est la premi\u00e8re et la plus prestigieuse \u00e9cole de m\u00e9decine bilingue au Canada. La Facult\u00e9 de m\u00e9decine a un long pass\u00e9 quant \u00e0 l\u2019excellence de ses recherches fondamentales et cliniques, en \u00e9troit partenariat avec cinq h\u00f4pitaux universitaires affili\u00e9s et six instituts de recherche. Le Web of Science a r\u00e9cemment publi\u00e9 une liste des chercheurs les plus cit\u00e9s au monde, et 7 des 8 chercheurs mentionn\u00e9s de l\u2019Universit\u00e9 d\u2019Ottawa appartiennent \u00e0 la Facult\u00e9 de m\u00e9decine. Pris ensemble, ces extraordinaires accomplissements sont la preuve incontestable de la comp\u00e9titivit\u00e9 et de l\u2019excellence de notre Facult\u00e9 qui touchent tous nos programmes d\u2019enseignement.<\/p>\n\n\n\n<p>La Ville d\u2019Ottawa offre un environnement multiculturel et bilingue prosp\u00e8re. Ottawa s\u2019enorgueillit de ses nombreuses activit\u00e9s culturelles ainsi que de ses ressources sportives et naturelles facilement accessibles, ce qui en fait un environnement id\u00e9al pour la famille et une vie saine.<\/p>\n\n\n\n<p>Le D\u00e9partement de m\u00e9decine s\u2019est engag\u00e9 \u00e0 respecter les valeurs d\u2019\u00e9quit\u00e9, de diversit\u00e9, d\u2019inclusion et d\u2019accessibilit\u00e9 dans ses milieux de vie, d\u2019apprentissage et de travail. Nous encourageons les candidats qualifi\u00e9s de tous les groupes avec des obstacles pass\u00e9s et (ou) pr\u00e9sents en mati\u00e8re d\u2019\u00e9quit\u00e9 \u00e0 pr\u00e9senter leur candidature. Sur demande, des mesures d\u2019adaptation seront offertes aux personnes ayant une incapacit\u00e9, et ce, tout au long du processus de recrutement.<\/p>\n\n\n\n<p>Veuillez noter que la priorit\u00e9 sera accord\u00e9e aux citoyens canadiens ainsi qu\u2019aux r\u00e9sidents permanents. Nous remercions tous les candidats de leur int\u00e9r\u00eat. Toutefois, nous communiquerons uniquement avec les candidats retenus pour une entrevue.<\/p>\n\n\n\n<h2 class=\"wp-block-heading\">Conditions d\u2019emploi<\/h2>\n\n\n\n<p>Le salaire associ\u00e9 \u00e0 ce poste provient de diverses sources, y compris de la facturation clinique (r\u00e9mun\u00e9ration \u00e0 l\u2019acte), de programmes d\u2019aide salariale (plans de diversification des modes de financement et de paiement) ainsi que d\u2019honoraires et d\u2019allocations. Les m\u00e9decins \u00e0 temps plein b\u00e9n\u00e9ficient d\u2019avantages sociaux, notamment d\u2019une assurance-maladie compl\u00e9mentaire, de soins dentaires, d\u2019une assurance-invalidit\u00e9 et d\u2019une assurance-vie.<\/p>\n\n\n\n<h2 class=\"wp-block-heading\">Candidatures<\/h2>\n\n\n\n<p>Veuillez envoyer une lettre d\u2019intention de 1 ou 2&nbsp;pages, 3 r\u00e9f\u00e9rences (qui ne seront pas contact\u00e9es sans autorisation) et votre curriculum vit\u00e6,&nbsp;au D<sup>r<\/sup> Greg Knoll, chef de la D\u00e9partement de m\u00e9decine (L\u2019H\u00f4pital d\u2019Ottawa et l\u2019Universit\u00e9 d\u2019Ottawa) \u00e0 <a href=\"mailto:domcareers@toh.ca\">domcareers@toh.ca<\/a>.<\/p>\n\n\n\n<p><strong>Date de cl\u00f4ture : 29 mai 2026<\/strong><\/p>\n","protected":false},"excerpt":{"rendered":"<p>Sommaire du poste Le D\u00e9partement de m\u00e9decine et la Division de n\u00e9phrologie de l\u2019Universit\u00e9 d\u2019Ottawa et de L\u2019H\u00f4pital d\u2019Ottawa recherchent un leader visionnaire, dot\u00e9 d&rsquo;une grande expertise en mati\u00e8re de direction universitaire et clinique, pour occuper le poste de chef de la Division de n\u00e9phrologie. Responsabilit\u00e9s Le chef de division rend compte au pr\u00e9sident\/directeur du [&hellip;]<\/p>\n","protected":false},"author":25,"featured_media":0,"parent":84543,"menu_order":0,"comment_status":"closed","ping_status":"closed","template":"","meta":{"_acf_changed":false,"_mc_calendar":[],"footnotes":""},"class_list":["post-278177","page","type-page","status-publish","hentry"],"acf":[],"wps_subtitle":"","_links":{"self":[{"href":"https:\/\/www.ottawahospital.on.ca\/fr\/wp-json\/wp\/v2\/pages\/278177","targetHints":{"allow":["GET"]}}],"collection":[{"href":"https:\/\/www.ottawahospital.on.ca\/fr\/wp-json\/wp\/v2\/pages"}],"about":[{"href":"https:\/\/www.ottawahospital.on.ca\/fr\/wp-json\/wp\/v2\/types\/page"}],"author":[{"embeddable":true,"href":"https:\/\/www.ottawahospital.on.ca\/fr\/wp-json\/wp\/v2\/users\/25"}],"replies":[{"embeddable":true,"href":"https:\/\/www.ottawahospital.on.ca\/fr\/wp-json\/wp\/v2\/comments?post=278177"}],"version-history":[{"count":2,"href":"https:\/\/www.ottawahospital.on.ca\/fr\/wp-json\/wp\/v2\/pages\/278177\/revisions"}],"predecessor-version":[{"id":278187,"href":"https:\/\/www.ottawahospital.on.ca\/fr\/wp-json\/wp\/v2\/pages\/278177\/revisions\/278187"}],"up":[{"embeddable":true,"href":"https:\/\/www.ottawahospital.on.ca\/fr\/wp-json\/wp\/v2\/pages\/84543"}],"wp:attachment":[{"href":"https:\/\/www.ottawahospital.on.ca\/fr\/wp-json\/wp\/v2\/media?parent=278177"}],"curies":[{"name":"wp","href":"https:\/\/api.w.org\/{rel}","templated":true}]}}