{"id":278147,"date":"2026-04-07T08:47:19","date_gmt":"2026-04-07T12:47:19","guid":{"rendered":"https:\/\/www.ottawahospital.on.ca\/?page_id=278147"},"modified":"2026-04-07T08:47:31","modified_gmt":"2026-04-07T12:47:31","slug":"gestionnaire-systemes-mecaniques","status":"publish","type":"page","link":"https:\/\/www.ottawahospital.on.ca\/fr\/possibilites-de-carriere\/poste-de-direction\/gestionnaire-systemes-mecaniques\/","title":{"rendered":"Gestionnaire, Syst\u00e8mes m\u00e9caniques"},"content":{"rendered":"\n<h2 class=\"wp-block-heading\">Qui sommes-nous?<\/h2>\n\n\n\n<p>Nous redessinons l&rsquo;avenir des soins de sant\u00e9!<\/p>\n\n\n\n<p>L&rsquo;H\u00f4pital d&rsquo;Ottawa est l&rsquo;un des plus importants h\u00f4pitaux d&rsquo;enseignement et de recherche au Canada. Comptant plus de 1,400 lits et environ 17,000 employ\u00e9s, m\u00e9decins, r\u00e9sidents et b\u00e9n\u00e9voles sur plusieurs campus, nous offrons des soins sp\u00e9cialis\u00e9s \u00e0 la population de l&rsquo;Est de l&rsquo;Ontario, de l&rsquo;ouest du Qu\u00e9bec et du Nunavut. L&rsquo;H\u00f4pital d&rsquo;Ottawa ne fait pas que soigner la communaut\u00e9, il lui appartient. Cette appartenance s&rsquo;inscrit au c\u0153ur de notre plan ambitieux afin de redessiner l&rsquo;avenir des soins de sant\u00e9 pour tous au sein de notre collectivit\u00e9.<\/p>\n\n\n\n<p>Par la compassion de son personnel et la qu\u00eate perp\u00e9tuelle de nouvelles d\u00e9couvertes, L&rsquo;H\u00f4pital d&rsquo;Ottawa cherche sans rel\u00e2che des solutions novatrices aux d\u00e9fis les plus complexes en sant\u00e9, tout en ralliant sans cesse la population \u00e0 sa vision d&rsquo;offrir \u00e0 chaque patient des soins de calibre mondial et des services exceptionnels avec une compassion digne des personnes qui nous sont ch\u00e8res.<\/p>\n\n\n\n<p>En collaboration avec son Institut de recherche ainsi qu&rsquo;avec l&rsquo;Universit\u00e9 d&rsquo;Ottawa et d&rsquo;autres partenaires, l&rsquo;H\u00f4pital s&rsquo;est taill\u00e9 une r\u00e9putation de choix \u00e0 l&rsquo;\u00e9chelle nationale et internationale pour l&rsquo;excellence de ses soins, de sa formation et de ses recherches, tout en s&rsquo;effor\u00e7ant de r\u00e9pondre aux besoins d&rsquo;une population multiculturelle.<\/p>\n\n\n\n<h2 class=\"wp-block-heading\">\u00c9chelle salariale<\/h2>\n\n\n\n<p>$128,971.05 ou 156,908.70 \/Annuelle<\/p>\n\n\n\n<h2 class=\"wp-block-heading\">Rotation\/Quart de travail<\/h2>\n\n\n\n<p>De jour, quarts de 8 heures.<\/p>\n\n\n\n<p>*\u00c0 titre d&rsquo;information seulement &#8211; L&rsquo;H\u00f4pital se r\u00e9serve le droit de modifier ces conditions.<\/p>\n\n\n\n<h2 class=\"wp-block-heading\">Ce que vous ferez<\/h2>\n\n\n\n<p>Travaillant au sein de la Gestion des installations, le Gestionnaire, Syst\u00e8mes m\u00e9caniques, sera responsable des activit\u00e9s administratives et op\u00e9rationnelles li\u00e9es \u00e0 l&rsquo;entretien m\u00e9canique au Campus G\u00e9n\u00e9ral. Le titulaire devra planifier, organiser, coordonner et diriger de nombreuses activit\u00e9s pour veiller au fonctionnement efficace et efficient des syst\u00e8mes de CVC tout en maximisant la fiabilit\u00e9 des syst\u00e8mes m\u00e9caniques et du centre de contr\u00f4le du b\u00e2timent.&nbsp;Le Gestionnaire, Syst\u00e8mes m\u00e9caniques joue \u00e9galement un r\u00f4le essentiel pour r\u00e9aliser la vision de l&rsquo;H\u00f4pital, qui est d&rsquo;offrir \u00e0 chaque patient des soins de calibre mondial et des services exceptionnels avec une compassion digne des personnes qui nous sont ch\u00e8res.<\/p>\n\n\n\n<h2 class=\"wp-block-heading\">Ce que vous apporterez<\/h2>\n\n\n\n<ul class=\"wp-block-list\">\n<li>M\u00e9canicien de machines fixes de premi\u00e8re classe, ing\u00e9nieur professionnel autoris\u00e9 ou technicien-sp\u00e9cialiste agr\u00e9\u00e9 en ing\u00e9nierie;<\/li>\n\n\n\n<li>5 ann\u00e9es d&rsquo;exp\u00e9rience \u00e0 un poste comportant des t\u00e2ches de gestion ou de supervision de projets de grande envergure dans le domaine de la m\u00e9canique;<\/li>\n\n\n\n<li>Connaissance approfondie du fonctionnement d&rsquo;installations de chauffage \u00e0 vapeur; d&rsquo;installations de refroidisseurs multiples; de syst\u00e8mes de chauffage, de ventilation et de climatisation et de la station d&rsquo;automatisation Enterprise Buildings Integrator de Honeywell;<\/li>\n\n\n\n<li>Connaissance approfondie des codes et des normes de l&rsquo;American Society of Heating, Refrigerating and Air-Conditioning Engineers et de l&rsquo;Association canadienne de normalisation, du Code du b\u00e2timent de l&rsquo;Ontario et des politiques et des proc\u00e9dures de l&rsquo;H\u00f4pital;<\/li>\n\n\n\n<li>Excellentes aptitudes pour les relations interpersonnelles, la communication, la n\u00e9gociation, la r\u00e9solution de conflits, la supervision et la gestion.<\/li>\n<\/ul>\n\n\n\n<h2 class=\"wp-block-heading\">Vous vous d\u00e9marquerez par<\/h2>\n\n\n\n<ul class=\"wp-block-list\">\n<li>Ma\u00eetrise du fran\u00e7ais et de l&rsquo;anglais &#8211; expression orale (niveau avanc\u00e9) et compr\u00e9hension (niveau avanc\u00e9).<\/li>\n<\/ul>\n\n\n\n<h2 class=\"wp-block-heading\">Notre engagement et offre<\/h2>\n\n\n\n<p>L\u2019H\u00f4pital d\u2019Ottawa s\u2019est engag\u00e9 \u00e0 maintenir un milieu de travail sain, s\u00e9curitaire et inclusif. Nous aspirons \u00e0 offrir \u00e0 chaque patient des soins de calibre mondial et des services exceptionnels avec une compassion digne des personnes qui nous sont ch\u00e8res.&nbsp;<\/p>\n\n\n\n<p>Nous offrons une r\u00e9mun\u00e9ration concurrentielle et \u00e9quitable, incluant un ensemble complet d\u2019avantages sociaux, un r\u00e9gime de retraite \u00e0 prestations d\u00e9termin\u00e9es et une couverture d\u2019assurance. Nous offrons aussi des rabais aupr\u00e8s d\u2019une s\u00e9lection de fournisseurs de divers produits et services.<\/p>\n\n\n\n<p>L\u2019H\u00f4pital d\u2019Ottawa offre diverses ressources sur la sant\u00e9 et le mieux-\u00eatre ainsi que des occasions de d\u00e9veloppement personnel et professionnel de notre \u00e9quipe d\u2019Apprentissage et Perfectionnement du leadership pour vous aligner sur vos objectifs de carri\u00e8re.<\/p>\n\n\n\n<h2 class=\"wp-block-heading\">Int\u00e9ress\u00e9? Postulez maintenant\u00a0<\/h2>\n\n\n\n<p>Si vous souhaitez faire partie de l\u2019\u00e9quipe de professionnels de la sant\u00e9 de L\u2019H\u00f4pital d\u2019Ottawa,&nbsp;veuillez <a href=\"https:\/\/jobposting.ottawahospital.on.ca\/psc\/jobposting\/EMPLOYEE\/HRMS\/c\/HRS_HRAM_FL.HRS_CG_SEARCH_FL.GBL?Page=HRS_APP_SCHJOB_FL&amp;Action=U&amp;FOCUS=Applicant&amp;SiteId=2&amp;languageCD=CFR&amp;\">pr\u00e9senter une demande d\u2019emploi en ligne sous le num\u00e9ro<strong>110709<\/strong><\/a>.<\/p>\n\n\n\n<p>Nous remercions tous les postulants de leur int\u00e9r\u00eat. Toutefois, nous communiquerons seulement avec les candidats retenus. L\u2019H\u00f4pital souscrit au principe d\u2019\u00e9galit\u00e9 en mati\u00e8re d\u2019emploi. Toute personne ayant une incapacit\u00e9 peut b\u00e9n\u00e9ficier, sur demande, de mesures d\u2019adaptation dans le cadre du processus de s\u00e9lection.<strong>Date limite de candidature<\/strong> : 16 avril, 2026.<\/p>\n","protected":false},"excerpt":{"rendered":"<p>Qui sommes-nous? Nous redessinons l&rsquo;avenir des soins de sant\u00e9! L&rsquo;H\u00f4pital d&rsquo;Ottawa est l&rsquo;un des plus importants h\u00f4pitaux d&rsquo;enseignement et de recherche au Canada. Comptant plus de 1,400 lits et environ 17,000 employ\u00e9s, m\u00e9decins, r\u00e9sidents et b\u00e9n\u00e9voles sur plusieurs campus, nous offrons des soins sp\u00e9cialis\u00e9s \u00e0 la population de l&rsquo;Est de l&rsquo;Ontario, de l&rsquo;ouest du Qu\u00e9bec [&hellip;]<\/p>\n","protected":false},"author":25,"featured_media":0,"parent":5952,"menu_order":0,"comment_status":"closed","ping_status":"closed","template":"","meta":{"_acf_changed":false,"_mc_calendar":[],"footnotes":""},"class_list":["post-278147","page","type-page","status-publish","hentry"],"acf":[],"wps_subtitle":"","_links":{"self":[{"href":"https:\/\/www.ottawahospital.on.ca\/fr\/wp-json\/wp\/v2\/pages\/278147","targetHints":{"allow":["GET"]}}],"collection":[{"href":"https:\/\/www.ottawahospital.on.ca\/fr\/wp-json\/wp\/v2\/pages"}],"about":[{"href":"https:\/\/www.ottawahospital.on.ca\/fr\/wp-json\/wp\/v2\/types\/page"}],"author":[{"embeddable":true,"href":"https:\/\/www.ottawahospital.on.ca\/fr\/wp-json\/wp\/v2\/users\/25"}],"replies":[{"embeddable":true,"href":"https:\/\/www.ottawahospital.on.ca\/fr\/wp-json\/wp\/v2\/comments?post=278147"}],"version-history":[{"count":1,"href":"https:\/\/www.ottawahospital.on.ca\/fr\/wp-json\/wp\/v2\/pages\/278147\/revisions"}],"predecessor-version":[{"id":278148,"href":"https:\/\/www.ottawahospital.on.ca\/fr\/wp-json\/wp\/v2\/pages\/278147\/revisions\/278148"}],"up":[{"embeddable":true,"href":"https:\/\/www.ottawahospital.on.ca\/fr\/wp-json\/wp\/v2\/pages\/5952"}],"wp:attachment":[{"href":"https:\/\/www.ottawahospital.on.ca\/fr\/wp-json\/wp\/v2\/media?parent=278147"}],"curies":[{"name":"wp","href":"https:\/\/api.w.org\/{rel}","templated":true}]}}