{"id":277847,"date":"2026-03-17T08:18:18","date_gmt":"2026-03-17T12:18:18","guid":{"rendered":"https:\/\/www.ottawahospital.on.ca\/?page_id=277847"},"modified":"2026-03-17T08:18:33","modified_gmt":"2026-03-17T12:18:33","slug":"arnaques-a-la-recherche-demploi","status":"publish","type":"page","link":"https:\/\/www.ottawahospital.on.ca\/fr\/possibilites-de-carriere\/arnaques-a-la-recherche-demploi\/","title":{"rendered":"Arnaques \u00e0 la recherche d\u2019emploi"},"content":{"rendered":"\n<h2 class=\"wp-block-heading\">Conseils et astuces pour rep\u00e9rer de telles escroqueries<\/h2>\n\n\n\n<p>Pour vous aider \u00e0 savoir faire la diff\u00e9rence entre des offres d\u2019emploi l\u00e9gitimes et celles potentiellement frauduleuses, prenez note des conseils et astuces suivants :<\/p>\n\n\n\n<ol class=\"wp-block-list\">\n<li><strong>Promesses irr\u00e9alistes :<\/strong> Offre d\u2019emploi ou autre message affirmant vous garantir un emploi ou un certain niveau de revenu.<\/li>\n<\/ol>\n\n\n\n<ul class=\"wp-block-list\">\n<li><strong>Manque de transparence sur l\u2019employeur :<\/strong> Les employeurs \u00ab en bonne et due forme \u00bb fournissent clairement le nom de leur compagnie, leurs coordonn\u00e9es et des sites Web v\u00e9rifiables.<br><br><\/li>\n\n\n\n<li><strong>Demandes de paiement :<\/strong> Aucun employeur de bonne foi ne demandera \u00e0 des candidats de payer d\u2019avance un certain montant pour ou durant le processus de recrutement.<\/li>\n<\/ul>\n\n\n\n<ul class=\"wp-block-list\">\n<li><strong>Communication de mauvaise qualit\u00e9 :<\/strong> Des courriels contenant des fautes de grammaire, des descriptions de travail floues ou un ton non professionnel devraient vous alerter.<\/li>\n<\/ul>\n\n\n\n<ul class=\"wp-block-list\">\n<li><strong>Tactiques de pression :<\/strong> Les escrocs poussent souvent les candidats \u00e0 agir vite, en les dissuadant de s\u2019informer sur la compagnie.<\/li>\n<\/ul>\n\n\n\n<ul class=\"wp-block-list\">\n<li><strong>Processus de demande douteux :<\/strong> Il faut faire preuve de prudence si l\u2019on vous demande de fournir des renseignements personnels sensibles (p. ex. des d\u00e9tails bancaires ou un num\u00e9ro d\u2019identification personnel) avant de recevoir une offre officielle.<\/li>\n<\/ul>\n\n\n\n<p><strong>Faux logo \/ fausse image de marque :<\/strong> Il faut v\u00e9rifier et comparer la qualit\u00e9 des logos de la compagnie figurant sur des sites Web de compagnies l\u00e9gitimes et autoris\u00e9es avant d\u2019envoyer sa demande d\u2019emploi. &nbsp;<\/p>\n","protected":false},"excerpt":{"rendered":"<p>Conseils et astuces pour rep\u00e9rer de telles escroqueries Pour vous aider \u00e0 savoir faire la diff\u00e9rence entre des offres d\u2019emploi l\u00e9gitimes et celles potentiellement frauduleuses, prenez note des conseils et astuces suivants : Faux logo \/ fausse image de marque : Il faut v\u00e9rifier et comparer la qualit\u00e9 des logos de la compagnie figurant sur [&hellip;]<\/p>\n","protected":false},"author":25,"featured_media":0,"parent":77122,"menu_order":7,"comment_status":"closed","ping_status":"closed","template":"","meta":{"_acf_changed":false,"_mc_calendar":[],"footnotes":""},"class_list":["post-277847","page","type-page","status-publish","hentry"],"acf":[],"wps_subtitle":"","_links":{"self":[{"href":"https:\/\/www.ottawahospital.on.ca\/fr\/wp-json\/wp\/v2\/pages\/277847","targetHints":{"allow":["GET"]}}],"collection":[{"href":"https:\/\/www.ottawahospital.on.ca\/fr\/wp-json\/wp\/v2\/pages"}],"about":[{"href":"https:\/\/www.ottawahospital.on.ca\/fr\/wp-json\/wp\/v2\/types\/page"}],"author":[{"embeddable":true,"href":"https:\/\/www.ottawahospital.on.ca\/fr\/wp-json\/wp\/v2\/users\/25"}],"replies":[{"embeddable":true,"href":"https:\/\/www.ottawahospital.on.ca\/fr\/wp-json\/wp\/v2\/comments?post=277847"}],"version-history":[{"count":2,"href":"https:\/\/www.ottawahospital.on.ca\/fr\/wp-json\/wp\/v2\/pages\/277847\/revisions"}],"predecessor-version":[{"id":277849,"href":"https:\/\/www.ottawahospital.on.ca\/fr\/wp-json\/wp\/v2\/pages\/277847\/revisions\/277849"}],"up":[{"embeddable":true,"href":"https:\/\/www.ottawahospital.on.ca\/fr\/wp-json\/wp\/v2\/pages\/77122"}],"wp:attachment":[{"href":"https:\/\/www.ottawahospital.on.ca\/fr\/wp-json\/wp\/v2\/media?parent=277847"}],"curies":[{"name":"wp","href":"https:\/\/api.w.org\/{rel}","templated":true}]}}