{"id":276880,"date":"2026-02-03T11:47:17","date_gmt":"2026-02-03T16:47:17","guid":{"rendered":"https:\/\/www.ottawahospital.on.ca\/?page_id=276880"},"modified":"2026-02-03T11:47:55","modified_gmt":"2026-02-03T16:47:55","slug":"dre-amel-arnaout","status":"publish","type":"page","link":"https:\/\/www.ottawahospital.on.ca\/fr\/about-us\/notre-equipe-de-direction\/equipe-de-la-haute-direction\/dre-amel-arnaout\/","title":{"rendered":"Dre Amel Arnaout"},"content":{"rendered":"<div class=\"wp-block-image\">\n<figure class=\"alignleft size-full\"><img decoding=\"async\" width=\"144\" height=\"180\" src=\"https:\/\/www.ottawahospital.on.ca\/wp-content\/uploads\/2026\/02\/Amel_Arnaout-Profile-Pic.jpg\" alt=\"\" class=\"wp-image-276877\"\/><figcaption class=\"wp-element-caption\"><strong>D<sup>re<\/sup> Amel Arnaout<\/strong>,<br>m\u00e9decin principale<\/figcaption><\/figure>\n<\/div>\n\n\n<p>La D<sup>re<\/sup> Amel Arnaout est la m\u00e9decin principale \u00e0 L\u2019H\u00f4pital d\u2019Ottawa et une endocrinologue avec une nomination conjointe \u00e0 la Division de cardiologie. Elle est aussi professeure agr\u00e9g\u00e9e \u00e0 la Facult\u00e9 de m\u00e9decine de l\u2019Universit\u00e9 d\u2019Ottawa.<\/p>\n\n\n\n<p>La pratique clinique de la D<sup>re<\/sup> Arnaout se concentre sur la gestion du diab\u00e8te et des patients \u00e0 haut risque atteints de maladies cardiom\u00e9taboliques complexes. Elle a obtenu une ma\u00eetrise en administration des affaires pour cadres de l\u2019\u00c9cole de gestion Telfer de l\u2019Universit\u00e9 d\u2019Ottawa, ce qui lui a permis d\u2019acqu\u00e9rir des comp\u00e9tences avanc\u00e9es en mati\u00e8re de leadership et de gestion. En plus de son travail clinique, elle est directrice des \u00c9tudes m\u00e9dicales postdoctorales et des programmes de fellowship \u00e0 l\u2019Universit\u00e9 d\u2019Ottawa et directrice m\u00e9dicale du Programme de gestion du diab\u00e8te de l\u2019Institut de cardiologie de l\u2019Universit\u00e9 d\u2019Ottawa.<\/p>\n\n\n\n<p>Reconnue \u00e0 l\u2019\u00e9chelle nationale pour ses contributions \u00e0 l\u2019enseignement m\u00e9dical, la D<sup>re<\/sup>\u00a0Arnaout est largement consid\u00e9r\u00e9e comme une leader en mati\u00e8re d\u2019enseignement innovant. Elle est \u00e0 l\u2019origine de plusieurs initiatives \u00e9ducatives, dont le lancement d\u2019un programme d\u2019enseignement sur les soins virtuels qui vise \u00e0 pr\u00e9parer les futurs m\u00e9decins \u00e0 l\u2019\u00e9volution des mod\u00e8les de soins.<\/p>\n\n\n\n<p>Pour ce qui est de la recherche, elle s\u2019int\u00e9resse \u00e0 l\u2019am\u00e9lioration de la qualit\u00e9, \u00e0 l\u2019exp\u00e9rience des patients et aux mod\u00e8les de soins int\u00e9gr\u00e9s pour la gestion des maladies chroniques. En tant que m\u00e9decin principale, la D<sup>re<\/sup>\u00a0Arnaout assure un leadership strat\u00e9gique en mati\u00e8re d\u2019affaires m\u00e9dicales, de relations avec les patients, de ressources humaines m\u00e9dicales et de gouvernance \u00e0 l\u2019\u00e9chelle de L\u2019H\u00f4pital d\u2019Ottawa. Elle apporte une solide combinaison d\u2019expertise clinique, de leadership universitaire et d\u2019exp\u00e9rience op\u00e9rationnelle pour faire avancer la mission de l\u2019H\u00f4pital.<\/p>\n","protected":false},"excerpt":{"rendered":"<p>La Dre Amel Arnaout est la m\u00e9decin principale \u00e0 L\u2019H\u00f4pital d\u2019Ottawa et une endocrinologue avec une nomination conjointe \u00e0 la Division de cardiologie. Elle est aussi professeure agr\u00e9g\u00e9e \u00e0 la Facult\u00e9 de m\u00e9decine de l\u2019Universit\u00e9 d\u2019Ottawa. La pratique clinique de la Dre Arnaout se concentre sur la gestion du diab\u00e8te et des patients \u00e0 haut [&hellip;]<\/p>\n","protected":false},"author":25,"featured_media":0,"parent":4550,"menu_order":0,"comment_status":"closed","ping_status":"closed","template":"","meta":{"_acf_changed":false,"_mc_calendar":[],"footnotes":""},"class_list":["post-276880","page","type-page","status-publish","hentry"],"acf":[],"wps_subtitle":"","_links":{"self":[{"href":"https:\/\/www.ottawahospital.on.ca\/fr\/wp-json\/wp\/v2\/pages\/276880","targetHints":{"allow":["GET"]}}],"collection":[{"href":"https:\/\/www.ottawahospital.on.ca\/fr\/wp-json\/wp\/v2\/pages"}],"about":[{"href":"https:\/\/www.ottawahospital.on.ca\/fr\/wp-json\/wp\/v2\/types\/page"}],"author":[{"embeddable":true,"href":"https:\/\/www.ottawahospital.on.ca\/fr\/wp-json\/wp\/v2\/users\/25"}],"replies":[{"embeddable":true,"href":"https:\/\/www.ottawahospital.on.ca\/fr\/wp-json\/wp\/v2\/comments?post=276880"}],"version-history":[{"count":0,"href":"https:\/\/www.ottawahospital.on.ca\/fr\/wp-json\/wp\/v2\/pages\/276880\/revisions"}],"up":[{"embeddable":true,"href":"https:\/\/www.ottawahospital.on.ca\/fr\/wp-json\/wp\/v2\/pages\/4550"}],"wp:attachment":[{"href":"https:\/\/www.ottawahospital.on.ca\/fr\/wp-json\/wp\/v2\/media?parent=276880"}],"curies":[{"name":"wp","href":"https:\/\/api.w.org\/{rel}","templated":true}]}}