{"id":27415,"date":"2017-06-20T10:09:16","date_gmt":"2017-06-20T14:09:16","guid":{"rendered":"https:\/\/devwp.ottawahospital.on.ca\/?page_id=27415\/"},"modified":"2021-03-09T15:20:50","modified_gmt":"2021-03-09T20:20:50","slug":"bons-voeux-formulaire","status":"publish","type":"page","link":"https:\/\/www.ottawahospital.on.ca\/fr\/bons-voeux-formulaire\/","title":{"rendered":"Bons voeux \u2013 Formulaire"},"content":{"rendered":"<div class=\"row\">\n<div class=\"col-sm-5 nopaddingleft adjpaddingmobile\">\n<p><!-- Panel --><\/p>\n<div class=\"panel panel-default\">\n<div class=\"panel-body\">\n<p>Vous aimeriez transmettre vos bons v\u0153ux \u00e0 un proche qui est hospitalis\u00e9 au Campus G\u00e9n\u00e9ral ou au Campus Civic de L\u2019H\u00f4pital d\u2019Ottawa?<\/p>\n<p>Nous pouvons vous aider \u00e0 le faire! Indiquez simplement son nom, son num\u00e9ro de chambre et votre message dans le formulaire ci-dessous.<\/p>\n<p>Vous ne savez pas dans quelle chambre il est hospitalis\u00e9? Renseignez-vous aupr\u00e8s de notre personnel en appelant au 613-722-7000. Veuillez toutefois noter que nous ne pouvons pas fournir ce renseignement dans certaines circonstances.<\/p>\n<p>Nous ouvrons les courriels tous les jours en semaine pour que des b\u00e9n\u00e9voles puissent remettre les messages en main propre \u00e0 leur destinataire dans un ou deux jours ouvrables, selon les ressources disponibles.<\/p>\n<p>Les messages re\u00e7us apr\u00e8s 13 h, la fin de semaine ou un jour f\u00e9ri\u00e9 seront remis le jour ouvrable suivant. Nous ne pourrons pas remettre le message si le patient a d\u00e9j\u00e0 quitt\u00e9 l\u2019H\u00f4pital.<\/p>\n<p>Nous n\u2019acceptons que les bons v\u0153ux. Tout autre message (affaires personnelles, contenu douteux, sollicitation, etc.) ne sera pas remis et sera supprim\u00e9.<\/p>\n<\/div>\n<\/div>\n<\/div>\n<div class=\"col-sm-7\">\n<p class=\"text-center\"><strong>Le syst\u00e8me peut seulement recevoir des courriels.<br \/>\nNous ne pouvons pas confirmer l\u2019admission d\u2019un patient.<\/strong><\/p>\n\n<div class=\"wpcf7 no-js\" id=\"wpcf7-f27606-o1\" lang=\"en-US\" dir=\"ltr\" data-wpcf7-id=\"27606\">\n<div class=\"screen-reader-response\"><p role=\"status\" aria-live=\"polite\" aria-atomic=\"true\"><\/p> <ul><\/ul><\/div>\n<form action=\"\/fr\/wp-json\/wp\/v2\/pages\/27415#wpcf7-f27606-o1\" method=\"post\" class=\"wpcf7-form init\" aria-label=\"Contact form\" novalidate=\"novalidate\" data-status=\"init\">\n<fieldset class=\"hidden-fields-container\"><input type=\"hidden\" name=\"_wpcf7\" value=\"27606\" \/><input type=\"hidden\" name=\"_wpcf7_version\" value=\"6.1.4\" \/><input type=\"hidden\" name=\"_wpcf7_locale\" value=\"en_US\" \/><input type=\"hidden\" name=\"_wpcf7_unit_tag\" value=\"wpcf7-f27606-o1\" \/><input type=\"hidden\" name=\"_wpcf7_container_post\" value=\"0\" \/><input type=\"hidden\" name=\"_wpcf7_posted_data_hash\" value=\"\" \/><input type=\"hidden\" name=\"_extcf7_conditional_options\" value=\"{&quot;form_id&quot;:27606,&quot;conditions&quot;:[]}\" \/><input type=\"hidden\" name=\"_extcf7_redirect_options\" value=\"{&quot;form_id&quot;:27606,&quot;redirect_options&quot;:{&quot;redirection_enable&quot;:&quot;off&quot;,&quot;custom_url_enable&quot;:&quot;off&quot;,&quot;redirect_page&quot;:&quot;&quot;,&quot;custom_urle&quot;:&quot;&quot;,&quot;redirect_new_tab&quot;:&quot;off&quot;,&quot;js_action&quot;:&quot;off&quot;,&quot;javascript_code&quot;:&quot;&quot;}}\" \/><input type=\"hidden\" name=\"_wpcf7_recaptcha_response\" value=\"\" \/>\n<\/fieldset>\n<p class=\"margintop10\">Les champs marqu\u00e9s d'un ast\u00e9risque (*) sont obligatoires.\n<\/p>\n<p><label for=\"patients-firstname\">Pr\u00e9nom du patient :*<\/label>\n<\/p>\n<p><span class=\"wpcf7-form-control-wrap\" data-name=\"patients-firstname\"><input size=\"40\" maxlength=\"400\" class=\"wpcf7-form-control wpcf7-text wpcf7-validates-as-required form-control\" id=\"patients-firstname\" aria-required=\"true\" aria-invalid=\"false\" placeholder=\"Inscrivez le pr\u00e9nom du patient.\" value=\"\" type=\"text\" name=\"patients-firstname\" \/><\/span>\n<\/p>\n<p><label for=\"patients-initial\">Initiale<\/label>\n<\/p>\n<p><span class=\"wpcf7-form-control-wrap\" data-name=\"patients-initial\"><input size=\"40\" maxlength=\"400\" class=\"wpcf7-form-control wpcf7-text form-control\" id=\"patients-initial\" aria-invalid=\"false\" value=\"\" type=\"text\" name=\"patients-initial\" \/><\/span>\n<\/p>\n<p><label for=\"patients-lastname\">Nom du patient :*<\/label>\n<\/p>\n<p><span class=\"wpcf7-form-control-wrap\" data-name=\"patients-lastname\"><input size=\"40\" maxlength=\"400\" class=\"wpcf7-form-control wpcf7-text wpcf7-validates-as-required form-control\" id=\"patients-lastname\" aria-required=\"true\" aria-invalid=\"false\" placeholder=\"Inscrivez le nom du patient\" value=\"\" type=\"text\" name=\"patients-lastname\" \/><\/span>\n<\/p>\n<p><label for=\"patient-location\">Campus :*<\/label><span class=\"wpcf7-form-control-wrap\" data-name=\"patient-location\"><select class=\"wpcf7-form-control wpcf7-select wpcf7-validates-as-required\" id=\"patient-location\" aria-required=\"true\" aria-invalid=\"false\" name=\"patient-location\"><option value=\"Choisissez in campus.\">Choisissez in campus.<\/option><option value=\"Campus Civic\">Campus Civic<\/option><option value=\"Campus General\">Campus General<\/option><option value=\"Centre de r\u00e9adaptation\">Centre de r\u00e9adaptation<\/option><\/select><\/span>\n<\/p>\n<p><label for=\"patients-roomnumber\">No de chambre (si connu)<\/label>\n<\/p>\n<p><span class=\"wpcf7-form-control-wrap\" data-name=\"patients-roomnumber\"><input size=\"40\" maxlength=\"400\" class=\"wpcf7-form-control wpcf7-text form-control\" id=\"patients-roomnumber\" aria-invalid=\"false\" placeholder=\"Inscrivez le no de chamber.\" value=\"\" type=\"text\" name=\"patients-roomnumber\" \/><\/span>\n<\/p>\n<p><label for=\"your-name\">Votre nom :*<\/label>\n<\/p>\n<p><span class=\"wpcf7-form-control-wrap\" data-name=\"your-name\"><input size=\"40\" maxlength=\"400\" class=\"wpcf7-form-control wpcf7-text wpcf7-validates-as-required form-control\" id=\"your-name\" aria-required=\"true\" aria-invalid=\"false\" placeholder=\"Inscrivez votre nom.\" value=\"\" type=\"text\" name=\"your-name\" \/><\/span>\n<\/p>\n<p><label for=\"your-email\">Votre courriel :*<\/label>\n<\/p>\n<p><span class=\"wpcf7-form-control-wrap\" data-name=\"your-email\"><input size=\"40\" maxlength=\"400\" class=\"wpcf7-form-control wpcf7-email wpcf7-validates-as-required wpcf7-text wpcf7-validates-as-email form-control\" id=\"your-email\" aria-required=\"true\" aria-invalid=\"false\" placeholder=\"Inscrivez votre courriel\" value=\"\" type=\"email\" name=\"your-email\" \/><\/span> Assurez-vous d'inscrire une adresse valide.\n<\/p>\n<p><label for=\"your-message\">Votre Message :*<\/label>\n<\/p>\n<p>(Limite de 800 caract\u00e8res)<br \/>\n<span class=\"wpcf7-form-control-wrap\" data-name=\"your-message\"><textarea cols=\"40\" rows=\"10\" maxlength=\"800\" class=\"wpcf7-form-control wpcf7-textarea wpcf7-validates-as-required form-control\" id=\"your-message\" aria-required=\"true\" aria-invalid=\"false\" placeholder=\"Inscrivez votre message.\" name=\"your-message\"><\/textarea><\/span>\n<\/p>\n<p class=\"margintop5\"><input class=\"wpcf7-form-control wpcf7-submit has-spinner\" type=\"submit\" value=\"soumettre\" \/><a target=\"_blank\" href=\"https:\/\/www.ottawahospital.on.ca\/fr\/patients-et-visiteurs\/protection-des-renseignements-personnels\/avis-de-non-responsabilite-et-enonce-sur-la-protection-des-renseignements-personnels\/\">Protection des renseignements personnels <\/a>\n<\/p><div class=\"wpcf7-response-output\" aria-hidden=\"true\"><\/div>\n<\/form>\n<\/div>\n\n<\/div>\n<\/div>\n","protected":false},"excerpt":{"rendered":"<p>Vous aimeriez transmettre vos bons v\u0153ux \u00e0 un proche qui est hospitalis\u00e9 au Campus G\u00e9n\u00e9ral ou au Campus Civic de L\u2019H\u00f4pital d\u2019Ottawa? Nous pouvons vous aider \u00e0 le faire! Indiquez simplement son nom, son num\u00e9ro de chambre et votre message dans le formulaire ci-dessous. Vous ne savez pas dans quelle chambre il est hospitalis\u00e9? Renseignez-vous [&hellip;]<\/p>\n","protected":false},"author":25,"featured_media":0,"parent":0,"menu_order":0,"comment_status":"closed","ping_status":"closed","template":"","meta":{"_acf_changed":false,"_mc_calendar":[],"footnotes":""},"class_list":["post-27415","page","type-page","status-publish","hentry"],"acf":[],"wps_subtitle":"","_links":{"self":[{"href":"https:\/\/www.ottawahospital.on.ca\/fr\/wp-json\/wp\/v2\/pages\/27415","targetHints":{"allow":["GET"]}}],"collection":[{"href":"https:\/\/www.ottawahospital.on.ca\/fr\/wp-json\/wp\/v2\/pages"}],"about":[{"href":"https:\/\/www.ottawahospital.on.ca\/fr\/wp-json\/wp\/v2\/types\/page"}],"author":[{"embeddable":true,"href":"https:\/\/www.ottawahospital.on.ca\/fr\/wp-json\/wp\/v2\/users\/25"}],"replies":[{"embeddable":true,"href":"https:\/\/www.ottawahospital.on.ca\/fr\/wp-json\/wp\/v2\/comments?post=27415"}],"version-history":[{"count":0,"href":"https:\/\/www.ottawahospital.on.ca\/fr\/wp-json\/wp\/v2\/pages\/27415\/revisions"}],"wp:attachment":[{"href":"https:\/\/www.ottawahospital.on.ca\/fr\/wp-json\/wp\/v2\/media?parent=27415"}],"curies":[{"name":"wp","href":"https:\/\/api.w.org\/{rel}","templated":true}]}}