{"id":252,"date":"2015-10-02T11:29:14","date_gmt":"2015-10-02T15:29:14","guid":{"rendered":"http:\/\/toh.masm.ca\/fr\/?page_id=252"},"modified":"2023-11-01T14:06:28","modified_gmt":"2023-11-01T18:06:28","slug":"calculateurs-sante","status":"publish","type":"page","link":"https:\/\/www.ottawahospital.on.ca\/fr\/patients-et-visiteurs\/calculateurs-sante\/","title":{"rendered":"Calculateurs sant\u00e9"},"content":{"rendered":"<p>Chaque ann\u00e9e, L\u2019H\u00f4pital d\u2019Ottawa admet plus de 48\u00a0000\u00a0patients dans ses unit\u00e9s et en soigne plus de 150\u00a0000\u00a0\u00e0 l\u2019urgence. Il est pourtant possible de pr\u00e9venir bon nombre de ces visites. Nous encourageons tous les r\u00e9sidants de l\u2019Est de l\u2019Ontario \u00e0 s\u2019occuper de leur sant\u00e9 et \u00e0 prendre des mesures pour pr\u00e9venir la maladie.<\/p>\n<p>Nous vous pr\u00e9sentons ici des calculateurs sant\u00e9 gr\u00e2ce auxquels vous pouvez connaitre l\u2019influence<img decoding=\"async\" class=\"size-full wp-image-4938 alignright img-responsive\" src=\"\/wp-content\/uploads\/2015\/10\/biglifelogo2.png\" alt=\"biglifelogo2\" width=\"160\" height=\"64\" \/> qu\u2019ont vos habitudes de vie sur votre bien-\u00eatre physique et mental. Ces trois calculateurs vous offrent un aper\u00e7u de :<\/p>\n<ul>\n<li><a href=\"https:\/\/www.projectbiglife.ca\/\" target=\"_blank\" rel=\"noopener noreferrer\">votre esp\u00e9rance de vie<\/a><\/li>\n<li><a href=\"https:\/\/www.projectbiglife.ca\/\" target=\"_blank\" rel=\"noopener noreferrer\">votre consommation de sel<\/a><\/li>\n<li><a href=\"https:\/\/predictingdepression.com\/\" target=\"_blank\" rel=\"noopener noreferrer\">votre risque de d\u00e9pression<\/a><\/li>\n<li><a title=\"www.monqicancer.ca\" href=\"https:\/\/www.monqicancer.ca\/\" target=\"_blank\" rel=\"noopener noreferrer\">votre risque de cancer<\/a><\/li>\n<\/ul>\n<p><a href=\"https:\/\/www.projectbiglife.ca\/\" target=\"_blank\" rel=\"noopener noreferrer\">Project Big Life <\/a>est la page d\u2019accueil des deux premiers calculateurs sant\u00e9 (<em>en anglais seulement<\/em>), qui ont \u00e9t\u00e9 cr\u00e9\u00e9s par des scientifiques en sant\u00e9 publique de l\u2019Institut de recherche de l\u2019H\u00f4pital d\u2019Ottawa (IRHO). Le D<sup>r<\/sup><a href=\"https:\/\/www.ohri.ca\/Profiles\/manuel.asp\" target=\"_blank\" rel=\"noopener noreferrer\">\u00a0Doug\u00a0Manuel<\/a> et ses collaborateurs ont produit le calculateur d\u2019esp\u00e9rance de vie et le calculateur de consommation de sel pour aider les Ontariens \u00e0 comprendre comment leur mode de vie a des r\u00e9percussions sur leur sant\u00e9.<\/p>\n<p>Le D<sup>r<\/sup>\u00a0Manuel est scientifique principal \u00e0 l\u2019<a href=\"https:\/\/www.ohri.ca\/\" target=\"_blank\" rel=\"noopener noreferrer\">Institut de recherche de l\u2019H\u00f4pital d\u2019Ottawa<\/a> et \u00e0 l\u2019<a href=\"https:\/\/www.ices.on.ca\/\" target=\"_blank\" rel=\"noopener noreferrer\">Institute for Clinical Evaluative Sciences<\/a>, en plus d\u2019\u00eatre professeur agr\u00e9g\u00e9 \u00e0 l\u2019<a href=\"https:\/\/www.medicine.uottawa.ca\/epid\/eng\/crossappointments.html\" target=\"_blank\" rel=\"noopener noreferrer\">Universit\u00e9 d\u2019Ottawa<\/a>.<\/p>\n<h2>Esp\u00e9rance de vie<\/h2>\n<p>L\u2019\u00e9quipe du D<sup>r<\/sup>\u00a0Manuel a cr\u00e9\u00e9 le calculateur d\u2019esp\u00e9rance de vie en 2012 dans le cadre d\u2019un rapport qui constatait que 6\u00a0d\u00e9c\u00e8s sur 10\u00a0survenus en Ontario sont associ\u00e9s \u00e0 5\u00a0habitudes modifiables\u00a0: le tabagisme, la consommation d\u2019alcool, l\u2019inactivit\u00e9 physique, la mauvaise alimentation et le stress.<\/p>\n<p>Presque tous les Ontariens pr\u00e9sentent un ou plusieurs de ces comportements malsains. Selon les conclusions du D<sup>r<\/sup>\u00a0Manuel, si chaque Ontarien modifie au moins l\u2019une de ces habitudes, notre esp\u00e9rance de vie moyenne augmenterait de 3,7\u00a0ans.<\/p>\n<h2><img decoding=\"async\" class=\"size-full wp-image-4939 alignleft img-responsive\" src=\"\/wp-content\/uploads\/2015\/10\/DougManuelHeadShotLarge.jpg\" alt=\"dougmanuelheadshotlarge\" width=\"235\" height=\"279\" \/>Consommation de sel<\/h2>\n<p>Le calculateur de consommation de sel vous donne un aper\u00e7u de la quantit\u00e9 de sel que vous consommez et les principales sources de sodium dans votre alimentation. Premier du genre en Am\u00e9rique du Nord, le calculateur a \u00e9t\u00e9 mis au point apr\u00e8s l\u2019analyse de la teneur en sodium de plus de 20\u00a0000\u00a0aliments vendus dans les \u00e9piceries et les restaurants, et est fond\u00e9 sur les habitudes alimentaires des Canadiens, ainsi que sur les donn\u00e9es les plus \u00e0 jour en mati\u00e8re de teneur en sodium.<\/p>\n<p>Le calculateur (<em>en anglais seulement<\/em>) vous pose des questions telles que\u00a0:<\/p>\n<ul>\n<li>Combien de fois par semaine mangez-vous au restaurant?<\/li>\n<li>Quels types de restaurants (restaurant-minute, restaurant avec service aux tables ou restaurant gastronomique)?<\/li>\n<li>Combien de fois par jour, par semaine ou par mois mangez-vous un aliment donn\u00e9 et en quelle quantit\u00e9?<\/li>\n<li>Quels types d\u2019aliments consommez-vous (pain, aliments pr\u00e9emball\u00e9s, fromage, etc.)?<\/li>\n<\/ul>\n<p>Les Canadiens consomment en moyenne 3\u00a0400\u00a0mg de sel par jour, soit le double de la quantit\u00e9 recommand\u00e9e. Une consommation excessive de sodium peut entra\u00eener l\u2019hypertension art\u00e9rielle et augmente le risque d\u2019accident vasculaire c\u00e9r\u00e9bral, de maladies cardiaques et de maladies r\u00e9nales. Elle a aussi \u00e9t\u00e9 associ\u00e9e \u00e0 un risque accru d\u2019ost\u00e9oporose, de cancer de l\u2019estomac et d\u2019asthme grave.<\/p>\n<p>JoAnne\u00a0Arcand, di\u00e9t\u00e9tiste du d\u00e9partement des sciences nutritionnelles de l\u2019Universit\u00e9 de Toronto, a collabor\u00e9 avec le D<sup>r<\/sup>\u00a0Manuel \u00e0 la cr\u00e9ation du calculateur de consommation de sel.<\/p>\n<p>Pour estimer votre esp\u00e9rance de vie ou votre consommation de sel, prenez cinq minutes pour essayer les deux calculateurs\u00a0\u00e0 l\u2019adresse Web suivante : <a href=\"https:\/\/www.projectbiglife.ca\/\" target=\"_blank\" rel=\"noopener noreferrer\">projectbiglife.ca<\/a><\/p>\n<h2>Risque de d\u00e9pression<\/h2>\n<p>\u00c0 partir des donn\u00e9es sur le profil de risque des Canadiens, une \u00e9quipe de recherche de l\u2019<a href=\"https:\/\/www.ucalgary.ca\/\" target=\"_blank\" rel=\"noopener noreferrer\">Universit\u00e9 de Calgary<\/a> et de l\u2019<a href=\"https:\/\/www.ohri.ca\" target=\"_blank\" rel=\"noopener noreferrer\">Institut de recherche de l\u2019H\u00f4pital d\u2019Ottawa<\/a> a mis au point un outil\u00a0 capable de pr\u00e9dire la probabilit\u00e9 d\u2019\u00eatre atteint de d\u00e9pression majeure, selon le sexe entre autres.<\/p>\n<p>Le <a href=\"https:\/\/predictingdepression.com\" target=\"_blank\" rel=\"noopener noreferrer\">calculateur de risque de d\u00e9pression<\/a> \u00e9value le risque de subir un \u00e9pisode de d\u00e9pression majeure dans les quatre\u00a0prochaines ann\u00e9es pour une personne qui n\u2019est pas d\u00e9j\u00e0 atteinte de d\u00e9pression. Il peut servir d\u2019outil de d\u00e9pistage en vue d\u2019offrir une intervention pr\u00e9coce aux personnes qui pr\u00e9sentent un risque \u00e9lev\u00e9 de d\u00e9pression avant que leurs sympt\u00f4mes n\u2019\u00e9voluent vers un \u00e9pisode de d\u00e9pression complet.<\/p>\n<p>L\u2019outil a \u00e9t\u00e9 mis au point par le D<sup>r<\/sup>\u00a0JianLi\u00a0Wang, \u00a0le D<sup>r<\/sup>\u00a0Scott\u00a0Patten et la D<sup>re<\/sup>\u00a0Glenda\u00a0MacQueen du Mathison Centre for Mental Health Research and Education de l\u2019Universit\u00e9 de Calgary, en collaboration avec le D<sup>r<\/sup><a href=\"https:\/\/www.ohri.ca\/Profiles\/manuel.asp\" target=\"_blank\" rel=\"noopener noreferrer\">\u00a0Doug\u00a0Manuel<\/a>.<\/p>\n","protected":false},"excerpt":{"rendered":"<p>Chaque ann\u00e9e, L\u2019H\u00f4pital d\u2019Ottawa admet plus de 48\u00a0000\u00a0patients dans ses unit\u00e9s et en soigne plus de 150\u00a0000\u00a0\u00e0 l\u2019urgence. Il est pourtant possible de pr\u00e9venir bon nombre de ces visites. Nous encourageons tous les r\u00e9sidants de l\u2019Est de l\u2019Ontario \u00e0 s\u2019occuper de leur sant\u00e9 et \u00e0 prendre des mesures pour pr\u00e9venir la maladie. Nous vous pr\u00e9sentons [&hellip;]<\/p>\n","protected":false},"author":25,"featured_media":0,"parent":84,"menu_order":14,"comment_status":"closed","ping_status":"closed","template":"","meta":{"_acf_changed":false,"_mc_calendar":[],"footnotes":""},"class_list":["post-252","page","type-page","status-publish","hentry"],"acf":[],"wps_subtitle":"","_links":{"self":[{"href":"https:\/\/www.ottawahospital.on.ca\/fr\/wp-json\/wp\/v2\/pages\/252","targetHints":{"allow":["GET"]}}],"collection":[{"href":"https:\/\/www.ottawahospital.on.ca\/fr\/wp-json\/wp\/v2\/pages"}],"about":[{"href":"https:\/\/www.ottawahospital.on.ca\/fr\/wp-json\/wp\/v2\/types\/page"}],"author":[{"embeddable":true,"href":"https:\/\/www.ottawahospital.on.ca\/fr\/wp-json\/wp\/v2\/users\/25"}],"replies":[{"embeddable":true,"href":"https:\/\/www.ottawahospital.on.ca\/fr\/wp-json\/wp\/v2\/comments?post=252"}],"version-history":[{"count":0,"href":"https:\/\/www.ottawahospital.on.ca\/fr\/wp-json\/wp\/v2\/pages\/252\/revisions"}],"up":[{"embeddable":true,"href":"https:\/\/www.ottawahospital.on.ca\/fr\/wp-json\/wp\/v2\/pages\/84"}],"wp:attachment":[{"href":"https:\/\/www.ottawahospital.on.ca\/fr\/wp-json\/wp\/v2\/media?parent=252"}],"curies":[{"name":"wp","href":"https:\/\/api.w.org\/{rel}","templated":true}]}}