{"id":245598,"date":"2025-12-11T15:51:40","date_gmt":"2025-12-11T20:51:40","guid":{"rendered":"https:\/\/www.ottawahospital.on.ca\/?page_id=245598"},"modified":"2025-12-11T15:51:41","modified_gmt":"2025-12-11T20:51:41","slug":"dr-michael-woo","status":"publish","type":"page","link":"https:\/\/www.ottawahospital.on.ca\/fr\/about-us\/notre-equipe-de-direction\/equipe-de-la-haute-direction\/dr-michael-woo\/","title":{"rendered":"Dr Michael Woo"},"content":{"rendered":"<div class=\"wp-block-image\">\n<figure class=\"alignleft size-full\"><img decoding=\"async\" width=\"144\" height=\"180\" src=\"https:\/\/www.ottawahospital.on.ca\/wp-content\/uploads\/2025\/12\/MichaelWoo-Profile-Pic.jpg\" alt=\"Michael Woo\" class=\"wp-image-245596\"\/><figcaption class=\"wp-element-caption\">Dr Michael Woo, MD, CCFP(EM), DRCPSC<br>Chef, D\u00e9partement d\u2019urgence<\/figcaption><\/figure>\n<\/div>\n\n\n<p>Le D<sup>r<\/sup> Woo est professeur titulaire au D\u00e9partement de m\u00e9decine d\u2019urgence de la Facult\u00e9 de m\u00e9decine; il est aussi urgentiste et chef de l\u2019\u00e9quipe de traumatologie \u00e0 L\u2019HO depuis plus de 20 ans. Il a obtenu son doctorat en m\u00e9decine \u00e0 l\u2019Universit\u00e9 Queen\u2019s en 1998 et a termin\u00e9 ses r\u00e9sidences en m\u00e9decine familiale et en m\u00e9decine d\u2019urgence \u00e0 l\u2019Universit\u00e9 d\u2019Ottawa en 2001.<\/p>\n\n\n\n<p>Expert de renomm\u00e9e internationale en \u00e9chographies cibl\u00e9es, le D<sup>r<\/sup> Woo a cr\u00e9\u00e9 le premier programme de bourses de recherche dans ce domaine au Canada et a jou\u00e9 un r\u00f4le d\u00e9terminant dans l\u2019\u00e9tablissement du dipl\u00f4me en \u00e9chographie cibl\u00e9e en collaboration avec le Coll\u00e8ge royal des m\u00e9decins et chirurgiens du Canada. En tant que directeur de la recherche et de l\u2019innovation en \u00e9chographie pour la m\u00e9decine d\u2019urgence \u00e0 l\u2019Universit\u00e9 d\u2019Ottawa et \u00e0 L\u2019H\u00f4pital d\u2019Ottawa, il a particip\u00e9 \u00e0 la mise en place d\u2019un des principaux programmes universitaires en \u00e9chographie cibl\u00e9e au pays.<\/p>\n\n\n\n<p>Tout au long de sa carri\u00e8re, le D<sup>r<\/sup> Woo a fait preuve d\u2019un d\u00e9vouement exemplaire \u00e0 l\u2019\u00e9gard de l\u2019\u00e9ducation, du mentorat et de l\u2019innovation. Il a dirig\u00e9 des initiatives conjointes, interdisciplinaires et interprofessionnelles dans le milieu de l\u2019enseignement au premier cycle, au niveau postdoctoral et dans le cadre de fellowships, contribuant ainsi \u00e0 d\u00e9finir les normes nationales en mati\u00e8re de formation et d\u2019\u00e9valuation en \u00e9chographie. Ses contributions scientifiques comprennent de nombreuses publications dans des revues \u00e0 comit\u00e9 de lecture et des conf\u00e9rences.<\/p>\n\n\n\n<p>Au-del\u00e0 de son leadership dans les milieux de l\u2019enseignement et de la recherche, le D<sup>r<\/sup> Woo s\u2019est consacr\u00e9, tout au long de sa carri\u00e8re, \u00e0 un large \u00e9ventail de pratiques en m\u00e9decine d\u2019urgence, depuis les h\u00f4pitaux ruraux et isol\u00e9s d\u2019Iqaluit jusqu\u2019\u00e0 la vall\u00e9e de l\u2019Outaouais et les centres de soins tertiaires en zones urbaines. Ses fonctions cliniques et administratives comprennent notamment celles de directeur m\u00e9dical du programme d\u2019\u00e9chographie cibl\u00e9e \u00e0 L\u2019HO et de directeur m\u00e9dical du service d\u2019urgence au Kemptville District Hospital. Gr\u00e2ce \u00e0 ces exp\u00e9riences, il a acquis une fine compr\u00e9hension du continuum des soins d\u2019urgence dans divers contextes.<\/p>\n\n\n\n<p>La d\u00e9termination du D<sup>r<\/sup> Woo \u00e0 atteindre l\u2019excellence clinique, \u00e0 prodiguer des soins centr\u00e9s sur la personne et \u00e0 innover dans le domaine des soins de sant\u00e9 va de pair avec son engagement \u00e0 promouvoir une culture de collaboration, de compassion et d\u2019am\u00e9lioration continue. Sa vision guidera le D\u00e9partement de m\u00e9decine d\u2019urgence dans la promotion de soins int\u00e9gr\u00e9s et de haute qualit\u00e9 dans toute la r\u00e9gion, tout en r\u00e9affirmant son r\u00f4le de chef de file national et international en recherche, en \u00e9ducation et en innovation.<\/p>\n\n\n\n<p><\/p>\n","protected":false},"excerpt":{"rendered":"<p>Le Dr Woo est professeur titulaire au D\u00e9partement de m\u00e9decine d\u2019urgence de la Facult\u00e9 de m\u00e9decine; il est aussi urgentiste et chef de l\u2019\u00e9quipe de traumatologie \u00e0 L\u2019HO depuis plus de 20 ans. Il a obtenu son doctorat en m\u00e9decine \u00e0 l\u2019Universit\u00e9 Queen\u2019s en 1998 et a termin\u00e9 ses r\u00e9sidences en m\u00e9decine familiale et en [&hellip;]<\/p>\n","protected":false},"author":25,"featured_media":0,"parent":4550,"menu_order":0,"comment_status":"closed","ping_status":"closed","template":"","meta":{"_acf_changed":false,"_mc_calendar":[],"footnotes":""},"class_list":["post-245598","page","type-page","status-publish","hentry"],"acf":[],"wps_subtitle":"","_links":{"self":[{"href":"https:\/\/www.ottawahospital.on.ca\/fr\/wp-json\/wp\/v2\/pages\/245598","targetHints":{"allow":["GET"]}}],"collection":[{"href":"https:\/\/www.ottawahospital.on.ca\/fr\/wp-json\/wp\/v2\/pages"}],"about":[{"href":"https:\/\/www.ottawahospital.on.ca\/fr\/wp-json\/wp\/v2\/types\/page"}],"author":[{"embeddable":true,"href":"https:\/\/www.ottawahospital.on.ca\/fr\/wp-json\/wp\/v2\/users\/25"}],"replies":[{"embeddable":true,"href":"https:\/\/www.ottawahospital.on.ca\/fr\/wp-json\/wp\/v2\/comments?post=245598"}],"version-history":[{"count":0,"href":"https:\/\/www.ottawahospital.on.ca\/fr\/wp-json\/wp\/v2\/pages\/245598\/revisions"}],"up":[{"embeddable":true,"href":"https:\/\/www.ottawahospital.on.ca\/fr\/wp-json\/wp\/v2\/pages\/4550"}],"wp:attachment":[{"href":"https:\/\/www.ottawahospital.on.ca\/fr\/wp-json\/wp\/v2\/media?parent=245598"}],"curies":[{"name":"wp","href":"https:\/\/api.w.org\/{rel}","templated":true}]}}