{"id":245348,"date":"2025-12-02T09:01:22","date_gmt":"2025-12-02T14:01:22","guid":{"rendered":"https:\/\/www.ottawahospital.on.ca\/?page_id=245348"},"modified":"2025-12-02T09:04:23","modified_gmt":"2025-12-02T14:04:23","slug":"janet-graham","status":"publish","type":"page","link":"https:\/\/www.ottawahospital.on.ca\/fr\/about-us\/notre-equipe-de-direction\/conseil-des-gouverneurs\/membres-du-conseil\/janet-graham\/","title":{"rendered":"Janet Graham"},"content":{"rendered":"<div class=\"wp-block-image\">\n<figure class=\"alignleft size-large is-resized\"><img decoding=\"async\" width=\"683\" height=\"1024\" src=\"https:\/\/www.ottawahospital.on.ca\/wp-content\/uploads\/2025\/12\/Janet-Graham-8808-683x1024.jpg\" alt=\"\" class=\"wp-image-245345\" style=\"width:144px\"\/><figcaption class=\"wp-element-caption\">Janet Graham, membre d&rsquo;office<\/figcaption><\/figure>\n<\/div>\n\n\n<p>Janet\u00a0Graham est une leader tr\u00e8s exp\u00e9riment\u00e9e en soins infirmiers qui fait carri\u00e8re \u00e0 L\u2019H\u00f4pital d\u2019Ottawa depuis plus de 30\u00a0ans. En tant que chef des soins infirmiers et directrice ex\u00e9cutive des soins m\u00e9dicaux, elle assure la direction de la m\u00e9decine g\u00e9n\u00e9rale, des sursp\u00e9cialit\u00e9s m\u00e9dicales et des syst\u00e8mes d\u2019exercice professionnel, en menant des initiatives strat\u00e9giques en mati\u00e8re de qualit\u00e9 des soins, de s\u00e9curit\u00e9 des patients, de formation et de d\u00e9veloppement professionnel du personnel infirmier.<\/p>\n\n\n\n<p>Au cours de sa carri\u00e8re \u00e0 l\u2019H\u00f4pital, Janet a occup\u00e9 une grande vari\u00e9t\u00e9 de fonctions, allant des soins infirmiers de chevet \u00e0 la recherche clinique, en passant par les soins infirmiers en pratique avanc\u00e9e, la direction clinique d\u2019un large \u00e9ventail de programmes cliniques, ainsi que des postes de direction aux niveaux r\u00e9gional et provincial.<\/p>\n\n\n\n<p>Son exp\u00e9rience clinique diversifi\u00e9e comprend une vaste expertise en n\u00e9phrologie, puisqu\u2019elle a \u00e9t\u00e9 directrice r\u00e9gionale du Programme de n\u00e9phrologie et de transplantation pendant plus de 10\u00a0ans, jouant un r\u00f4le essentiel dans les soins aux patients atteints d\u2019une maladie r\u00e9nale chronique.<\/p>\n\n\n\n<p>Janet est tr\u00e8s respect\u00e9e en tant que d\u00e9fenseure et apprenante \u00e0 vie. Elle a dirig\u00e9 des \u00e9quipes aux niveaux r\u00e9gional, provincial et national\u00a0\u2013 notamment en tant que pr\u00e9sidente de la Canadian Association of Nephrology Administrators \u2013 dans le but de promouvoir l\u2019excellence des soins, l\u2019innovation et les am\u00e9liorations \u00e0 l\u2019\u00e9chelle du syst\u00e8me pour les patients vuln\u00e9rables.<\/p>\n\n\n\n<p>Sous sa direction, les soins infirmiers \u00e0 L\u2019H\u00f4pital d\u2019Ottawa sont empreints de compassion et inspir\u00e9s par l\u2019excellence clinique et l\u2019engagement envers le perfectionnement. La vision de Janet est fond\u00e9e sur la collaboration, la pratique fond\u00e9e sur des donn\u00e9es probantes et l\u2019apprentissage continu. Elle encourage des disciplines fortes, en pla\u00e7ant toujours les besoins des patients et des familles au premier plan.<\/p>\n","protected":false},"excerpt":{"rendered":"<p>Janet\u00a0Graham est une leader tr\u00e8s exp\u00e9riment\u00e9e en soins infirmiers qui fait carri\u00e8re \u00e0 L\u2019H\u00f4pital d\u2019Ottawa depuis plus de 30\u00a0ans. En tant que chef des soins infirmiers et directrice ex\u00e9cutive des soins m\u00e9dicaux, elle assure la direction de la m\u00e9decine g\u00e9n\u00e9rale, des sursp\u00e9cialit\u00e9s m\u00e9dicales et des syst\u00e8mes d\u2019exercice professionnel, en menant des initiatives strat\u00e9giques en mati\u00e8re [&hellip;]<\/p>\n","protected":false},"author":25,"featured_media":0,"parent":4561,"menu_order":0,"comment_status":"closed","ping_status":"closed","template":"","meta":{"_acf_changed":false,"_mc_calendar":[],"footnotes":""},"class_list":["post-245348","page","type-page","status-publish","hentry"],"acf":[],"wps_subtitle":"","_links":{"self":[{"href":"https:\/\/www.ottawahospital.on.ca\/fr\/wp-json\/wp\/v2\/pages\/245348","targetHints":{"allow":["GET"]}}],"collection":[{"href":"https:\/\/www.ottawahospital.on.ca\/fr\/wp-json\/wp\/v2\/pages"}],"about":[{"href":"https:\/\/www.ottawahospital.on.ca\/fr\/wp-json\/wp\/v2\/types\/page"}],"author":[{"embeddable":true,"href":"https:\/\/www.ottawahospital.on.ca\/fr\/wp-json\/wp\/v2\/users\/25"}],"replies":[{"embeddable":true,"href":"https:\/\/www.ottawahospital.on.ca\/fr\/wp-json\/wp\/v2\/comments?post=245348"}],"version-history":[{"count":0,"href":"https:\/\/www.ottawahospital.on.ca\/fr\/wp-json\/wp\/v2\/pages\/245348\/revisions"}],"up":[{"embeddable":true,"href":"https:\/\/www.ottawahospital.on.ca\/fr\/wp-json\/wp\/v2\/pages\/4561"}],"wp:attachment":[{"href":"https:\/\/www.ottawahospital.on.ca\/fr\/wp-json\/wp\/v2\/media?parent=245348"}],"curies":[{"name":"wp","href":"https:\/\/api.w.org\/{rel}","templated":true}]}}