{"id":241664,"date":"2025-09-30T16:25:04","date_gmt":"2025-09-30T20:25:04","guid":{"rendered":"https:\/\/www.ottawahospital.on.ca\/?page_id=241664"},"modified":"2025-09-30T16:28:12","modified_gmt":"2025-09-30T20:28:12","slug":"dre-madeleine-montpetit","status":"publish","type":"page","link":"https:\/\/www.ottawahospital.on.ca\/fr\/about-us\/notre-equipe-de-direction\/equipe-de-la-haute-direction\/dre-madeleine-montpetit\/","title":{"rendered":"Dre Madeleine Montpetit"},"content":{"rendered":"<div class=\"wp-block-image\">\n<figure class=\"alignleft size-full\"><img decoding=\"async\" width=\"135\" height=\"169\" src=\"https:\/\/www.ottawahospital.on.ca\/wp-content\/uploads\/2023\/10\/MadeleineMontpetit-Profile.jpg\" alt=\"Madeleine Montpetit\" class=\"wp-image-79042\"\/><figcaption class=\"wp-element-caption\"><strong>D<sup>re <\/sup>Madeleine Montpetit<\/strong>, Cadre m\u00e9dicale principale, D\u00e9partement de m\u00e9decine familiale<\/figcaption><\/figure>\n<\/div>\n\n\n<p>Dre Madeleine Montpetit est une m\u00e9decin et leader acad\u00e9mique reconnue pour son engagement de longue date envers l\u2019am\u00e9lioration des soins aux patients, l\u2019\u00e9ducation m\u00e9dicale et l\u2019innovation des syst\u00e8mes de sant\u00e9. Depuis son arriv\u00e9e \u00e0 L\u2019H\u00f4pital d\u2019Ottawa en 2005, elle a jou\u00e9 un r\u00f4le d\u00e9terminant dans le d\u00e9veloppement de l\u2019\u00c9quipe de sant\u00e9 familiale universitaire Riverside, d\u2019abord comme premi\u00e8re directrice du programme postdoctoral de l\u2019unit\u00e9, puis comme directrice m\u00e9dicale de 2011 \u00e0 2022.<\/p>\n\n\n\n<p>\u00c0 titre de directrice m\u00e9dicale, elle a dirig\u00e9 plusieurs initiatives majeures, notamment l\u2019\u00e9largissement des services cliniques, la mise en \u0153uvre d\u2019un nouveau syst\u00e8me de dossier m\u00e9dical \u00e9lectronique (DME), ainsi que la coordination de la r\u00e9ponse de l\u2019\u00e9quipe de sant\u00e9 familiale \u00e0 la pand\u00e9mie \u2014 illustrant sa vision strat\u00e9gique et son excellence op\u00e9rationnelle.<\/p>\n\n\n\n<p>Dre Montpetit a occup\u00e9 plusieurs postes de direction au sein du D\u00e9partement de m\u00e9decine familiale de l\u2019Universit\u00e9 d\u2019Ottawa, o\u00f9 elle est professeure agr\u00e9g\u00e9e. Son travail acad\u00e9mique se concentre sur le soutien aux apprenants en difficult\u00e9 et sur la promotion d\u2019une formation m\u00e9dicale inclusive et de haute qualit\u00e9. \u00c0 l\u2019\u00e9chelle nationale, elle a agi comme navigatrice des syst\u00e8mes complexes pour le projet&nbsp;<em>Outcomes of Training<\/em>&nbsp;du Coll\u00e8ge des m\u00e9decins de famille du Canada, contribuant \u00e0 l\u2019\u00e9volution de la formation et de la pratique en m\u00e9decine familiale au pays.<\/p>\n\n\n\n<p>Son leadership et ses contributions ont \u00e9t\u00e9 soulign\u00e9s par le Prix de leadership de L\u2019H\u00f4pital d\u2019Ottawa (2010), le Prix Andr\u00e9 Peloquin de l\u2019Universit\u00e9 d\u2019Ottawa (2011), ainsi que le Prix du corps professoral exceptionnel du D\u00e9partement de m\u00e9decine familiale (2022), t\u00e9moignant de son impact durable sur les soins de sant\u00e9 et l\u2019\u00e9ducation m\u00e9dicale.<\/p>\n","protected":false},"excerpt":{"rendered":"<p>Dre Madeleine Montpetit est une m\u00e9decin et leader acad\u00e9mique reconnue pour son engagement de longue date envers l\u2019am\u00e9lioration des soins aux patients, l\u2019\u00e9ducation m\u00e9dicale et l\u2019innovation des syst\u00e8mes de sant\u00e9. Depuis son arriv\u00e9e \u00e0 L\u2019H\u00f4pital d\u2019Ottawa en 2005, elle a jou\u00e9 un r\u00f4le d\u00e9terminant dans le d\u00e9veloppement de l\u2019\u00c9quipe de sant\u00e9 familiale universitaire Riverside, d\u2019abord [&hellip;]<\/p>\n","protected":false},"author":25,"featured_media":0,"parent":4550,"menu_order":0,"comment_status":"closed","ping_status":"closed","template":"","meta":{"_acf_changed":false,"_mc_calendar":[],"footnotes":""},"class_list":["post-241664","page","type-page","status-publish","hentry"],"acf":[],"wps_subtitle":"","_links":{"self":[{"href":"https:\/\/www.ottawahospital.on.ca\/fr\/wp-json\/wp\/v2\/pages\/241664","targetHints":{"allow":["GET"]}}],"collection":[{"href":"https:\/\/www.ottawahospital.on.ca\/fr\/wp-json\/wp\/v2\/pages"}],"about":[{"href":"https:\/\/www.ottawahospital.on.ca\/fr\/wp-json\/wp\/v2\/types\/page"}],"author":[{"embeddable":true,"href":"https:\/\/www.ottawahospital.on.ca\/fr\/wp-json\/wp\/v2\/users\/25"}],"replies":[{"embeddable":true,"href":"https:\/\/www.ottawahospital.on.ca\/fr\/wp-json\/wp\/v2\/comments?post=241664"}],"version-history":[{"count":0,"href":"https:\/\/www.ottawahospital.on.ca\/fr\/wp-json\/wp\/v2\/pages\/241664\/revisions"}],"up":[{"embeddable":true,"href":"https:\/\/www.ottawahospital.on.ca\/fr\/wp-json\/wp\/v2\/pages\/4550"}],"wp:attachment":[{"href":"https:\/\/www.ottawahospital.on.ca\/fr\/wp-json\/wp\/v2\/media?parent=241664"}],"curies":[{"name":"wp","href":"https:\/\/api.w.org\/{rel}","templated":true}]}}