{"id":241208,"date":"2025-09-25T10:54:59","date_gmt":"2025-09-25T14:54:59","guid":{"rendered":"https:\/\/www.ottawahospital.on.ca\/?page_id=241208"},"modified":"2025-09-25T10:55:09","modified_gmt":"2025-09-25T14:55:09","slug":"obstetricien-gynecologue","status":"publish","type":"page","link":"https:\/\/www.ottawahospital.on.ca\/fr\/possibilites-de-carriere\/recrutement-du-personnel-medical\/obstetricien-gynecologue\/","title":{"rendered":"Obst\u00e9tricien-gyn\u00e9cologue"},"content":{"rendered":"\n<p>Le D\u00e9partement d\u2019obst\u00e9trique, de gyn\u00e9cologie et de soins aux nouveau-n\u00e9s de L\u2019H\u00f4pital\u00a0d\u2019Ottawa ainsi que le D\u00e9partement d\u2019obst\u00e9trique et de gyn\u00e9cologie de l\u2019Universit\u00e9 d\u2019Ottawa souhaitent recruter un obst\u00e9tricien-gyn\u00e9cologue qui les aidera \u00e0 r\u00e9aliser leur vision et leur mission. Le titulaire du poste effectuera son travail clinique dans la Division d\u2019obst\u00e9trique et de gyn\u00e9cologie g\u00e9n\u00e9rales et rel\u00e8vera du chef de la Division et du directeur et chef du D\u00e9partement d\u2019obst\u00e9trique, de gyn\u00e9cologie et de soins aux nouveau-n\u00e9s.<\/p>\n\n\n\n<p>Tout candidat doit \u00eatre admissible \u00e0 une affectation au sein du D\u00e9partement d\u2019obst\u00e9trique et de gyn\u00e9cologie de l\u2019Universit\u00e9 d\u2019Ottawa. Nous sommes plus particuli\u00e8rement \u00e0 la recherche d\u2019un candidat qui a une expertise clinique en obst\u00e9trique et gyn\u00e9cologie g\u00e9n\u00e9rales ou une exp\u00e9rience et une excellence reconnues en recherche, en formation, en initiatives d\u2019am\u00e9lioration de la qualit\u00e9 ou en prestation de soins cliniques. De plus, une expertise dans le domaine de la chirurgie gyn\u00e9cologique peu effractive, dont particuli\u00e8rement la mise en application des techniques avanc\u00e9es d\u2019\u00e9chographie dans le traitement de l\u2019endom\u00e9triose, enrichirait nos programmes cliniques. Bien que cela ne soit pas obligatoire, l\u2019ach\u00e8vement d\u2019un programme de ma\u00eetrise dans un domaine pertinent (p. ex. sant\u00e9 publique, gestion des soins de sant\u00e9, \u00e9pid\u00e9miologie ou formation m\u00e9dicale) serait un atout pour le D\u00e9partement.<\/p>\n\n\n\n<p>Ce poste comprend du travail clinique, y compris des tours de garde. Le titulaire du poste devra aussi enseigner \u00e0 des stagiaires de tous les niveaux, parmi lesquels des \u00e9tudiants en m\u00e9decine, des r\u00e9sidents et des moniteurs cliniques. Tous les membres du corps professoral peuvent contribuer \u00e0 l\u2019excellent programme de recherche du D\u00e9partement par leur travail de collaboration et leur participation au recrutement des patientes. Le candidat aura un excellent esprit d\u2019\u00e9quipe, en plus de savoir communiquer efficacement avec les patientes, ses coll\u00e8gues, le personnel et la direction, et d\u2019\u00eatre en mesure de travailler efficacement dans un milieu o\u00f9 les activit\u00e9s se d\u00e9roulent \u00e0 un rythme rapide tout en gardant \u00e0 l\u2019esprit l\u2019importance d\u2019offrir des soins de qualit\u00e9 centr\u00e9s sur la patiente et sa famille.<\/p>\n\n\n\n<h2 class=\"wp-block-heading\">Crit\u00e8res d\u2019admissibilit\u00e9<\/h2>\n\n\n\n<ul class=\"wp-block-list\">\n<li>Poss\u00e9der le titre d\u2019obst\u00e9tricien-gyn\u00e9cologue agr\u00e9\u00e9 par le Coll\u00e8ge royal des m\u00e9decins et chirurgiens du Canada ou une certification \u00e9quivalente.<\/li>\n\n\n\n<li>\u00catre inscrit aupr\u00e8s de l\u2019Ordre des m\u00e9decins et chirurgiens de l\u2019Ontario (ou remplir les conditions requises).<\/li>\n\n\n\n<li>Nous encourageons toutes les personnes qualifi\u00e9es \u00e0 postuler. Cependant, la pr\u00e9f\u00e9rence sera accord\u00e9e aux citoyens canadiens et aux r\u00e9sidents permanents du Canada.<\/li>\n<\/ul>\n\n\n\n<h2 class=\"wp-block-heading\">Candidatures<\/h2>\n\n\n\n<p>L\u2019examen des candidatures commencera imm\u00e9diatement et se poursuivra jusqu\u2019\u00e0 ce que le poste soit pourvu. Si le poste vous int\u00e9resse, veuillez envoyer une lettre de pr\u00e9sentation, votre curriculum vit\u00e6 et deux lettres de recommandation \u00e0 l\u2019attention de\u00a0:<\/p>\n\n\n\n<p><strong>D<sup>r<\/sup> Sukhbir Singh<\/strong><\/p>\n\n\n\n<p><strong>Directeur et chef du D\u00e9partement d\u2019obst\u00e9trique, de gyn\u00e9cologie et de soins aux nouveau-n\u00e9s<\/strong><br>L\u2019H\u00f4pital d\u2019Ottawa \u2013 Campus G\u00e9n\u00e9ral<br>501, chemin Smyth, 8e&nbsp;\u00e9tage, C.P.&nbsp;804<br>Ottawa, ON &nbsp;K1H 8L6<\/p>\n\n\n\n<p>Email: <a href=\"mailto:susingh@toh.ca\"><strong>susingh@lho.ca<\/strong><\/a> <\/p>\n","protected":false},"excerpt":{"rendered":"<p>Le D\u00e9partement d\u2019obst\u00e9trique, de gyn\u00e9cologie et de soins aux nouveau-n\u00e9s de L\u2019H\u00f4pital\u00a0d\u2019Ottawa ainsi que le D\u00e9partement d\u2019obst\u00e9trique et de gyn\u00e9cologie de l\u2019Universit\u00e9 d\u2019Ottawa souhaitent recruter un obst\u00e9tricien-gyn\u00e9cologue qui les aidera \u00e0 r\u00e9aliser leur vision et leur mission. Le titulaire du poste effectuera son travail clinique dans la Division d\u2019obst\u00e9trique et de gyn\u00e9cologie g\u00e9n\u00e9rales et rel\u00e8vera [&hellip;]<\/p>\n","protected":false},"author":25,"featured_media":0,"parent":84543,"menu_order":0,"comment_status":"closed","ping_status":"closed","template":"","meta":{"_acf_changed":false,"_mc_calendar":[],"footnotes":""},"class_list":["post-241208","page","type-page","status-publish","hentry"],"acf":[],"wps_subtitle":"","_links":{"self":[{"href":"https:\/\/www.ottawahospital.on.ca\/fr\/wp-json\/wp\/v2\/pages\/241208","targetHints":{"allow":["GET"]}}],"collection":[{"href":"https:\/\/www.ottawahospital.on.ca\/fr\/wp-json\/wp\/v2\/pages"}],"about":[{"href":"https:\/\/www.ottawahospital.on.ca\/fr\/wp-json\/wp\/v2\/types\/page"}],"author":[{"embeddable":true,"href":"https:\/\/www.ottawahospital.on.ca\/fr\/wp-json\/wp\/v2\/users\/25"}],"replies":[{"embeddable":true,"href":"https:\/\/www.ottawahospital.on.ca\/fr\/wp-json\/wp\/v2\/comments?post=241208"}],"version-history":[{"count":0,"href":"https:\/\/www.ottawahospital.on.ca\/fr\/wp-json\/wp\/v2\/pages\/241208\/revisions"}],"up":[{"embeddable":true,"href":"https:\/\/www.ottawahospital.on.ca\/fr\/wp-json\/wp\/v2\/pages\/84543"}],"wp:attachment":[{"href":"https:\/\/www.ottawahospital.on.ca\/fr\/wp-json\/wp\/v2\/media?parent=241208"}],"curies":[{"name":"wp","href":"https:\/\/api.w.org\/{rel}","templated":true}]}}