{"id":230,"date":"2015-10-02T11:14:08","date_gmt":"2015-10-02T15:14:08","guid":{"rendered":"http:\/\/toh.masm.ca\/fr\/?page_id=230"},"modified":"2015-10-02T11:14:34","modified_gmt":"2015-10-02T15:14:34","slug":"soutien-et-suivi","status":"publish","type":"page","link":"https:\/\/www.ottawahospital.on.ca\/fr\/patients-et-visiteurs\/soutien-et-suivi\/","title":{"rendered":"Soutien et suivi"},"content":{"rendered":"<p>Il est important pour nous que les patients et les familles des patients sachent qu&rsquo;ils ne sont pas seuls. Que vous soyez un patient externe ou un patient qui a s\u00e9journ\u00e9 \u00e0 l\u2019h\u00f4pital, nous vous fournirons le soutien et le suivi dont vous avez besoin en plus de r\u00e9pondre \u00e0 toutes vos questions.<\/p>\n","protected":false},"excerpt":{"rendered":"<p>Il est important pour nous que les patients et les familles des patients sachent qu&rsquo;ils ne sont pas seuls. Que vous soyez un patient externe ou un patient qui a s\u00e9journ\u00e9 \u00e0 l\u2019h\u00f4pital, nous vous fournirons le soutien et le suivi dont vous avez besoin en plus de r\u00e9pondre \u00e0 toutes vos questions.<\/p>\n","protected":false},"author":25,"featured_media":0,"parent":84,"menu_order":8,"comment_status":"closed","ping_status":"closed","template":"","meta":{"_acf_changed":false,"_mc_calendar":[],"footnotes":""},"class_list":["post-230","page","type-page","status-publish","hentry"],"acf":[],"wps_subtitle":"","_links":{"self":[{"href":"https:\/\/www.ottawahospital.on.ca\/fr\/wp-json\/wp\/v2\/pages\/230","targetHints":{"allow":["GET"]}}],"collection":[{"href":"https:\/\/www.ottawahospital.on.ca\/fr\/wp-json\/wp\/v2\/pages"}],"about":[{"href":"https:\/\/www.ottawahospital.on.ca\/fr\/wp-json\/wp\/v2\/types\/page"}],"author":[{"embeddable":true,"href":"https:\/\/www.ottawahospital.on.ca\/fr\/wp-json\/wp\/v2\/users\/25"}],"replies":[{"embeddable":true,"href":"https:\/\/www.ottawahospital.on.ca\/fr\/wp-json\/wp\/v2\/comments?post=230"}],"version-history":[{"count":0,"href":"https:\/\/www.ottawahospital.on.ca\/fr\/wp-json\/wp\/v2\/pages\/230\/revisions"}],"up":[{"embeddable":true,"href":"https:\/\/www.ottawahospital.on.ca\/fr\/wp-json\/wp\/v2\/pages\/84"}],"wp:attachment":[{"href":"https:\/\/www.ottawahospital.on.ca\/fr\/wp-json\/wp\/v2\/media?parent=230"}],"curies":[{"name":"wp","href":"https:\/\/api.w.org\/{rel}","templated":true}]}}