{"id":228712,"date":"2025-07-04T11:04:08","date_gmt":"2025-07-04T15:04:08","guid":{"rendered":"https:\/\/www.ottawahospital.on.ca\/?page_id=228712"},"modified":"2025-07-04T11:04:09","modified_gmt":"2025-07-04T15:04:09","slug":"dre-carole-dennie","status":"publish","type":"page","link":"https:\/\/www.ottawahospital.on.ca\/fr\/about-us\/notre-equipe-de-direction\/equipe-de-la-haute-direction\/dre-carole-dennie\/","title":{"rendered":"Dre Carole Dennie"},"content":{"rendered":"<div class=\"wp-block-image is-style-default\">\n<figure class=\"alignleft size-large is-resized\"><img decoding=\"async\" src=\"https:\/\/www.ottawahospital.on.ca\/wp-content\/uploads\/2025\/06\/Carole_Dennie_0124-.jpg\" alt=\"Carole Dennie\" style=\"width:192px;height:auto\"\/><figcaption class=\"wp-element-caption\"><strong>Dre Carole Dennis, <\/strong>Chef, D\u00e9partement d\u2019imagerie m\u00e9dicale<\/figcaption><\/figure>\n<\/div>\n\n\n<p>La Dre Dennie, radiologiste cardiothoracique et clinicienne chercheuse, est membre du corps professoral de la Facult\u00e9 de m\u00e9decine depuis 1993. Elle est professeure au sein du D\u00e9partement de radiologie, de radio-oncologie et de physique m\u00e9dicale, et a auparavant \u00e9t\u00e9 professeure associ\u00e9e au D\u00e9partement de m\u00e9decine (cardiologie). Elle est cheffe de la section de radiologie cardiaque \u00e0 L\u2019H\u00f4pital d\u2019Ottawa depuis 2005 et cheffe de l\u2019imagerie thoracique depuis 2008. Elle est \u00e9galement co-directrice de la radiologie cardiaque et de l\u2019IRM \u00e0 l\u2019Institut de cardiologie de l\u2019Universit\u00e9 d\u2019Ottawa.<\/p>\n\n\n\n<p>La Dre Dennie a si\u00e9g\u00e9 \u00e0 de nombreux comit\u00e9s, conseils et groupes de travail externes. Elle est la pr\u00e9sidente fondatrice de la Soci\u00e9t\u00e9 canadienne de radiologie thoracique, une filiale de l\u2019Association canadienne des radiologistes, qui favorise les liens \u00e9ducatifs, de recherche et administratifs afin de maintenir les plus hauts standards en imagerie thoracique \u00e0 travers le Canada. Elle est responsable de la qualit\u00e9 en radiologie pour le Programme ontarien de d\u00e9pistage du cancer du poumon chez Ontario Sant\u00e9, pr\u00e9sidente d\u00e9sign\u00e9e de la North American Society for Cardiovascular Imaging, membre du conseil ex\u00e9cutif de la Society of Thoracic Radiology et r\u00e9dactrice en chef adjointe de la revue <em>Radiology \u2013 Cardiothoracic Imaging<\/em>.<\/p>\n\n\n\n<p>La Dre Dennie poss\u00e8de une vaste exp\u00e9rience en leadership au sein de la Facult\u00e9 et de L\u2019H\u00f4pital d\u2019Ottawa, notamment comme directrice de l\u2019enseignement en radiologie aux niveaux pr\u00e9doctoral, postdoctoral, de la formation compl\u00e9mentaire (fellowship) et de la formation m\u00e9dicale continue. Elle a \u00e9galement si\u00e9g\u00e9 au comit\u00e9 des promotions du d\u00e9partement et du corps professoral clinique. Elle a occup\u00e9 plusieurs postes au sein du Coll\u00e8ge royal des m\u00e9decins et chirurgiens du Canada (CRMCC), y compris pr\u00e9sidente du Comit\u00e9 des examens en radiologie diagnostique et vice-pr\u00e9sidente du Comit\u00e9 de la sp\u00e9cialit\u00e9 en radiologie diagnostique.<\/p>\n\n\n\n<p>La Dre Dennie a obtenu son dipl\u00f4me en m\u00e9decine (MD) \u00e0 l\u2019Universit\u00e9 d\u2019Ottawa et a compl\u00e9t\u00e9 sa r\u00e9sidence en radiologie diagnostique \u00e0 l\u2019Universit\u00e9 d\u2019Ottawa et \u00e0 l\u2019Universit\u00e9 McMaster en 1991. Elle a ensuite suivi une formation postdoctorale (fellowship) en imagerie thoracique \u00e0 l\u2019Universit\u00e9 McMaster en 1992 et s\u2019est sp\u00e9cialis\u00e9e en IRM cardiaque au University Health Network de Toronto en 2001.<\/p>\n","protected":false},"excerpt":{"rendered":"<p>La Dre Dennie, radiologiste cardiothoracique et clinicienne chercheuse, est membre du corps professoral de la Facult\u00e9 de m\u00e9decine depuis 1993. Elle est professeure au sein du D\u00e9partement de radiologie, de radio-oncologie et de physique m\u00e9dicale, et a auparavant \u00e9t\u00e9 professeure associ\u00e9e au D\u00e9partement de m\u00e9decine (cardiologie). Elle est cheffe de la section de radiologie cardiaque [&hellip;]<\/p>\n","protected":false},"author":25,"featured_media":0,"parent":4550,"menu_order":0,"comment_status":"closed","ping_status":"closed","template":"","meta":{"_acf_changed":false,"_mc_calendar":[],"footnotes":""},"class_list":["post-228712","page","type-page","status-publish","hentry"],"acf":[],"wps_subtitle":"","_links":{"self":[{"href":"https:\/\/www.ottawahospital.on.ca\/fr\/wp-json\/wp\/v2\/pages\/228712","targetHints":{"allow":["GET"]}}],"collection":[{"href":"https:\/\/www.ottawahospital.on.ca\/fr\/wp-json\/wp\/v2\/pages"}],"about":[{"href":"https:\/\/www.ottawahospital.on.ca\/fr\/wp-json\/wp\/v2\/types\/page"}],"author":[{"embeddable":true,"href":"https:\/\/www.ottawahospital.on.ca\/fr\/wp-json\/wp\/v2\/users\/25"}],"replies":[{"embeddable":true,"href":"https:\/\/www.ottawahospital.on.ca\/fr\/wp-json\/wp\/v2\/comments?post=228712"}],"version-history":[{"count":0,"href":"https:\/\/www.ottawahospital.on.ca\/fr\/wp-json\/wp\/v2\/pages\/228712\/revisions"}],"up":[{"embeddable":true,"href":"https:\/\/www.ottawahospital.on.ca\/fr\/wp-json\/wp\/v2\/pages\/4550"}],"wp:attachment":[{"href":"https:\/\/www.ottawahospital.on.ca\/fr\/wp-json\/wp\/v2\/media?parent=228712"}],"curies":[{"name":"wp","href":"https:\/\/api.w.org\/{rel}","templated":true}]}}