{"id":228513,"date":"2025-06-30T14:38:26","date_gmt":"2025-06-30T18:38:26","guid":{"rendered":"https:\/\/www.ottawahospital.on.ca\/?page_id=228513"},"modified":"2025-07-09T10:30:16","modified_gmt":"2025-07-09T14:30:16","slug":"dre-julie-st-pierre","status":"publish","type":"page","link":"https:\/\/www.ottawahospital.on.ca\/fr\/about-us\/notre-equipe-de-direction\/conseil-des-gouverneurs\/membres-du-conseil\/dre-julie-st-pierre\/","title":{"rendered":"Dre Julie St Pierre"},"content":{"rendered":"<div class=\"wp-block-image\">\n<figure class=\"alignleft size-full is-resized\"><img decoding=\"async\" width=\"378\" height=\"351\" src=\"https:\/\/www.ottawahospital.on.ca\/wp-content\/uploads\/2025\/06\/Julie-St-Pierre-photo-002.jpg\" alt=\"Dre Julie St Pierre\" class=\"wp-image-228510\" style=\"width:192px;height:auto\" srcset=\"https:\/\/www.ottawahospital.on.ca\/wp-content\/uploads\/2025\/06\/Julie-St-Pierre-photo-002.jpg 378w, https:\/\/www.ottawahospital.on.ca\/wp-content\/uploads\/2025\/06\/Julie-St-Pierre-photo-002-300x279.jpg 300w\" sizes=\"(max-width: 378px) 100vw, 378px\" \/><figcaption class=\"wp-element-caption\">Dre Julie St Pierre<\/figcaption><\/figure>\n<\/div>\n\n\n<p>Julie St-Pierre a \u00e9t\u00e9 nomm\u00e9e vice-rectrice int\u00e9rimaire \u00e0 la recherche et \u00e0 l\u2019innovation le 1er octobre 2024.<\/p>\n\n\n\n<p>Titulaire d\u2019un baccalaur\u00e9at et d\u2019une ma\u00eetrise en sciences de l\u2019Universit\u00e9 Laval, Julie St-Pierre d\u00e9tient \u00e9galement un doctorat de l\u2019Universit\u00e9 de Cambridge en Angleterre. Chercheuse-boursi\u00e8re postdoctorale, Mme St-Pierre a men\u00e9 ses recherches tant en Europe et aux \u00c9tats-Unis, notamment au Dana-Farber Cancer Institute. De 2008 \u00e0 2017, elle a \u00e9t\u00e9 professeure adjointe et agr\u00e9g\u00e9e \u00e0 l\u2019Universit\u00e9 McGill, o\u00f9 elle a co-\u00e9tabli et co-dirig\u00e9 pendant huit ans une plateforme technologique en m\u00e9tabolomique.<\/p>\n\n\n\n<p>En 2017, elle a \u00e9t\u00e9 recrut\u00e9e par l\u2019Universit\u00e9 d\u2019Ottawa et elle a mise sur pied une plateforme technologique similaire \u00e0 la Facult\u00e9 de m\u00e9decine. Elle est aujourd\u2019hui professeure titulaire au D\u00e9partement de biochimie, microbiologie et immunologie de la Facult\u00e9.<\/p>\n\n\n\n<p>Ses recherches portent sur la m\u00e9tabolomique, une science fond\u00e9e sur une puissante technologie qui permet d\u2019acqu\u00e9rir une connaissance approfondie de l\u2019\u00e9tat m\u00e9tabolique des conditions physiologiques et pathologiques. Mme St-Pierre s\u2019int\u00e9resse en particulier aux vuln\u00e9rabilit\u00e9s m\u00e9taboliques dans le cancer du sein pouvant \u00eatre exploit\u00e9es \u00e0 des \ufb01ns th\u00e9rapeutiques.<\/p>\n\n\n\n<p>Avant sa nomination \u00e0 titre de vice-rectrice int\u00e9rimaire, Julie St-Pierre occupait les fonctions de vice-rectrice associ\u00e9e, soutien \u00e0 la recherche et \u00e0 l\u2019infrastructure, au vice-rectorat \u00e0 la recherche et \u00e0 l\u2019innovation depuis 2023.<\/p>\n\n\n\n<p><em>Les membres d\u2019office du Conseil des gouverneurs sont nomm\u00e9s pour aussi longtemps qu\u2019ils occupent le poste, au sein de L\u2019H\u00f4pital d\u2019Ottawa ou de tout autre organisme, qui leur permet de si\u00e9ger au Conseil conform\u00e9ment au r\u00e8glement administratif.<\/em>.<\/p>\n","protected":false},"excerpt":{"rendered":"<p>Julie St-Pierre a \u00e9t\u00e9 nomm\u00e9e vice-rectrice int\u00e9rimaire \u00e0 la recherche et \u00e0 l\u2019innovation le 1er octobre 2024. Titulaire d\u2019un baccalaur\u00e9at et d\u2019une ma\u00eetrise en sciences de l\u2019Universit\u00e9 Laval, Julie St-Pierre d\u00e9tient \u00e9galement un doctorat de l\u2019Universit\u00e9 de Cambridge en Angleterre. Chercheuse-boursi\u00e8re postdoctorale, Mme St-Pierre a men\u00e9 ses recherches tant en Europe et aux \u00c9tats-Unis, notamment [&hellip;]<\/p>\n","protected":false},"author":25,"featured_media":0,"parent":4561,"menu_order":16,"comment_status":"closed","ping_status":"closed","template":"","meta":{"_acf_changed":false,"_mc_calendar":[],"footnotes":""},"class_list":["post-228513","page","type-page","status-publish","hentry"],"acf":[],"wps_subtitle":"","_links":{"self":[{"href":"https:\/\/www.ottawahospital.on.ca\/fr\/wp-json\/wp\/v2\/pages\/228513","targetHints":{"allow":["GET"]}}],"collection":[{"href":"https:\/\/www.ottawahospital.on.ca\/fr\/wp-json\/wp\/v2\/pages"}],"about":[{"href":"https:\/\/www.ottawahospital.on.ca\/fr\/wp-json\/wp\/v2\/types\/page"}],"author":[{"embeddable":true,"href":"https:\/\/www.ottawahospital.on.ca\/fr\/wp-json\/wp\/v2\/users\/25"}],"replies":[{"embeddable":true,"href":"https:\/\/www.ottawahospital.on.ca\/fr\/wp-json\/wp\/v2\/comments?post=228513"}],"version-history":[{"count":0,"href":"https:\/\/www.ottawahospital.on.ca\/fr\/wp-json\/wp\/v2\/pages\/228513\/revisions"}],"up":[{"embeddable":true,"href":"https:\/\/www.ottawahospital.on.ca\/fr\/wp-json\/wp\/v2\/pages\/4561"}],"wp:attachment":[{"href":"https:\/\/www.ottawahospital.on.ca\/fr\/wp-json\/wp\/v2\/media?parent=228513"}],"curies":[{"name":"wp","href":"https:\/\/api.w.org\/{rel}","templated":true}]}}