{"id":228488,"date":"2025-06-30T13:25:33","date_gmt":"2025-06-30T17:25:33","guid":{"rendered":"https:\/\/www.ottawahospital.on.ca\/?page_id=228488"},"modified":"2025-07-09T10:10:22","modified_gmt":"2025-07-09T14:10:22","slug":"dre-melissa-forgie","status":"publish","type":"page","link":"https:\/\/www.ottawahospital.on.ca\/fr\/about-us\/notre-equipe-de-direction\/conseil-des-gouverneurs\/membres-du-conseil\/dre-melissa-forgie\/","title":{"rendered":"Dre\u00a0Melissa Forgie"},"content":{"rendered":"<div class=\"wp-block-image\">\n<figure class=\"alignleft size-large is-resized\"><img decoding=\"async\" width=\"1024\" height=\"683\" src=\"https:\/\/www.ottawahospital.on.ca\/wp-content\/uploads\/2025\/06\/TOH_Hematology_Headshots_09_2022-54-1024x683.jpg\" alt=\"Dr Melissa Forgie \" class=\"wp-image-228486\" style=\"width:183px;height:auto\" srcset=\"https:\/\/www.ottawahospital.on.ca\/wp-content\/uploads\/2025\/06\/TOH_Hematology_Headshots_09_2022-54-1024x683.jpg 1024w, https:\/\/www.ottawahospital.on.ca\/wp-content\/uploads\/2025\/06\/TOH_Hematology_Headshots_09_2022-54-300x200.jpg 300w, https:\/\/www.ottawahospital.on.ca\/wp-content\/uploads\/2025\/06\/TOH_Hematology_Headshots_09_2022-54-768x512.jpg 768w, https:\/\/www.ottawahospital.on.ca\/wp-content\/uploads\/2025\/06\/TOH_Hematology_Headshots_09_2022-54-1536x1024.jpg 1536w, https:\/\/www.ottawahospital.on.ca\/wp-content\/uploads\/2025\/06\/TOH_Hematology_Headshots_09_2022-54-2048x1365.jpg 2048w, https:\/\/www.ottawahospital.on.ca\/wp-content\/uploads\/2025\/06\/TOH_Hematology_Headshots_09_2022-54-1320x880.jpg 1320w\" sizes=\"(max-width: 1024px) 100vw, 1024px\" \/><figcaption class=\"wp-element-caption\">D<sup>re<\/sup>\u00a0Melissa Forgie<\/figcaption><\/figure>\n<\/div>\n\n\n<p>La Dre Forgie est dipl\u00f4m\u00e9e de la Facult\u00e9 de m\u00e9decine de l\u2019Universit\u00e9 d\u2019Ottawa et poss\u00e8de une sp\u00e9cialisation en m\u00e9decine interne et une sursp\u00e9cialisation en h\u00e9matologie du Coll\u00e8ge royal. \u00c9galement titulaire d\u2019une ma\u00eetrise en \u00e9pid\u00e9miologie clinique, elle a en outre suivi une formation compl\u00e9mentaire (fellowship) dans le domaine des troubles thromboemboliques.&nbsp;<\/p>\n\n\n\n<p>La Dre Forgie a \u00e9t\u00e9 nomm\u00e9e au poste de doyenne int\u00e9rimaire de la Facult\u00e9 de m\u00e9decine en mars 2025.&nbsp;Elle est maintenant vice-doyenne ex\u00e9cutive, \u00c9tudes m\u00e9dicales \u00e0 la Facult\u00e9 de m\u00e9decine de l\u2019Universit\u00e9 d\u2019Ottawa.&nbsp;Elle a occup\u00e9 pr\u00e9c\u00e9demment de nombreux postes de direction, y compris les suivants&nbsp;: vice-doyenne ex\u00e9cutive, \u00c9tudes m\u00e9dicales; vice-doyenne int\u00e9rimaire, \u00c9tudes m\u00e9dicales postdoctorales (EMPD); vice-doyenne, \u00c9tudes m\u00e9dicales de premier cycle (EMPC); doyenne adjointe, Affaires \u00e9tudiantes; directrice, Programme de r\u00e9sidence en h\u00e9matologie; copr\u00e9sidente nationale, Comit\u00e9 des admissions et affaires \u00e9tudiantes \u00e0 l\u2019Association des facult\u00e9s de m\u00e9decine.<\/p>\n\n\n\n<p>Elle est \u00e9galement la vice-pr\u00e9sidente de l\u2019\u00c9ducation m\u00e9dicale \u00e0 L\u2019H\u00f4pital d\u2019Ottawa et clinicienne-chercheuse \u00e0 l\u2019Institut de recherche de l\u2019H\u00f4pital d\u2019Ottawa. Sa pratique clinique est ax\u00e9e sur les maladies thromboemboliques.<\/p>\n\n\n\n<p>La Dre Forgie a enseign\u00e9 aussi bien dans les volets anglophone que francophone du Programme d\u2019\u00e9tudes m\u00e9dicales de premier cycle. Elle a re\u00e7u des distinctions pour son action en faveur de l\u2019\u00e9valuation et de l\u2019am\u00e9lioration de l\u2019environnement d\u2019apprentissage. Elle a mis en \u0153uvre un programme de responsabilit\u00e9 sociale pour le programme MD, qui englobe les humanit\u00e9s, l\u2019apprentissage par l\u2019engagement communautaire, la sant\u00e9 mondiale, le leadership et les d\u00e9terminants sociaux de la sant\u00e9.<\/p>\n\n\n\n<p>Elle a aussi re\u00e7u de nombreux prix d\u2019excellence en enseignement et en soins aux malades, ainsi que le Prix de reconnaissance des m\u00e9decins de L\u2019H\u00f4pital d\u2019Ottawa en 2009. Elle est actuellement l\u2019un des m\u00e9decins les plus r\u00e9compens\u00e9s \u00e0 L\u2019H\u00f4pital d\u2019Ottawa.<\/p>\n\n\n\n<p>La Dre Forgie a \u00e0 son actif des publications dans diverses revues prestigieuses, notamment la\u00a0<em>New England Journal of Medicine\u00a0<\/em>et\u00a0<em>Nature<\/em>, et continue de publier des articles dans son domaine d\u2019expertise clinique. Elle participe activement comme chercheuse \u00e0 plusieurs essais cliniques financ\u00e9s par l\u2019industrie et \u00e9valu\u00e9s par des pairs. Elle est membre invit\u00e9e du Forum international des femmes, un organisme qui regroupe des femmes de partout dans le monde qui se sont d\u00e9marqu\u00e9es et se font reconna\u00eetre pour leur leadership. Elle est actuellement pr\u00e9sidente du Bureau des gouverneurs du Coll\u00e8ge Ashbury et a \u00e9galement si\u00e9g\u00e9 au Conseil d&rsquo;administration du Bureau des services \u00e0 la jeunesse d&rsquo;Ottawa de 2020 \u00e0 2025. De\u00a02015 \u00e0 2021, elle a si\u00e9g\u00e9 au Conseil d\u2019administration du Centre hospitalier pour enfants de l\u2019est de l\u2019Ontario.<\/p>\n\n\n\n<p><em>Les membres d\u2019office du Conseil des gouverneurs sont nomm\u00e9s pour aussi longtemps qu\u2019ils occupent le poste, au sein de L\u2019H\u00f4pital d\u2019Ottawa ou de tout autre organisme, qui leur permet de si\u00e9ger au Conseil conform\u00e9ment au r\u00e8glement administratif.<\/em><\/p>\n","protected":false},"excerpt":{"rendered":"<p>La Dre Forgie est dipl\u00f4m\u00e9e de la Facult\u00e9 de m\u00e9decine de l\u2019Universit\u00e9 d\u2019Ottawa et poss\u00e8de une sp\u00e9cialisation en m\u00e9decine interne et une sursp\u00e9cialisation en h\u00e9matologie du Coll\u00e8ge royal. \u00c9galement titulaire d\u2019une ma\u00eetrise en \u00e9pid\u00e9miologie clinique, elle a en outre suivi une formation compl\u00e9mentaire (fellowship) dans le domaine des troubles thromboemboliques.&nbsp; La Dre Forgie a \u00e9t\u00e9 [&hellip;]<\/p>\n","protected":false},"author":25,"featured_media":0,"parent":4561,"menu_order":4,"comment_status":"closed","ping_status":"closed","template":"","meta":{"_acf_changed":false,"_mc_calendar":[],"footnotes":""},"class_list":["post-228488","page","type-page","status-publish","hentry"],"acf":[],"wps_subtitle":"","_links":{"self":[{"href":"https:\/\/www.ottawahospital.on.ca\/fr\/wp-json\/wp\/v2\/pages\/228488","targetHints":{"allow":["GET"]}}],"collection":[{"href":"https:\/\/www.ottawahospital.on.ca\/fr\/wp-json\/wp\/v2\/pages"}],"about":[{"href":"https:\/\/www.ottawahospital.on.ca\/fr\/wp-json\/wp\/v2\/types\/page"}],"author":[{"embeddable":true,"href":"https:\/\/www.ottawahospital.on.ca\/fr\/wp-json\/wp\/v2\/users\/25"}],"replies":[{"embeddable":true,"href":"https:\/\/www.ottawahospital.on.ca\/fr\/wp-json\/wp\/v2\/comments?post=228488"}],"version-history":[{"count":0,"href":"https:\/\/www.ottawahospital.on.ca\/fr\/wp-json\/wp\/v2\/pages\/228488\/revisions"}],"up":[{"embeddable":true,"href":"https:\/\/www.ottawahospital.on.ca\/fr\/wp-json\/wp\/v2\/pages\/4561"}],"wp:attachment":[{"href":"https:\/\/www.ottawahospital.on.ca\/fr\/wp-json\/wp\/v2\/media?parent=228488"}],"curies":[{"name":"wp","href":"https:\/\/api.w.org\/{rel}","templated":true}]}}