{"id":228478,"date":"2025-06-30T13:16:08","date_gmt":"2025-06-30T17:16:08","guid":{"rendered":"https:\/\/www.ottawahospital.on.ca\/?page_id=228478"},"modified":"2025-07-09T10:15:57","modified_gmt":"2025-07-09T14:15:57","slug":"jo%e2%80%90anne-poirier","status":"publish","type":"page","link":"https:\/\/www.ottawahospital.on.ca\/fr\/about-us\/notre-equipe-de-direction\/conseil-des-gouverneurs\/membres-du-conseil\/jo%e2%80%90anne-poirier\/","title":{"rendered":"Jo\u2010Anne Poirier"},"content":{"rendered":"<div class=\"wp-block-image\">\n<figure class=\"alignleft size-large is-resized\"><img decoding=\"async\" width=\"1024\" height=\"683\" src=\"https:\/\/www.ottawahospital.on.ca\/wp-content\/uploads\/2025\/06\/Jo-Anne-Poirier-use-for-headshot-1024x683.jpg\" alt=\"Jo-Anne Poirier\" class=\"wp-image-228476\" style=\"width:207px;height:auto\" srcset=\"https:\/\/www.ottawahospital.on.ca\/wp-content\/uploads\/2025\/06\/Jo-Anne-Poirier-use-for-headshot-1024x683.jpg 1024w, https:\/\/www.ottawahospital.on.ca\/wp-content\/uploads\/2025\/06\/Jo-Anne-Poirier-use-for-headshot-300x200.jpg 300w, https:\/\/www.ottawahospital.on.ca\/wp-content\/uploads\/2025\/06\/Jo-Anne-Poirier-use-for-headshot-768x512.jpg 768w, https:\/\/www.ottawahospital.on.ca\/wp-content\/uploads\/2025\/06\/Jo-Anne-Poirier-use-for-headshot-1536x1024.jpg 1536w, https:\/\/www.ottawahospital.on.ca\/wp-content\/uploads\/2025\/06\/Jo-Anne-Poirier-use-for-headshot-2048x1365.jpg 2048w, https:\/\/www.ottawahospital.on.ca\/wp-content\/uploads\/2025\/06\/Jo-Anne-Poirier-use-for-headshot-1320x880.jpg 1320w\" sizes=\"(max-width: 1024px) 100vw, 1024px\" \/><figcaption class=\"wp-element-caption\">Jo-Anne Poirier<\/figcaption><\/figure>\n<\/div>\n\n\n<p>Jo-Anne Poirier s\u2019est jointe \u00e0 VON Canada en 2014 \u00e0 titre de pr\u00e9sidente-directrice g\u00e9n\u00e9rale.<\/p>\n\n\n\n<p>De 2008 \u00e0 2014, elle a \u00e9t\u00e9 directrice g\u00e9n\u00e9rale de la Soci\u00e9t\u00e9 de logement communautaire d\u2019Ottawa. Sous sa direction, cet organisme a re\u00e7u plusieurs prix d\u2019excellence, notamment le prix de l\u2019organisation \u00e0 but non lucratif de l\u2019ann\u00e9e de 2011 d\u00e9cern\u00e9 par la Ottawa Chamber of Commerce. Jo-Anne a \u00e9t\u00e9 vice-pr\u00e9sidente du d\u00e9veloppement des ressources et directrice g\u00e9n\u00e9rale de la Campagne de charit\u00e9 en milieu de travail du gouvernement du Canada pour Centraide Ottawa, premi\u00e8re vice-pr\u00e9sidente du d\u00e9veloppement des affaires pour la banque MBNA\u00a0Canada et directrice municipale adjointe des services g\u00e9n\u00e9raux de la Ville de Gloucester. Elle a travaill\u00e9 pendant plus de 35\u00a0ans dans les secteurs priv\u00e9, public et \u00e0 but non lucratif.<\/p>\n\n\n\n<p>Jo-Anne est \u00e9galement tr\u00e8s impliqu\u00e9e dans la collectivit\u00e9 et si\u00e8ge \u00e0 plusieurs conseils d\u2019administration. Elle est membre de l\u2019Institut des administrateurs de soci\u00e9t\u00e9s et d\u00e9tient le titre d\u2019administratrice (IAS.A).<\/p>\n\n\n\n<p>Auparavant pr\u00e9sidente du conseil d\u2019administration du Centre hospitalier pour enfants de l\u2019est de l\u2019Ontario (CHEO), elle est maintenant pr\u00e9sidente de l\u2019Association canadienne de soins et services \u00e0 domicile et pr\u00e9sidente d\u2019un comit\u00e9 de Calian. Elle a notamment \u00e9t\u00e9 membre du conseil d\u2019administration du R\u00e9seau des services de sant\u00e9 en fran\u00e7ais de l\u2019Est de l\u2019Ontario, pr\u00e9sidente du Centre Shaw, pr\u00e9sidente de la Change Foundation, vice-pr\u00e9sidente de Sant\u00e9 publique Ottawa, membre du conseil d\u2019administration de TVO et membre fondatrice du conseil d\u2019administration du R\u00e9seau local d\u2019int\u00e9gration des services de sant\u00e9 (RLISS) de Champlain.<\/p>\n\n\n\n<p>Jo-Anne a re\u00e7u plusieurs prix pour son travail au sein de la collectivit\u00e9, notamment le prix de 2020 de Femmes remarquables d\u2019Ottawa en reconnaissance de l\u2019ensemble de ses r\u00e9alisations, le Prix d\u2019excellence pour service communautaire de 2020 de l\u2019Association des anciens de l\u2019Universit\u00e9 d\u2019Ottawa, la m\u00e9daille du jubil\u00e9 de diamant de la Reine Elizabeth\u00a0II 2012 et le prix de Dirigeante de l\u2019ann\u00e9e, secteur communautaire, qui lui a \u00e9t\u00e9 d\u00e9cern\u00e9 en 2012 par le Regroupement des gens d\u2019affaires de la capitale nationale.<\/p>\n\n\n\n<p><em>Nomm\u00e9e en 2025 jusqu\u2019en 2026.<\/em><\/p>\n","protected":false},"excerpt":{"rendered":"<p>Jo-Anne Poirier s\u2019est jointe \u00e0 VON Canada en 2014 \u00e0 titre de pr\u00e9sidente-directrice g\u00e9n\u00e9rale. De 2008 \u00e0 2014, elle a \u00e9t\u00e9 directrice g\u00e9n\u00e9rale de la Soci\u00e9t\u00e9 de logement communautaire d\u2019Ottawa. Sous sa direction, cet organisme a re\u00e7u plusieurs prix d\u2019excellence, notamment le prix de l\u2019organisation \u00e0 but non lucratif de l\u2019ann\u00e9e de 2011 d\u00e9cern\u00e9 par [&hellip;]<\/p>\n","protected":false},"author":25,"featured_media":0,"parent":4561,"menu_order":10,"comment_status":"closed","ping_status":"closed","template":"","meta":{"_acf_changed":false,"_mc_calendar":[],"footnotes":""},"class_list":["post-228478","page","type-page","status-publish","hentry"],"acf":[],"wps_subtitle":"","_links":{"self":[{"href":"https:\/\/www.ottawahospital.on.ca\/fr\/wp-json\/wp\/v2\/pages\/228478","targetHints":{"allow":["GET"]}}],"collection":[{"href":"https:\/\/www.ottawahospital.on.ca\/fr\/wp-json\/wp\/v2\/pages"}],"about":[{"href":"https:\/\/www.ottawahospital.on.ca\/fr\/wp-json\/wp\/v2\/types\/page"}],"author":[{"embeddable":true,"href":"https:\/\/www.ottawahospital.on.ca\/fr\/wp-json\/wp\/v2\/users\/25"}],"replies":[{"embeddable":true,"href":"https:\/\/www.ottawahospital.on.ca\/fr\/wp-json\/wp\/v2\/comments?post=228478"}],"version-history":[{"count":0,"href":"https:\/\/www.ottawahospital.on.ca\/fr\/wp-json\/wp\/v2\/pages\/228478\/revisions"}],"up":[{"embeddable":true,"href":"https:\/\/www.ottawahospital.on.ca\/fr\/wp-json\/wp\/v2\/pages\/4561"}],"wp:attachment":[{"href":"https:\/\/www.ottawahospital.on.ca\/fr\/wp-json\/wp\/v2\/media?parent=228478"}],"curies":[{"name":"wp","href":"https:\/\/api.w.org\/{rel}","templated":true}]}}