{"id":228467,"date":"2025-06-30T13:09:22","date_gmt":"2025-06-30T17:09:22","guid":{"rendered":"https:\/\/www.ottawahospital.on.ca\/?page_id=228467"},"modified":"2025-07-09T10:12:14","modified_gmt":"2025-07-09T14:12:14","slug":"greg-a-graham","status":"publish","type":"page","link":"https:\/\/www.ottawahospital.on.ca\/fr\/about-us\/notre-equipe-de-direction\/conseil-des-gouverneurs\/membres-du-conseil\/greg-a-graham\/","title":{"rendered":"Greg\u00a0A.\u00a0Graham"},"content":{"rendered":"<div class=\"wp-block-image\">\n<figure class=\"alignleft size-large is-resized\"><img decoding=\"async\" width=\"1024\" height=\"953\" src=\"https:\/\/www.ottawahospital.on.ca\/wp-content\/uploads\/2025\/06\/Graham-Greg-1024x953.jpg\" alt=\"Graham Greg\" class=\"wp-image-228463\" style=\"width:177px;height:auto\" srcset=\"https:\/\/www.ottawahospital.on.ca\/wp-content\/uploads\/2025\/06\/Graham-Greg-1024x953.jpg 1024w, https:\/\/www.ottawahospital.on.ca\/wp-content\/uploads\/2025\/06\/Graham-Greg-300x279.jpg 300w, https:\/\/www.ottawahospital.on.ca\/wp-content\/uploads\/2025\/06\/Graham-Greg-768x714.jpg 768w, https:\/\/www.ottawahospital.on.ca\/wp-content\/uploads\/2025\/06\/Graham-Greg.jpg 1061w\" sizes=\"(max-width: 1024px) 100vw, 1024px\" \/><figcaption class=\"wp-element-caption\">Graham Greg<\/figcaption><\/figure>\n<\/div>\n\n\n<p>Greg\u00a0Graham est actuellement directeur de l\u2019exploitation de Cardel Homes et du Cardel Group of Companies. Il assure la direction strat\u00e9gique et la supervision op\u00e9rationnelle de l\u2019am\u00e9nagement du territoire et de la construction r\u00e9sidentielle en Floride, au Colorado, en Alberta et en Ontario. Nomm\u00e9 en 2017, il met \u00e0 profit sa vaste exp\u00e9rience pour stimuler la croissance et la rentabilit\u00e9, en se concentrant sur l\u2019acquisition de terrains, le financement strat\u00e9gique et l\u2019excellence op\u00e9rationnelle. Avant d\u2019occuper son poste actuel, Greg a \u00e9t\u00e9 pendant 17\u00a0ans pr\u00e9sident de Cardel Homes\u00a0\u2013 Ontario. En tant que cadre sup\u00e9rieur tr\u00e8s accompli, Greg a d\u00e9montr\u00e9 sa capacit\u00e9 d\u2019obtenir des r\u00e9sultats mesurables dans de nombreux secteurs d\u2019activit\u00e9. Fort d\u2019une grande expertise dans les domaines de l\u2019immobilier, de la gestion de la construction et de la gestion g\u00e9n\u00e9rale, Greg se d\u00e9marque dans la conduite d\u2019organisations en vue d\u2019atteindre l\u2019excellence op\u00e9rationnelle et la r\u00e9ussite financi\u00e8re.<\/p>\n\n\n\n<p>L\u2019exp\u00e9rience de Greg est compl\u00e9t\u00e9e par un riche pass\u00e9 de r\u00f4les de direction, notamment celles de pr\u00e9sident de Crecan International Inc., de vice-pr\u00e9sident des op\u00e9rations du fonds d\u2019investissement de TDDC, de vice-pr\u00e9sident et directeur g\u00e9n\u00e9ral de NetActive Inc. et de directeur de Graham Management Consultants.<\/p>\n\n\n\n<p>Greg a notamment \u00e9t\u00e9 l\u2019un des dirigeants qui ont jou\u00e9 un r\u00f4le d\u00e9terminant dans le retour des S\u00e9nateurs d\u2019Ottawa \u00e0 la capitale nationale. Ce projet historique a compris la supervision efficace de la conception, du d\u00e9veloppement et de la construction du Centre Canadian Tire, domicile des S\u00e9nateurs.<\/p>\n\n\n\n<p>Greg a commenc\u00e9 sa carri\u00e8re \u00e0 la Banque Canadienne Imp\u00e9riale de Commerce (CIBC). Avec maintenant plus de 45\u00a0ans d\u2019exp\u00e9rience diversifi\u00e9e, Greg poss\u00e8de un large \u00e9ventail de comp\u00e9tences, notamment en mati\u00e8re de gestion financi\u00e8re, de planification strat\u00e9gique, d\u2019att\u00e9nuation des risques, de gestion du changement et de d\u00e9veloppement des affaires. Reconnu pour ses excellentes comp\u00e9tences en communication et en prise de d\u00e9cisions, Greg se distingue par sa capacit\u00e9 \u00e0 \u00e9tablir des relations efficaces avec les parties prenantes et \u00e0 diriger des \u00e9quipes uniques. Fervent promoteur de l\u2019am\u00e9lioration continue, il r\u00e9alise syst\u00e9matiquement des projets qui respectent les d\u00e9lais et les budgets, tout en d\u00e9passant les attentes des entreprises pour lesquelles il travaille. Greg a fait ses preuves en mati\u00e8re de croissance strat\u00e9gique et de r\u00e9sultats mesurables dans divers secteurs d\u2019activit\u00e9.<\/p>\n\n\n\n<p>Faisant preuve d\u2019un engagement en faveur de la gouvernance et du leadership, Greg poss\u00e8de le titre IAS.A de l\u2019Institut des administrateurs de soci\u00e9t\u00e9s de la Rotman School of Management et une certification d\u2019administrateur professionnel de Governance Solutions. Il a si\u00e9g\u00e9 \u00e0 de nombreux conseils d\u2019administration, dont celui de Tarion Corporation, o\u00f9 il a occup\u00e9 des postes de direction cl\u00e9s, et a contribu\u00e9 \u00e0 des organisations telles que la Greater Ottawa Home Builders&rsquo; Association, la Ontario Home Builders&rsquo; Association et la Fondation pour l\u2019aide \u00e0 l\u2019enfance.<\/p>\n\n\n\n<p>Greg est titulaire d\u2019un baccalaur\u00e9at en \u00e9tudes \u00e9conomiques et en \u00e9tudes commerciales et financi\u00e8res de l\u2019Universit\u00e9 Western Ontario, ainsi que de certifications de l\u2019Institut des banquiers canadiens, renfor\u00e7ant son sens aigu des affaires. Coach, mentor et ambassadeur respect\u00e9, Greg se consacre \u00e0 la r\u00e9ussite organisationnelle et \u00e0 l\u2019\u00e9tablissement de relations solides avec les clients, les actionnaires et les employ\u00e9s.<\/p>\n\n\n\n<p>\u00c0 titre personnel, Greg est veuf depuis plus de neuf ans. Avec sa compagne, \u00e9galement veuve, ils profitent du temps pass\u00e9 avec leur famille recompos\u00e9e, qui comprend quatre enfants adultes, leurs conjoints et cinq jeunes petits-enfants!<\/p>\n\n\n\n<p>Nomm\u00e9 en 2025 jusqu\u2019en 2026.<\/p>\n\n\n\n<p><\/p>\n","protected":false},"excerpt":{"rendered":"<p>Greg\u00a0Graham est actuellement directeur de l\u2019exploitation de Cardel Homes et du Cardel Group of Companies. Il assure la direction strat\u00e9gique et la supervision op\u00e9rationnelle de l\u2019am\u00e9nagement du territoire et de la construction r\u00e9sidentielle en Floride, au Colorado, en Alberta et en Ontario. Nomm\u00e9 en 2017, il met \u00e0 profit sa vaste exp\u00e9rience pour stimuler la [&hellip;]<\/p>\n","protected":false},"author":25,"featured_media":0,"parent":4561,"menu_order":6,"comment_status":"closed","ping_status":"closed","template":"","meta":{"_acf_changed":false,"_mc_calendar":[],"footnotes":""},"class_list":["post-228467","page","type-page","status-publish","hentry"],"acf":[],"wps_subtitle":"","_links":{"self":[{"href":"https:\/\/www.ottawahospital.on.ca\/fr\/wp-json\/wp\/v2\/pages\/228467","targetHints":{"allow":["GET"]}}],"collection":[{"href":"https:\/\/www.ottawahospital.on.ca\/fr\/wp-json\/wp\/v2\/pages"}],"about":[{"href":"https:\/\/www.ottawahospital.on.ca\/fr\/wp-json\/wp\/v2\/types\/page"}],"author":[{"embeddable":true,"href":"https:\/\/www.ottawahospital.on.ca\/fr\/wp-json\/wp\/v2\/users\/25"}],"replies":[{"embeddable":true,"href":"https:\/\/www.ottawahospital.on.ca\/fr\/wp-json\/wp\/v2\/comments?post=228467"}],"version-history":[{"count":0,"href":"https:\/\/www.ottawahospital.on.ca\/fr\/wp-json\/wp\/v2\/pages\/228467\/revisions"}],"up":[{"embeddable":true,"href":"https:\/\/www.ottawahospital.on.ca\/fr\/wp-json\/wp\/v2\/pages\/4561"}],"wp:attachment":[{"href":"https:\/\/www.ottawahospital.on.ca\/fr\/wp-json\/wp\/v2\/media?parent=228467"}],"curies":[{"name":"wp","href":"https:\/\/api.w.org\/{rel}","templated":true}]}}