{"id":228456,"date":"2025-06-30T11:59:25","date_gmt":"2025-06-30T15:59:25","guid":{"rendered":"https:\/\/www.ottawahospital.on.ca\/?page_id=228456"},"modified":"2025-07-09T10:13:16","modified_gmt":"2025-07-09T14:13:16","slug":"rose-lemay","status":"publish","type":"page","link":"https:\/\/www.ottawahospital.on.ca\/fr\/about-us\/notre-equipe-de-direction\/conseil-des-gouverneurs\/membres-du-conseil\/rose-lemay\/","title":{"rendered":"Rose LeMay"},"content":{"rendered":"<div class=\"wp-block-image\">\n<figure class=\"alignleft size-large is-resized\"><img decoding=\"async\" width=\"819\" height=\"1024\" src=\"https:\/\/www.ottawahospital.on.ca\/wp-content\/uploads\/2025\/06\/Lemay-Rose-819x1024.jpg\" alt=\"Rose LeMay\" class=\"wp-image-228454\" style=\"width:157px;height:auto\" srcset=\"https:\/\/www.ottawahospital.on.ca\/wp-content\/uploads\/2025\/06\/Lemay-Rose-819x1024.jpg 819w, https:\/\/www.ottawahospital.on.ca\/wp-content\/uploads\/2025\/06\/Lemay-Rose-240x300.jpg 240w, https:\/\/www.ottawahospital.on.ca\/wp-content\/uploads\/2025\/06\/Lemay-Rose-768x960.jpg 768w, https:\/\/www.ottawahospital.on.ca\/wp-content\/uploads\/2025\/06\/Lemay-Rose-1229x1536.jpg 1229w, https:\/\/www.ottawahospital.on.ca\/wp-content\/uploads\/2025\/06\/Lemay-Rose-1638x2048.jpg 1638w, https:\/\/www.ottawahospital.on.ca\/wp-content\/uploads\/2025\/06\/Lemay-Rose-1320x1650.jpg 1320w, https:\/\/www.ottawahospital.on.ca\/wp-content\/uploads\/2025\/06\/Lemay-Rose-scaled.jpg 2048w\" sizes=\"(max-width: 819px) 100vw, 819px\" \/><figcaption class=\"wp-element-caption\">Rose LeMay<\/figcaption><\/figure>\n<\/div>\n\n\n<p>Rose LeMay est originaire de la Premi\u00e8re Nation Taku River Tlingit de la Colombie-Britannique et d\u00e9fend sans rel\u00e2che l\u2019inclusion et le mieux-\u00eatre des peuples autochtones. Elle est une auteure, conf\u00e9renci\u00e8re et enseignante aux adultes dans le domaine de la comp\u00e9tence culturelle et de la lutte contre le racisme, et elle est connue pour sa capacit\u00e9 \u00e0 trouver un terrain d\u2019entente et \u00e0 susciter l\u2019espoir. Rose tient une chronique r\u00e9guli\u00e8re dans The Hill Times, le journal d\u2019information politique et gouvernementale du Canada. Elle a plus de 25 ans d\u2019exp\u00e9rience en mati\u00e8re de politique et de mise en \u0153uvre dans les domaines de la sant\u00e9 et de la sant\u00e9 mentale et a travaill\u00e9 au niveau international dans le domaine de la sant\u00e9 mentale autochtone en tant que pr\u00e9sidente fondatrice du Wharer\u0101t\u0101 Group. Elle est gestionnaire accr\u00e9dit\u00e9e de sant\u00e9 des Premi\u00e8res Nations, a une certification en gestion du changement (PROSCI) et a \u00e9t\u00e9 finaliste au concours du Prix mondial du pluralisme en 2021.<\/p>\n\n\n\n<p><em>Nomm\u00e9e en 2025 jusqu\u2019en 2026.<\/em><\/p>\n","protected":false},"excerpt":{"rendered":"<p>Rose LeMay est originaire de la Premi\u00e8re Nation Taku River Tlingit de la Colombie-Britannique et d\u00e9fend sans rel\u00e2che l\u2019inclusion et le mieux-\u00eatre des peuples autochtones. Elle est une auteure, conf\u00e9renci\u00e8re et enseignante aux adultes dans le domaine de la comp\u00e9tence culturelle et de la lutte contre le racisme, et elle est connue pour sa capacit\u00e9 [&hellip;]<\/p>\n","protected":false},"author":25,"featured_media":0,"parent":4561,"menu_order":7,"comment_status":"closed","ping_status":"closed","template":"","meta":{"_acf_changed":false,"_mc_calendar":[],"footnotes":""},"class_list":["post-228456","page","type-page","status-publish","hentry"],"acf":[],"wps_subtitle":"","_links":{"self":[{"href":"https:\/\/www.ottawahospital.on.ca\/fr\/wp-json\/wp\/v2\/pages\/228456","targetHints":{"allow":["GET"]}}],"collection":[{"href":"https:\/\/www.ottawahospital.on.ca\/fr\/wp-json\/wp\/v2\/pages"}],"about":[{"href":"https:\/\/www.ottawahospital.on.ca\/fr\/wp-json\/wp\/v2\/types\/page"}],"author":[{"embeddable":true,"href":"https:\/\/www.ottawahospital.on.ca\/fr\/wp-json\/wp\/v2\/users\/25"}],"replies":[{"embeddable":true,"href":"https:\/\/www.ottawahospital.on.ca\/fr\/wp-json\/wp\/v2\/comments?post=228456"}],"version-history":[{"count":0,"href":"https:\/\/www.ottawahospital.on.ca\/fr\/wp-json\/wp\/v2\/pages\/228456\/revisions"}],"up":[{"embeddable":true,"href":"https:\/\/www.ottawahospital.on.ca\/fr\/wp-json\/wp\/v2\/pages\/4561"}],"wp:attachment":[{"href":"https:\/\/www.ottawahospital.on.ca\/fr\/wp-json\/wp\/v2\/media?parent=228456"}],"curies":[{"name":"wp","href":"https:\/\/api.w.org\/{rel}","templated":true}]}}