{"id":22760,"date":"2017-02-09T15:42:38","date_gmt":"2017-02-09T20:42:38","guid":{"rendered":"http:\/\/52.229.127.56\/?page_id=22760\/"},"modified":"2025-05-14T09:15:12","modified_gmt":"2025-05-14T13:15:12","slug":"politiques","status":"publish","type":"page","link":"https:\/\/www.ottawahospital.on.ca\/fr\/about-us\/politiques\/","title":{"rendered":"Politiques"},"content":{"rendered":"\n<p>L\u2019H\u00f4pital d\u2019Ottawa s\u2019est engag\u00e9 \u00e0 faire preuve d\u2019ouverture, de transparence et de responsabilisation concernant ses politiques et ses pratiques. Nous croyons qu\u2019une gestion responsable est essentielle pour offrir aux patients et \u00e0 leur famille des soins de qualit\u00e9 empreints de compassion.<\/p>\n\n\n\n<ul class=\"wp-block-list\">\n<li><a href=\"https:\/\/www.ottawahospital.on.ca\/en\/documents\/2024\/02\/politique-sur-les-services-dapprovisionnement.pdf\">Politique sur les services d\u2019approvisionnement<\/a><\/li>\n\n\n\n<li><a href=\"https:\/\/www.ottawahospital.on.ca\/en\/documents\/2024\/06\/sensibilisation-et-prevention-en-matiere-de-fraude.pdf\">Politique sur la pr\u00e9vention de la fraude<\/a><\/li>\n\n\n\n<li><a href=\"\/wp-content\/uploads\/2020\/06\/Fundraising-and-Public-Donations_FR-WCAG.pdf\">Activit\u00e9s de financement et dons du public<\/a><\/li>\n\n\n\n<li><a href=\"https:\/\/www.ottawahospital.on.ca\/en\/documents\/2025\/02\/politique-sur-les-cadeaux-et-les-commandites-adm-x-260-decembre-2024-2.pdf\">Politique sur les cadeaux<\/a><\/li>\n\n\n\n<li><a href=\"https:\/\/www.ottawahospital.on.ca\/wp-content\/uploads\/2020\/06\/Respectful-Behaviour-in-the-Workplace_FR-WCAG.pdf\">Politique sur le respect en milieu de travail<\/a><\/li>\n\n\n\n<li><a href=\"\/wp-content\/uploads\/2020\/06\/Smudging-Ceremony_FR-WCAG.pdf\">C\u00e9r\u00e9monie de purification par la fum\u00e9e : Proc\u00e9dure op\u00e9rationnelle normalis\u00e9e<\/a><\/li>\n\n\n\n<li><a href=\"\/wp-content\/uploads\/2020\/06\/Travel-Meals-and-Hospitality-Expense_FR-WCAG.pdf\">Politique sur les frais de d\u00e9placement, de repas et d\u2019accueil<\/a><\/li>\n\n\n\n<li><a href=\"\/wp-content\/uploads\/2020\/06\/Violence-and-Harassment-in-the-Workplace_FR-WCAG.pdf\">Politique sur la violence et le harc\u00e8lement en milieu de travail<\/a><\/li>\n\n\n\n<li><a href=\"https:\/\/www.ottawahospital.on.ca\/en\/documents\/2022\/04\/animaux-de-compagnie-zootherapie-et-animaux-dassistance.pdf\">Animaux de compagnie, zooth\u00e9rapie et animaux d\u2019assistance<\/a><\/li>\n<\/ul>\n\n\n\n<p><\/p>\n","protected":false},"excerpt":{"rendered":"<p>L\u2019H\u00f4pital d\u2019Ottawa s\u2019est engag\u00e9 \u00e0 faire preuve d\u2019ouverture, de transparence et de responsabilisation concernant ses politiques et ses pratiques. Nous croyons qu\u2019une gestion responsable est essentielle pour offrir aux patients et \u00e0 leur famille des soins de qualit\u00e9 empreints de compassion.<\/p>\n","protected":false},"author":25,"featured_media":0,"parent":74,"menu_order":18,"comment_status":"closed","ping_status":"closed","template":"","meta":{"_acf_changed":false,"_mc_calendar":[],"footnotes":""},"class_list":["post-22760","page","type-page","status-publish","hentry"],"acf":[],"wps_subtitle":"","_links":{"self":[{"href":"https:\/\/www.ottawahospital.on.ca\/fr\/wp-json\/wp\/v2\/pages\/22760","targetHints":{"allow":["GET"]}}],"collection":[{"href":"https:\/\/www.ottawahospital.on.ca\/fr\/wp-json\/wp\/v2\/pages"}],"about":[{"href":"https:\/\/www.ottawahospital.on.ca\/fr\/wp-json\/wp\/v2\/types\/page"}],"author":[{"embeddable":true,"href":"https:\/\/www.ottawahospital.on.ca\/fr\/wp-json\/wp\/v2\/users\/25"}],"replies":[{"embeddable":true,"href":"https:\/\/www.ottawahospital.on.ca\/fr\/wp-json\/wp\/v2\/comments?post=22760"}],"version-history":[{"count":0,"href":"https:\/\/www.ottawahospital.on.ca\/fr\/wp-json\/wp\/v2\/pages\/22760\/revisions"}],"up":[{"embeddable":true,"href":"https:\/\/www.ottawahospital.on.ca\/fr\/wp-json\/wp\/v2\/pages\/74"}],"wp:attachment":[{"href":"https:\/\/www.ottawahospital.on.ca\/fr\/wp-json\/wp\/v2\/media?parent=22760"}],"curies":[{"name":"wp","href":"https:\/\/api.w.org\/{rel}","templated":true}]}}