{"id":225,"date":"2015-10-02T10:45:13","date_gmt":"2015-10-02T14:45:13","guid":{"rendered":"http:\/\/toh.masm.ca\/fr\/?page_id=225"},"modified":"2026-03-20T14:08:13","modified_gmt":"2026-03-20T18:08:13","slug":"sejour-a-lhopital","status":"publish","type":"page","link":"https:\/\/www.ottawahospital.on.ca\/fr\/patients-et-visiteurs\/sejour-a-lhopital\/","title":{"rendered":"S\u00e9jour \u00e0 l&rsquo;h\u00f4pital"},"content":{"rendered":"<p>Que vous soyez un patient ou un visiteur, il est important de conna\u00eetre les services offerts \u00e0 L\u2019H\u00f4pital d\u2019Ottawa. En obtenant ces renseignements d\u2019avance, vous pourrez mieux vous pr\u00e9parer, ce qui rendra votre s\u00e9jour parmi nous plus agr\u00e9able.<\/p>\n<p>Pour obtenir une version imprim\u00e9e de ces renseignements, vous n\u2019avez qu\u2019\u00e0 t\u00e9l\u00e9charger et imprimer le document suivant\u00a0:<br \/><a href=\"https:\/\/www.ottawahospital.on.ca\/en\/documents\/2018\/10\/guide-daccompagnement-pour-les-patients-et-leur-famille.pdf\/\" target=\"_blank\" rel=\"noopener\">Guide d\u2019accompagnement pour les patients et leur famille (PDF)<\/a><\/p>\n<p>D\u00e9couvrez comment votre \u00e9quipe de soins <a href=\"https:\/\/www.ottawahospital.on.ca\/fr\/patients-et-visiteurs\/sejour-a-lhopital\/comment-nous-echangeons-des-renseignements-sur-vos-soins\/\">vous informe<\/a> sur vos soins, prend de vos nouvelles et partage des informations pendant votre s\u00e9jour.<\/p>\n<p style=\"text-align: left;\"><img decoding=\"async\" class=\"img-responsive alignleft wp-image-209 size-full\" src=\"https:\/\/www.ottawahospital.on.ca\/wp-content\/uploads\/2015\/09\/DSC_0073-e1443560191462.jpg\" alt=\"L'H\u00f4pital g\u00e9n\u00e9ral d'Ottawa\" width=\"200\" height=\"117\" \/><img decoding=\"async\" class=\"img-responsive alignleft wp-image-212 size-full\" src=\"https:\/\/www.ottawahospital.on.ca\/wp-content\/uploads\/2015\/09\/Old-Main-Side-e1443560277497.jpg\" alt=\"Old+Main+-+Side\" width=\"199\" height=\"117\" \/><img decoding=\"async\" class=\"img--responsive alignleft wp-image-213 size-full\" src=\"https:\/\/www.ottawahospital.on.ca\/wp-content\/uploads\/2015\/09\/Riverside-Campus-e1443578991761.jpg\" alt=\"Campus Riverside\" width=\"176\" height=\"117\" \/><\/p>\n\n\n<p><\/p>\n\n\n\n<p><\/p>\n\n\n\n<p><\/p>\n\n\n\n<div style=\"height:20px\" aria-hidden=\"true\" class=\"wp-block-spacer\"><\/div>\n","protected":false},"excerpt":{"rendered":"<p>Que vous soyez un patient ou un visiteur, il est important de conna\u00eetre les services offerts \u00e0 L\u2019H\u00f4pital d\u2019Ottawa. En obtenant ces renseignements d\u2019avance, vous pourrez mieux vous pr\u00e9parer, ce qui rendra votre s\u00e9jour parmi nous plus agr\u00e9able. Pour obtenir une version imprim\u00e9e de ces renseignements, vous n\u2019avez qu\u2019\u00e0 t\u00e9l\u00e9charger et imprimer le document suivant\u00a0:Guide [&hellip;]<\/p>\n","protected":false},"author":25,"featured_media":0,"parent":84,"menu_order":8,"comment_status":"closed","ping_status":"closed","template":"","meta":{"_acf_changed":false,"_mc_calendar":[],"footnotes":""},"class_list":["post-225","page","type-page","status-publish","hentry"],"acf":[],"wps_subtitle":"","_links":{"self":[{"href":"https:\/\/www.ottawahospital.on.ca\/fr\/wp-json\/wp\/v2\/pages\/225","targetHints":{"allow":["GET"]}}],"collection":[{"href":"https:\/\/www.ottawahospital.on.ca\/fr\/wp-json\/wp\/v2\/pages"}],"about":[{"href":"https:\/\/www.ottawahospital.on.ca\/fr\/wp-json\/wp\/v2\/types\/page"}],"author":[{"embeddable":true,"href":"https:\/\/www.ottawahospital.on.ca\/fr\/wp-json\/wp\/v2\/users\/25"}],"replies":[{"embeddable":true,"href":"https:\/\/www.ottawahospital.on.ca\/fr\/wp-json\/wp\/v2\/comments?post=225"}],"version-history":[{"count":3,"href":"https:\/\/www.ottawahospital.on.ca\/fr\/wp-json\/wp\/v2\/pages\/225\/revisions"}],"predecessor-version":[{"id":277930,"href":"https:\/\/www.ottawahospital.on.ca\/fr\/wp-json\/wp\/v2\/pages\/225\/revisions\/277930"}],"up":[{"embeddable":true,"href":"https:\/\/www.ottawahospital.on.ca\/fr\/wp-json\/wp\/v2\/pages\/84"}],"wp:attachment":[{"href":"https:\/\/www.ottawahospital.on.ca\/fr\/wp-json\/wp\/v2\/media?parent=225"}],"curies":[{"name":"wp","href":"https:\/\/api.w.org\/{rel}","templated":true}]}}