{"id":22288,"date":"2017-02-03T14:05:04","date_gmt":"2017-02-03T19:05:04","guid":{"rendered":"http:\/\/52.229.127.56\/?page_id=22288\/"},"modified":"2021-06-14T14:26:44","modified_gmt":"2021-06-14T18:26:44","slug":"dr-virginia-roth","status":"publish","type":"page","link":"https:\/\/www.ottawahospital.on.ca\/fr\/about-us\/notre-equipe-de-direction\/equipe-de-la-haute-direction\/dr-virginia-roth\/","title":{"rendered":"Dr Virginia Roth"},"content":{"rendered":"<div class=\"wp-caption alignleft\" style=\"width: 145px;\"><img decoding=\"async\" class=\"img responsive\" src=\"\/wp-content\/uploads\/2020\/06\/Virgina-Roth.jpg\" alt=\"Dre Virginia Roth\" width=\"135\" height=\"169\" \/><\/p>\n<p class=\"wp-caption-text\"><strong>D<sup>re<\/sup> Virginia Roth<\/strong><br \/>\nm\u00e9decin-chef de L\u2019H\u00f4pital d\u2019Ottawa<\/p>\n<p class=\"wp-caption-text\"><strong>Renseignements<\/strong><br \/>\n613-737-8899 poste 77240<br \/>\n<a href=\"mailto:Virginia.Roth@toh.ca\">Virginia.Roth@toh.ca<\/a><\/p>\n<\/div>\n<p>La D<sup>re<\/sup> Virginia Roth est m\u00e9decin-chef et sp\u00e9cialiste des maladies infectieuses \u00e0 L\u2019H\u00f4pital d\u2019Ottawa et professeure de m\u00e9decine \u00e0 l\u2019Universit\u00e9 d\u2019Ottawa.<\/p>\n<p>Apr\u00e8s sa formation en m\u00e9decine interne et maladies infectieuses \u00e0 l\u2019Universit\u00e9 d\u2019Ottawa, la D<sup>re<\/sup> Roth a travaill\u00e9 comme agente du renseignement sur les \u00e9pid\u00e9mies au sein du programme des infections nosocomiales du Centre de contr\u00f4le et de pr\u00e9vention des maladies (CDC) aux \u00c9tats-Unis. Elle a occup\u00e9 diff\u00e9rents postes de direction \u00e0 L\u2019H\u00f4pital d\u2019Ottawa depuis son embauche en 2000 comme directrice de la pr\u00e9vention et du contr\u00f4le des infections. En 2012, elle a obtenu une ma\u00eetrise en administration des affaires pour cadres de l\u2019\u00c9cole de gestion Telfer.<\/p>\n<p>Le travail clinique de la D<sup>re<\/sup> Roth est ax\u00e9 sur les soins aux patients atteints de tuberculose. Ses champs de recherche englobent le leadership en sant\u00e9, l\u2019exp\u00e9rience des patients et les infections nosocomiales. Elle a publi\u00e9 plus de 80 articles \u00e9valu\u00e9s par des pairs.<\/p>\n<p>La D<sup>re<\/sup> Roth cumule de l\u2019exp\u00e9rience dans les questions m\u00e9dico-l\u00e9gales, la gestion du risque, la gestion des syst\u00e8mes de sant\u00e9 complexes, la formation en leadership, la gouvernance des conseils et la prise de parole en public.<\/p>\n","protected":false},"excerpt":{"rendered":"<p>Dre Virginia Roth m\u00e9decin-chef de L\u2019H\u00f4pital d\u2019Ottawa Renseignements 613-737-8899 poste 77240 Virginia.Roth@toh.ca La Dre Virginia Roth est m\u00e9decin-chef et sp\u00e9cialiste des maladies infectieuses \u00e0 L\u2019H\u00f4pital d\u2019Ottawa et professeure de m\u00e9decine \u00e0 l\u2019Universit\u00e9 d\u2019Ottawa. Apr\u00e8s sa formation en m\u00e9decine interne et maladies infectieuses \u00e0 l\u2019Universit\u00e9 d\u2019Ottawa, la Dre Roth a travaill\u00e9 comme agente du renseignement sur [&hellip;]<\/p>\n","protected":false},"author":25,"featured_media":0,"parent":4550,"menu_order":16,"comment_status":"closed","ping_status":"closed","template":"","meta":{"_acf_changed":false,"_mc_calendar":[],"footnotes":""},"class_list":["post-22288","page","type-page","status-publish","hentry"],"acf":[],"wps_subtitle":"","_links":{"self":[{"href":"https:\/\/www.ottawahospital.on.ca\/fr\/wp-json\/wp\/v2\/pages\/22288","targetHints":{"allow":["GET"]}}],"collection":[{"href":"https:\/\/www.ottawahospital.on.ca\/fr\/wp-json\/wp\/v2\/pages"}],"about":[{"href":"https:\/\/www.ottawahospital.on.ca\/fr\/wp-json\/wp\/v2\/types\/page"}],"author":[{"embeddable":true,"href":"https:\/\/www.ottawahospital.on.ca\/fr\/wp-json\/wp\/v2\/users\/25"}],"replies":[{"embeddable":true,"href":"https:\/\/www.ottawahospital.on.ca\/fr\/wp-json\/wp\/v2\/comments?post=22288"}],"version-history":[{"count":0,"href":"https:\/\/www.ottawahospital.on.ca\/fr\/wp-json\/wp\/v2\/pages\/22288\/revisions"}],"up":[{"embeddable":true,"href":"https:\/\/www.ottawahospital.on.ca\/fr\/wp-json\/wp\/v2\/pages\/4550"}],"wp:attachment":[{"href":"https:\/\/www.ottawahospital.on.ca\/fr\/wp-json\/wp\/v2\/media?parent=22288"}],"curies":[{"name":"wp","href":"https:\/\/api.w.org\/{rel}","templated":true}]}}