{"id":217761,"date":"2025-05-07T10:57:26","date_gmt":"2025-05-07T14:57:26","guid":{"rendered":"https:\/\/www.ottawahospital.on.ca\/?page_id=217761"},"modified":"2025-05-07T10:58:47","modified_gmt":"2025-05-07T14:58:47","slug":"dr-jason-r-frank","status":"publish","type":"page","link":"https:\/\/www.ottawahospital.on.ca\/fr\/about-us\/notre-equipe-de-direction\/equipe-de-la-haute-direction\/dr-jason-r-frank\/","title":{"rendered":"Dr\u00a0Jason\u00a0R.\u00a0Frank"},"content":{"rendered":"<div class=\"wp-block-image\">\n<figure class=\"alignleft size-full\"><img decoding=\"async\" width=\"135\" height=\"169\" src=\"https:\/\/www.ottawahospital.on.ca\/wp-content\/uploads\/2025\/03\/Jason-Frenk-Profile-picture.jpg\" alt=\"Dr. Jason Frank\" class=\"wp-image-94655\"\/><figcaption class=\"wp-element-caption\"><strong>D<sup>r<\/sup>\u00a0Jason\u00a0R.\u00a0Frank<\/strong> Clinicien-\u00e9ducateur, professeur, D\u00e9partement de m\u00e9decine d\u2019urgence<\/figcaption><\/figure>\n<\/div>\n\n\n<p>Le D<sup>r<\/sup>\u00a0Jason\u00a0R.\u00a0Frank est un clinicien-\u00e9ducateur dont le travail se concentre sur tous les aspects de la formation aux professions de la sant\u00e9.<\/p>\n\n\n\n<p>Il est professeur au D\u00e9partement de m\u00e9decine d\u2019urgence de la Facult\u00e9 de m\u00e9decine de l\u2019Universit\u00e9 d\u2019Ottawa et m\u00e9decin traitant \u00e0 L\u2019H\u00f4pital d\u2019Ottawa. Il est actuellement le directeur fondateur du Centre d\u2019innovation en \u00e9ducation m\u00e9dicale de l\u2019Universit\u00e9 d\u2019Ottawa (CiEM). Auparavant, il \u00e9tait directeur de l\u2019enseignement sp\u00e9cialis\u00e9, de la strat\u00e9gie et des normes au Bureau de l\u2019enseignement sp\u00e9cialis\u00e9 du Coll\u00e8ge royal des m\u00e9decins et chirurgiens du Canada.<\/p>\n\n\n\n<p>N\u00e9 dans une r\u00e9gion rurale du nord du Canada, le D<sup>r<\/sup>\u00a0Jason\u00a0Frank a obtenu son dipl\u00f4me en m\u00e9decine de la Facult\u00e9 de m\u00e9decine de l\u2019Universit\u00e9 d\u2019Ottawa et son titre d\u2019associ\u00e9 du Coll\u00e8ge royal des m\u00e9decins et chirurgiens du Canada (FRCPC) en m\u00e9decine d\u2019urgence de l\u2019Universit\u00e9 de Toronto. Il d\u00e9tient aussi une ma\u00eetrise en \u00e9ducation de l\u2019Institut d\u2019\u00e9tudes p\u00e9dagogiques de l\u2019Ontario.<\/p>\n\n\n\n<p>Il est connu pour son travail sur tous les aspects de l\u2019enseignement m\u00e9dical, en particulier sa participation au projet CanMEDS depuis 1994, et comme l\u2019un des pionniers de la formation m\u00e9dicale ax\u00e9e sur les comp\u00e9tences (\u00ab\u00a0competency-based medical education\u00a0\u00bb, ou \u00ab\u00a0CBME\u00a0\u00bb). Il est le fondateur et le pr\u00e9sident de l\u2019International CBME Collaborators consortium et du projet de comp\u00e9tence par conception (\u00ab\u00a0Competence By Design\u00a0\u00bb). Il a apport\u00e9 des contributions importantes aux syst\u00e8mes de professions de la sant\u00e9 dans le monde entier.<\/p>\n\n\n\n<p>Ancien finaliste du concours \u00ab\u00a0Canada\u2019s Top 40 Under 40\u00a0\u00bb (les 40\u00a0Canadiens performants de moins de 40\u00a0ans), il a \u00e9t\u00e9 reconnu pour ses contributions \u00e0 la m\u00e9decine et \u00e0 l\u2019enseignement. Il a re\u00e7u en 2013 le prix du Conseil remis par l\u2019Ordre des m\u00e9decins et chirurgiens de l\u2019Ontario et a \u00e9t\u00e9 nomm\u00e9 membre honoraire de l\u2019Australian Orthopedic Association en 2015 en raison de ses contributions \u00e0 la formation chirurgicale. En 2020, l\u2019Association for Medical Education in Europe lui a d\u00e9cern\u00e9 le prix Ian Hart, l\u2019une des plus hautes distinctions internationales pour souligner les contributions \u00e0 l\u2019enseignement des professions de la sant\u00e9.<\/p>\n\n\n\n<p>Le D<sup>r<\/sup>\u00a0Jason\u00a0Frank est p\u00e8re de quatre fils et mari\u00e9 \u00e0 la D<sup>re<\/sup>\u00a0Ruth\u00a0Farey.<\/p>\n","protected":false},"excerpt":{"rendered":"<p>Le Dr\u00a0Jason\u00a0R.\u00a0Frank est un clinicien-\u00e9ducateur dont le travail se concentre sur tous les aspects de la formation aux professions de la sant\u00e9. Il est professeur au D\u00e9partement de m\u00e9decine d\u2019urgence de la Facult\u00e9 de m\u00e9decine de l\u2019Universit\u00e9 d\u2019Ottawa et m\u00e9decin traitant \u00e0 L\u2019H\u00f4pital d\u2019Ottawa. Il est actuellement le directeur fondateur du Centre d\u2019innovation en \u00e9ducation [&hellip;]<\/p>\n","protected":false},"author":25,"featured_media":0,"parent":4550,"menu_order":0,"comment_status":"closed","ping_status":"closed","template":"","meta":{"_acf_changed":false,"_mc_calendar":[],"footnotes":""},"class_list":["post-217761","page","type-page","status-publish","hentry"],"acf":[],"wps_subtitle":"","_links":{"self":[{"href":"https:\/\/www.ottawahospital.on.ca\/fr\/wp-json\/wp\/v2\/pages\/217761","targetHints":{"allow":["GET"]}}],"collection":[{"href":"https:\/\/www.ottawahospital.on.ca\/fr\/wp-json\/wp\/v2\/pages"}],"about":[{"href":"https:\/\/www.ottawahospital.on.ca\/fr\/wp-json\/wp\/v2\/types\/page"}],"author":[{"embeddable":true,"href":"https:\/\/www.ottawahospital.on.ca\/fr\/wp-json\/wp\/v2\/users\/25"}],"replies":[{"embeddable":true,"href":"https:\/\/www.ottawahospital.on.ca\/fr\/wp-json\/wp\/v2\/comments?post=217761"}],"version-history":[{"count":0,"href":"https:\/\/www.ottawahospital.on.ca\/fr\/wp-json\/wp\/v2\/pages\/217761\/revisions"}],"up":[{"embeddable":true,"href":"https:\/\/www.ottawahospital.on.ca\/fr\/wp-json\/wp\/v2\/pages\/4550"}],"wp:attachment":[{"href":"https:\/\/www.ottawahospital.on.ca\/fr\/wp-json\/wp\/v2\/media?parent=217761"}],"curies":[{"name":"wp","href":"https:\/\/api.w.org\/{rel}","templated":true}]}}