{"id":21,"date":"2015-08-27T21:42:42","date_gmt":"2015-08-28T01:42:42","guid":{"rendered":"http:\/\/toh.masm.ca\/?page_id=21&#038;lang=fr"},"modified":"2024-03-21T08:10:58","modified_gmt":"2024-03-21T12:10:58","slug":"notre-modele-de-soins","status":"publish","type":"page","link":"https:\/\/www.ottawahospital.on.ca\/fr\/notre-modele-de-soins\/","title":{"rendered":"Notre mod\u00e8le de soins"},"content":{"rendered":"<div class=\"landingpage-box\">\n<div class=\"landingpage-feature col-lg-6 col-md-12\">\n<h3>Conseils sur la s\u00e9curit\u00e9 des patients<\/h3>\n<p>\u00c0 L\u2019H\u00f4pital d\u2019Ottawa, la s\u00e9curit\u00e9 des patients fait partie de nos priorit\u00e9s. Les patients ont un r\u00f4le important \u00e0 jouer \u00e0 chaque \u00e9tape de leurs soins de sant\u00e9 et les conseils pratiques sur la s\u00e9curit\u00e9 serviront \u00e0 les encourager \u00e0 participer davantage \u00e0 leurs soins de sant\u00e9.<\/p>\n<p><a href=\"\/fr\/qualite-et-securite\/conseils-sur-la-securite-des-patients\/\">Pour en savoir plus <span style=\"display: none;\"> sur la s\u00e9curit\u00e9 des patients<\/span>&#8230;<\/a><\/p>\n<\/div>\n<div class=\"landingpage-feature col-lg-6 col-md-12 noborder\">\n<h3>T\u00e9moignages<\/h3>\n<p>\u00c0 L\u2019H\u00f4pital d\u2019Ottawa, les t\u00e9moignages de nos patients et de leur famille ainsi que de l\u2019\u00e9quipe de soins sont une source d\u2019inspiration.<\/p>\n<\/div>\n<\/div>\n","protected":false},"excerpt":{"rendered":"<p>Conseils sur la s\u00e9curit\u00e9 des patients \u00c0 L\u2019H\u00f4pital d\u2019Ottawa, la s\u00e9curit\u00e9 des patients fait partie de nos priorit\u00e9s. Les patients ont un r\u00f4le important \u00e0 jouer \u00e0 chaque \u00e9tape de leurs soins de sant\u00e9 et les conseils pratiques sur la s\u00e9curit\u00e9 serviront \u00e0 les encourager \u00e0 participer davantage \u00e0 leurs soins de sant\u00e9. Pour en [&hellip;]<\/p>\n","protected":false},"author":25,"featured_media":0,"parent":0,"menu_order":0,"comment_status":"open","ping_status":"open","template":"template_landingpage.php","meta":{"_acf_changed":false,"_mc_calendar":[],"footnotes":""},"class_list":["post-21","page","type-page","status-publish","hentry"],"acf":[],"wps_subtitle":"","_links":{"self":[{"href":"https:\/\/www.ottawahospital.on.ca\/fr\/wp-json\/wp\/v2\/pages\/21","targetHints":{"allow":["GET"]}}],"collection":[{"href":"https:\/\/www.ottawahospital.on.ca\/fr\/wp-json\/wp\/v2\/pages"}],"about":[{"href":"https:\/\/www.ottawahospital.on.ca\/fr\/wp-json\/wp\/v2\/types\/page"}],"author":[{"embeddable":true,"href":"https:\/\/www.ottawahospital.on.ca\/fr\/wp-json\/wp\/v2\/users\/25"}],"replies":[{"embeddable":true,"href":"https:\/\/www.ottawahospital.on.ca\/fr\/wp-json\/wp\/v2\/comments?post=21"}],"version-history":[{"count":0,"href":"https:\/\/www.ottawahospital.on.ca\/fr\/wp-json\/wp\/v2\/pages\/21\/revisions"}],"wp:attachment":[{"href":"https:\/\/www.ottawahospital.on.ca\/fr\/wp-json\/wp\/v2\/media?parent=21"}],"curies":[{"name":"wp","href":"https:\/\/api.w.org\/{rel}","templated":true}]}}