{"id":201,"date":"2015-09-29T16:34:08","date_gmt":"2015-09-29T20:34:08","guid":{"rendered":"http:\/\/toh.masm.ca\/fr\/?page_id=201"},"modified":"2015-09-29T16:35:37","modified_gmt":"2015-09-29T20:35:37","slug":"services-offerts-sur-les-campus","status":"publish","type":"page","link":"https:\/\/www.ottawahospital.on.ca\/fr\/patients-et-visiteurs\/services-offerts-sur-les-campus\/","title":{"rendered":"Services offerts sur les campus"},"content":{"rendered":"<p>Que vous soyez hospitalis\u00e9 ou que vous veniez \u00e0 l&rsquo;h\u00f4pital pour un rendez-vous, nous veillons \u00e0 ce que vous puissiez recevoir tous les services et le soutien dont vous avez besoin.\u00a0<\/p>\n<p>En plus des soins offerts, vous trouverez \u00e0 chaque campus des services de restauration, des distributrices automatiques et diff\u00e9rentes boutiques. Nous offrons \u00e9galement des possibilit\u00e9s d&rsquo;h\u00e9bergement \u00e0 court terme.<\/p>\n","protected":false},"excerpt":{"rendered":"<p>Que vous soyez hospitalis\u00e9 ou que vous veniez \u00e0 l&rsquo;h\u00f4pital pour un rendez-vous, nous veillons \u00e0 ce que vous puissiez recevoir tous les services et le soutien dont vous avez besoin.\u00a0 En plus des soins offerts, vous trouverez \u00e0 chaque campus des services de restauration, des distributrices automatiques et diff\u00e9rentes boutiques. Nous offrons \u00e9galement des [&hellip;]<\/p>\n","protected":false},"author":25,"featured_media":0,"parent":84,"menu_order":3,"comment_status":"closed","ping_status":"closed","template":"","meta":{"_acf_changed":false,"_mc_calendar":[],"footnotes":""},"class_list":["post-201","page","type-page","status-publish","hentry"],"acf":[],"wps_subtitle":"","_links":{"self":[{"href":"https:\/\/www.ottawahospital.on.ca\/fr\/wp-json\/wp\/v2\/pages\/201","targetHints":{"allow":["GET"]}}],"collection":[{"href":"https:\/\/www.ottawahospital.on.ca\/fr\/wp-json\/wp\/v2\/pages"}],"about":[{"href":"https:\/\/www.ottawahospital.on.ca\/fr\/wp-json\/wp\/v2\/types\/page"}],"author":[{"embeddable":true,"href":"https:\/\/www.ottawahospital.on.ca\/fr\/wp-json\/wp\/v2\/users\/25"}],"replies":[{"embeddable":true,"href":"https:\/\/www.ottawahospital.on.ca\/fr\/wp-json\/wp\/v2\/comments?post=201"}],"version-history":[{"count":0,"href":"https:\/\/www.ottawahospital.on.ca\/fr\/wp-json\/wp\/v2\/pages\/201\/revisions"}],"up":[{"embeddable":true,"href":"https:\/\/www.ottawahospital.on.ca\/fr\/wp-json\/wp\/v2\/pages\/84"}],"wp:attachment":[{"href":"https:\/\/www.ottawahospital.on.ca\/fr\/wp-json\/wp\/v2\/media?parent=201"}],"curies":[{"name":"wp","href":"https:\/\/api.w.org\/{rel}","templated":true}]}}