{"id":1966,"date":"2016-10-31T13:32:29","date_gmt":"2016-10-31T17:32:29","guid":{"rendered":"http:\/\/52.229.122.34\/fr\/?page_id=1966"},"modified":"2018-01-16T09:28:25","modified_gmt":"2018-01-16T14:28:25","slug":"rapport-sur-les-indicateurs","status":"publish","type":"page","link":"https:\/\/www.ottawahospital.on.ca\/fr\/qualite-et-securite\/rendre-compte\/rapport-sur-les-indicateurs\/","title":{"rendered":"Rapport sur les indicateurs"},"content":{"rendered":"<p>L\u2019H\u00f4pital d\u2019Ottawa rend publics plusieurs indicateurs de s\u00e9curit\u00e9 des patients qu\u2019il soumet au minist\u00e8re de la Sant\u00e9 et des Soins de longue dur\u00e9e.<\/p>\n<p>Voici la liste des indicateurs de s\u00e9curit\u00e9 des patients qui devront faire l\u2019objet de rapports publics :<\/p>\n<ul>\n<li><a href=\"https:\/\/www.ottawahospital.on.ca\/fr\/qualite-et-securite\/prevention-et-controle-des-infections\/rapport-sur-les-indicateurs\/enterobacteries-productrices-de-carbapenemases-epc\/\">Enterobacteries productrices de carbapenemases (EPC)<\/a><\/li>\n<li><a href=\"\/fr\/qualite-et-securite\/rendre-compte\/rapport-sur-les-indicateurs\/infections-par-catheter-central\/\">Taux d\u2019infections li\u00e9es aux cath\u00e9ters centraux<\/a><\/li>\n<li><a href=\"\/fr\/qualite-et-securite\/rendre-compte\/rapport-sur-les-indicateurs\/clostridium-difficile-c-difficile\/\">Clostridium difficile (C. difficile)<span style=\"display: none;\">Apprenez plus sur Clostridium difficile (C. difficile)<\/span><\/a><\/li>\n<li><a href=\"\/fr\/qualite-et-securite\/rendre-compte\/rapport-sur-les-indicateurs\/respect-de-lhygiene-des-mains\/\">Respect de l\u2019hygi\u00e8ne des mains<\/a><\/li>\n<li><a href=\"\/fr\/qualite-et-securite\/rendre-compte\/rapport-sur-les-indicateurs\/ratio-normalise-de-mortalite-hospitaliere-rnmh\/\">Ratio normalis\u00e9 de mortalit\u00e9 hospitali\u00e8re (RNMH)<\/a><\/li>\n<li><a href=\"\/fr\/qualite-et-securite\/rendre-compte\/rapport-sur-les-indicateurs\/staphylococcus-aureus-resistant-a-la-methicilline-sarm\/\">Staphylocoque aureus r\u00e9sistant \u00e0 la m\u00e9thicilline (SARM)<\/a><\/li>\n<li><a href=\"\/fr\/qualite-et-securite\/rendre-compte\/rapport-sur-les-indicateurs\/liste-de-verification-dune-chirurgie-securitaire\/\">Liste de v\u00e9rification d&rsquo;une chirurgie s\u00e9curitaire<\/a><\/li>\n<li><a href=\"\/fr\/qualite-et-securite\/rendre-compte\/rapport-sur-les-indicateurs\/infections-du-champ-operatoire\/\">Pr\u00e9vention des infections du champ op\u00e9ratoire<\/a><\/li>\n<li><a href=\"\/fr\/qualite-et-securite\/rendre-compte\/rapport-sur-les-indicateurs\/enterocoque-resistant-a-la-vancomycine-erv\/\">Ent\u00e9rocoque r\u00e9sistant \u00e0 la vancomycine (ERV)<\/a><\/li>\n<li><a href=\"\/fr\/qualite-et-securite\/rendre-compte\/rapport-sur-les-indicateurs\/pneumonie-sous-ventilation-assistee-pva\/\">Pneumonie sous ventilation assist\u00e9e (PVA)<\/a><\/li>\n<\/ul>\n","protected":false},"excerpt":{"rendered":"<p>L\u2019H\u00f4pital d\u2019Ottawa rend publics plusieurs indicateurs de s\u00e9curit\u00e9 des patients qu\u2019il soumet au minist\u00e8re de la Sant\u00e9 et des Soins de longue dur\u00e9e. Voici la liste des indicateurs de s\u00e9curit\u00e9 des patients qui devront faire l\u2019objet de rapports publics : Enterobacteries productrices de carbapenemases (EPC) Taux d\u2019infections li\u00e9es aux cath\u00e9ters centraux Clostridium difficile (C. difficile)Apprenez [&hellip;]<\/p>\n","protected":false},"author":25,"featured_media":0,"parent":300,"menu_order":5,"comment_status":"closed","ping_status":"closed","template":"","meta":{"_acf_changed":false,"_mc_calendar":[],"footnotes":""},"class_list":["post-1966","page","type-page","status-publish","hentry"],"acf":[],"wps_subtitle":"","_links":{"self":[{"href":"https:\/\/www.ottawahospital.on.ca\/fr\/wp-json\/wp\/v2\/pages\/1966","targetHints":{"allow":["GET"]}}],"collection":[{"href":"https:\/\/www.ottawahospital.on.ca\/fr\/wp-json\/wp\/v2\/pages"}],"about":[{"href":"https:\/\/www.ottawahospital.on.ca\/fr\/wp-json\/wp\/v2\/types\/page"}],"author":[{"embeddable":true,"href":"https:\/\/www.ottawahospital.on.ca\/fr\/wp-json\/wp\/v2\/users\/25"}],"replies":[{"embeddable":true,"href":"https:\/\/www.ottawahospital.on.ca\/fr\/wp-json\/wp\/v2\/comments?post=1966"}],"version-history":[{"count":0,"href":"https:\/\/www.ottawahospital.on.ca\/fr\/wp-json\/wp\/v2\/pages\/1966\/revisions"}],"up":[{"embeddable":true,"href":"https:\/\/www.ottawahospital.on.ca\/fr\/wp-json\/wp\/v2\/pages\/300"}],"wp:attachment":[{"href":"https:\/\/www.ottawahospital.on.ca\/fr\/wp-json\/wp\/v2\/media?parent=1966"}],"curies":[{"name":"wp","href":"https:\/\/api.w.org\/{rel}","templated":true}]}}