{"id":195,"date":"2015-09-29T14:40:49","date_gmt":"2015-09-29T18:40:49","guid":{"rendered":"http:\/\/toh.masm.ca\/fr\/?page_id=195"},"modified":"2021-05-19T09:38:59","modified_gmt":"2021-05-19T13:38:59","slug":"qualite-et-securite","status":"publish","type":"page","link":"https:\/\/www.ottawahospital.on.ca\/fr\/qualite-et-securite\/","title":{"rendered":"Qualit\u00e9 et s\u00e9curit\u00e9"},"content":{"rendered":"<div class=\"landingpage-box\">\n<div class=\"landingpage-feature col-lg-6 col-md-12\">\n<h3 class=\"border-top-radius\">Conseils sur la s\u00e9curit\u00e9 des patients<\/h3>\n<p>\u00c0 L\u2019H\u00f4pital d\u2019Ottawa, la s\u00e9curit\u00e9 des patients fait partie de nos priorit\u00e9s. Les patients ont un r\u00f4le important \u00e0 jouer \u00e0 chaque \u00e9tape de leurs soins de sant\u00e9 et les conseils pratiques sur la s\u00e9curit\u00e9 serviront \u00e0 les encourager \u00e0 participer davantage \u00e0 leurs soins de sant\u00e9.<\/p>\n<p><a href=\"\/fr\/qualite-et-securite\/conseils-sur-la-securite-des-patients\/\">Pour en savoir plus <span style=\"display: none;\">sur la s\u00e9curit\u00e9 des patients<\/span>&#8230;<\/a><\/p>\n<\/div>\n<div class=\"landingpage-feature col-lg-6 col-md-12\">\n<h3 class=\"border-top-radius\">Taux d&rsquo;occupation<\/h3>\n<p>Taux d&rsquo;occupation de L&rsquo;H\u00f4pital d&rsquo;Ottawa<\/p>\n<p><!--\n\n\n<div class=\"table-responsive paddingleft10 paddingright10\">\n\n\n<table class=\"table table-nopadding table-noborder\">\n\n\n<tbody>\n\n\n<tr>\n\n\n<td><strong>Indicateurs<\/strong><\/td>\n\n\n\n\n<td><strong>L'HO<\/strong><\/td>\n\n\n<\/tr>\n\n\n\n\n<tr>\n\n\n<td>Taux d'occupation<\/td>\n\n\n\n\n<td><a href=\"\/fr\/qualite-et-securite\/rendre-compte\/apercu-des-taux-doccupation\/\">...<\/a><\/td>\n\n\n<\/tr>\n\n\n\n\n<tr>\n\n\n<td>Patients ayant besoin d'un\nautre niveau de soins<\/td>\n\n\n\n\n<td><a href=\"\/fr\/qualite-et-securite\/rendre-compte\/apercu-des-taux-doccupation\/\">...<\/a><\/td>\n\n\n<\/tr>\n\n\n\n\n<tr>\n\n\n<td>Patients hospitalis\u00e9s \u00e0\nl\u2019urgence<\/td>\n\n\n\n\n<td><a href=\"\/fr\/qualite-et-securite\/rendre-compte\/apercu-des-taux-doccupation\/\">...<\/a><\/td>\n\n\n<\/tr>\n\n\n<\/tbody>\n\n\n<\/table>\n\n\n<\/div>\n\n\n--><a title=\"\" href=\"\/fr\/qualite-et-securite\/rendre-compte\/apercu-des-taux-doccupation\/\" target=\"\" rel=\"noopener noreferrer\">Pour en savoir plus&#8230;<\/a><\/p>\n<\/div>\n<\/div>\n","protected":false},"excerpt":{"rendered":"<p>Conseils sur la s\u00e9curit\u00e9 des patients \u00c0 L\u2019H\u00f4pital d\u2019Ottawa, la s\u00e9curit\u00e9 des patients fait partie de nos priorit\u00e9s. Les patients ont un r\u00f4le important \u00e0 jouer \u00e0 chaque \u00e9tape de leurs soins de sant\u00e9 et les conseils pratiques sur la s\u00e9curit\u00e9 serviront \u00e0 les encourager \u00e0 participer davantage \u00e0 leurs soins de sant\u00e9. Pour en [&hellip;]<\/p>\n","protected":false},"author":25,"featured_media":0,"parent":0,"menu_order":0,"comment_status":"closed","ping_status":"closed","template":"template_landingpage.php","meta":{"_acf_changed":false,"_mc_calendar":[],"footnotes":""},"class_list":["post-195","page","type-page","status-publish","hentry"],"acf":[],"wps_subtitle":"","_links":{"self":[{"href":"https:\/\/www.ottawahospital.on.ca\/fr\/wp-json\/wp\/v2\/pages\/195","targetHints":{"allow":["GET"]}}],"collection":[{"href":"https:\/\/www.ottawahospital.on.ca\/fr\/wp-json\/wp\/v2\/pages"}],"about":[{"href":"https:\/\/www.ottawahospital.on.ca\/fr\/wp-json\/wp\/v2\/types\/page"}],"author":[{"embeddable":true,"href":"https:\/\/www.ottawahospital.on.ca\/fr\/wp-json\/wp\/v2\/users\/25"}],"replies":[{"embeddable":true,"href":"https:\/\/www.ottawahospital.on.ca\/fr\/wp-json\/wp\/v2\/comments?post=195"}],"version-history":[{"count":0,"href":"https:\/\/www.ottawahospital.on.ca\/fr\/wp-json\/wp\/v2\/pages\/195\/revisions"}],"wp:attachment":[{"href":"https:\/\/www.ottawahospital.on.ca\/fr\/wp-json\/wp\/v2\/media?parent=195"}],"curies":[{"name":"wp","href":"https:\/\/api.w.org\/{rel}","templated":true}]}}