{"id":188,"date":"2015-09-29T11:49:23","date_gmt":"2015-09-29T15:49:23","guid":{"rendered":"http:\/\/toh.masm.ca\/fr\/?page_id=188"},"modified":"2025-12-12T10:07:05","modified_gmt":"2025-12-12T15:07:05","slug":"accessibilite","status":"publish","type":"page","link":"https:\/\/www.ottawahospital.on.ca\/fr\/patients-et-visiteurs\/accessibilite\/","title":{"rendered":"Accessibilit\u00e9"},"content":{"rendered":"\n<p>L\u2019H\u00f4pital d\u2019Ottawa s\u2019engage \u00e0 fournir \u00e0 tous les m\u00eames possibilit\u00e9s d\u2019acc\u00e9der aux services hospitaliers et d\u2019en b\u00e9n\u00e9ficier, en identifiant, en \u00e9liminant et en pr\u00e9venant les obstacles afin de promouvoir des soins et des services accessibles et inclusifs.<\/p>\n\n\n\n<h2 class=\"wp-block-heading\">Acc\u00e8s aux campus de L\u2019H\u00f4pital d\u2019Ottawa<\/h2>\n\n\n\n<p>L\u2019H\u00f4pital d\u2019Ottawa est dot\u00e9 de stationnements accessibles, d\u2019entr\u00e9es accessibles, de fauteuils roulants et d\u2019ascenseurs \u00e0 chacun de ses campus.<\/p>\n\n\n\n<p>Chaque plan de campus indique l\u2019emplacement des entr\u00e9es accessibles et des ascenseurs.<\/p>\n\n\n\n<ul class=\"wp-block-list\">\n<li><a href=\"https:\/\/www.ottawahospital.on.ca\/en\/documents\/2024\/02\/civic-campus-map-patient-fr.pdf\">Voir le plan du Campus Civic<\/a><\/li>\n\n\n\n<li><a href=\"https:\/\/www.ottawahospital.on.ca\/en\/documents\/2017\/01\/generalcampusoverhead_oct2012.pdf\">Voir le plan du Campus G\u00e9n\u00e9ral<\/a><\/li>\n\n\n\n<li><a href=\"https:\/\/www.ottawahospital.on.ca\/en\/documents\/2024\/02\/riverside-site-map-fr.pdf\">Voir le plan du Campus Riverside<\/a><\/li>\n<\/ul>\n\n\n\n<h3 class=\"wp-block-heading\">Stationnement accessible<\/h3>\n\n\n\n<ul class=\"wp-block-list\">\n<li>Tous les stationnements pour les patients et visiteurs, y compris aux parcom\u00e8tres, ont des places de stationnement accessible. Le co\u00fbt du stationnement \u00e0 ces endroits est le m\u00eame qu\u2019aux autres stationnements.<\/li>\n\n\n\n<li>Pour payer votre place de stationnement, utilisez le ticket que vous avez re\u00e7u \u00e0 l\u2019entr\u00e9e du stationnement. Vous pouvez payer \u00e0 l\u2019int\u00e9rieur de l\u2019\u00e9difice principal du campus \u00e0 l\u2019un des guichets de paiement situ\u00e9s \u00e0 proximit\u00e9 de l\u2019entr\u00e9e principale. Vous pouvez aussi payer avec une carte de cr\u00e9dit ou de d\u00e9bit \u00e0 la sortie du stationnement.<\/li>\n\n\n\n<li>Consultez la page <a href=\"https:\/\/www.ottawahospital.on.ca\/fr\/patients-et-visiteurs\/directions-et-plans-des-campus\/stationnement\/\">Stationnement<\/a> pour obtenir plus d\u2019information.<\/li>\n<\/ul>\n\n\n\n<h3 class=\"wp-block-heading\">Entr\u00e9es accessibles<\/h3>\n\n\n\n<ul class=\"wp-block-list\">\n<li>Toutes les entr\u00e9es principales sont accessibles et sont munies d\u2019un ouvre-porte automatique.<\/li>\n<\/ul>\n\n\n\n<h3 class=\"wp-block-heading\">Fauteuils roulants<\/h3>\n\n\n\n<ul class=\"wp-block-list\">\n<li>Normalement, des fauteuils roulants sont disponibles \u00e0 l\u2019entr\u00e9e principale de tous les campus et dans les Services d\u2019urgence des campus G\u00e9n\u00e9ral et Civic. Sinon, rendez-vous au <a href=\"#info\">Bureaux d\u2019information<\/a> des b\u00e9n\u00e9voles pour le signaler afin que des fauteuils roulants y soient achemin\u00e9s. Des t\u00e9l\u00e9phones publics se trouvent \u00e9galement \u00e0 proximit\u00e9 des bureaux d\u2019information pour que les patients et les familles puissent appeler un pr\u00e9pos\u00e9 au transport s\u2019il n\u2019y a personne pour les aider.&nbsp;<\/li>\n<\/ul>\n\n\n\n<h3 class=\"wp-block-heading\">Toilettes accessibles<\/h3>\n\n\n\n<ul class=\"wp-block-list\">\n<li>Il y a des toilettes accessibles sur chaque campus qui sont signalis\u00e9es \u00e0 cet effet.<\/li>\n<\/ul>\n\n\n\n<h2 class=\"wp-block-heading\">Assistance en mati\u00e8re d\u2019accessibilit\u00e9<\/h2>\n\n\n\n<h3 class=\"wp-block-heading\" id=\"info\">Bureaux d\u2019information<\/h3>\n\n\n\n<ul class=\"wp-block-list\">\n<li>Nous avons des b\u00e9n\u00e9voles \u00e0 chacune de nos entr\u00e9es principales pr\u00eats \u00e0 vous renseigner et vous aider.<\/li>\n\n\n\n<li>Ils sont normalement pr\u00e9sents du lundi au vendredi, de 7&nbsp;h 30 \u00e0 15&nbsp;h 30, en personne ou par le biais d\u2019un \u00e9cran interactif aux bureaux d\u2019information.<\/li>\n<\/ul>\n\n\n\n<h3 class=\"wp-block-heading\">Services d\u2019interpr\u00e9tation<\/h3>\n\n\n\n<ul class=\"wp-block-list\">\n<li>Des services d\u2019interpr\u00e9tation en langue parl\u00e9e et en langue des signes (ASL et LSQ) sont offerts pour faciliter la prestation de tous nos services.<\/li>\n\n\n\n<li>Ces services sont gratuits.<\/li>\n\n\n\n<li>Si vous avez besoin des services d\u2019un interpr\u00e8te pour votre rendez-vous, informez-en sans tarder votre \u00e9quipe de soins pour qu\u2019elle puisse r\u00e9server ces services.<\/li>\n\n\n\n<li>Pour obtenir plus d\u2019information, consultez la page <a href=\"https:\/\/www.ottawahospital.on.ca\/fr\/patients-et-visiteurs\/interpretation\/\">Services d\u2019interpr\u00e9tation<\/a>.<\/li>\n<\/ul>\n\n\n\n<h3 class=\"wp-block-heading\">Amplificateurs personnels<\/h3>\n\n\n\n<ul class=\"wp-block-list\">\n<li>Des amplificateurs personnels (Pocket Talkers) sont mis \u00e0 votre disposition pendant que vous vous trouvez \u00e0 L\u2019H\u00f4pital d\u2019Ottawa.<\/li>\n\n\n\n<li>Si vous avez besoin que l\u2019h\u00f4pital vous fournisse un amplificateur personnel pour votre rendez-vous, veuillez en informer votre \u00e9quipe de soins qui prendra les dispositions n\u00e9cessaires.<\/li>\n\n\n\n<li>Le personnel peut r\u00e9server un haut-parleur de poche en communiquant avec les T\u00e9l\u00e9communications au poste&nbsp;17797 ou en envoyant un courriel \u00e0&nbsp;<a href=\"mailto:telecommunications@lho.ca\">telecommunications@lho.ca<\/a>. En dehors des heures d\u2019ouverture, le personnel peut communiquer avec le Service de rep\u00e9rage au 14221\/78222. \u00c0 noter que les patients peuvent apporter leur appareil. Certaines unit\u00e9s se sont dot\u00e9es de leurs propres haut-parleurs de poche.<\/li>\n<\/ul>\n\n\n\n<h2 class=\"wp-block-heading\">Animaux d\u2019assistance<\/h2>\n\n\n\n<ul class=\"wp-block-list\">\n<li>Les personnes handicap\u00e9es peuvent \u00eatre accompagn\u00e9es d\u2019un animal d\u2019assistance dans toutes les aires publiques de l\u2019h\u00f4pital.<\/li>\n\n\n\n<li>Il est possible que l\u2019on demande au propri\u00e9taire de l&rsquo;animal de pr\u00e9senter une lettre d\u2019un professionnel de la sant\u00e9 r\u00e9glement\u00e9 confirmant que c&rsquo;est bien un animal d\u2019assistance.<\/li>\n\n\n\n<li>Il incombe \u00e0 chaque propri\u00e9taire d\u2019un animal d\u2019assistance d\u2019en prendre soin, de le superviser et de surveiller son comportement.<\/li>\n\n\n\n<li>Il peut y avoir des zones dans lesquelles les animaux ne peuvent pas entrer en raison de protocoles de sant\u00e9 et de s\u00e9curit\u00e9.<\/li>\n\n\n\n<li>Veuillez informer \u00e0 l\u2019avance l\u2019unit\u00e9 ou le service concern\u00e9 si vous avez une visite pr\u00e9vue accompagn\u00e9 de votre animal d\u2019assistance.<\/li>\n<\/ul>\n\n\n\n<h2 class=\"wp-block-heading\">Personnes de soutien<\/h2>\n\n\n\n<ul class=\"wp-block-list\">\n<li>Les personnes de soutien qui accompagnent un patient sont les bienvenues.<\/li>\n\n\n\n<li>Les patients devront d\u00e9cliner l\u2019identit\u00e9 de la personne qui les accompagne et autoriser sa pr\u00e9sence et (ou) son aide pour discuter de choses comprenant des renseignements confidentiels.<\/li>\n<\/ul>\n\n\n\n<h2 class=\"wp-block-heading\">Produits parfum\u00e9s<\/h2>\n\n\n\n<p>Pour pouvoir offrir \u00e0 chacun un milieu accueillant, L\u2019H\u00f4pital d\u2019Ottawa est un milieu sans parfum : le personnel, les patients et les visiteurs ne doivent pas utiliser de produits parfum\u00e9s.<\/p>\n\n\n\n<h2 class=\"wp-block-heading\">Avis de perturbation des services et d\u2019acc\u00e8s aux installations<\/h2>\n\n\n\n<p>Il arrive parfois que l\u2019h\u00f4pital soit confront\u00e9 \u00e0 des perturbations qui ont des r\u00e9percussions sur la disponibilit\u00e9 de ses services et l\u2019acc\u00e8s \u00e0 ses installations (p. ex. une entr\u00e9e accessible est hors service).<\/p>\n\n\n\n<p>Nous ferons tout notre possible pour afficher d\u2019avance des avis concernant des perturbations pr\u00e9vues, qui peuvent consister en des travaux de maintenance ou de construction planifi\u00e9s.<\/p>\n\n\n\n<p>Nous ferons aussi de notre mieux pour afficher un avis \u00e0 l\u2019endroit de la perturbation. Cet avis pr\u00e9cisera sa dur\u00e9e pr\u00e9vue et d\u00e9crira les installations ou services de remplacement disponibles, le cas \u00e9ch\u00e9ant.<\/p>\n\n\n\n<ul class=\"wp-block-list\">\n<li>Le mode de communication de l\u2019avis d\u00e9pendra des r\u00e9percussions de la perturbation.<\/li>\n\n\n\n<li>Nous ferons de notre mieux pour veiller \u00e0 ce que plusieurs perturbations touchant des services accessibles ne se produisent pas en m\u00eame temps.<\/li>\n<\/ul>\n\n\n\n<p>Pour conna\u00eetre les travaux en cours qui pourraient affecter l\u2019acc\u00e8s \u00e0 certains lieux et services, consultez la section&nbsp;<a href=\"https:\/\/www.ottawahospital.on.ca\/fr\/\">Nouvelles et mises \u00e0 jour<\/a>.<\/p>\n\n\n\n<h2 class=\"wp-block-heading\">Accessibilit\u00e9 des contenus Web<\/h2>\n\n\n\n<p>Nous faisons en sorte de nous assurer que tous les renseignements mis en ligne sur notre site Web sont accessibles.<\/p>\n\n\n\n<p>Si vous trouvez de l\u2019information inaccessible sur ce site Web, veuillez envoyer un courriel \u00e0 l\u2019agent Web \u00e0 <a href=\"mailto:webofficer@toh.ca\">webofficer@toh.ca<\/a> en ajoutant un lien vers le contenu en question et, si possible, des d\u00e9tails.<\/p>\n\n\n\n<p>Si c\u2019est l\u2019h\u00f4pital qui poss\u00e8de et g\u00e8re le contenu, nous ferons tous les efforts possibles pour r\u00e9gler le probl\u00e8me. Le cas \u00e9ch\u00e9ant, nous pourrons fournir l\u2019information dans un autre format.<\/p>\n\n\n\n<h2 class=\"wp-block-heading\">Demande d\u2019information dans un autre format<\/h2>\n\n\n\n<p>Si vous voulez demander \u00e0 l\u2019h\u00f4pital de vous fournir des documents ou des renseignements dans un autre format, adressez-vous \u00e0 l\u2019un des membres de votre \u00e9quipe de soins durant votre visite. Nous ferons tout notre possible pour vous fournir l\u2019information dans le format demand\u00e9.<\/p>\n\n\n\n<h2 class=\"wp-block-heading\">R\u00e9troaction en mati\u00e8re d\u2019accessibilit\u00e9<\/h2>\n\n\n\n<p>Nous sommes ravis de recevoir votre r\u00e9troaction et vous invitons \u00e0 nous aider \u00e0 am\u00e9liorer l\u2019accessibilit\u00e9 \u00e0 L\u2019H\u00f4pital d\u2019Ottawa. Si vous avez identifi\u00e9 des obstacles \u00e0 l\u2019accessibilit\u00e9, ou si vous avez des questions, pr\u00e9occupations ou commentaires sur notre mode de prestation des soins et des services, n\u2019h\u00e9sitez surtout pas \u00e0 communiquer avec nous.<\/p>\n\n\n\n<p>Voici comment donner votre r\u00e9troaction en mati\u00e8re d\u2019accessibilit\u00e9&nbsp;:<\/p>\n\n\n\n<ul class=\"wp-block-list\">\n<li>Utilisez notre <a href=\"https:\/\/www.ottawahospital.on.ca\/fr\/patients-et-visiteurs\/accessibilite\/commentaires-sur-laccessibilite\/\">Formulaire de commentaires<\/a> en ligne pour soumettre votre r\u00e9troaction ou fournir vos coordonn\u00e9es si vous souhaitez que quelqu\u2019un de l\u2019h\u00f4pital vous contacte.<\/li>\n\n\n\n<li>Contactez le Service des relations avec les patients par t\u00e9l\u00e9phone, par t\u00e9l\u00e9copieur ou par la poste.<\/li>\n<\/ul>\n\n\n\n<p><strong>T\u00e9l. :<\/strong> 613&nbsp;798-5555, poste&nbsp;13377<br><strong>T\u00e9l\u00e9c<\/strong>. : 613&nbsp;761-5469<br><strong>Adresse postale<\/strong> : L\u2019H\u00f4pital d\u2019Ottawa \u2013 Campus Civic C.P. 133<br>a\/s du Service des relations avec les patients<br>1053, avenue Carling<br>Ottawa, ON K1Y 4E9<\/p>\n\n\n\n<p>Les commentaires re\u00e7us du public sur des questions d\u2019accessibilit\u00e9, y compris concernant le processus de r\u00e9ception des commentaires, sont trait\u00e9s comme suit&nbsp;:<\/p>\n\n\n\n<ul class=\"wp-block-list\">\n<li>Le Service des relations avec les patients re\u00e7oit les commentaires du public.\n<ul class=\"wp-block-list\">\n<li>Il en accuse r\u00e9ception dans un d\u00e9lai de 1 \u00e0 3 jours ouvrables.<\/li>\n\n\n\n<li>Une fois les questions ou les probl\u00e8mes examin\u00e9s par les responsables et l\u2019\u00e9tablissement des prochaines \u00e9tapes par les secteurs concern\u00e9s, le Service des relations avec les patients informe l\u2019auteur des commentaires des prochaines \u00e9tapes \u00e0 prendre pour r\u00e9pondre \u00e0 ses pr\u00e9occupations, si celui-ci a fait part de son int\u00e9r\u00eat de recevoir un suivi.<\/li>\n<\/ul>\n<\/li>\n\n\n\n<li>Les questions concernant l\u2019accessibilit\u00e9 sont suivies et r\u00e9pertori\u00e9es.<\/li>\n\n\n\n<li>Un r\u00e9capitulatif des questions d\u2019accessibilit\u00e9 re\u00e7ues par le Service des relations avec les patients est transmis au Comit\u00e9 de l\u2019accessibilit\u00e9 lors de r\u00e9unions ordinaires.<\/li>\n\n\n\n<li>\u00c0 compter de 2024, le Rapport annuel sur l\u2019accessibilit\u00e9 comprendra une partie sur les tendances quant aux commentaires sur l\u2019accessibilit\u00e9 de nos installations et services.<\/li>\n<\/ul>\n\n\n\n<p>L\u2019H\u00f4pital d\u2019Ottawa s\u2019assure que son processus de r\u00e9troaction est accessible aux personnes ayant une incapacit\u00e9 en offrant, sur demande, des formats accessibles et des aides \u00e0 la communication.<\/p>\n\n\n\n<h2 class=\"wp-block-heading\">Renseignements suppl\u00e9mentaires<\/h2>\n\n\n\n<div class=\"wp-block-columns is-layout-flex wp-container-core-columns-is-layout-9d6595d7 wp-block-columns-is-layout-flex\">\n<div class=\"wp-block-column is-layout-flow wp-block-column-is-layout-flow\">\n<p><strong>Se rendre \u00e0 l\u2019h\u00f4pital<\/strong><\/p>\n\n\n\n<ul class=\"wp-block-list\">\n<li><a href=\"https:\/\/www.ottawahospital.on.ca\/fr\/patients-et-visiteurs\/directions-et-plans-des-campus\/comment-se-rendre\/\">Directions<\/a><\/li>\n\n\n\n<li><a href=\"https:\/\/plan.octranspo.com\/plan\">Planificateur de trajet d\u2019OC Transpo<\/a><\/li>\n\n\n\n<li><a href=\"https:\/\/www.octranspo.com\/fr\/nos-services\/transport-accessible\/\">Transport en commun accessible<\/a><\/li>\n\n\n\n<li><a href=\"https:\/\/www.ottawahospital.on.ca\/fr\/patients-et-visiteurs\/sejour-a-lhopital\/logement-externe\/\">Logement externe<\/a><\/li>\n<\/ul>\n<\/div>\n\n\n\n<div class=\"wp-block-column is-layout-flow wp-block-column-is-layout-flow\">\n<p><strong>\u00c0 l\u2019h\u00f4pital<\/strong><\/p>\n\n\n\n<ul class=\"wp-block-list\">\n<li><a href=\"https:\/\/www.ottawahospital.on.ca\/fr\/patients-et-visiteurs\/visites-a-lhopital\/heures-et-politiques-de-visite\/\">Heures et politiques de visite<\/a><\/li>\n\n\n\n<li><a href=\"https:\/\/www.ottawahospital.on.ca\/fr\/patients-et-visiteurs\/partenaires-de-soins-essentiels\/\">Partenaires de soins essentiels<\/a><\/li>\n\n\n\n<li><a href=\"https:\/\/www.ottawahospital.on.ca\/fr\/patients-et-visiteurs\/protection-des-renseignements-personnels\/\">Protection des renseignements personnels<\/a><\/li>\n\n\n\n<li><a href=\"https:\/\/www.ottawahospital.on.ca\/fr\/services-cliniques\/deptpgrmcs\/\">D\u00e9partements, programmes, cliniques et services<\/a><\/li>\n\n\n\n<li><a href=\"https:\/\/www.ottawahospital.on.ca\/fr\/services-cliniques\/repertoire-des-medecins\/\">R\u00e9pertoire des m\u00e9decins<\/a><\/li>\n\n\n\n<li><a href=\"https:\/\/www.ottawahospital.on.ca\/fr\/patients-et-visiteurs\/patients-et-aux-familles-autochtones\/\">Patients et familles autochtones<\/a><\/li>\n<\/ul>\n<\/div>\n\n\n\n<div class=\"wp-block-column is-layout-flow wp-block-column-is-layout-flow\">\n<p><strong>Apr\u00e8s votre visite<\/strong><\/p>\n\n\n\n<ul class=\"wp-block-list\">\n<li><a href=\"https:\/\/www.ottawahospital.on.ca\/fr\/patients-et-visiteurs\/archives-medicales\/\">Archives m\u00e9dicales<\/a><\/li>\n\n\n\n<li><a href=\"https:\/\/www.ottawahospital.on.ca\/fr\/patients-et-visiteurs\/relations-avec-les-patients\/\">Service des relations avec les patients<\/a><\/li>\n\n\n\n<li><a href=\"https:\/\/www.ottawahospital.on.ca\/fr\/patients-et-visiteurs\/mychart\/\">MyChart<\/a><\/li>\n<\/ul>\n<\/div>\n<\/div>\n\n\n\n<h2 class=\"wp-block-heading\">Responsabilit\u00e9s en mati\u00e8re d\u2019accessibilit\u00e9<\/h2>\n\n\n\n<p>Pour r\u00e9pondre aux exigences \u00e9nonc\u00e9es dans la <em>Loi sur l&rsquo;accessibilit\u00e9 pour les personnes handicap\u00e9es de l&rsquo;Ontario<\/em>, L\u2019H\u00f4pital d\u2019Ottawa a \u00e9labor\u00e9 une politique sur l\u2019accessibilit\u00e9 et se conforme \u00e0 un plan d\u2019accessibilit\u00e9 pluriannuel. Nous pr\u00e9parons aussi des rapports sur le statut de l\u2019accessibilit\u00e9.<\/p>\n\n\n\n<ul class=\"wp-block-list\">\n<li><a href=\"https:\/\/www.ottawahospital.on.ca\/en\/documents\/2021\/07\/politique-sur-laccessibilite.pdf\">Politique sur l\u2019accessibilit\u00e9<\/a><\/li>\n\n\n\n<li>Plan d\u2019accessibilit\u00e9 pluriannuel 2026-2030 de L\u2019H\u00f4pital\u00a0d\u2019Ottawa (en cours de traduction)<\/li>\n\n\n\n<li><a href=\"https:\/\/www.ottawahospital.on.ca\/en\/documents\/2025\/05\/rapport-detape-annuel-sur-laccessibilite-2024.pdf\">Rapport d\u2019\u00e9tape annuel sur l\u2019accessibilit\u00e9, 2024<\/a><\/li>\n\n\n\n<li><a href=\"https:\/\/www.ottawahospital.on.ca\/en\/documents\/2025\/12\/rapport-de-conformite-sur-laccessibilite.pdf\">Rapport de conformit\u00e9 sur l\u2019accessibilit\u00e9 de 2025<\/a><\/li>\n\n\n\n<li><a href=\"https:\/\/www.ottawahospital.on.ca\/en\/documents\/2023\/01\/description-de-la-formation-sur-laccessibilite.pdf\">Description de la formation sur l\u2019accessibilit\u00e9<\/a><\/li>\n<\/ul>\n\n\n\n<p>Vous avez des commentaires au sujet de l\u2019accessibilit\u00e9 \u00e0 l\u2019H\u00f4pital? N&rsquo;h\u00e9sitez pas \u00e0 nous en faire part en remplissant le <a href=\"https:\/\/www.ottawahospital.on.ca\/fr\/patients-et-visiteurs\/accessibilite\/commentaires-sur-laccessibilite\/\">formulaire de r\u00e9troaction<\/a>.<\/p>\n\n\n\n<div class=\"wp-block-group padding20 has-background\" style=\"background-color:#c6e3e8\"><div class=\"wp-block-group__inner-container is-layout-constrained wp-block-group-is-layout-constrained\">\n<h3 class=\"wp-block-heading\">Avez-vous besoin d\u2019information dans un autre format?<\/h3>\n\n\n\n<p>Si vous avez une incapacit\u00e9 et aimeriez obtenir de l\u2019information dans un autre format, dites-le-nous. Nous collaborerons avec vous pour vous fournir l\u2019information dans le format qui vous convient le mieux. Nous sommes heureux d\u2019appuyer la <em>Loi de 2005 sur l\u2019accessibilit\u00e9 pour les personnes handicap\u00e9es de l\u2019Ontario.<\/em><\/p>\n\n\n\n<hr class=\"wp-block-separator has-alpha-channel-opacity\"\/>\n\n\n\n<p>Veuillez soumettre votre demande par courriel \u00e0 <a href=\"mailto:accessibilite@lho.ca\">accessibilite@lho.ca<\/a>.<\/p>\n<\/div><\/div>\n","protected":false},"excerpt":{"rendered":"<p>L\u2019H\u00f4pital d\u2019Ottawa s\u2019engage \u00e0 fournir \u00e0 tous les m\u00eames possibilit\u00e9s d\u2019acc\u00e9der aux services hospitaliers et d\u2019en b\u00e9n\u00e9ficier, en identifiant, en \u00e9liminant et en pr\u00e9venant les obstacles afin de promouvoir des soins et des services accessibles et inclusifs. Acc\u00e8s aux campus de L\u2019H\u00f4pital d\u2019Ottawa L\u2019H\u00f4pital d\u2019Ottawa est dot\u00e9 de stationnements accessibles, d\u2019entr\u00e9es accessibles, de fauteuils roulants [&hellip;]<\/p>\n","protected":false},"author":25,"featured_media":0,"parent":84,"menu_order":2,"comment_status":"closed","ping_status":"closed","template":"","meta":{"_acf_changed":false,"_mc_calendar":[],"footnotes":""},"class_list":["post-188","page","type-page","status-publish","hentry"],"acf":[],"wps_subtitle":"","_links":{"self":[{"href":"https:\/\/www.ottawahospital.on.ca\/fr\/wp-json\/wp\/v2\/pages\/188","targetHints":{"allow":["GET"]}}],"collection":[{"href":"https:\/\/www.ottawahospital.on.ca\/fr\/wp-json\/wp\/v2\/pages"}],"about":[{"href":"https:\/\/www.ottawahospital.on.ca\/fr\/wp-json\/wp\/v2\/types\/page"}],"author":[{"embeddable":true,"href":"https:\/\/www.ottawahospital.on.ca\/fr\/wp-json\/wp\/v2\/users\/25"}],"replies":[{"embeddable":true,"href":"https:\/\/www.ottawahospital.on.ca\/fr\/wp-json\/wp\/v2\/comments?post=188"}],"version-history":[{"count":0,"href":"https:\/\/www.ottawahospital.on.ca\/fr\/wp-json\/wp\/v2\/pages\/188\/revisions"}],"up":[{"embeddable":true,"href":"https:\/\/www.ottawahospital.on.ca\/fr\/wp-json\/wp\/v2\/pages\/84"}],"wp:attachment":[{"href":"https:\/\/www.ottawahospital.on.ca\/fr\/wp-json\/wp\/v2\/media?parent=188"}],"curies":[{"name":"wp","href":"https:\/\/api.w.org\/{rel}","templated":true}]}}