{"id":16313,"date":"2016-12-28T10:41:13","date_gmt":"2016-12-28T15:41:13","guid":{"rendered":"http:\/\/52.229.127.56\/?page_id=16313\/"},"modified":"2021-03-30T13:52:50","modified_gmt":"2021-03-30T17:52:50","slug":"commentaires-et-suggestions","status":"publish","type":"page","link":"https:\/\/www.ottawahospital.on.ca\/fr\/nous-joindre\/commentaires-et-suggestions\/","title":{"rendered":"Commentaires et suggestions"},"content":{"rendered":"<p>\u00c0 L&rsquo;H\u00f4pital d&rsquo;Ottawa, nous avons \u00e0 coeur d&rsquo;offrir d&rsquo;excellents soins \u00e0 chacun de nos patients. Vous avez des commentaires au sujet de votre s\u00e9jour \u00e0 l\u2019H\u00f4pital? Dites-le nous!<\/p>\n<p><strong>Relations avec les patients<\/strong><\/p>\n<p>L&rsquo;\u00e9quipe du Service de repr\u00e9sentation des patients examine les pr\u00e9occupations, les plaintes et les commentaires des patients et de leur famille et en fait le suivi. Si vous souhaitez parler avec un membre de notre \u00e9quipe \u00e0 propos de vos soins ou de votre exp\u00e9rience \u00e0 L\u2019H\u00f4pital d&rsquo;Ottawa, veuillez communiquer avec le <a href=\"\/fr\/patients-et-visiteurs\/relations-avec-les-patients\/communiquez-avec-lequipe-des-relations-avec-les-patients\/\">Relations avec les patients<\/a> au 613-798-5555, poste 13377.<\/p>\n<p>Vous pouvez \u00e9galement nous envoyer vos commentaires en ligne en utilisant les formulaires suivants.\u00a0 Si vous aimeriez avoir une copie de vos commentaires, vous pouvez faire une des trois choses suivantes <strong>avant de cliquer sur \u00ab\u00a0Soumettre\u00a0\u00bb\u00a0:<\/strong><\/p>\n<ul>\n<li>Imprimez la page.<\/li>\n<li>Copiez votre texte dans un document Word.<\/li>\n<li>Envoyez vos commentaires directement \u00e0 <a href=\"mailto:relationpatients@lho.ca\">relationpatients@lho.ca<\/a> et assurez-vous de garder une copie de votre courriel.<\/li>\n<\/ul>\n<div class=\"row contactpagelink_block margintop30\">\n<div class=\"col-md-3 borderright\">\n<p>J\u2019ai d\u2019autres questions \u00e0 propos de l\u2019H\u00f4pital et des services offerts.<\/p>\n<p class=\"text-right\"><a href=\"\/fr\/nous-joindre\/commentaires-et-suggestions\/demande-de-renseignements\/\" target=\"_blank\" rel=\"noopener noreferrer\">Demande de renseignements<\/a><\/p>\n<\/div>\n<div class=\"col-md-3 borderright\">\n<p>Je souhaite vous parler de mon exp\u00e9rience ou faire un commentaire g\u00e9n\u00e9ral au sujet de l\u2019H\u00f4pital.<\/p>\n<p class=\"text-right\"><a href=\"\/fr\/patients-et-visiteurs\/relations-avec-les-patients\/communiquez-avec-lequipe-des-relations-avec-les-patients\/\">Communiquez avec l&rsquo;\u00e9quipe des relations avec les patients<\/a><\/p>\n<\/div>\n<div class=\"col-md-3 borderright\">\n<p>J&rsquo;ai un commentaire ou des suggestions au sujet du site Web.<\/p>\n<p class=\"text-right\"><a href=\"https:\/\/www.ottawahospital.on.ca\/fr\/nous-joindre\/commentaires-et-suggestions\/demande-de-renseignements\/\" target=\"_blank\" rel=\"noopener noreferrer\">Communiquer avec le webmestre<\/a><\/p>\n<\/div>\n<div class=\"col-md-3\">\n<p>J&rsquo;ai un commentaire ou des suggestions au sujet de l&rsquo;accessibilit\u00e9 \u00e0 l&rsquo;H\u00f4pital.<\/p>\n<p class=\"text-right\"><a href=\"\/fr\/patients-et-visiteurs\/relations-avec-les-patients\/communiquez-avec-lequipe-des-relations-avec-les-patients\/\">Commentaires sur l&rsquo;accessibilit\u00e9<\/a><\/p>\n<\/div>\n<\/div>\n","protected":false},"excerpt":{"rendered":"<p>\u00c0 L&rsquo;H\u00f4pital d&rsquo;Ottawa, nous avons \u00e0 coeur d&rsquo;offrir d&rsquo;excellents soins \u00e0 chacun de nos patients. Vous avez des commentaires au sujet de votre s\u00e9jour \u00e0 l\u2019H\u00f4pital? Dites-le nous! Relations avec les patients L&rsquo;\u00e9quipe du Service de repr\u00e9sentation des patients examine les pr\u00e9occupations, les plaintes et les commentaires des patients et de leur famille et en [&hellip;]<\/p>\n","protected":false},"author":25,"featured_media":0,"parent":702,"menu_order":1,"comment_status":"closed","ping_status":"closed","template":"","meta":{"_acf_changed":false,"_mc_calendar":[],"footnotes":""},"class_list":["post-16313","page","type-page","status-publish","hentry"],"acf":[],"wps_subtitle":"","_links":{"self":[{"href":"https:\/\/www.ottawahospital.on.ca\/fr\/wp-json\/wp\/v2\/pages\/16313","targetHints":{"allow":["GET"]}}],"collection":[{"href":"https:\/\/www.ottawahospital.on.ca\/fr\/wp-json\/wp\/v2\/pages"}],"about":[{"href":"https:\/\/www.ottawahospital.on.ca\/fr\/wp-json\/wp\/v2\/types\/page"}],"author":[{"embeddable":true,"href":"https:\/\/www.ottawahospital.on.ca\/fr\/wp-json\/wp\/v2\/users\/25"}],"replies":[{"embeddable":true,"href":"https:\/\/www.ottawahospital.on.ca\/fr\/wp-json\/wp\/v2\/comments?post=16313"}],"version-history":[{"count":0,"href":"https:\/\/www.ottawahospital.on.ca\/fr\/wp-json\/wp\/v2\/pages\/16313\/revisions"}],"up":[{"embeddable":true,"href":"https:\/\/www.ottawahospital.on.ca\/fr\/wp-json\/wp\/v2\/pages\/702"}],"wp:attachment":[{"href":"https:\/\/www.ottawahospital.on.ca\/fr\/wp-json\/wp\/v2\/media?parent=16313"}],"curies":[{"name":"wp","href":"https:\/\/api.w.org\/{rel}","templated":true}]}}