{"id":15755,"date":"2016-12-16T14:27:45","date_gmt":"2016-12-16T19:27:45","guid":{"rendered":"http:\/\/52.229.127.56\/?page_id=15755\/"},"modified":"2022-07-25T08:47:47","modified_gmt":"2022-07-25T12:47:47","slug":"apercu-des-taux-doccupation","status":"publish","type":"page","link":"https:\/\/www.ottawahospital.on.ca\/fr\/qualite-et-securite\/rendre-compte\/apercu-des-taux-doccupation\/","title":{"rendered":"Aper\u00e7u des taux d&rsquo;occupation"},"content":{"rendered":"\n<p>Cette page est mise \u00e0 jour \u00e0 13\u00a0h chaque jour ouvrable (du lundi au vendredi, sauf les jours f\u00e9ri\u00e9s) et contient les donn\u00e9es de 11\u00a0h.<\/p>\n\n\n<p>[cfdb-table form=\u00a0\u00bbOccupancy at a Glance\u00a0\u00bb show=\u00a0\u00bbdate\u00a0\u00bb limit=\u00a0\u00bb0,1&Prime; headers=\u00a0\u00bbdate=Taux d\u2019occupation du :\u00a0\u00bb style=\u00a0\u00bbtable.cf7-db-table tbody td { padding: 5px; border: 1px solid gray; font-size: medium;} table.cf7-db-table {font-size: medium;} table.cf7-db-table th{background-color: lightgray;} \u00ab\u00a0]<br \/>{{BEFORE}}<\/p>\n<h3>Date du rapport<\/h3>\n<p>{{\/BEFORE}}[\/cfdb-table]<\/p>\n<p>\u00a0<\/p>\n<p>[cfdb-table form=\u00a0\u00bbOccupancy at a Glance\u00a0\u00bb show=\u00a0\u00bbno-of-beds-civic,occu-percentage-civic,alc-patients-civic\u00a0\u00bb limit=\u00a0\u00bb0,1&Prime; headers=\u00a0\u00bbno-of-beds-civic=Nombre de lits,occu-percentage-civic=Taux d\u2019occupation %,alc-patients-civic=Nombre de patients NSA\u00a0\u00bb]{{BEFORE}}<\/p>\n<h3>Campus Civic*<\/h3>\n<p>{{\/BEFORE}}[\/cfdb-table]<\/p>\n<p>\u00a0<\/p>\n<h3>Campus G\u00e9n\u00e9ral<\/h3>\n<p>[cfdb-table form=\u00a0\u00bbOccupancy at a Glance\u00a0\u00bb show=\u00a0\u00bbno-of-beds-general,occu-percentage-general,alc-patients-general\u00a0\u00bb limit=\u00a0\u00bb0,1&Prime; headers=\u00a0\u00bbno-of-beds-general=Nombre de lits,occu-percentage-general=Taux d\u2019occupation %,alc-patients-general=Nombre de patients NSA\u00a0\u00bb]<\/p>\n<p>\u00a0<\/p>\n<h3>Total<\/h3>\n<p>[cfdb-table form=\u00a0\u00bbOccupancy at a Glance\u00a0\u00bb show=\u00a0\u00bbtotal-no-of-beds,total-occu-percentage,total-alc-patients\u00a0\u00bb limit=\u00a0\u00bb0,1&Prime; headers=\u00a0\u00bbtotal-no-of-beds=Nombre de lits,total-occu-percentage=Taux d\u2019occupation %,total-alc-patients=Nombre de patients NSA\u00a0\u00bb]<\/p>\n<p>\u00a0<\/p>\n<p>*Ne comprend pas l\u2019Institut de cardiologie de l\u2019Universit\u00e9 d\u2019Ottawa.<\/p>\n<p>D\u00e9finitions<\/p>\n<p><strong>Nombre de lits\u00a0:<\/strong> Nombre de lits d\u2019h\u00f4pital disponibles. Les lits ferm\u00e9s ou bloqu\u00e9s pour contr\u00f4ler les infections ne sont pas compt\u00e9s.<\/p>\n<p><strong>Taux d\u2019occupation %\u00a0:<\/strong> Nombre de patients admis par 100\u00a0lits disponibles.<\/p>\n<p><strong>Nombre de patients NSA\u00a0:<\/strong> Nombre de patients hospitalis\u00e9s ayant besoin d\u2019un niveau de soins alternatif.<\/p>\n<div class=\"alert alert-info disclaimer\" role=\"alert\">Remarque : Veuillez noter que ces statistiques ne comprennent pas les activit\u00e9s de L\u2019H\u00f4pital d\u2019Ottawa \u00e0 la West End Villa, conform\u00e9ment aux rapports soumis au minist\u00e8re de la Sant\u00e9, les lits dans cet \u00e9tablissement n\u2019\u00e9tant pas disponibles pour les patients hospitalis\u00e9s ayant besoin de soins de courte dur\u00e9e. Cependant, le nombre de patients NSA au Campus Civic comprend les patients NSA de la West End Villa.<\/div>","protected":false},"excerpt":{"rendered":"<p>Cette page est mise \u00e0 jour \u00e0 13\u00a0h chaque jour ouvrable (du lundi au vendredi, sauf les jours f\u00e9ri\u00e9s) et contient les donn\u00e9es de 11\u00a0h. [cfdb-table form=\u00a0\u00bbOccupancy at a Glance\u00a0\u00bb show=\u00a0\u00bbdate\u00a0\u00bb limit=\u00a0\u00bb0,1&Prime; headers=\u00a0\u00bbdate=Taux d\u2019occupation du :\u00a0\u00bb style=\u00a0\u00bbtable.cf7-db-table tbody td { padding: 5px; border: 1px solid gray; font-size: medium;} table.cf7-db-table {font-size: medium;} table.cf7-db-table th{background-color: lightgray;} \u00ab\u00a0]{{BEFORE}} [&hellip;]<\/p>\n","protected":false},"author":25,"featured_media":0,"parent":300,"menu_order":3,"comment_status":"closed","ping_status":"closed","template":"","meta":{"_acf_changed":false,"_mc_calendar":[],"footnotes":""},"class_list":["post-15755","page","type-page","status-publish","hentry"],"acf":[],"wps_subtitle":"","_links":{"self":[{"href":"https:\/\/www.ottawahospital.on.ca\/fr\/wp-json\/wp\/v2\/pages\/15755","targetHints":{"allow":["GET"]}}],"collection":[{"href":"https:\/\/www.ottawahospital.on.ca\/fr\/wp-json\/wp\/v2\/pages"}],"about":[{"href":"https:\/\/www.ottawahospital.on.ca\/fr\/wp-json\/wp\/v2\/types\/page"}],"author":[{"embeddable":true,"href":"https:\/\/www.ottawahospital.on.ca\/fr\/wp-json\/wp\/v2\/users\/25"}],"replies":[{"embeddable":true,"href":"https:\/\/www.ottawahospital.on.ca\/fr\/wp-json\/wp\/v2\/comments?post=15755"}],"version-history":[{"count":0,"href":"https:\/\/www.ottawahospital.on.ca\/fr\/wp-json\/wp\/v2\/pages\/15755\/revisions"}],"up":[{"embeddable":true,"href":"https:\/\/www.ottawahospital.on.ca\/fr\/wp-json\/wp\/v2\/pages\/300"}],"wp:attachment":[{"href":"https:\/\/www.ottawahospital.on.ca\/fr\/wp-json\/wp\/v2\/media?parent=15755"}],"curies":[{"name":"wp","href":"https:\/\/api.w.org\/{rel}","templated":true}]}}