{"id":15747,"date":"2016-12-16T14:24:39","date_gmt":"2016-12-16T19:24:39","guid":{"rendered":"http:\/\/52.229.127.56\/?page_id=15747\/"},"modified":"2017-01-12T14:31:13","modified_gmt":"2017-01-12T19:31:13","slug":"activites","status":"publish","type":"page","link":"https:\/\/www.ottawahospital.on.ca\/fr\/services-cliniques\/deptpgrmcs\/programmes\/equipe-de-sante-familiale\/a-notre-sujet\/activites\/","title":{"rendered":"Activit\u00e9s"},"content":{"rendered":"<p><iframe title=\"Activit\u00e9s de l'\u00c9quipe de sant\u00e9 familiale\" src=\"https:\/\/www.google.com\/calendar\/embed?src=familyhealthteamcalendar%40gmail.com&#038;ctz=America\/Toronto&#038;hl=fr\" style=\"border: 0; width: 740px; height: 550px;\"><\/iframe><\/p>\n","protected":false},"excerpt":{"rendered":"","protected":false},"author":25,"featured_media":0,"parent":12302,"menu_order":1,"comment_status":"closed","ping_status":"closed","template":"","meta":{"_acf_changed":false,"_mc_calendar":[],"footnotes":""},"class_list":["post-15747","page","type-page","status-publish","hentry"],"acf":[],"wps_subtitle":"","_links":{"self":[{"href":"https:\/\/www.ottawahospital.on.ca\/fr\/wp-json\/wp\/v2\/pages\/15747","targetHints":{"allow":["GET"]}}],"collection":[{"href":"https:\/\/www.ottawahospital.on.ca\/fr\/wp-json\/wp\/v2\/pages"}],"about":[{"href":"https:\/\/www.ottawahospital.on.ca\/fr\/wp-json\/wp\/v2\/types\/page"}],"author":[{"embeddable":true,"href":"https:\/\/www.ottawahospital.on.ca\/fr\/wp-json\/wp\/v2\/users\/25"}],"replies":[{"embeddable":true,"href":"https:\/\/www.ottawahospital.on.ca\/fr\/wp-json\/wp\/v2\/comments?post=15747"}],"version-history":[{"count":0,"href":"https:\/\/www.ottawahospital.on.ca\/fr\/wp-json\/wp\/v2\/pages\/15747\/revisions"}],"up":[{"embeddable":true,"href":"https:\/\/www.ottawahospital.on.ca\/fr\/wp-json\/wp\/v2\/pages\/12302"}],"wp:attachment":[{"href":"https:\/\/www.ottawahospital.on.ca\/fr\/wp-json\/wp\/v2\/media?parent=15747"}],"curies":[{"name":"wp","href":"https:\/\/api.w.org\/{rel}","templated":true}]}}