{"id":15743,"date":"2016-12-16T14:22:14","date_gmt":"2016-12-16T19:22:14","guid":{"rendered":"http:\/\/52.229.127.56\/?page_id=15743\/"},"modified":"2025-11-06T10:12:32","modified_gmt":"2025-11-06T15:12:32","slug":"commentaires-sur-laccessibilite","status":"publish","type":"page","link":"https:\/\/www.ottawahospital.on.ca\/fr\/patients-et-visiteurs\/accessibilite\/commentaires-sur-laccessibilite\/","title":{"rendered":"Commentaires sur l\u2019accessibilit\u00e9"},"content":{"rendered":"<p>Vous pouvez \u00e9galement nous envoyer vos commentaires en ligne en utilisant les formulaires suivants. Si vous aimeriez avoir une copie de vos commentaires, vous pouvez faire une des trois choses suivantes <strong>avant de cliquer sur \u00ab Soumettre \u00bb<\/strong> :<\/p>\n<ul>\n<li>Imprimez la page.<\/li>\n<li>Copiez votre texte dans un document Word.<\/li>\n<\/ul>\n<h2>Formulaire de commentaires<\/h2>\n<p><strong>Nous travaillons \u00e0 am\u00e9liorer l&rsquo;accessibilit\u00e9 \u00e0 L&rsquo;H\u00f4pital d&rsquo;Ottawa. <\/strong><\/p>\n<p>Vos commentaires sont importants pour nous! S&rsquo;il vous pla\u00eet nous aider \u00e0 continuer \u00e0 am\u00e9liorer l&rsquo;accessibilit\u00e9 \u00e0 L&rsquo;H\u00f4pital d&rsquo;Ottawa et de nos partenaires afin que nous puissions mieux servir nos patients souffrant de divers handicaps (vue, ou\u00efe, la mobilit\u00e9, la dext\u00e9rit\u00e9, de la sant\u00e9 mentale, etc)<\/p>\n\n<div class=\"wpcf7 no-js\" id=\"wpcf7-f27350-o1\" lang=\"en-US\" dir=\"ltr\" data-wpcf7-id=\"27350\">\n<div class=\"screen-reader-response\"><p role=\"status\" aria-live=\"polite\" aria-atomic=\"true\"><\/p> <ul><\/ul><\/div>\n<form action=\"\/fr\/wp-json\/wp\/v2\/pages\/15743#wpcf7-f27350-o1\" method=\"post\" class=\"wpcf7-form init\" aria-label=\"Contact form\" enctype=\"multipart\/form-data\" novalidate=\"novalidate\" data-status=\"init\">\n<fieldset class=\"hidden-fields-container\"><input type=\"hidden\" name=\"_wpcf7\" value=\"27350\" \/><input type=\"hidden\" name=\"_wpcf7_version\" value=\"6.1.4\" \/><input type=\"hidden\" name=\"_wpcf7_locale\" value=\"en_US\" \/><input type=\"hidden\" name=\"_wpcf7_unit_tag\" value=\"wpcf7-f27350-o1\" \/><input type=\"hidden\" name=\"_wpcf7_container_post\" value=\"0\" \/><input type=\"hidden\" name=\"_wpcf7_posted_data_hash\" value=\"\" \/><input type=\"hidden\" name=\"_extcf7_conditional_options\" value=\"{&quot;form_id&quot;:27350,&quot;conditions&quot;:[]}\" \/><input type=\"hidden\" name=\"_extcf7_redirect_options\" value=\"{&quot;form_id&quot;:27350,&quot;redirect_options&quot;:{&quot;redirection_enable&quot;:&quot;off&quot;,&quot;custom_url_enable&quot;:&quot;off&quot;,&quot;redirect_page&quot;:&quot;&quot;,&quot;custom_urle&quot;:&quot;&quot;,&quot;redirect_new_tab&quot;:&quot;off&quot;,&quot;js_action&quot;:&quot;off&quot;,&quot;javascript_code&quot;:&quot;&quot;}}\" \/><input type=\"hidden\" name=\"_wpcf7_recaptcha_response\" value=\"\" \/>\n<\/fieldset>\n<p><label for=\"dateandlocationofvisit\">1. Veuillez indiquer la date et le lieu de votre visite :<\/label>\n<\/p>\n<p><span class=\"wpcf7-form-control-wrap\" data-name=\"dateandlocationofvisit\"><textarea cols=\"40\" rows=\"10\" maxlength=\"2000\" class=\"wpcf7-form-control wpcf7-textarea\" id=\"dateandlocationofvisit\" aria-invalid=\"false\" name=\"dateandlocationofvisit\"><\/textarea><\/span>\n<\/p>\n<fieldset>\n\t<legend class=\"nomargin\"><strong>2. Lorsque vous utilisez les produits ou les services de L'H\u00f4pital d'Ottawa, avez-vous recours \u00e0 une ou plusieurs des aides suivantes :<\/strong>\n\t<\/legend>\n\t<p><span class=\"wpcf7-form-control-wrap\" data-name=\"checkbox-goodsandservicesaccessed\"><span class=\"wpcf7-form-control wpcf7-checkbox\"><span class=\"wpcf7-list-item first\"><label><input type=\"checkbox\" name=\"checkbox-goodsandservicesaccessed[]\" value=\"un aidant\" \/><span class=\"wpcf7-list-item-label\">un aidant<\/span><\/label><\/span><span class=\"wpcf7-list-item\"><label><input type=\"checkbox\" name=\"checkbox-goodsandservicesaccessed[]\" value=\"des appareils ou des accessoires fonctionnels (p. ex. un fauteuil roulant, un triporteur, un appareil auditif, un tableau de communication, une canne)\" \/><span class=\"wpcf7-list-item-label\">des appareils ou des accessoires fonctionnels (p. ex. un fauteuil roulant, un triporteur, un appareil auditif, un tableau de communication, une canne)<\/span><\/label><\/span><span class=\"wpcf7-list-item\"><label><input type=\"checkbox\" name=\"checkbox-goodsandservicesaccessed[]\" value=\"un animal d&#039;assistance\" \/><span class=\"wpcf7-list-item-label\">un animal d&#039;assistance<\/span><\/label><\/span><span class=\"wpcf7-list-item last\"><label><input type=\"checkbox\" name=\"checkbox-goodsandservicesaccessed[]\" value=\"autre (veuillez pr\u00e9ciser)\" \/><span class=\"wpcf7-list-item-label\">autre (veuillez pr\u00e9ciser)<\/span><\/label><\/span><\/span><\/span>\n\t<\/p>\n<\/fieldset>\n<p><label for=\"othergoodsandservices\"><span class=\"feedbacklabel\" style=\"display: block;\">autre produits ou services<\/span><\/label><span class=\"wpcf7-form-control-wrap\" data-name=\"othergoodsandservices\"><input size=\"40\" maxlength=\"400\" class=\"wpcf7-form-control wpcf7-text floatleft\" id=\"othergoodsandservices\" aria-invalid=\"false\" value=\"\" type=\"text\" name=\"othergoodsandservices\" \/><\/span>\n<\/p>\n<p><label class=\"margintop15\" for=\"difficultiesaccessinggoodsandservices\">3. Quelles difficult\u00e9s avez-vous eu lorsque vous souhaitiez avoir acc\u00e8s \u00e0 nos produits ou \u00e0 nos services ?<\/label>\n<\/p>\n<p><span class=\"wpcf7-form-control-wrap\" data-name=\"difficultiesaccessinggoodsandservices\"><textarea cols=\"40\" rows=\"10\" maxlength=\"2000\" class=\"wpcf7-form-control wpcf7-textarea\" id=\"difficultiesaccessinggoodsandservices\" aria-invalid=\"false\" name=\"difficultiesaccessinggoodsandservices\"><\/textarea><\/span>\n<\/p>\n<p><label for=\"accessibilitysuggestions\">4. Avez-vous des suggestions pour nous aider \u00e0 am\u00e9liorer l'accessibilit\u00e9 ?<\/label>\n<\/p>\n<p><span class=\"wpcf7-form-control-wrap\" data-name=\"accessibilitysuggestions\"><textarea cols=\"40\" rows=\"10\" maxlength=\"2000\" class=\"wpcf7-form-control wpcf7-textarea\" id=\"accessibilitysuggestions\" aria-invalid=\"false\" name=\"accessibilitysuggestions\"><\/textarea><\/span>\n<\/p>\n<p><label for=\"nameandcontactdetails\">5. Nom et coordonn\u00e9es (optionnel) :<\/label>\n<\/p>\n<p><span class=\"wpcf7-form-control-wrap\" data-name=\"nameandcontactdetails\"><textarea cols=\"40\" rows=\"10\" maxlength=\"2000\" class=\"wpcf7-form-control wpcf7-textarea\" id=\"nameandcontactdetails\" aria-invalid=\"false\" name=\"nameandcontactdetails\"><\/textarea><\/span>\n<\/p>\n<p><label class=\"margintop15\" for\"uploadinganimage\">6. Si vous souhaitez joindre une ou deux photos pour nous aider \u00e0 mieux comprendre vos inqui\u00e9tudes et \u00e0 r\u00e9pondre aux obstacles \u00e0 l\u2019accessibilit\u00e9 n\u00e9cessitant une attention, veuillez la (les) t\u00e9l\u00e9verser. \u00c9vitez d\u2019inclure des personnes dans ces photos afin de respecter la vie priv\u00e9e des patients et des visiteurs. Si vous joignez la photo d\u2019un formulaire ou de tout autre type de document, assurez-vous qu\u2019elle ne contient aucun renseignement personnel comme un nom ou des coordonn\u00e9es.<\/label>\n<\/p>\n<p><span class=\"wpcf7-form-control-wrap\" data-name=\"file-569\"><input size=\"40\" class=\"wpcf7-form-control wpcf7-file\" accept=\"audio\/*,video\/*,image\/*\" aria-invalid=\"false\" type=\"file\" name=\"file-569\" \/><\/span>\n<\/p>\n<p><span class=\"wpcf7-form-control-wrap\" data-name=\"file-43\"><input size=\"40\" class=\"wpcf7-form-control wpcf7-file\" accept=\"audio\/*,video\/*,image\/*\" aria-invalid=\"false\" type=\"file\" name=\"file-43\" \/><\/span>\n<\/p>\n<p class=\"margintop5\"><input class=\"wpcf7-form-control wpcf7-submit has-spinner\" type=\"submit\" value=\"soumettre\" \/><a target=\"_blank\" href=\"https:\/\/www.ottawahospital.on.ca\/fr\/patients-et-visiteurs\/protection-des-renseignements-personnels\/avis-de-non-responsabilite-et-enonce-sur-la-protection-des-renseignements-personnels\/\">Avertissement et Protection des renseignements personnels <\/a>\n<\/p><div class=\"wpcf7-response-output\" aria-hidden=\"true\"><\/div>\n<\/form>\n<\/div>\n\n<div class=\"contact-text-inner toh-blue\">\n<p class=\"contact-text\"><strong>Avez-vous besoin d\u2019information dans un autre format?<\/strong><br \/>\nSi vous avez une incapacit\u00e9 et aimeriez obtenir de l\u2019information dans un autre format, dites-le-nous. Nous collaborerons avec vous pour vous fournir l\u2019information dans le format qui vous convient le mieux. Nous sommes heureux d\u2019appuyer la Loi de 2005 sur l\u2019accessibilit\u00e9 pour les personnes handicap\u00e9es de l\u2019Ontario. Veuillez soumettre votre demande par courriel \u00e0 <a href=\"mailto:accessibilite@lho.ca\">accessibilite@lho.ca<\/a> ou appelez-nous au 613-737-8899 poste 18680.<\/p>\n<\/div>\n","protected":false},"excerpt":{"rendered":"<p>Vous pouvez \u00e9galement nous envoyer vos commentaires en ligne en utilisant les formulaires suivants. Si vous aimeriez avoir une copie de vos commentaires, vous pouvez faire une des trois choses suivantes avant de cliquer sur \u00ab Soumettre \u00bb : Imprimez la page. Copiez votre texte dans un document Word. Formulaire de commentaires Nous travaillons \u00e0 [&hellip;]<\/p>\n","protected":false},"author":25,"featured_media":0,"parent":188,"menu_order":1,"comment_status":"closed","ping_status":"closed","template":"","meta":{"_acf_changed":false,"_mc_calendar":[],"footnotes":""},"class_list":["post-15743","page","type-page","status-publish","hentry"],"acf":[],"wps_subtitle":"","_links":{"self":[{"href":"https:\/\/www.ottawahospital.on.ca\/fr\/wp-json\/wp\/v2\/pages\/15743","targetHints":{"allow":["GET"]}}],"collection":[{"href":"https:\/\/www.ottawahospital.on.ca\/fr\/wp-json\/wp\/v2\/pages"}],"about":[{"href":"https:\/\/www.ottawahospital.on.ca\/fr\/wp-json\/wp\/v2\/types\/page"}],"author":[{"embeddable":true,"href":"https:\/\/www.ottawahospital.on.ca\/fr\/wp-json\/wp\/v2\/users\/25"}],"replies":[{"embeddable":true,"href":"https:\/\/www.ottawahospital.on.ca\/fr\/wp-json\/wp\/v2\/comments?post=15743"}],"version-history":[{"count":0,"href":"https:\/\/www.ottawahospital.on.ca\/fr\/wp-json\/wp\/v2\/pages\/15743\/revisions"}],"up":[{"embeddable":true,"href":"https:\/\/www.ottawahospital.on.ca\/fr\/wp-json\/wp\/v2\/pages\/188"}],"wp:attachment":[{"href":"https:\/\/www.ottawahospital.on.ca\/fr\/wp-json\/wp\/v2\/media?parent=15743"}],"curies":[{"name":"wp","href":"https:\/\/api.w.org\/{rel}","templated":true}]}}