{"id":15186,"date":"2016-12-14T14:15:42","date_gmt":"2016-12-14T19:15:42","guid":{"rendered":"http:\/\/52.229.127.56\/?page_id=15186\/"},"modified":"2022-09-02T08:15:22","modified_gmt":"2022-09-02T12:15:22","slug":"communiquez-avec-lequipe-des-relations-avec-les-patients","status":"publish","type":"page","link":"https:\/\/www.ottawahospital.on.ca\/fr\/patients-et-visiteurs\/relations-avec-les-patients\/communiquez-avec-lequipe-des-relations-avec-les-patients\/","title":{"rendered":"Communiquez avec l\u2019\u00e9quipe des Relations avec les patients"},"content":{"rendered":"<p><strong>Vous pouvez nous envoyer vos commentaires en remplissant le formulaire ci-dessous. Si vous souhaitez sauvegarder une copie de vos commentaires, avant de cliquer sur \u00ab\u00a0Soumettre\u00a0\u00bb, imprimez la page ou copiez et collez son contenu dans un document Word.<\/strong><\/p>\n<ul>\n<li>Imprimez la page.<\/li>\n<li>Copiez votre texte dans un document Word.<\/li>\n<\/ul>\n<h2>Je souhaite partager mon exp\u00e9rience ou faire un commentaire g\u00e9n\u00e9ral au sujet de l&rsquo;H\u00f4pital<\/h2>\n\n<div class=\"wpcf7 no-js\" id=\"wpcf7-f42705-o1\" lang=\"en-US\" dir=\"ltr\" data-wpcf7-id=\"42705\">\n<div class=\"screen-reader-response\"><p role=\"status\" aria-live=\"polite\" aria-atomic=\"true\"><\/p> <ul><\/ul><\/div>\n<form action=\"\/fr\/wp-json\/wp\/v2\/pages\/15186#wpcf7-f42705-o1\" method=\"post\" class=\"wpcf7-form init\" aria-label=\"Contact form\" novalidate=\"novalidate\" data-status=\"init\">\n<fieldset class=\"hidden-fields-container\"><input type=\"hidden\" name=\"_wpcf7\" value=\"42705\" \/><input type=\"hidden\" name=\"_wpcf7_version\" value=\"6.1.4\" \/><input type=\"hidden\" name=\"_wpcf7_locale\" value=\"en_US\" \/><input type=\"hidden\" name=\"_wpcf7_unit_tag\" value=\"wpcf7-f42705-o1\" \/><input type=\"hidden\" name=\"_wpcf7_container_post\" value=\"0\" \/><input type=\"hidden\" name=\"_wpcf7_posted_data_hash\" value=\"\" \/><input type=\"hidden\" name=\"_extcf7_conditional_options\" value=\"{&quot;form_id&quot;:42705,&quot;conditions&quot;:[]}\" \/><input type=\"hidden\" name=\"_extcf7_redirect_options\" value=\"{&quot;form_id&quot;:42705,&quot;redirect_options&quot;:{&quot;redirection_enable&quot;:&quot;off&quot;,&quot;custom_url_enable&quot;:&quot;off&quot;,&quot;redirect_page&quot;:&quot;&quot;,&quot;custom_urle&quot;:&quot;&quot;,&quot;redirect_new_tab&quot;:&quot;off&quot;,&quot;js_action&quot;:&quot;off&quot;,&quot;javascript_code&quot;:&quot;&quot;}}\" \/><input type=\"hidden\" name=\"_wpcf7_recaptcha_response\" value=\"\" \/>\n<\/fieldset>\n<p><label>Nom du patient : (obligatoire)<br \/>\n<span class=\"wpcf7-form-control-wrap\" data-name=\"patient-name\"><input size=\"40\" maxlength=\"400\" class=\"wpcf7-form-control wpcf7-text wpcf7-validates-as-required\" aria-required=\"true\" aria-invalid=\"false\" value=\"\" type=\"text\" name=\"patient-name\" \/><\/span> <\/label>\n<\/p>\n<p><label>Date de naissance du patient (aaaa-mm-jj) : (obligatoire)<br \/>\n<span class=\"wpcf7-form-control-wrap\" data-name=\"date-823\"><input class=\"wpcf7-form-control wpcf7-date wpcf7-validates-as-required wpcf7-validates-as-date\" aria-required=\"true\" aria-invalid=\"false\" value=\"\" type=\"date\" name=\"date-823\" \/><\/span><\/label>\n<\/p>\n<p><label> Votre nom : (obligatoire)<br \/>\n<span class=\"wpcf7-form-control-wrap\" data-name=\"your-name\"><input size=\"40\" maxlength=\"400\" class=\"wpcf7-form-control wpcf7-text wpcf7-validates-as-required\" aria-required=\"true\" aria-invalid=\"false\" value=\"\" type=\"text\" name=\"your-name\" \/><\/span><\/label>\n<\/p>\n<p><label>Votre relation avec le patient : (obligatoire)<br \/>\n<span class=\"wpcf7-form-control-wrap\" data-name=\"yourrelationshiptopatient\"><input size=\"40\" maxlength=\"400\" class=\"wpcf7-form-control wpcf7-text wpcf7-validates-as-required\" aria-required=\"true\" aria-invalid=\"false\" value=\"\" type=\"text\" name=\"yourrelationshiptopatient\" \/><\/span><\/label>\n<\/p>\n<p><label>Votre num\u00e9ro de t\u00e9l\u00e9phone : (obligatoire)<br \/>\n<span class=\"wpcf7-form-control-wrap\" data-name=\"tel-147\"><input size=\"40\" maxlength=\"400\" class=\"wpcf7-form-control wpcf7-tel wpcf7-validates-as-required wpcf7-text wpcf7-validates-as-tel\" aria-required=\"true\" aria-invalid=\"false\" value=\"\" type=\"tel\" name=\"tel-147\" \/><\/span><\/label>\n<\/p>\n<p><label>Votre adresse courriel : (obligatoire)<br \/>\n<span class=\"wpcf7-form-control-wrap\" data-name=\"email-478\"><input size=\"40\" maxlength=\"400\" class=\"wpcf7-form-control wpcf7-email wpcf7-validates-as-required wpcf7-text wpcf7-validates-as-email\" aria-required=\"true\" aria-invalid=\"false\" value=\"\" type=\"email\" name=\"email-478\" \/><\/span><\/label>\n<\/p>\n<p><label>Campus de l\u2019H\u00f4pital : (obligatoire)<br \/>\n<span class=\"wpcf7-form-control-wrap\" data-name=\"menu-345\"><select class=\"wpcf7-form-control wpcf7-select wpcf7-validates-as-required\" aria-required=\"true\" aria-invalid=\"false\" name=\"menu-345\"><option value=\"G\u00e9n\u00e9ral,\">G\u00e9n\u00e9ral,<\/option><option value=\"Civic\">Civic<\/option><option value=\"Riverside\">Riverside<\/option><option value=\"autre\">autre<\/option><option value=\"inconnu\">inconnu<\/option><\/select><\/span><\/label>\n<\/p>\n<p><label>Principale raison du courriel : (obligatoire)<br \/>\n<span class=\"wpcf7-form-control-wrap\" data-name=\"primaryreason\"><select class=\"wpcf7-form-control wpcf7-select wpcf7-validates-as-required\" aria-required=\"true\" aria-invalid=\"false\" name=\"primaryreason\"><option value=\"compliment\">compliment<\/option><option value=\"inqui\u00e9tude\">inqui\u00e9tude<\/option><option value=\"les deux\">les deux<\/option><option value=\"accessibilit\u00e9\">accessibilit\u00e9<\/option><\/select><\/span><\/label>\n<\/p>\n<p><label>Vos commentaires :<br \/>\n<span class=\"wpcf7-form-control-wrap\" data-name=\"your-message\"><textarea cols=\"40\" rows=\"10\" maxlength=\"2000\" class=\"wpcf7-form-control wpcf7-textarea\" aria-invalid=\"false\" name=\"your-message\"><\/textarea><\/span> <\/label>\n<\/p>\n<p><em>Si votre t\u00e9moignage est affich\u00e9 sur le site Web, L'H\u00f4pital d'Ottawa retirera au pr\u00e9alable tout renseignement personnel, y compris votre nom et vos coordonn\u00e9es. <\/em>\n<\/p>\n<p class=\"margintop5\"><input class=\"wpcf7-form-control wpcf7-submit has-spinner\" type=\"submit\" value=\"soumettre\" \/><a target=\"_blank\" href=\"https:\/\/www.ottawahospital.on.ca\/fr\/patients-et-visiteurs\/protection-des-renseignements-personnels\/avis-de-non-responsabilite-et-enonce-sur-la-protection-des-renseignements-personnels\/\">Avertissement et Protection des renseignements personnels <\/a>\n<\/p><div class=\"wpcf7-response-output\" aria-hidden=\"true\"><\/div>\n<\/form>\n<\/div>\n\n","protected":false},"excerpt":{"rendered":"<p>Vous pouvez nous envoyer vos commentaires en remplissant le formulaire ci-dessous. Si vous souhaitez sauvegarder une copie de vos commentaires, avant de cliquer sur \u00ab\u00a0Soumettre\u00a0\u00bb, imprimez la page ou copiez et collez son contenu dans un document Word. Imprimez la page. Copiez votre texte dans un document Word. Je souhaite partager mon exp\u00e9rience ou faire [&hellip;]<\/p>\n","protected":false},"author":25,"featured_media":0,"parent":258,"menu_order":1,"comment_status":"closed","ping_status":"closed","template":"","meta":{"_acf_changed":false,"_mc_calendar":[],"footnotes":""},"class_list":["post-15186","page","type-page","status-publish","hentry"],"acf":[],"wps_subtitle":"","_links":{"self":[{"href":"https:\/\/www.ottawahospital.on.ca\/fr\/wp-json\/wp\/v2\/pages\/15186","targetHints":{"allow":["GET"]}}],"collection":[{"href":"https:\/\/www.ottawahospital.on.ca\/fr\/wp-json\/wp\/v2\/pages"}],"about":[{"href":"https:\/\/www.ottawahospital.on.ca\/fr\/wp-json\/wp\/v2\/types\/page"}],"author":[{"embeddable":true,"href":"https:\/\/www.ottawahospital.on.ca\/fr\/wp-json\/wp\/v2\/users\/25"}],"replies":[{"embeddable":true,"href":"https:\/\/www.ottawahospital.on.ca\/fr\/wp-json\/wp\/v2\/comments?post=15186"}],"version-history":[{"count":0,"href":"https:\/\/www.ottawahospital.on.ca\/fr\/wp-json\/wp\/v2\/pages\/15186\/revisions"}],"up":[{"embeddable":true,"href":"https:\/\/www.ottawahospital.on.ca\/fr\/wp-json\/wp\/v2\/pages\/258"}],"wp:attachment":[{"href":"https:\/\/www.ottawahospital.on.ca\/fr\/wp-json\/wp\/v2\/media?parent=15186"}],"curies":[{"name":"wp","href":"https:\/\/api.w.org\/{rel}","templated":true}]}}