{"id":15017,"date":"2016-12-14T10:56:32","date_gmt":"2016-12-14T15:56:32","guid":{"rendered":"http:\/\/52.229.127.56\/?page_id=15017\/"},"modified":"2022-03-04T10:44:13","modified_gmt":"2022-03-04T15:44:13","slug":"nous-joindre","status":"publish","type":"page","link":"https:\/\/www.ottawahospital.on.ca\/fr\/services-cliniques\/deptpgrmcs\/programmes\/programme-de-cancerologie\/nous-joindre\/","title":{"rendered":"Nous Joindre"},"content":{"rendered":"<div class=\"text-center\" style=\"background-color: #d6e0ec; width: 336px; height: 55px; margin: 0 auto;\">\n<p style=\"padding-top: 15px;\"><strong>Standardiste : <\/strong>613-737-7700<\/p>\n<\/div>\n<p><strong>Les patients du Centre de canc\u00e9rologie qui ont besoin d\u2019aide peuvent appeler\u00a0:<\/strong><\/p>\n<p>la ligne de soutien aux patients du Campus G\u00e9n\u00e9ral et Centre de canc\u00e9rologie Famille Irving Greenberg \u00e0 l\u2019H\u00f4pital Queensway Carleton, au poste 15444 ou composer le num\u00e9ro direct 613-761-5444.<\/p>\n<h2>Pour prendre un rendez-vous :<\/h2>\n<div class=\"row\">\n<div class=\"col-md-6\">\n<p><strong>Campus G\u00e9n\u00e9ral:<br \/>\n<\/strong><\/p>\n<ul>\n<li>Module A: poste 70513<\/li>\n<li>Module B: poste 70087<\/li>\n<li>Module C: poste 70092<\/li>\n<li>Module D: poste 70070<\/li>\n<li>Module L: poste 78131<\/li>\n<\/ul>\n<\/div>\n<div class=\"col-md-6\">\n<p><strong>Centre de canc\u00e9rologie Famille Irving Greenberg<\/strong><\/p>\n<ul>\n<li>Modules E et F: poste 25229<\/li>\n<\/ul>\n<\/div>\n<\/div>\n<h2>Oncologie psychosociale (soutien et r\u00e9adaptation)<\/h2>\n<div class=\"row\">\n<div class=\"col-md-6\">\n<p><strong>Campus G\u00e9n\u00e9ral :<\/strong><\/p>\n<ul>\n<li>poste 70516<\/li>\n<\/ul>\n<\/div>\n<div class=\"col-md-6\">\n<p><strong>Centre de canc\u00e9rologie Famille Irving Greenberg :<br \/>\n<\/strong><\/p>\n<ul>\n<li>poste 25200<\/li>\n<\/ul>\n<\/div>\n<\/div>\n<h2>Radiation Therapy:<\/h2>\n<div class=\"row\">\n<div class=\"col-md-6\">\n<p><strong>Campus G\u00e9n\u00e9ral :<\/strong><\/p>\n<ul>\n<li>Radioth\u00e9rapie sud : poste 70528<\/li>\n<li>Radioth\u00e9rapie nord : poste 70901<\/li>\n<\/ul>\n<\/div>\n<div class=\"col-md-6\">\n<p><strong>Centre de canc\u00e9rologie Famille Irving Greenberg :\u00a0<\/strong><\/p>\n<ul>\n<li>Radioth\u00e9rapie r\u00e9ception : poste 25150<\/li>\n<\/ul>\n<\/div>\n<\/div>\n<h2>l\u2019Unit\u00e9 de chimioth\u00e9rapie :<\/h2>\n<p><strong>Centre de canc\u00e9rologie Famille Irving Greenberg\u00a0:<\/strong><\/p>\n<ul>\n<li>poste 25408<\/li>\n<\/ul>\n<h2>Autres endroits o\u00f9 vous pourriez avoir rendez-vous<\/h2>\n<ul>\n<li>Centre de sant\u00e9 pour les femmes Shirley-E.-Greenberg : poste 81795<\/li>\n<li>Centre de sant\u00e9 du sein de L&rsquo;H\u00f4pital d&rsquo;Ottawa : poste 14400<\/li>\n<li>Clinique d\u2019\u00e9valuation du cancer Ages: poste 78501<\/li>\n<\/ul>\n<p><!--\n\n\n<h2>Programme de d\u00e9pistage et pr\u00e9vention int\u00e9gr\u00e9s du cancer<\/h2>\n\n\nCourriel : <a href=\"mailto:screening@toh.ca\">screening@toh.ca<\/a>\nT\u00e9l\u00e9phone : 613-798-5555 poste 15811\n\n--><\/p>\n<p class=\"text-center\">Si vous devez annuler un rendez-vous, veuillez appeler le plus t\u00f4t possible \u00e0 l\u2019endroit o\u00f9<br \/>\nvous avez rendez-vous (p. ex. module A).<\/p>\n","protected":false},"excerpt":{"rendered":"<p>Standardiste : 613-737-7700 Les patients du Centre de canc\u00e9rologie qui ont besoin d\u2019aide peuvent appeler\u00a0: la ligne de soutien aux patients du Campus G\u00e9n\u00e9ral et Centre de canc\u00e9rologie Famille Irving Greenberg \u00e0 l\u2019H\u00f4pital Queensway Carleton, au poste 15444 ou composer le num\u00e9ro direct 613-761-5444. Pour prendre un rendez-vous : Campus G\u00e9n\u00e9ral: Module A: poste 70513 [&hellip;]<\/p>\n","protected":false},"author":25,"featured_media":0,"parent":8806,"menu_order":7,"comment_status":"closed","ping_status":"closed","template":"","meta":{"_acf_changed":false,"_mc_calendar":[],"footnotes":""},"class_list":["post-15017","page","type-page","status-publish","hentry"],"acf":[],"wps_subtitle":"","_links":{"self":[{"href":"https:\/\/www.ottawahospital.on.ca\/fr\/wp-json\/wp\/v2\/pages\/15017","targetHints":{"allow":["GET"]}}],"collection":[{"href":"https:\/\/www.ottawahospital.on.ca\/fr\/wp-json\/wp\/v2\/pages"}],"about":[{"href":"https:\/\/www.ottawahospital.on.ca\/fr\/wp-json\/wp\/v2\/types\/page"}],"author":[{"embeddable":true,"href":"https:\/\/www.ottawahospital.on.ca\/fr\/wp-json\/wp\/v2\/users\/25"}],"replies":[{"embeddable":true,"href":"https:\/\/www.ottawahospital.on.ca\/fr\/wp-json\/wp\/v2\/comments?post=15017"}],"version-history":[{"count":0,"href":"https:\/\/www.ottawahospital.on.ca\/fr\/wp-json\/wp\/v2\/pages\/15017\/revisions"}],"up":[{"embeddable":true,"href":"https:\/\/www.ottawahospital.on.ca\/fr\/wp-json\/wp\/v2\/pages\/8806"}],"wp:attachment":[{"href":"https:\/\/www.ottawahospital.on.ca\/fr\/wp-json\/wp\/v2\/media?parent=15017"}],"curies":[{"name":"wp","href":"https:\/\/api.w.org\/{rel}","templated":true}]}}