{"id":14998,"date":"2016-12-14T10:28:56","date_gmt":"2016-12-14T15:28:56","guid":{"rendered":"http:\/\/52.229.127.56\/?page_id=14998\/"},"modified":"2020-07-21T10:25:06","modified_gmt":"2020-07-21T14:25:06","slug":"demande-de-services-diagnostic-confirme-de-cancer","status":"publish","type":"page","link":"https:\/\/www.ottawahospital.on.ca\/fr\/services-cliniques\/deptpgrmcs\/programmes\/programme-de-cancerologie\/professionnels-de-la-sante\/referer-un-patient\/cancer-soupconne\/demande-de-services-diagnostic-confirme-de-cancer\/","title":{"rendered":"Demande de services \u2013 Diagnostic confirm\u00e9 de cancer"},"content":{"rendered":"<h2>Demande de services \u2013 Diagnostic confirm\u00e9 de cancer<\/h2>\n<div class=\"col-md-6\"><img decoding=\"async\" class=\"size-full wp-image-14995 alignleft img-responsive\" src=\"\/wp-content\/uploads\/2016\/12\/confirmed_1.jpg\" alt=\"confirmed_1\" width=\"350\" height=\"232\" srcset=\"https:\/\/www.ottawahospital.on.ca\/wp-content\/uploads\/2016\/12\/confirmed_1.jpg 350w, https:\/\/www.ottawahospital.on.ca\/wp-content\/uploads\/2016\/12\/confirmed_1-300x199.jpg 300w\" sizes=\"(max-width: 350px) 100vw, 350px\" \/><\/div>\n<div class=\"col-md-6\"><img decoding=\"async\" class=\"size-full wp-image-14996 alignleft img-responsive\" src=\"\/wp-content\/uploads\/2016\/12\/confirmed_2.jpg\" alt=\"confirmed_2\" width=\"350\" height=\"233\" srcset=\"https:\/\/www.ottawahospital.on.ca\/wp-content\/uploads\/2016\/12\/confirmed_2.jpg 350w, https:\/\/www.ottawahospital.on.ca\/wp-content\/uploads\/2016\/12\/confirmed_2-300x200.jpg 300w\" sizes=\"(max-width: 350px) 100vw, 350px\" \/><\/div>\n<ul>\n<li><a href=\"\/wp-content\/uploads\/2020\/07\/Cancer-Program-Referral-Guide-2019_WCAG.pdf\" target=\"_blank\" rel=\"noopener noreferrer\">Guide de r\u00e9f\u00e9rence (en anglais)<\/a><\/li>\n<li><a href=\"\/wp-content\/uploads\/2020\/07\/Cancer-Program-Referral-Form-2019_WCAG.pdf\" target=\"_blank\" rel=\"noopener noreferrer\">Formulaire de demande de services (en anglais)<\/a><\/li>\n<\/ul>\n","protected":false},"excerpt":{"rendered":"<p>Demande de services \u2013 Diagnostic confirm\u00e9 de cancer Guide de r\u00e9f\u00e9rence (en anglais) Formulaire de demande de services (en anglais)<\/p>\n","protected":false},"author":25,"featured_media":0,"parent":14953,"menu_order":5,"comment_status":"closed","ping_status":"closed","template":"","meta":{"_acf_changed":false,"_mc_calendar":[],"footnotes":""},"class_list":["post-14998","page","type-page","status-publish","hentry"],"acf":[],"wps_subtitle":"","_links":{"self":[{"href":"https:\/\/www.ottawahospital.on.ca\/fr\/wp-json\/wp\/v2\/pages\/14998","targetHints":{"allow":["GET"]}}],"collection":[{"href":"https:\/\/www.ottawahospital.on.ca\/fr\/wp-json\/wp\/v2\/pages"}],"about":[{"href":"https:\/\/www.ottawahospital.on.ca\/fr\/wp-json\/wp\/v2\/types\/page"}],"author":[{"embeddable":true,"href":"https:\/\/www.ottawahospital.on.ca\/fr\/wp-json\/wp\/v2\/users\/25"}],"replies":[{"embeddable":true,"href":"https:\/\/www.ottawahospital.on.ca\/fr\/wp-json\/wp\/v2\/comments?post=14998"}],"version-history":[{"count":0,"href":"https:\/\/www.ottawahospital.on.ca\/fr\/wp-json\/wp\/v2\/pages\/14998\/revisions"}],"up":[{"embeddable":true,"href":"https:\/\/www.ottawahospital.on.ca\/fr\/wp-json\/wp\/v2\/pages\/14953"}],"wp:attachment":[{"href":"https:\/\/www.ottawahospital.on.ca\/fr\/wp-json\/wp\/v2\/media?parent=14998"}],"curies":[{"name":"wp","href":"https:\/\/api.w.org\/{rel}","templated":true}]}}