{"id":14991,"date":"2016-12-14T10:24:38","date_gmt":"2016-12-14T15:24:38","guid":{"rendered":"http:\/\/52.229.127.56\/?page_id=14991\/"},"modified":"2020-07-21T10:45:20","modified_gmt":"2020-07-21T14:45:20","slug":"referer-un-patient-pour-une-evaluation-chirurgicale-thoracique","status":"publish","type":"page","link":"https:\/\/www.ottawahospital.on.ca\/fr\/services-cliniques\/deptpgrmcs\/programmes\/programme-de-cancerologie\/professionnels-de-la-sante\/referer-un-patient\/cancer-soupconne\/referer-un-patient-pour-une-evaluation-chirurgicale-thoracique\/","title":{"rendered":"R\u00e9f\u00e9rer un patient pour une \u00e9valuation chirurgicale thoracique"},"content":{"rendered":"<p><img decoding=\"async\" class=\"size-full wp-image-14977 alignright img-responsive\" src=\"\/wp-content\/uploads\/2016\/12\/ColorectalDiagnosticsattheAgesCancerAssessmentCentre.jpg\" alt=\"Colorectal+Diagnostics+at+the+Ages+Cancer+Assessment+Centre\" width=\"329\" height=\"235\" srcset=\"https:\/\/www.ottawahospital.on.ca\/wp-content\/uploads\/2016\/12\/ColorectalDiagnosticsattheAgesCancerAssessmentCentre.jpg 329w, https:\/\/www.ottawahospital.on.ca\/wp-content\/uploads\/2016\/12\/ColorectalDiagnosticsattheAgesCancerAssessmentCentre-300x214.jpg 300w\" sizes=\"(max-width: 329px) 100vw, 329px\" \/>Vous pouvez r\u00e9f\u00e9rer un patient au Programme d\u2019\u00e9valuation diagnostique en cas de :<\/p>\n<ul>\n<li>l\u00e9sion\/masse\/nodules suspects d\u00e9cel\u00e9s par tomodensitom\u00e9trie du thorax (poumon)<\/li>\n<li>cancer gastrique d\u00e9cel\u00e9 par biopsie ou dysplasie de haut grade<\/li>\n<li>cancer de l\u2019\u0153sophage d\u00e9cel\u00e9 par biopsie ou dysplasie de haut grade<\/li>\n<\/ul>\n<p>Avant la demande de consultation :<\/p>\n<ul>\n<li>Tomodensitom\u00e9trie du thorax (poumon)<\/li>\n<li>Rapport de pathologie (gastrique et \u0153sophagien)<\/li>\n<\/ul>\n<p>Si vous les avez, veuillez fournir ce qui suit :<\/p>\n<ul>\n<li>Rapport de pathologie (poumon)<\/li>\n<li>Examen de la fonction respiratoire (poumon)<\/li>\n<li>Radiographie du thorax (poumon)<\/li>\n<li>Tomodensitom\u00e9trie abdominale \/ du pelvis (gastrique)<\/li>\n<li>Tomodensitom\u00e9trie du thorax (\u0153sophage)<\/li>\n<\/ul>\n<p>Veuillez envoyer une&nbsp;<strong><a href=\"\/wp-content\/uploads\/2020\/07\/Cancer-Program-Referral-Form-2019_WCAG.pdf\" target=\"_blank\" rel=\"noopener noreferrer\">Formulaire de demande de services (en anglais)<\/a><\/strong> d\u00fbment remplie par t\u00e9l\u00e9copieur au 613-737-8643.<\/p>\n<p><a href=\"\/wp-content\/uploads\/2020\/07\/Cancer-Program-Referral-Guide-2019_WCAG.pdf\" target=\"_blank\" rel=\"noopener noreferrer\">Guide de r\u00e9f\u00e9rence (en anglais)<\/a><\/p>\n","protected":false},"excerpt":{"rendered":"<p>Vous pouvez r\u00e9f\u00e9rer un patient au Programme d\u2019\u00e9valuation diagnostique en cas de : l\u00e9sion\/masse\/nodules suspects d\u00e9cel\u00e9s par tomodensitom\u00e9trie du thorax (poumon) cancer gastrique d\u00e9cel\u00e9 par biopsie ou dysplasie de haut grade cancer de l\u2019\u0153sophage d\u00e9cel\u00e9 par biopsie ou dysplasie de haut grade Avant la demande de consultation : Tomodensitom\u00e9trie du thorax (poumon) Rapport de pathologie [&hellip;]<\/p>\n","protected":false},"author":25,"featured_media":0,"parent":14953,"menu_order":4,"comment_status":"closed","ping_status":"closed","template":"","meta":{"_acf_changed":false,"_mc_calendar":[],"footnotes":""},"class_list":["post-14991","page","type-page","status-publish","hentry"],"acf":[],"wps_subtitle":"","_links":{"self":[{"href":"https:\/\/www.ottawahospital.on.ca\/fr\/wp-json\/wp\/v2\/pages\/14991","targetHints":{"allow":["GET"]}}],"collection":[{"href":"https:\/\/www.ottawahospital.on.ca\/fr\/wp-json\/wp\/v2\/pages"}],"about":[{"href":"https:\/\/www.ottawahospital.on.ca\/fr\/wp-json\/wp\/v2\/types\/page"}],"author":[{"embeddable":true,"href":"https:\/\/www.ottawahospital.on.ca\/fr\/wp-json\/wp\/v2\/users\/25"}],"replies":[{"embeddable":true,"href":"https:\/\/www.ottawahospital.on.ca\/fr\/wp-json\/wp\/v2\/comments?post=14991"}],"version-history":[{"count":0,"href":"https:\/\/www.ottawahospital.on.ca\/fr\/wp-json\/wp\/v2\/pages\/14991\/revisions"}],"up":[{"embeddable":true,"href":"https:\/\/www.ottawahospital.on.ca\/fr\/wp-json\/wp\/v2\/pages\/14953"}],"wp:attachment":[{"href":"https:\/\/www.ottawahospital.on.ca\/fr\/wp-json\/wp\/v2\/media?parent=14991"}],"curies":[{"name":"wp","href":"https:\/\/api.w.org\/{rel}","templated":true}]}}