{"id":14985,"date":"2016-12-14T10:20:37","date_gmt":"2016-12-14T15:20:37","guid":{"rendered":"http:\/\/52.229.127.56\/?page_id=14985\/"},"modified":"2020-07-21T10:41:15","modified_gmt":"2020-07-21T14:41:15","slug":"referer-un-patient-pour-une-evaluation-chirurgicale-dun-cancer-de-la-prostate","status":"publish","type":"page","link":"https:\/\/www.ottawahospital.on.ca\/fr\/services-cliniques\/deptpgrmcs\/programmes\/programme-de-cancerologie\/professionnels-de-la-sante\/referer-un-patient\/cancer-soupconne\/referer-un-patient-pour-une-evaluation-chirurgicale-dun-cancer-de-la-prostate\/","title":{"rendered":"R\u00e9f\u00e9rer un patient pour une \u00e9valuation chirurgicale d\u2019un cancer de la prostate"},"content":{"rendered":"<p><img decoding=\"async\" class=\"size-full wp-image-14977 alignright img-responsive\" src=\"\/wp-content\/uploads\/2016\/12\/ColorectalDiagnosticsattheAgesCancerAssessmentCentre.jpg\" alt=\"Colorectal+Diagnostics+at+the+Ages+Cancer+Assessment+Centre\" width=\"329\" height=\"235\" srcset=\"https:\/\/www.ottawahospital.on.ca\/wp-content\/uploads\/2016\/12\/ColorectalDiagnosticsattheAgesCancerAssessmentCentre.jpg 329w, https:\/\/www.ottawahospital.on.ca\/wp-content\/uploads\/2016\/12\/ColorectalDiagnosticsattheAgesCancerAssessmentCentre-300x214.jpg 300w\" sizes=\"(max-width: 329px) 100vw, 329px\" \/>Vous pouvez nous r\u00e9f\u00e9rer un patient pour ce qui suit :<\/p>\n<ul>\n<li>\u00c9valuation en cas de possibilit\u00e9 de cancer de la prostate<\/li>\n<\/ul>\n<p>Renseignements \u00e0 fournir :<\/p>\n<ul>\n<li>Rapports de test de l\u2019APS (courant et ant\u00e9rieur)<\/li>\n<\/ul>\n<p>Si vous l\u2019avez, veuillez fournir ce qui suit :<\/p>\n<ul>\n<li>Rapport de pathologie<\/li>\n<\/ul>\n<p>Veuillez envoyer une&nbsp;<strong><a href=\"\/wp-content\/uploads\/2020\/07\/Cancer-Program-Referral-Form-2019_WCAG.pdf\" target=\"_blank\" rel=\"noopener noreferrer\">Formulaire de demande de services (en anglais)<\/a><\/strong> d\u00fbment remplie par t\u00e9l\u00e9copieur au 613-737-8643<\/p>\n<p><a href=\"\/wp-content\/uploads\/2020\/07\/Cancer-Program-Referral-Guide-2019_WCAG.pdf\" target=\"_blank\" rel=\"noopener noreferrer\">Guide de r\u00e9f\u00e9rence (en anglais)<\/a><\/p>\n","protected":false},"excerpt":{"rendered":"<p>Vous pouvez nous r\u00e9f\u00e9rer un patient pour ce qui suit : \u00c9valuation en cas de possibilit\u00e9 de cancer de la prostate Renseignements \u00e0 fournir : Rapports de test de l\u2019APS (courant et ant\u00e9rieur) Si vous l\u2019avez, veuillez fournir ce qui suit : Rapport de pathologie Veuillez envoyer une&nbsp;Formulaire de demande de services (en anglais) d\u00fbment [&hellip;]<\/p>\n","protected":false},"author":25,"featured_media":0,"parent":14953,"menu_order":3,"comment_status":"closed","ping_status":"closed","template":"","meta":{"_acf_changed":false,"_mc_calendar":[],"footnotes":""},"class_list":["post-14985","page","type-page","status-publish","hentry"],"acf":[],"wps_subtitle":"","_links":{"self":[{"href":"https:\/\/www.ottawahospital.on.ca\/fr\/wp-json\/wp\/v2\/pages\/14985","targetHints":{"allow":["GET"]}}],"collection":[{"href":"https:\/\/www.ottawahospital.on.ca\/fr\/wp-json\/wp\/v2\/pages"}],"about":[{"href":"https:\/\/www.ottawahospital.on.ca\/fr\/wp-json\/wp\/v2\/types\/page"}],"author":[{"embeddable":true,"href":"https:\/\/www.ottawahospital.on.ca\/fr\/wp-json\/wp\/v2\/users\/25"}],"replies":[{"embeddable":true,"href":"https:\/\/www.ottawahospital.on.ca\/fr\/wp-json\/wp\/v2\/comments?post=14985"}],"version-history":[{"count":0,"href":"https:\/\/www.ottawahospital.on.ca\/fr\/wp-json\/wp\/v2\/pages\/14985\/revisions"}],"up":[{"embeddable":true,"href":"https:\/\/www.ottawahospital.on.ca\/fr\/wp-json\/wp\/v2\/pages\/14953"}],"wp:attachment":[{"href":"https:\/\/www.ottawahospital.on.ca\/fr\/wp-json\/wp\/v2\/media?parent=14985"}],"curies":[{"name":"wp","href":"https:\/\/api.w.org\/{rel}","templated":true}]}}