{"id":14979,"date":"2016-12-14T10:16:03","date_gmt":"2016-12-14T15:16:03","guid":{"rendered":"http:\/\/52.229.127.56\/?page_id=14979\/"},"modified":"2020-07-21T10:33:30","modified_gmt":"2020-07-21T14:33:30","slug":"diagnostiques-pour-le-cancer-colorectal-au-centre-devaluation-du-cancer-ages","status":"publish","type":"page","link":"https:\/\/www.ottawahospital.on.ca\/fr\/services-cliniques\/deptpgrmcs\/programmes\/programme-de-cancerologie\/professionnels-de-la-sante\/referer-un-patient\/cancer-soupconne\/diagnostiques-pour-le-cancer-colorectal-au-centre-devaluation-du-cancer-ages\/","title":{"rendered":"Diagnostiques pour le cancer colorectal au centre d\u2019\u00e9valuation du cancer Ages"},"content":{"rendered":"<p>Vous pouvez r\u00e9f\u00e9rer un patient au programme pour une \u00e9valuation chirurgicale dans les cas suivants :<\/p>\n<ul>\n<li><img decoding=\"async\" class=\"size-full wp-image-14977 alignright img-responsive\" src=\"\/wp-content\/uploads\/2016\/12\/ColorectalDiagnosticsattheAgesCancerAssessmentCentre.jpg\" alt=\"Colorectal+Diagnostics+at+the+Ages+Cancer+Assessment+Centre\" width=\"329\" height=\"235\" srcset=\"https:\/\/www.ottawahospital.on.ca\/wp-content\/uploads\/2016\/12\/ColorectalDiagnosticsattheAgesCancerAssessmentCentre.jpg 329w, https:\/\/www.ottawahospital.on.ca\/wp-content\/uploads\/2016\/12\/ColorectalDiagnosticsattheAgesCancerAssessmentCentre-300x214.jpg 300w\" sizes=\"(max-width: 329px) 100vw, 329px\" \/>Pathologie positive<\/li>\n<li>L\u00e9sion suspecte \u2013 en attente<\/li>\n<li>L\u00e9sion suspecte \u2013 discordante<\/li>\n<li>Examen d\u2019imagerie anormal<\/li>\n<\/ul>\n<p>Si vous les avez, veuillez fournir ce qui suit :<\/p>\n<ul>\n<li>Rapport de pathologie<\/li>\n<li>Rapport d\u2019endoscopie<\/li>\n<\/ul>\n<p>Veuillez envoyer une <strong><a href=\"\/wp-content\/uploads\/2020\/07\/Cancer-Program-Referral-Form-2019_WCAG.pdf\" target=\"_blank\" rel=\"noopener noreferrer\">Formulaire de demande de services (en anglais)<\/a><\/strong> d\u00fbment remplie par t\u00e9l\u00e9copieur au 613-737-8643.<\/p>\n<p><a href=\"\/wp-content\/uploads\/2020\/07\/Cancer-Program-Referral-Guide-2019_WCAG.pdf\" target=\"_blank\" rel=\"noopener noreferrer\">Guide de r\u00e9f\u00e9rence (en anglais)<\/a><\/p>\n","protected":false},"excerpt":{"rendered":"<p>Vous pouvez r\u00e9f\u00e9rer un patient au programme pour une \u00e9valuation chirurgicale dans les cas suivants : Pathologie positive L\u00e9sion suspecte \u2013 en attente L\u00e9sion suspecte \u2013 discordante Examen d\u2019imagerie anormal Si vous les avez, veuillez fournir ce qui suit : Rapport de pathologie Rapport d\u2019endoscopie Veuillez envoyer une Formulaire de demande de services (en anglais) [&hellip;]<\/p>\n","protected":false},"author":25,"featured_media":0,"parent":14953,"menu_order":2,"comment_status":"closed","ping_status":"closed","template":"","meta":{"_acf_changed":false,"_mc_calendar":[],"footnotes":""},"class_list":["post-14979","page","type-page","status-publish","hentry"],"acf":[],"wps_subtitle":"","_links":{"self":[{"href":"https:\/\/www.ottawahospital.on.ca\/fr\/wp-json\/wp\/v2\/pages\/14979","targetHints":{"allow":["GET"]}}],"collection":[{"href":"https:\/\/www.ottawahospital.on.ca\/fr\/wp-json\/wp\/v2\/pages"}],"about":[{"href":"https:\/\/www.ottawahospital.on.ca\/fr\/wp-json\/wp\/v2\/types\/page"}],"author":[{"embeddable":true,"href":"https:\/\/www.ottawahospital.on.ca\/fr\/wp-json\/wp\/v2\/users\/25"}],"replies":[{"embeddable":true,"href":"https:\/\/www.ottawahospital.on.ca\/fr\/wp-json\/wp\/v2\/comments?post=14979"}],"version-history":[{"count":0,"href":"https:\/\/www.ottawahospital.on.ca\/fr\/wp-json\/wp\/v2\/pages\/14979\/revisions"}],"up":[{"embeddable":true,"href":"https:\/\/www.ottawahospital.on.ca\/fr\/wp-json\/wp\/v2\/pages\/14953"}],"wp:attachment":[{"href":"https:\/\/www.ottawahospital.on.ca\/fr\/wp-json\/wp\/v2\/media?parent=14979"}],"curies":[{"name":"wp","href":"https:\/\/api.w.org\/{rel}","templated":true}]}}