{"id":14974,"date":"2016-12-14T10:10:33","date_gmt":"2016-12-14T15:10:33","guid":{"rendered":"http:\/\/52.229.127.56\/?page_id=14974\/"},"modified":"2020-07-21T10:36:48","modified_gmt":"2020-07-21T14:36:48","slug":"referer-un-patient-au-centre-de-sante-du-sein-de-lhopital-dottawa","status":"publish","type":"page","link":"https:\/\/www.ottawahospital.on.ca\/fr\/services-cliniques\/deptpgrmcs\/programmes\/programme-de-cancerologie\/professionnels-de-la-sante\/referer-un-patient\/cancer-soupconne\/referer-un-patient-au-centre-de-sante-du-sein-de-lhopital-dottawa\/","title":{"rendered":"R\u00e9f\u00e9rer un patient au Centre de sant\u00e9 du sein de L\u2019H\u00f4pital d\u2019Ottawa"},"content":{"rendered":"<p>Vous pouvez r\u00e9f\u00e9rer un patient au Centre de sant\u00e9 du sein de L\u2019H\u00f4pital d\u2019Ottawa en cas d\u2019anomalie du sein, notamment :<\/p>\n<ul>\n<li>Masse suspecte<\/li>\n<li>\u00c9coulement du mamelon<\/li>\n<li>Peau d\u2019orange<\/li>\n<\/ul>\n<p>Avant de formuler une demande de consultation :<\/p>\n<ul>\n<li>Vous <strong>devez demander l\u2019examen d\u2019imagerie appropri\u00e9<\/strong>. Envoyez une demande&nbsp;<strong><a href=\"\/fr\/documents\/2017\/01\/diagnosticimagingrequisitionbilingual2014.pdf\" target=\"_blank\" rel=\"noopener noreferrer\">d\u2019examen d\u2019imagerie du sein<\/a><\/strong> au <strong>613 761 4405<\/strong> ou dans SSIO si vous y avez acc\u00e8s.<\/li>\n<li>Les patientes de 35 ans ou plus doivent avoir pass\u00e9 une mammographie et une \u00e9chographie.<\/li>\n<li>Les patientes de moins de 35 ans doivent avoir pass\u00e9 une \u00e9chographie.<\/li>\n<\/ul>\n<p>Si vous les avez, veuillez fournir ce qui suit :<img decoding=\"async\" class=\"size-full wp-image-14971 alignright img-responsive\" src=\"\/wp-content\/uploads\/2016\/12\/suspicionofcancer.jpg\" alt=\"suspicionofcancer\" width=\"350\" height=\"260\" srcset=\"https:\/\/www.ottawahospital.on.ca\/wp-content\/uploads\/2016\/12\/suspicionofcancer.jpg 350w, https:\/\/www.ottawahospital.on.ca\/wp-content\/uploads\/2016\/12\/suspicionofcancer-300x223.jpg 300w\" sizes=\"(max-width: 350px) 100vw, 350px\" \/><\/p>\n<ul>\n<li>Radiographie du thorax<\/li>\n<li>\u00c9chocardiogramme (mesurer la r\u00e9action d\u2019\u00e9jection)<\/li>\n<li>Ventriculographie isotopique<\/li>\n<li>Imagerie diagnostique ou rapports d\u2019imagerie diagnostique<\/li>\n<\/ul>\n<p>Apr\u00e8s avoir r\u00e9pondu aux crit\u00e8res, veuillez remplir une&nbsp;<strong><a href=\"\/wp-content\/uploads\/2020\/07\/Cancer-Program-Referral-Form-2019_WCAG.pdf\" target=\"_blank\" rel=\"noopener noreferrer\">Formulaire de demande de services (en anglais)<\/a><\/strong> et l\u2019envoyer par t\u00e9l\u00e9copieur au 613-761-4994<\/p>\n<p><a href=\"\/wp-content\/uploads\/2020\/07\/Cancer-Program-Referral-Guide-2019_WCAG.pdf\" target=\"_blank\" rel=\"noopener noreferrer\">Guide de r\u00e9f\u00e9rence (en anglais)<\/a><\/p>\n","protected":false},"excerpt":{"rendered":"<p>Vous pouvez r\u00e9f\u00e9rer un patient au Centre de sant\u00e9 du sein de L\u2019H\u00f4pital d\u2019Ottawa en cas d\u2019anomalie du sein, notamment : Masse suspecte \u00c9coulement du mamelon Peau d\u2019orange Avant de formuler une demande de consultation : Vous devez demander l\u2019examen d\u2019imagerie appropri\u00e9. Envoyez une demande&nbsp;d\u2019examen d\u2019imagerie du sein au 613 761 4405 ou dans SSIO [&hellip;]<\/p>\n","protected":false},"author":25,"featured_media":0,"parent":14953,"menu_order":1,"comment_status":"closed","ping_status":"closed","template":"","meta":{"_acf_changed":false,"_mc_calendar":[],"footnotes":""},"class_list":["post-14974","page","type-page","status-publish","hentry"],"acf":[],"wps_subtitle":"","_links":{"self":[{"href":"https:\/\/www.ottawahospital.on.ca\/fr\/wp-json\/wp\/v2\/pages\/14974","targetHints":{"allow":["GET"]}}],"collection":[{"href":"https:\/\/www.ottawahospital.on.ca\/fr\/wp-json\/wp\/v2\/pages"}],"about":[{"href":"https:\/\/www.ottawahospital.on.ca\/fr\/wp-json\/wp\/v2\/types\/page"}],"author":[{"embeddable":true,"href":"https:\/\/www.ottawahospital.on.ca\/fr\/wp-json\/wp\/v2\/users\/25"}],"replies":[{"embeddable":true,"href":"https:\/\/www.ottawahospital.on.ca\/fr\/wp-json\/wp\/v2\/comments?post=14974"}],"version-history":[{"count":0,"href":"https:\/\/www.ottawahospital.on.ca\/fr\/wp-json\/wp\/v2\/pages\/14974\/revisions"}],"up":[{"embeddable":true,"href":"https:\/\/www.ottawahospital.on.ca\/fr\/wp-json\/wp\/v2\/pages\/14953"}],"wp:attachment":[{"href":"https:\/\/www.ottawahospital.on.ca\/fr\/wp-json\/wp\/v2\/media?parent=14974"}],"curies":[{"name":"wp","href":"https:\/\/api.w.org\/{rel}","templated":true}]}}