{"id":14953,"date":"2016-12-14T09:52:17","date_gmt":"2016-12-14T14:52:17","guid":{"rendered":"http:\/\/52.229.127.56\/?page_id=14953\/"},"modified":"2018-06-04T10:59:11","modified_gmt":"2018-06-04T14:59:11","slug":"cancer-soupconne","status":"publish","type":"page","link":"https:\/\/www.ottawahospital.on.ca\/fr\/services-cliniques\/deptpgrmcs\/programmes\/programme-de-cancerologie\/professionnels-de-la-sante\/referer-un-patient\/cancer-soupconne\/","title":{"rendered":"Cancer soup\u00e7onn\u00e9"},"content":{"rendered":"<h2>Demande de services \u2013 Cancer soup\u00e7onn\u00e9<\/h2>\n<p>Veuillez choisir le type de cancer :<\/p>\n<div class=\"row\">\n<div class=\"col-12 col-sm-2 col-md-2\"><a href=\"\/fr\/services-cliniques\/deptpgrmcs\/programmes\/programme-de-cancerologie\/professionnels-de-la-sante\/referer-un-patient\/cancer-soupconne\/referer-un-patient-au-centre-de-sante-du-sein-de-lhopital-dottawa\/\"><button class=\"btn btn-primary inline btn-block\" type=\"button\">Sein<\/button><\/a><\/div>\n<div class=\"col-12 col-sm-2 col-md-2\"><a href=\"\/fr\/services-cliniques\/deptpgrmcs\/programmes\/programme-de-cancerologie\/professionnels-de-la-sante\/referer-un-patient\/cancer-soupconne\/diagnostiques-pour-le-cancer-colorectal-au-centre-devaluation-du-cancer-ages\/\"><button class=\"btn btn-primary inline btn-block\" type=\"button\">Colorectal<\/button><\/a><\/div>\n<div class=\"col-12 col-sm-2 col-md-2\"><a href=\"\/fr\/services-cliniques\/deptpgrmcs\/programmes\/programme-de-cancerologie\/professionnels-de-la-sante\/referer-un-patient\/cancer-soupconne\/referer-un-patient-pour-une-evaluation-chirurgicale-dun-cancer-de-la-prostate\/\"><button class=\"btn btn-primary inline btn-block\" type=\"button\">Prostate<\/button><\/a><\/div>\n<div class=\"col-12 col-sm-2 col-md-2\"><a href=\"\/fr\/services-cliniques\/deptpgrmcs\/programmes\/programme-de-cancerologie\/professionnels-de-la-sante\/referer-un-patient\/cancer-soupconne\/referer-un-patient-pour-une-evaluation-chirurgicale-thoracique\/\"><button class=\"btn btn-primary inline btn-block\" type=\"button\">Thoracique<\/button><\/a><\/div>\n<div class=\"col-12 col-sm-2 col-md-2\"><a href=\"\/fr\/services-cliniques\/deptpgrmcs\/programmes\/programme-de-cancerologie\/professionnels-de-la-sante\/referer-un-patient\/cancer-soupconne\/demande-de-services-diagnostic-confirme-de-cancer\/\"><button class=\"btn btn-primary inline btn-block\" type=\"button\">H\u00e9matologie<\/button><\/a><\/div>\n<div class=\"col-12 col-sm-2 col-md-2\"><a href=\"\/fr\/services-cliniques\/deptpgrmcs\/programmes\/programme-de-cancerologie\/professionnels-de-la-sante\/referer-un-patient\/cancer-soupconne\/demande-de-services-diagnostic-confirme-de-cancer\/\"><button class=\"btn btn-primary inline btn-block\" type=\"button\">Autre<\/button><\/a><\/div>\n<p><!--<a class=\"marginbottom10 marginright10\" style=\"color: #fff; font-size: 18px; background-color: #0033a0; text-decoration: none; padding: 10px 20px; float: left;\" href=\"\/fr\/services-cliniques\/deptpgrmcs\/programmes\/programme-de-cancerologie\/professionnels-de-la-sante\/referer-un-patient\/cancer-soupconne\/referer-un-patient-au-centre-de-sante-du-sein-de-lhopital-dottawa\/\">Sein<\/a><br class=\"margintop30 clearblock visible-mobile\"\/><a class=\"marginbottom10 marginright10\" style=\"color: #fff; font-size: 18px; background-color: #0033a0; text-decoration: none; padding: 10px 20px; float: left;\" href=\"\/fr\/services-cliniques\/deptpgrmcs\/programmes\/programme-de-cancerologie\/professionnels-de-la-sante\/referer-un-patient\/cancer-soupconne\/diagnostiques-pour-le-cancer-colorectal-au-centre-devaluation-du-cancer-ages\/\">Colorectal<\/a><br class=\"margintop30 clearblock visible-mobile\"\/><a class=\"marginbottom10 marginright10\" style=\"color: #fff; font-size: 18px; background-color: #0033a0; text-decoration: none; padding: 10px 20px; float: left;\" href=\"\/fr\/services-cliniques\/deptpgrmcs\/programmes\/programme-de-cancerologie\/professionnels-de-la-sante\/referer-un-patient\/cancer-soupconne\/referer-un-patient-pour-une-evaluation-chirurgicale-dun-cancer-de-la-prostate\/\">Prostate<\/a><br class=\"margintop30 clearblock visible-mobile\"\/><a class=\"marginbottom10 marginright10\" style=\"color: #fff; font-size: 18px; background-color: #0033a0; text-decoration: none; padding: 10px 20px; float: left;\" href=\"\/fr\/services-cliniques\/deptpgrmcs\/programmes\/programme-de-cancerologie\/professionnels-de-la-sante\/referer-un-patient\/cancer-soupconne\/referer-un-patient-pour-une-evaluation-chirurgicale-thoracique\/\">Thoracique<\/a><br class=\"margintop30 clearblock visible-mobile\"\/><a class=\"marginbottom10 marginright10\" style=\"color: #fff; font-size: 18px; background-color: #0033a0; text-decoration: none; padding: 10px 20px; float: left;\" href=\"\/fr\/services-cliniques\/deptpgrmcs\/programmes\/programme-de-cancerologie\/professionnels-de-la-sante\/referer-un-patient\/cancer-soupconne\/demande-de-services-diagnostic-confirme-de-cancer\/\">Autre<\/a>--><\/p>\n<\/div>\n","protected":false},"excerpt":{"rendered":"<p>Demande de services \u2013 Cancer soup\u00e7onn\u00e9 Veuillez choisir le type de cancer : Sein Colorectal Prostate Thoracique H\u00e9matologie Autre<\/p>\n","protected":false},"author":25,"featured_media":0,"parent":10552,"menu_order":2,"comment_status":"closed","ping_status":"closed","template":"","meta":{"_acf_changed":false,"_mc_calendar":[],"footnotes":""},"class_list":["post-14953","page","type-page","status-publish","hentry"],"acf":[],"wps_subtitle":"","_links":{"self":[{"href":"https:\/\/www.ottawahospital.on.ca\/fr\/wp-json\/wp\/v2\/pages\/14953","targetHints":{"allow":["GET"]}}],"collection":[{"href":"https:\/\/www.ottawahospital.on.ca\/fr\/wp-json\/wp\/v2\/pages"}],"about":[{"href":"https:\/\/www.ottawahospital.on.ca\/fr\/wp-json\/wp\/v2\/types\/page"}],"author":[{"embeddable":true,"href":"https:\/\/www.ottawahospital.on.ca\/fr\/wp-json\/wp\/v2\/users\/25"}],"replies":[{"embeddable":true,"href":"https:\/\/www.ottawahospital.on.ca\/fr\/wp-json\/wp\/v2\/comments?post=14953"}],"version-history":[{"count":0,"href":"https:\/\/www.ottawahospital.on.ca\/fr\/wp-json\/wp\/v2\/pages\/14953\/revisions"}],"up":[{"embeddable":true,"href":"https:\/\/www.ottawahospital.on.ca\/fr\/wp-json\/wp\/v2\/pages\/10552"}],"wp:attachment":[{"href":"https:\/\/www.ottawahospital.on.ca\/fr\/wp-json\/wp\/v2\/media?parent=14953"}],"curies":[{"name":"wp","href":"https:\/\/api.w.org\/{rel}","templated":true}]}}